{"id":987,"date":"2023-02-10T14:21:56","date_gmt":"2023-02-10T14:21:56","guid":{"rendered":"https:\/\/cordobalocker.com\/987-2\/"},"modified":"2025-03-18T17:32:19","modified_gmt":"2025-03-18T17:32:19","slug":"o-que-fazer-em-cordoba-num-dia","status":"publish","type":"page","link":"https:\/\/cordobalocker.com\/pt-pt\/o-que-fazer-em-cordoba-num-dia\/","title":{"rendered":"O que fazer em C\u00f3rdoba num dia"},"content":{"rendered":"[vc_row type=&#8221;full_width_background&#8221; full_screen_row_position=&#8221;middle&#8221; column_margin=&#8221;default&#8221; column_direction=&#8221;default&#8221; column_direction_tablet=&#8221;default&#8221; column_direction_phone=&#8221;default&#8221; bg_color=&#8221;#ffffff&#8221; bg_image=&#8221;2325&#8243; bg_position=&#8221;center center&#8221; background_image_loading=&#8221;default&#8221; bg_repeat=&#8221;no-repeat&#8221; scene_position=&#8221;center&#8221; top_padding=&#8221;14%&#8221; bottom_padding=&#8221;15%&#8221; text_color=&#8221;light&#8221; text_align=&#8221;left&#8221; row_border_radius=&#8221;none&#8221; row_border_radius_applies=&#8221;bg&#8221; overflow=&#8221;visible&#8221; enable_gradient=&#8221;true&#8221; color_overlay=&#8221;#0a0000&#8243; color_overlay_2=&#8221;rgba(10,10,10,0.5)&#8221; overlay_strength=&#8221;0.5&#8243; gradient_direction=&#8221;left_to_right&#8221; shape_divider_color=&#8221;#ffffff&#8221; shape_divider_position=&#8221;bottom&#8221; shape_divider_height=&#8221;350&#8243; bg_image_animation=&#8221;none&#8221; parallax_bg=&#8221;true&#8221; parallax_bg_speed=&#8221;fast&#8221; shape_type=&#8221;waves_opacity_alt&#8221; gradient_type=&#8221;default&#8221;][vc_column column_padding=&#8221;no-extra-padding&#8221; column_padding_tablet=&#8221;inherit&#8221; column_padding_phone=&#8221;inherit&#8221; column_padding_position=&#8221;all&#8221; column_element_direction_desktop=&#8221;default&#8221; column_element_spacing=&#8221;default&#8221; desktop_text_alignment=&#8221;default&#8221; tablet_text_alignment=&#8221;default&#8221; phone_text_alignment=&#8221;default&#8221; background_color_opacity=&#8221;1&#8243; background_hover_color_opacity=&#8221;1&#8243; column_backdrop_filter=&#8221;none&#8221; column_shadow=&#8221;none&#8221; column_border_radius=&#8221;none&#8221; column_link_target=&#8221;_self&#8221; column_position=&#8221;default&#8221; gradient_direction=&#8221;left_to_right&#8221; overlay_strength=&#8221;0.3&#8243; width=&#8221;1\/1&#8243; tablet_width_inherit=&#8221;default&#8221; animation_type=&#8221;default&#8221; bg_image_animation=&#8221;none&#8221; border_type=&#8221;simple&#8221; column_border_width=&#8221;none&#8221; column_border_style=&#8221;solid&#8221;][vc_row_inner equal_height=&#8221;yes&#8221; content_placement=&#8221;middle&#8221; column_margin=&#8221;default&#8221; column_direction=&#8221;default&#8221; column_direction_tablet=&#8221;default&#8221; column_direction_phone=&#8221;default&#8221; text_align=&#8221;left&#8221; row_position=&#8221;default&#8221; row_position_tablet=&#8221;inherit&#8221; row_position_phone=&#8221;inherit&#8221; overflow=&#8221;visible&#8221; pointer_events=&#8221;all&#8221;][vc_column_inner column_padding=&#8221;no-extra-padding&#8221; column_padding_tablet=&#8221;inherit&#8221; column_padding_phone=&#8221;inherit&#8221; column_padding_position=&#8221;all&#8221; left_margin=&#8221;8%&#8221; constrain_group_2=&#8221;yes&#8221; right_margin=&#8221;8%&#8221; column_element_direction_desktop=&#8221;default&#8221; column_element_spacing=&#8221;default&#8221; desktop_text_alignment=&#8221;default&#8221; tablet_text_alignment=&#8221;default&#8221; phone_text_alignment=&#8221;default&#8221; background_color_opacity=&#8221;1&#8243; background_hover_color_opacity=&#8221;1&#8243; column_backdrop_filter=&#8221;none&#8221; column_shadow=&#8221;none&#8221; column_border_radius=&#8221;none&#8221; column_link_target=&#8221;_self&#8221; overflow=&#8221;visible&#8221; gradient_direction=&#8221;left_to_right&#8221; overlay_strength=&#8221;0.3&#8243; width=&#8221;1\/2&#8243; tablet_width_inherit=&#8221;default&#8221; animation_type=&#8221;default&#8221; enable_animation=&#8221;true&#8221; animation=&#8221;fade-in&#8221; animation_easing=&#8221;default&#8221; bg_image_animation=&#8221;none&#8221; border_type=&#8221;simple&#8221; column_border_width=&#8221;none&#8221; column_border_style=&#8221;solid&#8221; offset=&#8221;vc_col-lg-6 vc_col-md-6 vc_col-xs-12&#8243; column_padding_type=&#8221;default&#8221; gradient_type=&#8221;default&#8221;][vc_column_text css_animation=&#8221;fadeInUp&#8221; css=&#8221;.vc_custom_1742206293310{margin-bottom: 15px !important;}&#8221; text_direction=&#8221;default&#8221;]\n<h5 data-pm-slice=\"0 0 []\">Guia para viajantes<\/h5>\n[\/vc_column_text][split_line_heading animation_type=&#8221;default&#8221; text_direction=&#8221;default&#8221;]\n<h1>O que fazer em C\u00f3rdoba num dia<\/h1>\n[\/split_line_heading][\/vc_column_inner][vc_column_inner column_padding=&#8221;no-extra-padding&#8221; column_padding_tablet=&#8221;inherit&#8221; column_padding_phone=&#8221;inherit&#8221; column_padding_position=&#8221;all&#8221; column_element_direction_desktop=&#8221;default&#8221; column_element_spacing=&#8221;default&#8221; desktop_text_alignment=&#8221;default&#8221; tablet_text_alignment=&#8221;default&#8221; phone_text_alignment=&#8221;default&#8221; background_color_opacity=&#8221;1&#8243; background_hover_color_opacity=&#8221;1&#8243; column_backdrop_filter=&#8221;none&#8221; column_shadow=&#8221;none&#8221; column_border_radius=&#8221;none&#8221; column_link_target=&#8221;_self&#8221; overflow=&#8221;visible&#8221; gradient_direction=&#8221;left_to_right&#8221; overlay_strength=&#8221;0.3&#8243; width=&#8221;1\/4&#8243; tablet_width_inherit=&#8221;default&#8221; animation_type=&#8221;default&#8221; bg_image_animation=&#8221;none&#8221; border_type=&#8221;simple&#8221; column_border_width=&#8221;none&#8221; column_border_style=&#8221;solid&#8221; offset=&#8221;vc_hidden-sm vc_hidden-xs&#8221;][\/vc_column_inner][vc_column_inner column_padding=&#8221;padding-6-percent&#8221; column_padding_tablet=&#8221;inherit&#8221; column_padding_phone=&#8221;inherit&#8221; column_padding_position=&#8221;bottom&#8221; column_element_direction_desktop=&#8221;default&#8221; column_element_spacing=&#8221;default&#8221; desktop_text_alignment=&#8221;default&#8221; tablet_text_alignment=&#8221;default&#8221; phone_text_alignment=&#8221;default&#8221; background_color_opacity=&#8221;1&#8243; background_hover_color_opacity=&#8221;1&#8243; column_backdrop_filter=&#8221;none&#8221; column_shadow=&#8221;none&#8221; column_border_radius=&#8221;none&#8221; column_link_target=&#8221;_self&#8221; overflow=&#8221;visible&#8221; gradient_direction=&#8221;left_to_right&#8221; overlay_strength=&#8221;0.3&#8243; width=&#8221;1\/4&#8243; tablet_width_inherit=&#8221;default&#8221; animation_type=&#8221;default&#8221; enable_animation=&#8221;true&#8221; animation=&#8221;fade-in-from-bottom&#8221; animation_easing=&#8221;default&#8221; bg_image_animation=&#8221;none&#8221; border_type=&#8221;simple&#8221; column_border_width=&#8221;none&#8221; column_border_style=&#8221;solid&#8221; offset=&#8221;vc_col-xs-12&#8243;][\/vc_column_inner][\/vc_row_inner][\/vc_column][\/vc_row][vc_row type=&#8221;in_container&#8221; full_screen_row_position=&#8221;middle&#8221; column_margin=&#8221;default&#8221; column_direction=&#8221;default&#8221; column_direction_tablet=&#8221;default&#8221; column_direction_phone=&#8221;default&#8221; scene_position=&#8221;center&#8221; top_padding=&#8221;3%&#8221; constrain_group_1=&#8221;yes&#8221; bottom_padding=&#8221;3%&#8221; left_padding_desktop=&#8221;13%&#8221; constrain_group_2=&#8221;yes&#8221; right_padding_desktop=&#8221;13%&#8221; top_padding_tablet=&#8221;7%&#8221; constrain_group_3=&#8221;yes&#8221; bottom_padding_tablet=&#8221;7%&#8221; left_padding_tablet=&#8221;1%&#8221; constrain_group_4=&#8221;yes&#8221; right_padding_tablet=&#8221;1%&#8221; top_padding_phone=&#8221;10%&#8221; constrain_group_5=&#8221;yes&#8221; bottom_padding_phone=&#8221;10%&#8221; left_padding_phone=&#8221;1%&#8221; constrain_group_6=&#8221;yes&#8221; right_padding_phone=&#8221;1%&#8221; text_color=&#8221;dark&#8221; text_align=&#8221;left&#8221; row_border_radius=&#8221;none&#8221; row_border_radius_applies=&#8221;bg&#8221; overflow=&#8221;visible&#8221; overlay_strength=&#8221;0.3&#8243; gradient_direction=&#8221;left_to_right&#8221; shape_divider_position=&#8221;bottom&#8221; bg_image_animation=&#8221;none&#8221; gradient_type=&#8221;default&#8221; shape_type=&#8221;&#8221;][vc_column column_padding=&#8221;no-extra-padding&#8221; column_padding_tablet=&#8221;inherit&#8221; column_padding_phone=&#8221;inherit&#8221; column_padding_position=&#8221;all&#8221; constrain_group_2=&#8221;yes&#8221; column_element_direction_desktop=&#8221;default&#8221; column_element_spacing=&#8221;default&#8221; desktop_text_alignment=&#8221;default&#8221; tablet_text_alignment=&#8221;default&#8221; phone_text_alignment=&#8221;default&#8221; background_color_opacity=&#8221;1&#8243; background_hover_color_opacity=&#8221;1&#8243; column_backdrop_filter=&#8221;none&#8221; column_shadow=&#8221;none&#8221; column_border_radius=&#8221;none&#8221; column_link_target=&#8221;_self&#8221; column_position=&#8221;default&#8221; gradient_direction=&#8221;left_to_right&#8221; overlay_strength=&#8221;0.3&#8243; width=&#8221;1\/1&#8243; tablet_width_inherit=&#8221;default&#8221; animation_type=&#8221;default&#8221; bg_image_animation=&#8221;none&#8221; border_type=&#8221;simple&#8221; column_border_width=&#8221;none&#8221; column_border_style=&#8221;solid&#8221; column_padding_type=&#8221;default&#8221; gradient_type=&#8221;default&#8221;][vc_row_inner column_margin=&#8221;default&#8221; column_direction=&#8221;default&#8221; column_direction_tablet=&#8221;default&#8221; column_direction_phone=&#8221;default&#8221; text_align=&#8221;left&#8221; row_position=&#8221;default&#8221; row_position_tablet=&#8221;inherit&#8221; row_position_phone=&#8221;inherit&#8221; overflow=&#8221;visible&#8221; pointer_events=&#8221;all&#8221;][vc_column_inner column_padding=&#8221;no-extra-padding&#8221; column_padding_tablet=&#8221;inherit&#8221; column_padding_phone=&#8221;inherit&#8221; column_padding_position=&#8221;all&#8221; column_element_direction_desktop=&#8221;default&#8221; column_element_spacing=&#8221;default&#8221; desktop_text_alignment=&#8221;default&#8221; tablet_text_alignment=&#8221;default&#8221; phone_text_alignment=&#8221;default&#8221; background_color_opacity=&#8221;1&#8243; background_hover_color_opacity=&#8221;1&#8243; column_backdrop_filter=&#8221;none&#8221; column_shadow=&#8221;none&#8221; column_border_radius=&#8221;none&#8221; column_link_target=&#8221;_self&#8221; overflow=&#8221;visible&#8221; gradient_direction=&#8221;left_to_right&#8221; overlay_strength=&#8221;0.3&#8243; width=&#8221;1\/1&#8243; tablet_width_inherit=&#8221;default&#8221; animation_type=&#8221;default&#8221; bg_image_animation=&#8221;none&#8221; border_type=&#8221;simple&#8221; column_border_width=&#8221;none&#8221; column_border_style=&#8221;solid&#8221;][vc_column_text css=&#8221;&#8221; text_direction=&#8221;default&#8221;]\n<h2>O Que Ver em C\u00f3rdoba: Um Guia Completo para Explorar a Cidade dos Califas<\/h2>\n<p class=\"whitespace-pre-wrap break-words\">C\u00f3rdoba, uma das joias da Andaluzia, \u00e9 uma cidade que respira hist\u00f3ria, cultura e beleza em cada recanto. Com a sua impressionante mistura de influ\u00eancias romanas, mu\u00e7ulmanas, judaicas e crist\u00e3s, oferece uma riqueza patrimonial que a torna um destino imprescind\u00edvel para qualquer viajante. Se est\u00e1 a perguntar-se o que ver em C\u00f3rdoba, aqui tem um guia completo para explorar as suas maravilhas.<\/p>\n<h3 class=\"text-xl font-bold text-text-200 mt-1 -mb-0.5\"><strong>A Mesquita-Catedral de C\u00f3rdoba<\/strong><\/h3>\n<p class=\"whitespace-pre-wrap break-words\">N\u00e3o se pode falar do que ver em C\u00f3rdoba sem mencionar o seu monumento mais ic\u00f3nico: a Mesquita-Catedral. Este impressionante edif\u00edcio \u00e9 uma s\u00edntese perfeita da arquitetura isl\u00e2mica e crist\u00e3. Constru\u00edda originalmente como uma mesquita no s\u00e9culo VIII, foi convertida em catedral ap\u00f3s a Reconquista em 1236. A sua floresta de colunas e arcos em ferradura, assim como o seu majestoso mihrab, deix\u00e1-lo-\u00e3o sem f\u00f4lego. N\u00e3o se esque\u00e7a de subir \u00e0 torre do campan\u00e1rio para desfrutar de umas vistas espetaculares da cidade. <a class=\"underline\" href=\"https:\/\/tickets.mezquita-catedraldecordoba.es\/es?gad_source=1&amp;gclid=Cj0KCQjw3ZayBhDRARIsAPWzx8qU2XWd7XoHjNSigY4ovS5VTDaFFIKSmReW9cT5BAPmKgl_mnmBBDoaAh_-EALw_wcB\" target=\"_blank\" rel=\"noopener\">Pode comprar os seus bilhetes aqui<\/a>.<\/p>\n<h3 class=\"text-xl font-bold text-text-200 mt-1 -mb-0.5\"><strong>O Alc\u00e1zar dos Reis Crist\u00e3os<\/strong><\/h3>\n<p class=\"whitespace-pre-wrap break-words\">Outro lugar imprescind\u00edvel na lista do que ver em C\u00f3rdoba \u00e9 o Alc\u00e1zar dos Reis Crist\u00e3os. Este pal\u00e1cio-fortaleza, constru\u00eddo no s\u00e9culo XIV, foi uma das resid\u00eancias favoritas dos Reis Cat\u00f3licos. Os seus jardins, com fontes e lagos, s\u00e3o um remanso de paz que contrasta com a sobriedade das suas muralhas. Al\u00e9m disso, das suas torres pode-se desfrutar de uma vista panor\u00e2mica da cidade e do rio Guadalquivir. <a class=\"underline\" href=\"https:\/\/alcazardecordoba.es\/entradas\/\" target=\"_blank\" rel=\"noopener\">Pode comprar os seus bilhetes aqui<\/a>.<\/p>\n<h3 class=\"text-xl font-bold text-text-200 mt-1 -mb-0.5\"><strong>O Bairro Judeu<\/strong><\/h3>\n<p class=\"whitespace-pre-wrap break-words\">O Bairro Judeu \u00e9 um dos lugares mais encantadores para se perder em C\u00f3rdoba. As suas ruas estreitas empedradas, casas caiadas e p\u00e1tios cheios de flores criam um ambiente \u00fanico. Neste bairro encontra-se a Sinagoga de C\u00f3rdoba, uma das poucas que se conservam em Espanha desde a Idade M\u00e9dia. O Zoco Municipal, onde se podem encontrar artesanatos t\u00edpicos, e a Casa de Sefarad, um museu dedicado \u00e0 cultura judaica, s\u00e3o tamb\u00e9m visitas recomendadas para quem procura o que ver em C\u00f3rdoba.<\/p>\n<h3 class=\"text-xl font-bold text-text-200 mt-1 -mb-0.5\"><strong>A Rua das Flores<\/strong><\/h3>\n<p class=\"whitespace-pre-wrap break-words\">Se procura um postal perfeito de C\u00f3rdoba, a Calleja de las Flores \u00e9 o lugar ideal. Esta pequena e pitoresca ruela termina numa pequena pra\u00e7a de onde se pode ver a torre da Mesquita-Catedral emoldurada por vasos de flores coloridas. \u00c9 um lugar perfeito para tirar fotografias e desfrutar do ambiente andaluz.<\/p>\n<h3 class=\"text-xl font-bold text-text-200 mt-1 -mb-0.5\"><strong>A Ponte Romana e a Torre da Calahorra<\/strong><\/h3>\n<p class=\"whitespace-pre-wrap break-words\">A Ponte Romana, constru\u00edda no s\u00e9culo I a.C., \u00e9 outro dos s\u00edmbolos de C\u00f3rdoba. Esta ponte de 16 arcos atravessa o rio Guadalquivir e oferece uma vista impressionante da cidade, especialmente ao p\u00f4r do sol. Numa das suas extremidades encontra-se a Torre da Calahorra, uma fortaleza que hoje alberga o Museu Vivo de Al-Andalus, onde se pode aprender sobre a conviv\u00eancia das culturas crist\u00e3, mu\u00e7ulmana e judaica na C\u00f3rdoba medieval.<\/p>\n<h3 class=\"text-xl font-bold text-text-200 mt-1 -mb-0.5\"><strong>O Pal\u00e1cio de Viana<\/strong><\/h3>\n<p class=\"whitespace-pre-wrap break-words\">Conhecido como o &#8220;Museu dos P\u00e1tios&#8221;, o Pal\u00e1cio de Viana \u00e9 uma visita obrigat\u00f3ria para os amantes da arquitetura e da jardinagem. Este pal\u00e1cio renascentista conta com doze p\u00e1tios, cada um com o seu pr\u00f3prio estilo e encanto. Durante a primavera, quando as flores est\u00e3o em plena flora\u00e7\u00e3o, o Pal\u00e1cio de Viana torna-se um aut\u00eantico para\u00edso. Sem d\u00favida, \u00e9 um dos lugares mais belos para ver em C\u00f3rdoba. <a class=\"underline\" href=\"https:\/\/entradas.palaciodeviana.com\/janto\/main.php?idTemporada=65\" target=\"_blank\" rel=\"noopener\">Pode comprar os seus bilhetes aqui<\/a>.<\/p>\n<h3 class=\"text-xl font-bold text-text-200 mt-1 -mb-0.5\"><strong>A Pra\u00e7a da Corredera<\/strong><\/h3>\n<p class=\"whitespace-pre-wrap break-words\">A Pra\u00e7a da Corredera \u00e9 a \u00fanica pra\u00e7a maior de estilo castelhano na Andaluzia. Com a sua forma retangular e as suas arcadas, \u00e9 um lugar perfeito para desfrutar de uma bebida numa das suas esplanadas enquanto observa a vida quotidiana da cidade. Nesta pra\u00e7a tamb\u00e9m se encontra o Mercado de S\u00e1nchez Pe\u00f1a, ideal para provar produtos locais. \u00c9 outro ponto essencial para ver em C\u00f3rdoba para entender a vida local.<\/p>\n<h3 class=\"text-xl font-bold text-text-200 mt-1 -mb-0.5\"><strong>Medina Azahara<\/strong><\/h3>\n<p class=\"whitespace-pre-wrap break-words\">A poucos quil\u00f3metros de C\u00f3rdoba encontram-se as ru\u00ednas de Medina Azahara, uma cidade palaciana constru\u00edda no s\u00e9culo X pelo califa Abd al-Rahman III. Embora esteja maioritariamente em ru\u00ednas, os vest\u00edgios desta cidade refletem o esplendor do Califado de C\u00f3rdoba. O centro de visitantes oferece uma vis\u00e3o detalhada da sua hist\u00f3ria e da sua import\u00e2ncia, fazendo de Medina Azahara um lugar fascinante para ver em C\u00f3rdoba. <a class=\"underline\" href=\"https:\/\/www.medinaazahara.org\/entradas-medina-azahara.html?gad_source=1&amp;gclid=Cj0KCQjw3ZayBhDRARIsAPWzx8oVdq_xzGkWMXJUh1ceLbnk62TuOOQjzr_VWJn63YroRbWX9w8Iyi0aAsnZEALw_wcB\" target=\"_blank\" rel=\"noopener\">Pode comprar os seus bilhetes aqui<\/a>.<\/p>\n<h3 class=\"text-xl font-bold text-text-200 mt-1 -mb-0.5\"><strong>Os P\u00e1tios de C\u00f3rdoba<\/strong><\/h3>\n<p class=\"whitespace-pre-wrap break-words\">Uma das tradi\u00e7\u00f5es mais encantadoras de C\u00f3rdoba \u00e9 a Festa dos P\u00e1tios, que se celebra em maio. Durante este per\u00edodo, os p\u00e1tios privados da cidade abrem-se ao p\u00fablico, mostrando as suas flores coloridas e decora\u00e7\u00f5es. Mesmo fora da temporada do festival, muitos p\u00e1tios podem ser visitados, especialmente no Bairro de San Basilio. Os P\u00e1tios s\u00e3o uma experi\u00eancia \u00fanica para ver em C\u00f3rdoba, enchendo a cidade de cor e vida.<\/p>\n<h3 class=\"text-xl font-bold text-text-200 mt-1 -mb-0.5\"><strong>A Gastronomia Cordobesa<\/strong><\/h3>\n<p class=\"whitespace-pre-wrap break-words\">N\u00e3o pode visitar C\u00f3rdoba sem desfrutar da sua deliciosa gastronomia. Pratos como o salmorejo, o flamenqu\u00edn e o rabo de touro s\u00e3o aut\u00eanticas del\u00edcias que deve provar. Al\u00e9m disso, a cidade conta com numerosos bares de tapas onde pode saborear uma ampla variedade de sabores locais. A gastronomia \u00e9 uma parte fundamental da experi\u00eancia do que ver em C\u00f3rdoba.<\/p>\n<p class=\"whitespace-pre-wrap break-words\">Em resumo, C\u00f3rdoba \u00e9 uma cidade que combina perfeitamente o seu rico passado hist\u00f3rico com uma vibrante vida contempor\u00e2nea. Desde os seus impressionantes monumentos at\u00e9 \u00e0s suas encantadoras ruas e deliciosa gastronomia, h\u00e1 muito para ver em C\u00f3rdoba. Portanto, se est\u00e1 a planear uma visita, certifique-se de ter tempo suficiente para explorar e desfrutar de tudo o que esta maravilhosa cidade tem para oferecer.<\/p>\n<p>Fotografia de <a href=\"https:\/\/unsplash.com\/es\/@alexgoesglobal?utm_content=creditCopyText&amp;utm_medium=referral&amp;utm_source=unsplash\" target=\"_blank\" rel=\"noopener\">Alexandra Tran<\/a> no <a href=\"https:\/\/unsplash.com\/es\/fotos\/el-interior-de-un-edificio-con-columnas-y-arcos-rvE_jTiejVc?utm_content=creditCopyText&amp;utm_medium=referral&amp;utm_source=unsplash\" target=\"_blank\" rel=\"noopener\">Unsplash<\/a>[\/vc_column_text][\/vc_column_inner][\/vc_row_inner][\/vc_column][\/vc_row]\n","protected":false},"excerpt":{"rendered":"<p>[vc_row type=&#8221;full_width_background&#8221; full_screen_row_position=&#8221;middle&#8221; column_margin=&#8221;default&#8221; column_direction=&#8221;default&#8221; column_direction_tablet=&#8221;default&#8221; column_direction_phone=&#8221;default&#8221; bg_color=&#8221;#ffffff&#8221; bg_image=&#8221;2325&#8243; bg_position=&#8221;center center&#8221; background_image_loading=&#8221;default&#8221; bg_repeat=&#8221;no-repeat&#8221; scene_position=&#8221;center&#8221; top_padding=&#8221;14%&#8221; bottom_padding=&#8221;15%&#8221; text_color=&#8221;light&#8221; text_align=&#8221;left&#8221; row_border_radius=&#8221;none&#8221; row_border_radius_applies=&#8221;bg&#8221; overflow=&#8221;visible&#8221; enable_gradient=&#8221;true&#8221; color_overlay=&#8221;#0a0000&#8243; color_overlay_2=&#8221;rgba(10,10,10,0.5)&#8221; overlay_strength=&#8221;0.5&#8243; gradient_direction=&#8221;left_to_right&#8221; shape_divider_color=&#8221;#ffffff&#8221; shape_divider_position=&#8221;bottom&#8221; shape_divider_height=&#8221;350&#8243; bg_image_animation=&#8221;none&#8221;&#8230;<\/p>\n","protected":false},"author":1,"featured_media":0,"parent":0,"menu_order":0,"comment_status":"closed","ping_status":"closed","template":"","meta":{"footnotes":""},"class_list":["post-987","page","type-page","status-publish"],"_links":{"self":[{"href":"https:\/\/cordobalocker.com\/pt-pt\/wp-json\/wp\/v2\/pages\/987","targetHints":{"allow":["GET"]}}],"collection":[{"href":"https:\/\/cordobalocker.com\/pt-pt\/wp-json\/wp\/v2\/pages"}],"about":[{"href":"https:\/\/cordobalocker.com\/pt-pt\/wp-json\/wp\/v2\/types\/page"}],"author":[{"embeddable":true,"href":"https:\/\/cordobalocker.com\/pt-pt\/wp-json\/wp\/v2\/users\/1"}],"replies":[{"embeddable":true,"href":"https:\/\/cordobalocker.com\/pt-pt\/wp-json\/wp\/v2\/comments?post=987"}],"version-history":[{"count":4,"href":"https:\/\/cordobalocker.com\/pt-pt\/wp-json\/wp\/v2\/pages\/987\/revisions"}],"predecessor-version":[{"id":2527,"href":"https:\/\/cordobalocker.com\/pt-pt\/wp-json\/wp\/v2\/pages\/987\/revisions\/2527"}],"wp:attachment":[{"href":"https:\/\/cordobalocker.com\/pt-pt\/wp-json\/wp\/v2\/media?parent=987"}],"curies":[{"name":"wp","href":"https:\/\/api.w.org\/{rel}","templated":true}]}}