{"id":2613,"date":"2025-03-10T22:22:40","date_gmt":"2025-03-10T22:22:40","guid":{"rendered":"https:\/\/cordobalocker.com\/aviso-legal\/"},"modified":"2025-07-04T19:54:17","modified_gmt":"2025-07-04T19:54:17","slug":"aviso-legal","status":"publish","type":"page","link":"https:\/\/cordobalocker.com\/pt-pt\/aviso-legal\/","title":{"rendered":"Aviso Legal"},"content":{"rendered":"[vc_row type=&#8221;full_width_background&#8221; full_screen_row_position=&#8221;middle&#8221; column_margin=&#8221;default&#8221; column_direction=&#8221;default&#8221; column_direction_tablet=&#8221;default&#8221; column_direction_phone=&#8221;default&#8221; bg_color=&#8221;#ffffff&#8221; scene_position=&#8221;center&#8221; top_padding=&#8221;1%&#8221; bottom_padding=&#8221;5%&#8221; text_color=&#8221;dark&#8221; text_align=&#8221;left&#8221; row_border_radius=&#8221;none&#8221; row_border_radius_applies=&#8221;bg&#8221; overflow=&#8221;visible&#8221; overlay_strength=&#8221;0.3&#8243; gradient_direction=&#8221;left_to_right&#8221; shape_divider_position=&#8221;bottom&#8221; bg_image_animation=&#8221;none&#8221; gradient_type=&#8221;default&#8221; shape_type=&#8221;&#8221;][vc_column column_padding=&#8221;no-extra-padding&#8221; column_padding_tablet=&#8221;inherit&#8221; column_padding_phone=&#8221;inherit&#8221; column_padding_position=&#8221;all&#8221; column_element_direction_desktop=&#8221;default&#8221; column_element_spacing=&#8221;default&#8221; desktop_text_alignment=&#8221;default&#8221; tablet_text_alignment=&#8221;default&#8221; phone_text_alignment=&#8221;default&#8221; background_color_opacity=&#8221;1&#8243; background_hover_color_opacity=&#8221;1&#8243; column_backdrop_filter=&#8221;none&#8221; column_shadow=&#8221;none&#8221; column_border_radius=&#8221;none&#8221; column_link_target=&#8221;_self&#8221; column_position=&#8221;default&#8221; gradient_direction=&#8221;left_to_right&#8221; overlay_strength=&#8221;0.3&#8243; width=&#8221;1\/1&#8243; tablet_width_inherit=&#8221;default&#8221; animation_type=&#8221;default&#8221; bg_image_animation=&#8221;none&#8221; border_type=&#8221;simple&#8221; column_border_width=&#8221;none&#8221; column_border_style=&#8221;solid&#8221;][vc_row_inner column_margin=&#8221;default&#8221; column_direction=&#8221;default&#8221; column_direction_tablet=&#8221;default&#8221; column_direction_phone=&#8221;default&#8221; text_align=&#8221;left&#8221; row_position=&#8221;default&#8221; row_position_tablet=&#8221;inherit&#8221; row_position_phone=&#8221;inherit&#8221; overflow=&#8221;visible&#8221; pointer_events=&#8221;all&#8221;][vc_column_inner column_padding=&#8221;no-extra-padding&#8221; column_padding_tablet=&#8221;inherit&#8221; column_padding_phone=&#8221;inherit&#8221; column_padding_position=&#8221;all&#8221; column_element_direction_desktop=&#8221;default&#8221; column_element_spacing=&#8221;default&#8221; desktop_text_alignment=&#8221;default&#8221; tablet_text_alignment=&#8221;default&#8221; phone_text_alignment=&#8221;default&#8221; background_color_opacity=&#8221;1&#8243; background_hover_color_opacity=&#8221;1&#8243; column_backdrop_filter=&#8221;none&#8221; column_shadow=&#8221;none&#8221; column_border_radius=&#8221;none&#8221; column_link_target=&#8221;_self&#8221; overflow=&#8221;visible&#8221; gradient_direction=&#8221;left_to_right&#8221; overlay_strength=&#8221;0.3&#8243; width=&#8221;1\/1&#8243; tablet_width_inherit=&#8221;default&#8221; animation_type=&#8221;default&#8221; bg_image_animation=&#8221;none&#8221; border_type=&#8221;simple&#8221; column_border_width=&#8221;none&#8221; column_border_style=&#8221;solid&#8221;][vc_column_text css=&#8221;&#8221; text_direction=&#8221;default&#8221;]\n<h1>Aviso Legal<\/h1>\n[\/vc_column_text][\/vc_column_inner][\/vc_row_inner][vc_column_text css=&#8221;&#8221; text_direction=&#8221;default&#8221;]\n<div class=\"legal-notice-container\">\n<h3>OBJETO E ACEITA\u00c7\u00c3O<\/h3>\n<p>O presente aviso legal regula o uso do s\u00edtio web (doravante, O S\u00cdTIO WEB), cujo titular \u00e9 C\u00d3RDOBA LOCKER (doravante, O PROPRIET\u00c1RIO DO S\u00cdTIO WEB).<\/p>\n<p>A navega\u00e7\u00e3o no site do propriet\u00e1rio da WEB atribui a condi\u00e7\u00e3o de utilizador do mesmo e implica a aceita\u00e7\u00e3o completa e sem reservas de cada uma das disposi\u00e7\u00f5es inclu\u00eddas neste Aviso Legal, que podem ser alteradas.<\/p>\n<p>O utilizador compromete-se a fazer o uso correto do website de acordo com as leis, boa f\u00e9, ordem p\u00fablica, utiliza\u00e7\u00f5es de tr\u00e1fego e esta Notifica\u00e7\u00e3o Legal. O utilizador ficar\u00e1 sujeito ao propriet\u00e1rio da WEB ou a terceiros, por eventuais danos que possam ser causados por viola\u00e7\u00e3o da referida obriga\u00e7\u00e3o. <\/p>\n<h3>IDENTIFICA\u00c7\u00c3O E COMUNICA\u00c7\u00d5ES<\/h3>\n<p>O PROPRIET\u00c1RIO DA WEB, em conformidade com a Lei 34\/2002, de 11 de julho, Servi\u00e7os da Sociedade de Informa\u00e7\u00e3o e Com\u00e9rcio Eletr\u00f3nico, informa-o que:<\/p>\n<ul>\n<li>O respons\u00e1vel \u00e9 C\u00d3RDOBA LOCKER<\/li>\n<li>O seu domic\u00edlio est\u00e1 em: AV. DR. FLEMING, 8, C\u00d3RDOBA (14001) <\/li>\n<\/ul>\n<p>Para comunicar connosco, colocamos \u00e0 sua disposi\u00e7\u00e3o diferentes meios de contacto que detalhamos abaixo:<\/p>\n<ul>\n<li>Email: info@cordobalocker.com<\/li>\n<li>Telefone: 957464916<\/li>\n<\/ul>\n<p>Todas as notifica\u00e7\u00f5es e comunica\u00e7\u00f5es entre os utilizadores e o propriet\u00e1rio da WEB ser\u00e3o consideradas eficazes, para todos os efeitos, quando s\u00e3o efe feitas atrav\u00e9s de correio postal ou de quaisquer outros meios dos que foram descritos acima.<\/p>\n<h3>CONDI\u00c7\u00d5ES DE ACESSO E UTILIZA\u00c7\u00c3O<\/h3>\n<p>O website e os seus servi\u00e7os s\u00e3o de acesso gratuito e aberto, no entanto, o PROPRIET\u00c1RIO DA WEB condiciona a utiliza\u00e7\u00e3o de alguns dos servi\u00e7os oferecidos no seu website para a conclus\u00e3o pr\u00e9via do formul\u00e1rio correspondente.<\/p>\n<p>O utilizador garante a autenticidade e a oportunidade de todos os dados comunicados ao propriet\u00e1rio da WEB e ser\u00e1 o \u00fanico respons\u00e1vel por quaisquer declara\u00e7\u00f5es falsas ou imprecisas feitas.<\/p>\n<p>O utilizador compromete-se expressamente a utilizar adequadamente os conte\u00fados e servi\u00e7os do propriet\u00e1rio da WEB e a n\u00e3o os utilizar para, entre outros:<\/p>\n<ol type=\"a\">\n<li>Divulgar conte\u00fado, criminoso, violento, pornogr\u00e1fico, racista, xen\u00f3fobo, ofensivo, apologia do terrorismo ou, em geral, contr\u00e1rio \u00e0 lei ou \u00e0 ordem p\u00fablica.<\/li>\n<li>Introduzir v\u00edrus inform\u00e1ticos na rede ou executar a\u00e7\u00f5es que possam alterar, estragar, interromper ou gerar erros ou danos em documentos eletr\u00f3nicos, dados ou sistemas f\u00edsicos e l\u00f3gicos do PROPRIET\u00c1RIO DA WEB ou de terceiros; al\u00e9m de dificultar o acesso de outros utilizadores ao website e aos seus servi\u00e7os atrav\u00e9s do consumo maci\u00e7o dos recursos inform\u00e1ticos atrav\u00e9s dos quais o propriet\u00e1rio da WEB presta os seus servi\u00e7os.<\/li>\n<li>Tentar aceder \u00e0s contas de e-mail de outros utilizadores ou \u00e1reas restritas dos sistemas inform\u00e1ticos do PROPRIET\u00c1RIO DA WEB ou de terceiros e, se for caso disso, extrair informa\u00e7\u00f5es.<\/li>\n<li>Violar os direitos de propriedade intelectual ou industrial, bem como violar a confidencialidade da informa\u00e7\u00e3o do PROPRIET\u00c1RIO DA WEB ou de terceiros.<\/li>\n<li>Personificar a identidade de outro utilizador, administra\u00e7\u00f5es p\u00fablicas ou um terceiro.<\/li>\n<li>Reproduzir, copiar, distribuir, disponibilizar ou de qualquer outra forma comunicar publicamente, transformar ou modificar o conte\u00fado, a menos que tenha a autoriza\u00e7\u00e3o do propriet\u00e1rio dos direitos correspondentes ou seja legalmente permitido.<\/li>\n<li>Recolher dados para fins publicit\u00e1rios e enviar publicidade de qualquer tipo e comunica\u00e7\u00f5es para fins comerciais ou comerciais sem o seu pedido ou consentimento pr\u00e9vio.<\/li>\n<\/ol>\n<p>Todos os conte\u00fados do website, tais como textos, fotografias, gr\u00e1ficos, imagens, \u00edcones, tecnologia, software, bem como o seu design gr\u00e1fico e c\u00f3digos fonte, constituem uma obra cuja propriedade pertence ao propriet\u00e1rio da WEB, sem que se entenda que seja transferida para o utilizador qualquer dos direitos de explora\u00e7\u00e3o sobre eles para al\u00e9m do que \u00e9 estritamente necess\u00e1rio para o uso correto da web.<\/p>\n<p>Em suma, os utilizadores que acedam a este website podem visualizar os conte\u00fados e fazer, se for caso disso, c\u00f3pias privadas autorizadas desde que os elementos reproduzidos n\u00e3o sejam posteriormente transferidos para terceiros, nem sejam instalados em servidores ligados a redes, nem est\u00e3o sujeitos a qualquer tipo de explora\u00e7\u00e3o. Da mesma forma, todas as marcas, nomes comerciais ou sinais distintivos de qualquer tipo que apare\u00e7am no website s\u00e3o propriedade do propriet\u00e1rio da WEB, sem que se entenda que o uso ou acesso ao mesmo atribui ao utilizador qualquer direito sobre eles. <\/p>\n<p>\u00c9 proibida a distribui\u00e7\u00e3o, modifica\u00e7\u00e3o, transfer\u00eancia ou comunica\u00e7\u00e3o p\u00fablica dos conte\u00fados e qualquer outro ato que n\u00e3o tenha sido expressamente autorizado pelo propriet\u00e1rio dos direitos de explora\u00e7\u00e3o.<\/p>\n<p>O estabelecimento de uma hiperliga\u00e7\u00e3o n\u00e3o implica, em caso algum, a exist\u00eancia de rela\u00e7\u00f5es entre o propriet\u00e1rio da WEB e o propriet\u00e1rio do website em que se encontra estabelecido, nem a aceita\u00e7\u00e3o e aprova\u00e7\u00e3o pelo propriet\u00e1rio da WEB dos seus conte\u00fados ou servi\u00e7os. Aqueles que pretendam estabelecer uma hiperliga\u00e7\u00e3o devem solicitar previamente autoriza\u00e7\u00e3o por escrito ao propriet\u00e1rio da WEB. Em todo o caso, a hiperliga\u00e7\u00e3o apenas permitir\u00e1 o acesso \u00e0 home-page ou p\u00e1gina inicial do nosso site, devendo igualmente abster-se de fazer declara\u00e7\u00f5es ou indica\u00e7\u00f5es falsas, inexatas ou incorretas sobre O PROPRIET\u00c1RIO DO SITE, ou incluir conte\u00fados il\u00edcitos, contr\u00e1rios aos bons costumes e \u00e0 ordem p\u00fablica. O PROPRIET\u00c1RIO DA WEB n\u00e3o se responsabiliza pela utiliza\u00e7\u00e3o que cada utilizador d\u00e1 aos materiais disponibilizados neste website ou pelas a\u00e7\u00f5es realizadas com base nos mesmos.   <\/p>\n<h3>EXCLUS\u00c3O DE GARANTIAS E DE RESPONSABILIDADE<\/h3>\n<p>O conte\u00fado deste website \u00e9 de natureza geral e tem um prop\u00f3sito meramente informativo, sem garantir totalmente o acesso a todos os conte\u00fados, nem a sua completude, corre\u00e7\u00e3o, validade ou oportunidade, nem a sua adequa\u00e7\u00e3o ou utilidade para um prop\u00f3sito espec\u00edfico.<\/p>\n<p>O PROPRIET\u00c1RIO DO SITE exclui, na medida do permitido por lei, qualquer responsabilidade por danos de qualquer tipo decorrentes:<\/p>\n<ol type=\"a\">\n<li>A impossibilidade de aceder ao website ou a falta de veracidade, precis\u00e3o, completude e\/ou oportunidade dos conte\u00fados, bem como a exist\u00eancia de v\u00edcios e defeitos de todo o tipo de conte\u00fados transmitidos, divulgados, armazenados, disponibilizados a quem tenha acedido atrav\u00e9s do website ou dos servi\u00e7os oferecidos.<\/li>\n<li>A presen\u00e7a de v\u00edrus ou outros elementos nos conte\u00fados que possam causar altera\u00e7\u00f5es em sistemas inform\u00e1ticos, documentos eletr\u00f3nicos ou dados do utilizador.<\/li>\n<li>Incumprimento das leis, boa f\u00e9, ordem p\u00fablica, utiliza\u00e7\u00e3o do tr\u00e1fego e este aviso legal como resultado da utiliza\u00e7\u00e3o incorreta do website. Em particular, e a t\u00edtulo de exemplo, o propriet\u00e1rio da WEB n\u00e3o \u00e9 respons\u00e1vel pelas a\u00e7\u00f5es de terceiros que violem direitos de propriedade intelectual e industrial, segredos comerciais, direitos de honra, privacidade pessoal e familiar e autoimagem, bem como os regulamentos sobre concorr\u00eancia desleal e publicidade ilegal. <\/li>\n<\/ol>\n<p>Da mesma forma, o propriet\u00e1rio da WEB declina qualquer responsabilidade em rela\u00e7\u00e3o \u00e0 informa\u00e7\u00e3o que est\u00e1 fora deste website e n\u00e3o \u00e9 gerida diretamente pelo nosso webmaster. A fun\u00e7\u00e3o dos links que aparecem neste website \u00e9 exclusivamente para informar o utilizador sobre a exist\u00eancia de outras fontes capazes de expandir os conte\u00fados oferecidos por este website. O propriet\u00e1rio da WEB n\u00e3o garante nem \u00e9 respons\u00e1vel pela opera\u00e7\u00e3o ou acessibilidade dos s\u00edtios ligados; nem sugere, convida ou recomenda a visita a eles, pelo que n\u00e3o ser\u00e1 respons\u00e1vel pelo resultado obtido. O PROPRIET\u00c1RIO DA WEB n\u00e3o \u00e9 respons\u00e1vel pelo estabelecimento de hiperliga\u00e7\u00f5es por terceiros.   <\/p>\n<h3>POL\u00cdTICA DE PRIVACIDADE<\/h3>\n<p>Pode rever a nossa pol\u00edtica de privacidade no seguinte <a href=\"https:\/\/cordobalocker.com\/pt-pt\/politica-de-privacidade\/\">link<\/a>.<\/p>\n<h3>PROCEDIMENTO EM CASO DE REALIZA\u00c7\u00c3O DE ATIVIDADES DE NATUREZA IL\u00cdCITA<\/h3>\n<p>No caso de qualquer utilizador ou terceiro considerar que existem factos ou circunst\u00e2ncias que revelem a natureza il\u00edcita da utiliza\u00e7\u00e3o de qualquer conte\u00fado e\/ou a realiza\u00e7\u00e3o de qualquer atividade nas p\u00e1ginas web inclu\u00eddas ou acess\u00edveis atrav\u00e9s do website, deve enviar uma notifica\u00e7\u00e3o ao propriet\u00e1rio da WEB devidamente identificando-se a si pr\u00f3prio,  especificando as alegadas infra\u00e7\u00f5es e declarando expressamente e sob a sua responsabilidade que as informa\u00e7\u00f5es fornecidas na notifica\u00e7\u00e3o s\u00e3o exatas.<\/p>\n<p>As partes submetem expressamente, para quaisquer quest\u00f5es ou diverg\u00eancias que possam surgir devido \u00e0 interpreta\u00e7\u00e3o, cumprimento e execu\u00e7\u00e3o deste contrato, \u00e0 compet\u00eancia e compet\u00eancia dos Tribunais correspondentes ao domic\u00edlio do utilizador ou ao lugar de cumprimento da obriga\u00e7\u00e3o contratual.<\/p>\n<h3>PUBLICA\u00c7\u00d5ES<\/h3>\n<p>As informa\u00e7\u00f5es administrativas fornecidas atrav\u00e9s do site n\u00e3o substituem a publicidade jur\u00eddica das leis, regulamentos, planos, disposi\u00e7\u00f5es gerais e atos que devem ser formalmente publicados nos jornais oficiais das administra\u00e7\u00f5es p\u00fablicas, que constituem o \u00fanico instrumento que atesta a sua autenticidade e conte\u00fado. A informa\u00e7\u00e3o dispon\u00edvel neste site deve ser entendida como um guia sem qualquer finalidade legal. <\/p>\n<\/div>\n[\/vc_column_text][\/vc_column][\/vc_row]\n","protected":false},"excerpt":{"rendered":"<p>[vc_row type=&#8221;full_width_background&#8221; full_screen_row_position=&#8221;middle&#8221; column_margin=&#8221;default&#8221; column_direction=&#8221;default&#8221; column_direction_tablet=&#8221;default&#8221; column_direction_phone=&#8221;default&#8221; bg_color=&#8221;#ffffff&#8221; scene_position=&#8221;center&#8221; top_padding=&#8221;1%&#8221; bottom_padding=&#8221;5%&#8221; text_color=&#8221;dark&#8221; text_align=&#8221;left&#8221; row_border_radius=&#8221;none&#8221; row_border_radius_applies=&#8221;bg&#8221; overflow=&#8221;visible&#8221; overlay_strength=&#8221;0.3&#8243; gradient_direction=&#8221;left_to_right&#8221; shape_divider_position=&#8221;bottom&#8221; bg_image_animation=&#8221;none&#8221; gradient_type=&#8221;default&#8221; shape_type=&#8221;&#8221;][vc_column column_padding=&#8221;no-extra-padding&#8221; column_padding_tablet=&#8221;inherit&#8221; column_padding_phone=&#8221;inherit&#8221; column_padding_position=&#8221;all&#8221; column_element_direction_desktop=&#8221;default&#8221; column_element_spacing=&#8221;default&#8221; desktop_text_alignment=&#8221;default&#8221; tablet_text_alignment=&#8221;default&#8221;&#8230;<\/p>\n","protected":false},"author":5,"featured_media":0,"parent":0,"menu_order":0,"comment_status":"closed","ping_status":"closed","template":"","meta":{"footnotes":""},"class_list":["post-2613","page","type-page","status-publish"],"_links":{"self":[{"href":"https:\/\/cordobalocker.com\/pt-pt\/wp-json\/wp\/v2\/pages\/2613","targetHints":{"allow":["GET"]}}],"collection":[{"href":"https:\/\/cordobalocker.com\/pt-pt\/wp-json\/wp\/v2\/pages"}],"about":[{"href":"https:\/\/cordobalocker.com\/pt-pt\/wp-json\/wp\/v2\/types\/page"}],"author":[{"embeddable":true,"href":"https:\/\/cordobalocker.com\/pt-pt\/wp-json\/wp\/v2\/users\/5"}],"replies":[{"embeddable":true,"href":"https:\/\/cordobalocker.com\/pt-pt\/wp-json\/wp\/v2\/comments?post=2613"}],"version-history":[{"count":2,"href":"https:\/\/cordobalocker.com\/pt-pt\/wp-json\/wp\/v2\/pages\/2613\/revisions"}],"predecessor-version":[{"id":2794,"href":"https:\/\/cordobalocker.com\/pt-pt\/wp-json\/wp\/v2\/pages\/2613\/revisions\/2794"}],"wp:attachment":[{"href":"https:\/\/cordobalocker.com\/pt-pt\/wp-json\/wp\/v2\/media?parent=2613"}],"curies":[{"name":"wp","href":"https:\/\/api.w.org\/{rel}","templated":true}]}}