{"id":2597,"date":"2025-03-19T20:32:00","date_gmt":"2025-03-19T20:32:00","guid":{"rendered":"https:\/\/cordobalocker.com\/politica-de-privacidade-2\/"},"modified":"2025-07-04T18:57:26","modified_gmt":"2025-07-04T18:57:26","slug":"politica-de-privacidade","status":"publish","type":"page","link":"https:\/\/cordobalocker.com\/pt-pt\/politica-de-privacidade\/","title":{"rendered":"Pol\u00edtica de Privacidade"},"content":{"rendered":"[vc_row type=&#8221;full_width_background&#8221; full_screen_row_position=&#8221;middle&#8221; column_margin=&#8221;default&#8221; column_direction=&#8221;default&#8221; column_direction_tablet=&#8221;default&#8221; column_direction_phone=&#8221;default&#8221; bg_color=&#8221;#ffffff&#8221; scene_position=&#8221;center&#8221; top_padding=&#8221;1%&#8221; bottom_padding=&#8221;5%&#8221; text_color=&#8221;dark&#8221; text_align=&#8221;left&#8221; row_border_radius=&#8221;none&#8221; row_border_radius_applies=&#8221;bg&#8221; overflow=&#8221;visible&#8221; overlay_strength=&#8221;0.3&#8243; gradient_direction=&#8221;left_to_right&#8221; shape_divider_position=&#8221;bottom&#8221; bg_image_animation=&#8221;none&#8221; gradient_type=&#8221;default&#8221; shape_type=&#8221;&#8221;][vc_column column_padding=&#8221;no-extra-padding&#8221; column_padding_tablet=&#8221;inherit&#8221; column_padding_phone=&#8221;inherit&#8221; column_padding_position=&#8221;all&#8221; column_element_direction_desktop=&#8221;default&#8221; column_element_spacing=&#8221;default&#8221; desktop_text_alignment=&#8221;default&#8221; tablet_text_alignment=&#8221;default&#8221; phone_text_alignment=&#8221;default&#8221; background_color_opacity=&#8221;1&#8243; background_hover_color_opacity=&#8221;1&#8243; column_backdrop_filter=&#8221;none&#8221; column_shadow=&#8221;none&#8221; column_border_radius=&#8221;none&#8221; column_link_target=&#8221;_self&#8221; column_position=&#8221;default&#8221; gradient_direction=&#8221;left_to_right&#8221; overlay_strength=&#8221;0.3&#8243; width=&#8221;1\/1&#8243; tablet_width_inherit=&#8221;default&#8221; animation_type=&#8221;default&#8221; bg_image_animation=&#8221;none&#8221; border_type=&#8221;simple&#8221; column_border_width=&#8221;none&#8221; column_border_style=&#8221;solid&#8221;][vc_row_inner column_margin=&#8221;default&#8221; column_direction=&#8221;default&#8221; column_direction_tablet=&#8221;default&#8221; column_direction_phone=&#8221;default&#8221; text_align=&#8221;left&#8221; row_position=&#8221;default&#8221; row_position_tablet=&#8221;inherit&#8221; row_position_phone=&#8221;inherit&#8221; overflow=&#8221;visible&#8221; pointer_events=&#8221;all&#8221;][vc_column_inner column_padding=&#8221;no-extra-padding&#8221; column_padding_tablet=&#8221;inherit&#8221; column_padding_phone=&#8221;inherit&#8221; column_padding_position=&#8221;all&#8221; column_element_direction_desktop=&#8221;default&#8221; column_element_spacing=&#8221;default&#8221; desktop_text_alignment=&#8221;default&#8221; tablet_text_alignment=&#8221;default&#8221; phone_text_alignment=&#8221;default&#8221; background_color_opacity=&#8221;1&#8243; background_hover_color_opacity=&#8221;1&#8243; column_backdrop_filter=&#8221;none&#8221; column_shadow=&#8221;none&#8221; column_border_radius=&#8221;none&#8221; column_link_target=&#8221;_self&#8221; overflow=&#8221;visible&#8221; gradient_direction=&#8221;left_to_right&#8221; overlay_strength=&#8221;0.3&#8243; width=&#8221;1\/1&#8243; tablet_width_inherit=&#8221;default&#8221; animation_type=&#8221;default&#8221; bg_image_animation=&#8221;none&#8221; border_type=&#8221;simple&#8221; column_border_width=&#8221;none&#8221; column_border_style=&#8221;solid&#8221;][vc_column_text css=&#8221;&#8221; text_direction=&#8221;default&#8221;]\n<h1>Pol\u00edtica de Privacidade<\/h1>\n[\/vc_column_text][\/vc_column_inner][\/vc_row_inner][vc_column_text css=&#8221;&#8221; text_direction=&#8221;default&#8221;]\n<div class=\"privacy-container\">\n<p>Sempre que precisarmos de obter informa\u00e7\u00f5es do utilizador, pedir-lhe-emos sempre que as forne\u00e7a de forma volunt\u00e1ria e expl\u00edcita. Os dados recolhidos atrav\u00e9s dos formul\u00e1rios de recolha de dados do site ou de outros meios ser\u00e3o incorporados nos sistemas de tratamento da C\u00d3RDOBA LOCKER.<\/p>\n<p>Esta entidade tratar\u00e1 os dados de forma confidencial e exclusivamente com a finalidade de oferecer os servi\u00e7os solicitados, com todas as garantias legais e de seguran\u00e7a impostas pelo Regulamento (UE) 2016\/679 do Parlamento Europeu e do Conselho, de 27 de abril de 2016, relativo \u00e0 prote\u00e7\u00e3o das pessoas singulares no que diz respeito ao tratamento de dados pessoais e \u00e0 livre circula\u00e7\u00e3o desses dados e pela Lei 34\/2002, de 11 de julho, relativa aos servi\u00e7os da sociedade da informa\u00e7\u00e3o e ao com\u00e9rcio eletr\u00f3nico.<\/p>\n<h3>Quem \u00e9 o respons\u00e1vel pelo tratamento dos seus dados?<\/h3>\n<ul>\n<li>O respons\u00e1vel \u00e9 C\u00d3RDOBA LOCKER<\/li>\n<li>O seu domic\u00edlio est\u00e1 em: AV. DR. FLEMING, 8, C\u00d3RDOBA (14001) <\/li>\n<li>E-mail: info@cordobalocker.com<\/li>\n<\/ul>\n<p><strong>CONTACTO DELEGADO DE PROTE\u00c7\u00c3O DE DADOS<br \/><\/strong>dpo.apartamentoswallada@lock4data.es<\/p>\n<h3>Para que fins processamos os seus dados pessoais?<\/h3>\n<p>Na C\u00d3RDOBA LOCKER tratamos a informa\u00e7\u00e3o que nos \u00e9 facultada pelos interessados de forma leal, l\u00edcita e transparente, em cumprimento do Regulamento UE 2016\/679 de 27 de abril do Parlamento Europeu e do Conselho e da Lei 3\/2018 de 5 de dezembro de Prote\u00e7\u00e3o de Dados e Garantia dos Direitos Digitais.<\/p>\n<h4>Se \u00e9s CLIENTE ou UTILIZADOR:<\/h4>\n<p>Se o utilizador for um cliente ou utilizador, processaremos as seguintes categorias de dados pessoais:<\/p>\n<ul>\n<li>Dados de identifica\u00e7\u00e3o (nome, apelido, n\u00famero do bilhete de identidade&#8230;)<\/li>\n<li>Dados de contacto (e-mail, Whatsapp&#8230;)<\/li>\n<li>Dados banc\u00e1rios (n\u00famero de conta, cart\u00e3o banc\u00e1rio&#8230;)<\/li>\n<li>Outros dados (fornecidos pela pessoa em causa em formul\u00e1rios ou comunica\u00e7\u00f5es abertas)<\/li>\n<\/ul>\n<p>Processamos os seus dados com o objetivo de:<\/p>\n<ul>\n<li>Gerir os servi\u00e7os, informa\u00e7\u00f5es e\/ou produtos solicitados.<\/li>\n<li>Para enviar comunica\u00e7\u00f5es de interesse (se o interessado tiver dado a devida autoriza\u00e7\u00e3o).<\/li>\n<li>Para cumprir as obriga\u00e7\u00f5es legais aplic\u00e1veis ao respons\u00e1vel pelo tratamento de dados.<\/li>\n<\/ul>\n<h4>Se \u00e9s EMPREGADO ou CANDIDATO A EMPREGO:<\/h4>\n<p>Se \u00e9s empregado ou candidato\/solicitante, trataremos as seguintes categorias de dados pessoais:<\/p>\n<ul>\n<li>Dados de identifica\u00e7\u00e3o (nome, apelido, n\u00famero do bilhete de identidade&#8230;)<\/li>\n<li>Dados inclu\u00eddos no curriculum vitae (estudos, experi\u00eancia profissional, passatempos&#8230;)<\/li>\n<li>Dados de contacto (e-mail, Whatsapp&#8230;)<\/li>\n<li>Dados banc\u00e1rios (n\u00famero da conta, titular, mandato SEPA)<\/li>\n<li>Imagem<\/li>\n<li>Outros dados (fornecidos pela pessoa em causa em formul\u00e1rios ou comunica\u00e7\u00f5es abertas)<\/li>\n<\/ul>\n<p>Processamos os seus dados com o objetivo de:<\/p>\n<ul>\n<li>Gerir os direitos e obriga\u00e7\u00f5es relacionados com a rela\u00e7\u00e3o contratual.<\/li>\n<li>Sele\u00e7\u00e3o de candidatos<\/li>\n<li>Utiliza\u00e7\u00e3o, reprodu\u00e7\u00e3o ou publica\u00e7\u00e3o da imagem, nome e voz (se devidamente autorizado pela pessoa em causa)<\/li>\n<li>Cumprir as obriga\u00e7\u00f5es legais das empresas.<\/li>\n<\/ul>\n<h4>Se \u00e9s FORNECEDOR da nossa empresa:<\/h4>\n<p>Se for um fornecedor, processaremos as seguintes categorias de dados pessoais:<\/p>\n<ul>\n<li>Dados de identifica\u00e7\u00e3o (nome, apelido, n\u00famero do bilhete de identidade&#8230;)<\/li>\n<li>Dados de contacto (e-mail, Whatsapp&#8230;)<\/li>\n<li>Dados banc\u00e1rios (n\u00famero de conta, fatura\u00e7\u00e3o&#8230;)<\/li>\n<li>Outros dados (fornecidos pela pessoa em causa em formul\u00e1rios ou comunica\u00e7\u00f5es abertas)<\/li>\n<\/ul>\n<p>Processamos os seus dados com o objetivo de:<\/p>\n<ul>\n<li>Gest\u00e3o administrativa, contabil\u00edstica e fiscal.<\/li>\n<li>Acompanhamento e controlo da rela\u00e7\u00e3o comercial.<\/li>\n<li>Cumprir as obriga\u00e7\u00f5es legais das empresas<\/li>\n<\/ul>\n<h3>Sou obrigado a fornecer dados pessoais?<\/h3>\n<p>MAR\u00cdA ALONSO GARC\u00cdA s\u00f3 solicitar\u00e1 os dados estritamente necess\u00e1rios para a realiza\u00e7\u00e3o da finalidade para a qual s\u00e3o recolhidos, pelo que no caso de n\u00e3o serem fornecidos n\u00e3o poder\u00e1 ser prestado o servi\u00e7o solicitado.<\/p>\n<h3>Durante quanto tempo conservaremos os seus dados?<\/h3>\n<p>Os dados pessoais fornecidos e obtidos durante a rela\u00e7\u00e3o entre o interessado e C\u00d3RDOBA LOCKER ser\u00e3o conservados durante um prazo m\u00e1ximo de 5 anos a partir da \u00faltima confirma\u00e7\u00e3o de interesse ou enquanto uma disposi\u00e7\u00e3o legal nos obrigar, caso em que ser\u00e3o devidamente bloqueados e eliminados quando j\u00e1 n\u00e3o forem necess\u00e1rios.<\/p>\n<h3>Qual \u00e9 a legitimidade do tratamento dos seus dados?<\/h3>\n<p>Em conformidade com o artigo 6.1 do Regulamento UE 2016\/679 de 27 de abril, informamos que a legitimidade para o tratamento dos seus dados \u00e9 a seguinte:<\/p>\n<ol type=\"a\">\n<li>a pessoa em causa deu o seu consentimento para o tratamento dos seus dados pessoais para uma ou mais finalidades espec\u00edficas e\/ou<\/li>\n<li>o tratamento \u00e9 necess\u00e1rio para o cumprimento de uma obriga\u00e7\u00e3o jur\u00eddica aplic\u00e1vel ao respons\u00e1vel pelo tratamento e\/ou<\/li>\n<li>o tratamento for necess\u00e1rio para prosseguir interesses leg\u00edtimos do respons\u00e1vel pelo tratamento ou de terceiros, desde que a esses interesses n\u00e3o prevale\u00e7am os interesses ou direitos e liberdades fundamentais da pessoa em causa que exijam a prote\u00e7\u00e3o dos dados pessoais, em especial se a pessoa em causa for uma crian\u00e7a.<\/li>\n<\/ol>\n<h3>A que destinat\u00e1rios ser\u00e3o comunicados os seus dados?<\/h3>\n<p>Os dados tratados pela C\u00d3RDOBA LOCKER podem ser comunicados a terceiros quando tal for exigido por lei.<\/p>\n<p>A C\u00d3RDOBA LOCKER tamb\u00e9m trabalha com prestadores de servi\u00e7os para os quais \u00e9 necess\u00e1rio comunicar dados em diferentes \u00e1reas de neg\u00f3cio (administra\u00e7\u00e3o, contabilidade, fiscalidade, marketing, laboral&#8230;). A rela\u00e7\u00e3o com estas empresas \u00e9 regulada de acordo com o artigo 28.\u00ba do Regulamento UE 2016\/679, de 27 de abril de 2016, do Parlamento Europeu e do Conselho (RGPD). Os dados acedidos a partir dessas empresas ser\u00e3o utilizados apenas para os fins comerciais necess\u00e1rios e n\u00e3o ser\u00e3o conservados para quaisquer outros fins.<\/p>\n<h3>Quais s\u00e3o os seus direitos quando nos fornece os seus dados?<\/h3>\n<p>Qualquer pessoa interessada tem o direito de obter a confirma\u00e7\u00e3o de que a C\u00d3RDOBA LOCKER est\u00e1 ou n\u00e3o a tratar os seus dados pessoais.<\/p>\n<p>As partes interessadas t\u00eam o direito de aceder aos seus dados pessoais, bem como de solicitar a retifica\u00e7\u00e3o dos dados inexactos ou, se for caso disso, de solicitar a sua supress\u00e3o quando, entre outros motivos, os dados j\u00e1 n\u00e3o forem necess\u00e1rios para os fins para que foram recolhidos.<\/p>\n<p>Em determinadas circunst\u00e2ncias, os titulares dos dados podem solicitar a restri\u00e7\u00e3o do tratamento dos seus dados, caso em que apenas conservaremos os dados para efeitos de exerc\u00edcio ou defesa de reclama\u00e7\u00f5es. O utilizador tamb\u00e9m pode opor-se ao tratamento dos seus dados. A C\u00d3RDOBA LOCKER deixar\u00e1 de tratar os dados, exceto por motivos leg\u00edtimos imperiosos, ou para o exerc\u00edcio ou defesa de reclama\u00e7\u00f5es. <\/p>\n<p>O utilizador pode enviar uma carta \u00e0 C\u00d3RDOBA LOCKER, para o endere\u00e7o da pessoa respons\u00e1vel, ou por correio eletr\u00f3nico como indicado no cabe\u00e7alho desta Pol\u00edtica, anexando uma fotoc\u00f3pia do seu documento de identidade, a qualquer momento e gratuitamente, a fim de:<\/p>\n<ul>\n<li>Revogar as autoriza\u00e7\u00f5es concedidas.<\/li>\n<li>Obter a confirma\u00e7\u00e3o de que os dados pessoais relativos ao Utilizador est\u00e3o ou n\u00e3o a ser tratados.<\/li>\n<li>Aceder aos seus dados pessoais.<\/li>\n<li>Retificar dados inexactos ou incompletos.<\/li>\n<li>Solicitar a elimina\u00e7\u00e3o dos seus dados quando, entre outros motivos, os dados j\u00e1 n\u00e3o forem necess\u00e1rios para os fins para os quais foram recolhidos.<\/li>\n<li>Obter a limita\u00e7\u00e3o do tratamento dos dados quando se verificar alguma das condi\u00e7\u00f5es previstas na regulamenta\u00e7\u00e3o relativa \u00e0 prote\u00e7\u00e3o de dados.<\/li>\n<li>Solicitar a portabilidade dos seus dados.<\/li>\n<li>Contactar o DPO da C\u00d3RDOBA LOCKER<\/li>\n<li>Apresentar uma queixa \u00e0 autoridade de supervis\u00e3o<a href=\"https:\/\/www.aepd.es\" target=\"_blank\" rel=\"noopener\">(www.aepd.es)<\/a> se considerar que os seus direitos ao abrigo dos regulamentos de prote\u00e7\u00e3o de dados aplic\u00e1veis foram violados.<\/li>\n<\/ul>\n<p>A C\u00d3RDOBA LOCKER adopta os n\u00edveis de seguran\u00e7a correspondentes exigidos pela normativa de Prote\u00e7\u00e3o de Dados de Car\u00e1cter Pessoal anteriormente mencionada e demais normativa aplic\u00e1vel. Estes n\u00edveis de seguran\u00e7a s\u00e3o obrigat\u00f3rios para as entidades que acedem \u00e0s nossas informa\u00e7\u00f5es em virtude de uma rela\u00e7\u00e3o contratual e\/ou da presta\u00e7\u00e3o de um servi\u00e7o, em aplica\u00e7\u00e3o do artigo 28.\u00ba do Regulamento UE 2016\/679 (RGPD).<\/p>\n<p>No entanto, n\u00e3o assume qualquer responsabilidade por danos decorrentes de altera\u00e7\u00f5es que terceiros possam causar nos sistemas inform\u00e1ticos, documentos electr\u00f3nicos ou ficheiros do utilizador.<\/p>\n<p>Os cookies podem ser utilizados no \u00e2mbito da presta\u00e7\u00e3o de servi\u00e7os no s\u00edtio Web. Os cookies s\u00e3o ficheiros f\u00edsicos que cont\u00eam informa\u00e7\u00f5es pessoais armazenadas no pr\u00f3prio terminal do utilizador. O utilizador tem a possibilidade de configurar o seu programa de navega\u00e7\u00e3o de modo a que a cria\u00e7\u00e3o de ficheiros cookie seja impedida ou avisada. Consulte a nossa pol\u00edtica de cookies atrav\u00e9s da liga\u00e7\u00e3o que encontrar\u00e1 neste s\u00edtio Web.<\/p>\n<p>Caso o utilizador opte por sair do nosso site atrav\u00e9s de links para sites que n\u00e3o nos pertencem, a C\u00d3RDOBA LOCKER n\u00e3o se responsabiliza pelas pol\u00edticas de privacidade desses sites nem pelos cookies que os mesmos possam armazenar no computador do utilizador.<\/p>\n<p>A nossa pol\u00edtica em mat\u00e9ria de correio eletr\u00f3nico consiste em enviar apenas as comunica\u00e7\u00f5es que o utilizador tenha solicitado receber.<\/p>\n<p>Se preferir n\u00e3o receber estas mensagens por correio eletr\u00f3nico, oferecer-lhe-emos a possibilidade de exercer o seu direito de anula\u00e7\u00e3o e ren\u00fancia \u00e0 rece\u00e7\u00e3o das mesmas, em conformidade com o disposto no T\u00edtulo III, artigo 22 da Lei 34\/2002 de Servi\u00e7os para a Sociedade da Informa\u00e7\u00e3o e o Com\u00e9rcio Eletr\u00f3nico.<\/p>\n<\/div>\n[\/vc_column_text][\/vc_column][\/vc_row]\n","protected":false},"excerpt":{"rendered":"<p>[vc_row type=&#8221;full_width_background&#8221; full_screen_row_position=&#8221;middle&#8221; column_margin=&#8221;default&#8221; column_direction=&#8221;default&#8221; column_direction_tablet=&#8221;default&#8221; column_direction_phone=&#8221;default&#8221; bg_color=&#8221;#ffffff&#8221; scene_position=&#8221;center&#8221; top_padding=&#8221;1%&#8221; bottom_padding=&#8221;5%&#8221; text_color=&#8221;dark&#8221; text_align=&#8221;left&#8221; row_border_radius=&#8221;none&#8221; row_border_radius_applies=&#8221;bg&#8221; overflow=&#8221;visible&#8221; overlay_strength=&#8221;0.3&#8243; gradient_direction=&#8221;left_to_right&#8221; shape_divider_position=&#8221;bottom&#8221; bg_image_animation=&#8221;none&#8221; gradient_type=&#8221;default&#8221; shape_type=&#8221;&#8221;][vc_column column_padding=&#8221;no-extra-padding&#8221; column_padding_tablet=&#8221;inherit&#8221; column_padding_phone=&#8221;inherit&#8221; column_padding_position=&#8221;all&#8221; column_element_direction_desktop=&#8221;default&#8221; column_element_spacing=&#8221;default&#8221; desktop_text_alignment=&#8221;default&#8221; tablet_text_alignment=&#8221;default&#8221;&#8230;<\/p>\n","protected":false},"author":5,"featured_media":0,"parent":0,"menu_order":0,"comment_status":"closed","ping_status":"closed","template":"","meta":{"footnotes":""},"class_list":["post-2597","page","type-page","status-publish"],"_links":{"self":[{"href":"https:\/\/cordobalocker.com\/pt-pt\/wp-json\/wp\/v2\/pages\/2597","targetHints":{"allow":["GET"]}}],"collection":[{"href":"https:\/\/cordobalocker.com\/pt-pt\/wp-json\/wp\/v2\/pages"}],"about":[{"href":"https:\/\/cordobalocker.com\/pt-pt\/wp-json\/wp\/v2\/types\/page"}],"author":[{"embeddable":true,"href":"https:\/\/cordobalocker.com\/pt-pt\/wp-json\/wp\/v2\/users\/5"}],"replies":[{"embeddable":true,"href":"https:\/\/cordobalocker.com\/pt-pt\/wp-json\/wp\/v2\/comments?post=2597"}],"version-history":[{"count":4,"href":"https:\/\/cordobalocker.com\/pt-pt\/wp-json\/wp\/v2\/pages\/2597\/revisions"}],"predecessor-version":[{"id":2762,"href":"https:\/\/cordobalocker.com\/pt-pt\/wp-json\/wp\/v2\/pages\/2597\/revisions\/2762"}],"wp:attachment":[{"href":"https:\/\/cordobalocker.com\/pt-pt\/wp-json\/wp\/v2\/media?parent=2597"}],"curies":[{"name":"wp","href":"https:\/\/api.w.org\/{rel}","templated":true}]}}