{"id":2565,"date":"2025-03-10T22:30:10","date_gmt":"2025-03-10T22:30:10","guid":{"rendered":"https:\/\/cordobalocker.com\/informativa-sobre-cookies\/"},"modified":"2025-07-04T19:17:06","modified_gmt":"2025-07-04T19:17:06","slug":"informativa-sobre-cookies","status":"publish","type":"page","link":"https:\/\/cordobalocker.com\/pt-pt\/informativa-sobre-cookies\/","title":{"rendered":"Informativa sobre Cookies"},"content":{"rendered":"[vc_row type=&#8221;full_width_background&#8221; full_screen_row_position=&#8221;middle&#8221; column_margin=&#8221;default&#8221; column_direction=&#8221;default&#8221; column_direction_tablet=&#8221;default&#8221; column_direction_phone=&#8221;default&#8221; bg_color=&#8221;#ffffff&#8221; scene_position=&#8221;center&#8221; top_padding=&#8221;1%&#8221; bottom_padding=&#8221;5%&#8221; text_color=&#8221;dark&#8221; text_align=&#8221;left&#8221; row_border_radius=&#8221;none&#8221; row_border_radius_applies=&#8221;bg&#8221; overflow=&#8221;visible&#8221; overlay_strength=&#8221;0.3&#8243; gradient_direction=&#8221;left_to_right&#8221; shape_divider_position=&#8221;bottom&#8221; bg_image_animation=&#8221;none&#8221; gradient_type=&#8221;default&#8221; shape_type=&#8221;&#8221;][vc_column column_padding=&#8221;no-extra-padding&#8221; column_padding_tablet=&#8221;inherit&#8221; column_padding_phone=&#8221;inherit&#8221; column_padding_position=&#8221;all&#8221; column_element_direction_desktop=&#8221;default&#8221; column_element_spacing=&#8221;default&#8221; desktop_text_alignment=&#8221;default&#8221; tablet_text_alignment=&#8221;default&#8221; phone_text_alignment=&#8221;default&#8221; background_color_opacity=&#8221;1&#8243; background_hover_color_opacity=&#8221;1&#8243; column_backdrop_filter=&#8221;none&#8221; column_shadow=&#8221;none&#8221; column_border_radius=&#8221;none&#8221; column_link_target=&#8221;_self&#8221; column_position=&#8221;default&#8221; gradient_direction=&#8221;left_to_right&#8221; overlay_strength=&#8221;0.3&#8243; width=&#8221;1\/1&#8243; tablet_width_inherit=&#8221;default&#8221; animation_type=&#8221;default&#8221; bg_image_animation=&#8221;none&#8221; border_type=&#8221;simple&#8221; column_border_width=&#8221;none&#8221; column_border_style=&#8221;solid&#8221;][vc_row_inner column_margin=&#8221;default&#8221; column_direction=&#8221;default&#8221; column_direction_tablet=&#8221;default&#8221; column_direction_phone=&#8221;default&#8221; text_align=&#8221;left&#8221; row_position=&#8221;default&#8221; row_position_tablet=&#8221;inherit&#8221; row_position_phone=&#8221;inherit&#8221; overflow=&#8221;visible&#8221; pointer_events=&#8221;all&#8221;][vc_column_inner column_padding=&#8221;no-extra-padding&#8221; column_padding_tablet=&#8221;inherit&#8221; column_padding_phone=&#8221;inherit&#8221; column_padding_position=&#8221;all&#8221; column_element_direction_desktop=&#8221;default&#8221; column_element_spacing=&#8221;default&#8221; desktop_text_alignment=&#8221;default&#8221; tablet_text_alignment=&#8221;default&#8221; phone_text_alignment=&#8221;default&#8221; background_color_opacity=&#8221;1&#8243; background_hover_color_opacity=&#8221;1&#8243; column_backdrop_filter=&#8221;none&#8221; column_shadow=&#8221;none&#8221; column_border_radius=&#8221;none&#8221; column_link_target=&#8221;_self&#8221; overflow=&#8221;visible&#8221; gradient_direction=&#8221;left_to_right&#8221; overlay_strength=&#8221;0.3&#8243; width=&#8221;1\/1&#8243; tablet_width_inherit=&#8221;default&#8221; animation_type=&#8221;default&#8221; bg_image_animation=&#8221;none&#8221; border_type=&#8221;simple&#8221; column_border_width=&#8221;none&#8221; column_border_style=&#8221;solid&#8221;][vc_column_text css=&#8221;&#8221; text_direction=&#8221;default&#8221;]\n<h1>Informativa sobre Cookies<\/h1>\n[\/vc_column_text][\/vc_column_inner][\/vc_row_inner][vc_column_text css=&#8221;&#8221; text_direction=&#8221;default&#8221;]\n<div class=\"cookies-container\">\n<p>Esta declara\u00e7\u00e3o de cookies foi atualizada pela \u00faltima vez em 24 de fevereiro de 2025 e aplica-se aos cidad\u00e3os do Espa\u00e7o Econ\u00f3mico Europeu.<\/p>\n<h3>Introdu\u00e7\u00e3o<\/h3>\n<p>O nosso site, HTTPS:\/\/CORDOBALOCKER.COM\/ (doravante: &#8220;o site&#8221;) utiliza cookies e outras tecnologias relacionadas (por conveni\u00eancia, todas as tecnologias s\u00e3o denominadas &#8220;cookies&#8221;). Os cookies tamb\u00e9m s\u00e3o colocados por terceiros que contrat\u00e1mos. No documento seguinte, informamos sobre a utiliza\u00e7\u00e3o de cookies no nosso site.  <\/p>\n<h3>O que s\u00e3o cookies?<\/h3>\n<p>Um cookie \u00e9 um pequeno ficheiro simples que \u00e9 enviado juntamente com as p\u00e1ginas deste site e que o seu navegador armazena no disco r\u00edgido do seu computador ou noutro dispositivo. As informa\u00e7\u00f5es armazenadas podem ser devolvidas aos nossos servidores ou aos servidores de terceiros relevantes durante uma visita posterior. <\/p>\n<h3>O que s\u00e3o scripts?<\/h3>\n<p>Um script \u00e9 um fragmento de c\u00f3digo de programa que \u00e9 utilizado para fazer com que o nosso site funcione corretamente e de forma interativa. Este c\u00f3digo \u00e9 executado no nosso servidor ou no seu dispositivo. <\/p>\n<h3>O que \u00e9 um web beacon?<\/h3>\n<p>Um web beacon (ou uma tag de pixel) \u00e9 uma pequena e invis\u00edvel parte de texto ou imagem num site que \u00e9 utilizada para monitorizar o tr\u00e1fego num site. Para isso, v\u00e1rios dados sobre si s\u00e3o armazenados atrav\u00e9s de web beacons. <\/p>\n<h3>Consentimento<\/h3>\n<p>Quando visitar o nosso site pela primeira vez, mostrar-lhe-emos uma janela pop-up com uma explica\u00e7\u00e3o sobre os cookies. Assim que clicar em &#8220;Guardar prefer\u00eancias&#8221;, autoriza-nos a utilizar as categorias de cookies e plugins que selecionou na janela pop-up, conforme descrito nesta declara\u00e7\u00e3o de cookies. Pode desativar a utiliza\u00e7\u00e3o de cookies atrav\u00e9s do seu navegador, mas tenha em aten\u00e7\u00e3o que o nosso site poder\u00e1 deixar de funcionar corretamente.  <\/p>\n<h4>Gest\u00e3o das configura\u00e7\u00f5es de consentimento<\/h4>\n<p>O utilizador tem o direito de manifestar a sua concord\u00e2ncia atrav\u00e9s da presta\u00e7\u00e3o do consentimento que solicitaremos ao visitar o nosso site.<\/p>\n<p>Este consentimento poder\u00e1 ser modificado a qualquer momento.<\/p>\n<h3>Cookies<\/h3>\n<h4>Cookies t\u00e9cnicos ou funcionais<\/h4>\n<p>Alguns cookies garantem que certas partes do site funcionem corretamente e que as suas prefer\u00eancias de utilizador continuem a ser conhecidas. Ao colocar cookies funcionais, facilitamos a sua visita ao nosso site. Desta forma, n\u00e3o \u00e9 necess\u00e1rio introduzir repetidamente a mesma informa\u00e7\u00e3o quando visita o nosso site e, por exemplo, os artigos permanecem no seu carrinho de compras at\u00e9 que tenha pago. Podemos colocar estes cookies sem o seu consentimento.   <\/p>\n<h4>Cookies anal\u00edticos<\/h4>\n<p>S\u00e3o aqueles que, tratados por n\u00f3s ou por terceiros, nos permitem quantificar o n\u00famero de utilizadores e assim realizar a medi\u00e7\u00e3o e an\u00e1lise estat\u00edstica da utiliza\u00e7\u00e3o que os utilizadores fazem do servi\u00e7o oferecido. Para isso, analisamos a sua navega\u00e7\u00e3o no nosso site com o objetivo de melhorar a oferta de produtos ou servi\u00e7os que lhe oferecemos. <\/p>\n<h4>Cookies de publicidade<\/h4>\n<p>S\u00e3o aqueles que, tratados por n\u00f3s ou por terceiros, nos permitem gerir da forma mais eficaz poss\u00edvel a oferta dos espa\u00e7os publicit\u00e1rios que existem no site, adequando o conte\u00fado do an\u00fancio ao conte\u00fado do servi\u00e7o solicitado ou ao uso que faz do nosso site. Para isso, podemos analisar os seus h\u00e1bitos de navega\u00e7\u00e3o na Internet e podemos mostrar-lhe publicidade relacionada com o seu perfil de navega\u00e7\u00e3o. <\/p>\n<h4>Bot\u00f5es de redes sociais<\/h4>\n<p>No nosso site, inclu\u00edmos bot\u00f5es para publicitar p\u00e1ginas (por exemplo, &#8220;like&#8221;, &#8220;pin&#8221;) ou partilh\u00e1-las (por exemplo, &#8220;tweet&#8221;) em redes sociais. Estes bot\u00f5es funcionam usando c\u00f3digo das pr\u00f3prias redes sociais. Este c\u00f3digo incorpora cookies. Estes bot\u00f5es de redes sociais podem armazenar e processar certas informa\u00e7\u00f5es, de modo que possa ser-lhe mostrado um an\u00fancio personalizado.   <\/p>\n<p>Por favor, leia a pol\u00edtica de privacidade destas redes sociais (que pode mudar frequentemente) para saber o que fazem com os seus dados (pessoais) que processam usando estes cookies. Os dados que recebem s\u00e3o anonimizados ao m\u00e1ximo poss\u00edvel e est\u00e3o localizados nos Estados Unidos. <\/p>\n<h3>Cookies utilizados<\/h3>\n<p>A seguir, indicamos os cookies utilizados neste site.<\/p>\n<table class=\"cookies-table\" border=\"1\" cellspacing=\"0\" cellpadding=\"5\">\n<thead>\n<tr>\n<th>COOKIE<\/th>\n<th>PROPRIET\u00c1RIO<\/th>\n<th>VALIDADE<\/th>\n<th>CATEGORIA<\/th>\n<th>FINALIDADE<\/th>\n<\/tr>\n<\/thead>\n<tbody>\n<tr>\n<td><\/td>\n<td><\/td>\n<td><\/td>\n<td><\/td>\n<td><\/td>\n<\/tr>\n<tr>\n<td><\/td>\n<td><\/td>\n<td><\/td>\n<td><\/td>\n<td><\/td>\n<\/tr>\n<tr>\n<td><\/td>\n<td><\/td>\n<td><\/td>\n<td><\/td>\n<td><\/td>\n<\/tr>\n<tr>\n<td><\/td>\n<td><\/td>\n<td><\/td>\n<td><\/td>\n<td><\/td>\n<\/tr>\n<tr>\n<td><\/td>\n<td><\/td>\n<td><\/td>\n<td><\/td>\n<td><\/td>\n<\/tr>\n<tr>\n<td><\/td>\n<td><\/td>\n<td><\/td>\n<td><\/td>\n<td><\/td>\n<\/tr>\n<\/tbody>\n<\/table>\n<h3>Os seus direitos em rela\u00e7\u00e3o aos dados pessoais<\/h3>\n<p>Tem os seguintes direitos em rela\u00e7\u00e3o aos seus dados pessoais:<\/p>\n<ul>\n<li>Tem o direito de saber por que os seus dados pessoais s\u00e3o necess\u00e1rios, o que acontecer\u00e1 com eles e durante quanto tempo ser\u00e3o conservados.<\/li>\n<li>Direito de acesso: tem o direito de aceder aos seus dados pessoais que conhecemos.<\/li>\n<li>Direito de retifica\u00e7\u00e3o: tem o direito de completar, retificar, apagar ou bloquear os seus dados pessoais quando desejar.<\/li>\n<li>Se nos der o seu consentimento para processar os seus dados, tem o direito de revogar esse consentimento e de que os seus dados pessoais sejam eliminados.<\/li>\n<li>Direito de portabilidade dos seus dados: tem o direito de solicitar todos os seus dados pessoais ao respons\u00e1vel pelo tratamento e de transferi-los integralmente para outro respons\u00e1vel.<\/li>\n<li>Direito de oposi\u00e7\u00e3o: pode opor-se ao tratamento dos seus dados. N\u00f3s cumprimos com isto, a menos que existam motivos justificados para o processamento. <\/li>\n<\/ul>\n<p>Para exercer estes direitos, contacte-nos. Por favor, consulte os detalhes de contacto na parte inferior desta declara\u00e7\u00e3o de cookies. Se tiver alguma queixa sobre como lidamos com os seus dados, gostar\u00edamos de saber, mas tamb\u00e9m tem o direito de apresentar uma queixa \u00e0 autoridade supervisora (a Autoridade de Prote\u00e7\u00e3o de Dados).  <\/p>\n<h3>Ativa\u00e7\u00e3o\/desativa\u00e7\u00e3o e elimina\u00e7\u00e3o de cookies<\/h3>\n<p>Pode utilizar o seu navegador de Internet para eliminar os cookies de forma autom\u00e1tica ou manual. Tamb\u00e9m pode especificar que certos cookies n\u00e3o podem ser colocados. Outra op\u00e7\u00e3o \u00e9 alterar as configura\u00e7\u00f5es do seu navegador de Internet para que receba uma mensagem cada vez que um cookie \u00e9 colocado. Para mais informa\u00e7\u00f5es sobre estas op\u00e7\u00f5es, consulte as instru\u00e7\u00f5es na sec\u00e7\u00e3o Ajuda do seu navegador.   <\/p>\n<p>Tenha em aten\u00e7\u00e3o que o nosso site pode n\u00e3o funcionar corretamente se todos os cookies estiverem desativados. Se apagar os cookies do seu navegador, eles ser\u00e3o recolocados ap\u00f3s o seu consentimento quando voltar a visitar os nossos sites. <\/p>\n<h3>Detalhes de contacto<\/h3>\n<p>Para perguntas e\/ou coment\u00e1rios sobre a nossa pol\u00edtica de cookies e esta declara\u00e7\u00e3o, contacte-nos utilizando os seguintes dados de contacto:<\/p>\n<p>Denomina\u00e7\u00e3o: C\u00d3RDOBA LOCKER<br \/>Morada: AV. DR. FLEMING, 8, C\u00d3RDOBA (14001)<br \/>Website: HTTPS:\/\/CORDOBALOCKER.COM<br \/>E-mail: info@cordobalocker.com<br \/>N\u00famero de telefone: 957464916 <\/p>\n<\/div>\n[\/vc_column_text][\/vc_column][\/vc_row]\n","protected":false},"excerpt":{"rendered":"<p>[vc_row type=&#8221;full_width_background&#8221; full_screen_row_position=&#8221;middle&#8221; column_margin=&#8221;default&#8221; column_direction=&#8221;default&#8221; column_direction_tablet=&#8221;default&#8221; column_direction_phone=&#8221;default&#8221; bg_color=&#8221;#ffffff&#8221; scene_position=&#8221;center&#8221; top_padding=&#8221;1%&#8221; bottom_padding=&#8221;5%&#8221; text_color=&#8221;dark&#8221; text_align=&#8221;left&#8221; row_border_radius=&#8221;none&#8221; row_border_radius_applies=&#8221;bg&#8221; overflow=&#8221;visible&#8221; overlay_strength=&#8221;0.3&#8243; gradient_direction=&#8221;left_to_right&#8221; shape_divider_position=&#8221;bottom&#8221; bg_image_animation=&#8221;none&#8221; gradient_type=&#8221;default&#8221; shape_type=&#8221;&#8221;][vc_column column_padding=&#8221;no-extra-padding&#8221; column_padding_tablet=&#8221;inherit&#8221; column_padding_phone=&#8221;inherit&#8221; column_padding_position=&#8221;all&#8221; column_element_direction_desktop=&#8221;default&#8221; column_element_spacing=&#8221;default&#8221; desktop_text_alignment=&#8221;default&#8221; tablet_text_alignment=&#8221;default&#8221;&#8230;<\/p>\n","protected":false},"author":5,"featured_media":0,"parent":0,"menu_order":0,"comment_status":"closed","ping_status":"closed","template":"","meta":{"footnotes":""},"class_list":["post-2565","page","type-page","status-publish"],"_links":{"self":[{"href":"https:\/\/cordobalocker.com\/pt-pt\/wp-json\/wp\/v2\/pages\/2565","targetHints":{"allow":["GET"]}}],"collection":[{"href":"https:\/\/cordobalocker.com\/pt-pt\/wp-json\/wp\/v2\/pages"}],"about":[{"href":"https:\/\/cordobalocker.com\/pt-pt\/wp-json\/wp\/v2\/types\/page"}],"author":[{"embeddable":true,"href":"https:\/\/cordobalocker.com\/pt-pt\/wp-json\/wp\/v2\/users\/5"}],"replies":[{"embeddable":true,"href":"https:\/\/cordobalocker.com\/pt-pt\/wp-json\/wp\/v2\/comments?post=2565"}],"version-history":[{"count":4,"href":"https:\/\/cordobalocker.com\/pt-pt\/wp-json\/wp\/v2\/pages\/2565\/revisions"}],"predecessor-version":[{"id":2778,"href":"https:\/\/cordobalocker.com\/pt-pt\/wp-json\/wp\/v2\/pages\/2565\/revisions\/2778"}],"wp:attachment":[{"href":"https:\/\/cordobalocker.com\/pt-pt\/wp-json\/wp\/v2\/media?parent=2565"}],"curies":[{"name":"wp","href":"https:\/\/api.w.org\/{rel}","templated":true}]}}