{"id":2522,"date":"2025-03-10T22:05:29","date_gmt":"2025-03-10T22:05:29","guid":{"rendered":"https:\/\/cordobalocker.com\/termos-condicoes\/"},"modified":"2025-06-27T20:30:39","modified_gmt":"2025-06-27T20:30:39","slug":"termos-condicoes","status":"publish","type":"page","link":"https:\/\/cordobalocker.com\/pt-pt\/termos-condicoes\/","title":{"rendered":"Termos &amp; Condi\u00e7\u00f5es"},"content":{"rendered":"[vc_row type=&#8221;full_width_background&#8221; full_screen_row_position=&#8221;middle&#8221; column_margin=&#8221;default&#8221; column_direction=&#8221;default&#8221; column_direction_tablet=&#8221;default&#8221; column_direction_phone=&#8221;default&#8221; bg_color=&#8221;#ffffff&#8221; scene_position=&#8221;center&#8221; top_padding=&#8221;1%&#8221; bottom_padding=&#8221;5%&#8221; text_color=&#8221;dark&#8221; text_align=&#8221;left&#8221; row_border_radius=&#8221;none&#8221; row_border_radius_applies=&#8221;bg&#8221; overflow=&#8221;visible&#8221; overlay_strength=&#8221;0.3&#8243; gradient_direction=&#8221;left_to_right&#8221; shape_divider_position=&#8221;bottom&#8221; bg_image_animation=&#8221;none&#8221; gradient_type=&#8221;default&#8221; shape_type=&#8221;&#8221;][vc_column column_padding=&#8221;no-extra-padding&#8221; column_padding_tablet=&#8221;inherit&#8221; column_padding_phone=&#8221;inherit&#8221; column_padding_position=&#8221;all&#8221; column_element_direction_desktop=&#8221;default&#8221; column_element_spacing=&#8221;default&#8221; desktop_text_alignment=&#8221;default&#8221; tablet_text_alignment=&#8221;default&#8221; phone_text_alignment=&#8221;default&#8221; background_color_opacity=&#8221;1&#8243; background_hover_color_opacity=&#8221;1&#8243; column_backdrop_filter=&#8221;none&#8221; column_shadow=&#8221;none&#8221; column_border_radius=&#8221;none&#8221; column_link_target=&#8221;_self&#8221; column_position=&#8221;default&#8221; gradient_direction=&#8221;left_to_right&#8221; overlay_strength=&#8221;0.3&#8243; width=&#8221;1\/1&#8243; tablet_width_inherit=&#8221;default&#8221; animation_type=&#8221;default&#8221; bg_image_animation=&#8221;none&#8221; border_type=&#8221;simple&#8221; column_border_width=&#8221;none&#8221; column_border_style=&#8221;solid&#8221;][vc_row_inner column_margin=&#8221;default&#8221; column_direction=&#8221;default&#8221; column_direction_tablet=&#8221;default&#8221; column_direction_phone=&#8221;default&#8221; text_align=&#8221;left&#8221; row_position=&#8221;default&#8221; row_position_tablet=&#8221;inherit&#8221; row_position_phone=&#8221;inherit&#8221; overflow=&#8221;visible&#8221; pointer_events=&#8221;all&#8221;][vc_column_inner column_padding=&#8221;no-extra-padding&#8221; column_padding_tablet=&#8221;inherit&#8221; column_padding_phone=&#8221;inherit&#8221; column_padding_position=&#8221;all&#8221; column_element_direction_desktop=&#8221;default&#8221; column_element_spacing=&#8221;default&#8221; desktop_text_alignment=&#8221;default&#8221; tablet_text_alignment=&#8221;default&#8221; phone_text_alignment=&#8221;default&#8221; background_color_opacity=&#8221;1&#8243; background_hover_color_opacity=&#8221;1&#8243; column_backdrop_filter=&#8221;none&#8221; column_shadow=&#8221;none&#8221; column_border_radius=&#8221;none&#8221; column_link_target=&#8221;_self&#8221; overflow=&#8221;visible&#8221; gradient_direction=&#8221;left_to_right&#8221; overlay_strength=&#8221;0.3&#8243; width=&#8221;1\/1&#8243; tablet_width_inherit=&#8221;default&#8221; animation_type=&#8221;default&#8221; bg_image_animation=&#8221;none&#8221; border_type=&#8221;simple&#8221; column_border_width=&#8221;none&#8221; column_border_style=&#8221;solid&#8221;][vc_column_text css=&#8221;&#8221; text_direction=&#8221;default&#8221;]\n<h1>Termos &amp; Condi\u00e7\u00f5es<\/h1>\n[\/vc_column_text][\/vc_column_inner][\/vc_row_inner][vc_column_text css=&#8221;&#8221; text_direction=&#8221;default&#8221;]\n<div class=\"terms-container\">\n<h3>CONDI\u00c7\u00d5ES GERAIS DE SERVI\u00c7O<\/h3>\n<p>Estas Condi\u00e7\u00f5es Gerais de Servi\u00e7o aplicam-se \u00e0 compra dos produtos\/servi\u00e7os que a C\u00d3RDOBA LOCKER comercializa atrav\u00e9s do site alojado na URL HTTPS:\/\/CORDOBALOCKER.COM\/ para qualquer utilizador.<\/p>\n<p>Os dados de identifica\u00e7\u00e3o e contacto da C\u00d3RDOBA LOCKER s\u00e3o os seguintes:<\/p>\n<ul>\n<li>Sede: AV. DR. FLEMING, 8, C\u00d3RDOBA (14001) <\/li>\n<li>E-mail: info@cordobalocker.com<\/li>\n<li>Telefone: (+34) 957464916<\/li>\n<\/ul>\n<p>A compra dos produtos e\/ou servi\u00e7os oferecidos atrav\u00e9s do Site implica a aceita\u00e7\u00e3o dos termos e condi\u00e7\u00f5es previstos nestas Condi\u00e7\u00f5es Gerais de Servi\u00e7o. Por isso, antes de aceit\u00e1-las, leia atentamente o seu conte\u00fado. Se n\u00e3o aceitar estas Condi\u00e7\u00f5es Gerais, a compra dos produtos\/servi\u00e7os n\u00e3o ser\u00e1 realizada e, consequentemente, a C\u00d3RDOBA LOCKER n\u00e3o assumir\u00e1 qualquer tipo de obriga\u00e7\u00e3o ou responsabilidade. <\/p>\n<p>Ao realizar um pedido de compra atrav\u00e9s do Site Web, o Cliente declara ser maior de 16 anos de idade e ter capacidade legal para contratar os produtos do Site Web.<\/p>\n<p>Para realizar um pedido de compra, o Cliente dever\u00e1 seguir cada um dos passos do procedimento de compra previstos no Site Web.<\/p>\n<p>A C\u00d3RDOBA LOCKER reserva-se o direito de modificar o conte\u00fado e\/ou o alcance das Condi\u00e7\u00f5es Gerais de Servi\u00e7o a qualquer momento, sem necessidade de comunica\u00e7\u00e3o ou aviso pr\u00e9vio. Assim, leia atentamente o seu conte\u00fado, pois \u00e9 responsabilidade do Cliente revisar as Condi\u00e7\u00f5es Gerais de Servi\u00e7o antes de comprar qualquer produto no Site.<\/p>\n<h3>REGISTO DO CLIENTE<\/h3>\n<p>Para iniciar o procedimento de compra dos produtos do Site Web, o Cliente dever\u00e1 registar-se na sec\u00e7\u00e3o do Site Web &#8220;Registar-se&#8221;. Em processos de compra posteriores, no caso em que o Cliente se tenha registado, s\u00f3 ser\u00e1 necess\u00e1rio que forne\u00e7a o seu endere\u00e7o de correio eletr\u00f3nico e a senha na sec\u00e7\u00e3o &#8220;Entrar&#8221;. Pode rever a nossa pol\u00edtica de privacidade no tratamento dos seus dados no seguinte <a href=\"https:\/\/cordobalocker.com\/pt-pt\/politica-de-privacidade\/\">link<\/a>.  <\/p>\n<h3>PRE\u00c7O E FORMA DE PAGAMENTO<\/h3>\n<p>O pre\u00e7o dos produtos ser\u00e1 o que apare\u00e7a na moeda indicada junto a cada produto do Site Web.<\/p>\n<p>Os pre\u00e7os de venda indicados no nosso site s\u00e3o mostrados como segue:<\/p>\n<ul>\n<li>Se o Cliente reside na Uni\u00e3o Europeia, os pre\u00e7os incluem os impostos aplic\u00e1veis em cada momento (IVA) e produto\/servi\u00e7o.<\/li>\n<li>Se o Cliente reside fora da Uni\u00e3o Europeia, os pre\u00e7os n\u00e3o incluem o IVA. No entanto, ser\u00e1 a cargo do Cliente qualquer imposto local e\/ou alguma taxa de importa\u00e7\u00e3o e\/ou aduaneira local quando o envio chegue ao seu destino, se forem aplic\u00e1veis. <\/li>\n<\/ul>\n<p>A C\u00d3RDOBA LOCKER reserva-se o direito de realizar, a qualquer momento e sem aviso pr\u00e9vio, as altera\u00e7\u00f5es que considerar adequadas, podendo atualizar frequentemente os produtos ou os pre\u00e7os. O pre\u00e7o aplic\u00e1vel ao pedido de compra feito pelo Cliente ser\u00e1 aquele vigente no momento da aceita\u00e7\u00e3o das Condi\u00e7\u00f5es Gerais de Servi\u00e7o. <\/p>\n<p>O Cliente poder\u00e1 realizar o pagamento dos produtos mediante qualquer um dos meios de pagamento assinalados a seguir:<\/p>\n<ul>\n<li><strong>Pagamento com cart\u00e3o<\/strong>: O Cliente dever\u00e1 incluir o n\u00famero do seu cart\u00e3o de d\u00e9bito\/cr\u00e9dito (Visa, Visa Electron e Mastercard), assim como o resto da informa\u00e7\u00e3o adicional, que lhe seja requerida no procedimento de compra. O d\u00e9bito ser\u00e1 efetuado uma vez que seja aceite pela entidade financeira do Cliente, uma vez que, caso contr\u00e1rio, a compra n\u00e3o poder\u00e1 ser realizada. <\/li>\n<li><strong>Pagamento mediante PAYPAL<\/strong>: ser\u00e1 necess\u00e1rio que o Cliente disponha de uma conta PayPal para utilizar este meio de pagamento.<\/li>\n<\/ul>\n<p>Uma vez finalizado o processo de compra, ser\u00e1 gerada uma confirma\u00e7\u00e3o via eletr\u00f3nica, anexando-se uma c\u00f3pia das Condi\u00e7\u00f5es Gerais de Servi\u00e7o, que o Cliente poder\u00e1 imprimir, ficando arquivado na sec\u00e7\u00e3o &#8220;Minha Conta&#8221;.<\/p>\n<p>A C\u00d3RDOBA LOCKER n\u00e3o tem acesso nem armazena dados sens\u00edveis relacionados ao meio de pagamento utilizado pelo Cliente. Somente a entidade processadora do pagamento correspondente tem acesso a esses dados, unicamente para fins de gest\u00e3o de pagamentos e cobran\u00e7as. <\/p>\n<p>A C\u00d3RDOBA LOCKER implementou um sistema de detec\u00e7\u00e3o de poss\u00edveis opera\u00e7\u00f5es fraudulentas e reserva-se o direito de solicitar informa\u00e7\u00f5es, confirma\u00e7\u00f5es e\/ou documentos adicionais ao Cliente, mesmo ap\u00f3s a realiza\u00e7\u00e3o de uma ou mais compras atrav\u00e9s do Site, por telefone ou e-mail, com o objetivo de confirmar que o Cliente realizou e autorizou efetivamente a compra e\/ou que a entrega ou devolu\u00e7\u00e3o foi corretamente efetuada, autorizando assim definitivamente a respetiva transa\u00e7\u00e3o.<\/p>\n<p>A C\u00d3RDOBA LOCKER poder\u00e1 realizar diversas verifica\u00e7\u00f5es por telefone sobre a identidade do Cliente ou solicitar: (a) uma confirma\u00e7\u00e3o e autoriza\u00e7\u00e3o por escrito assinada pelo Cliente respons\u00e1vel pela compra; e (b) uma c\u00f3pia do documento de identifica\u00e7\u00e3o oficial com fotografia e dentro da validade para confirmar a sua identidade. A C\u00d3RDOBA LOCKER compromete-se a guardar estas informa\u00e7\u00f5es e documentos com elevados padr\u00f5es de seguran\u00e7a, de acordo com a legisla\u00e7\u00e3o em vigor.   <\/p>\n<p>Caso o Cliente n\u00e3o responda de forma satisfat\u00f3ria ou n\u00e3o envie \u00e0 C\u00d3RDOBA LOCKER a documenta\u00e7\u00e3o e informa\u00e7\u00f5es solicitadas no prazo de 48 horas a contar do telefonema ou do envio do e-mail, a transa\u00e7\u00e3o indicada nessa comunica\u00e7\u00e3o e o respetivo pedido poder\u00e3o ser cancelados, sem necessidade de aviso posterior e sem qualquer responsabilidade por parte da C\u00d3RDOBA LOCKER, sendo reembolsado ao Cliente o valor pago pela compra.<\/p>\n<p>Este procedimento de verifica\u00e7\u00e3o \u00e9 realizado para a seguran\u00e7a do Cliente e, ao aceitar as presentes Condi\u00e7\u00f5es Gerais de Servi\u00e7o, o Cliente concorda em submeter-se ao processo de dete\u00e7\u00e3o de poss\u00edveis opera\u00e7\u00f5es fraudulentas e autoriza a C\u00d3RDOBA LOCKER a utilizar as informa\u00e7\u00f5es e documentos fornecidos tamb\u00e9m para compras futuras do mesmo Cliente.<\/p>\n<h3>ENTREGA DE SERVI\u00c7OS<\/h3>\n<p>Uma vez verificado que o processo de compra foi corretamente realizado, a C\u00d3RDOBA LOCKER proceder\u00e1 \u00e0 entrega dos produtos na morada indicada pelo Cliente durante o processo de compra, durante o hor\u00e1rio comercial habitual e nos prazos previstos no Site.<\/p>\n<p>Caso, ao abrir os pacotes com os produtos, o Cliente verifique que os servi\u00e7os n\u00e3o s\u00e3o os desejados ou n\u00e3o podem ser realizados por motivo justificado, dever\u00e1 comunicar por escrito \u00e0 C\u00d3RDOBA LOCKER no prazo de cinco (5) dias corridos a contar da compra, para que a C\u00d3RDOBA LOCKER possa atuar em conformidade.<\/p>\n<p>Todos os pedidos de compra dos produtos est\u00e3o sujeitos \u00e0 disponibilidade dos mesmos. Em caso de indisponibilidade do produto contratado, a C\u00d3RDOBA LOCKER informar\u00e1 o Cliente e poder\u00e1 oferecer um servi\u00e7o com caracter\u00edsticas semelhantes e de qualidade igual ou superior. No entanto, o Cliente poder\u00e1, alternativamente, cancelar o seu pedido de compra e recuperar o valor pago num prazo m\u00e1ximo de trinta (30) dias. <\/p>\n<h3>DIREITO DE DESIST\u00caNCIA<\/h3>\n<p>Tem o direito de desistir do presente contrato num prazo de 14 dias naturais sem necessidade de justifica\u00e7\u00e3o.<\/p>\n<p>Para exercer o direito de desist\u00eancia, dever\u00e1 notificar-nos o seu nome, o seu endere\u00e7o completo e, caso disponha deles, o seu n\u00famero de telefone e o seu endere\u00e7o de correio eletr\u00f3nico, a sua decis\u00e3o de desistir do contrato atrav\u00e9s de uma declara\u00e7\u00e3o inequ\u00edvoca por correio eletr\u00f3nico. Poder\u00e1 utilizar o modelo de formul\u00e1rio de desist\u00eancia. <\/p>\n<p>Em caso de desist\u00eancia da sua parte, devolveremos todos os pagamentos recebidos de si, incluindo os gastos de entrega (com a exce\u00e7\u00e3o dos gastos adicionais resultantes da escolha da sua parte de uma modalidade de entrega diferente da modalidade menos custosa de entrega ordin\u00e1ria que ofere\u00e7amos) sem qualquer demora indevida e, em todo o caso, o mais tardar 14 dias naturais a partir da data em que sejamos informados da sua decis\u00e3o de desistir do presente contrato. Procederemos a efetuar o referido reembolso utilizando o mesmo meio de pagamento empregue por si para a transa\u00e7\u00e3o inicial, a n\u00e3o ser que tenha disposto expressamente o contr\u00e1rio; em todo o caso, n\u00e3o incorrer\u00e1 em qualquer gasto como consequ\u00eancia do reembolso. Poderemos reter o reembolso at\u00e9 termos recebido os bens, ou at\u00e9 que tenha apresentado uma prova da devolu\u00e7\u00e3o dos mesmos, consoante a condi\u00e7\u00e3o que se cumpra primeiro. <\/p>\n<p>Sem qualquer demora indevida e, em qualquer caso, o mais tardar no prazo de 14 dias naturais a partir da data em que nos comunique a sua decis\u00e3o de desist\u00eancia do contrato, dever\u00e1 entregar ou enviar a mercadoria para o endere\u00e7o indicado a seguir. Considerar-se-\u00e1 cumprido o prazo se efetuar a devolu\u00e7\u00e3o dos bens antes de ter conclu\u00eddo o referido prazo. Dever\u00e1 assumir o custo direto de devolu\u00e7\u00e3o dos bens e s\u00f3 ser\u00e1 respons\u00e1vel pela diminui\u00e7\u00e3o de valor dos bens resultante de uma manipula\u00e7\u00e3o distinta da necess\u00e1ria para estabelecer as caracter\u00edsticas dos bens.  <\/p>\n<h3>QUEIXAS E RECLAMA\u00c7\u00d5ES<\/h3>\n<p>O Cliente dever\u00e1 contactar a C\u00d3RDOBA LOCKER, atrav\u00e9s dos meios indicados no in\u00edcio destas Condi\u00e7\u00f5es Gerais de Servi\u00e7o, para apresentar queixas ou reclama\u00e7\u00f5es, comprometendo-se a C\u00d3RDOBA LOCKER a trat\u00e1-las com a maior brevidade poss\u00edvel e, em todo o caso, no prazo m\u00e1ximo de um m\u00eas a contar da sua apresenta\u00e7\u00e3o.<\/p>\n<h3>IDIOMA<\/h3>\n<p>As Condi\u00e7\u00f5es Gerais de Servi\u00e7o est\u00e3o redigidas em espanhol.<\/p>\n<h3>POL\u00cdTICA DE PRIVACIDADE<\/h3>\n<p>Pode rever a nossa pol\u00edtica de privacidade no seguinte <a href=\"\/politica-de-privacidad-2\/\">link<\/a>.<\/p>\n<h3>INFORMA\u00c7\u00c3O SOBRE RESOLU\u00c7\u00c3O DE CONFLITOS EM LINHA<\/h3>\n<p>Conforme o artigo 14.1 do Regulamento 524\/2013 sobre resolu\u00e7\u00e3o de lit\u00edgios em linha em mat\u00e9ria de consumo, informamos da exist\u00eancia de uma plataforma de resolu\u00e7\u00e3o de lit\u00edgios em linha facilitada pela Comiss\u00e3o Europeia, assim como da possibilidade de apresentar a sua reclama\u00e7\u00e3o atrav\u00e9s da mesma acedendo ao seguinte link: <a href=\"https:\/\/ec.europa.eu\/consumers\/odr\/main\/index.cfm?event=main.home.chooseLanguage\" target=\"_blank\" rel=\"noopener\">https:\/\/ec.europa.eu\/consumers\/odr\/main\/index.cfm?event=main.home.chooseLanguage<\/a><\/p>\n<h3>LEGISLA\u00c7\u00c3O APLIC\u00c1VEL E JURISDI\u00c7\u00c3O<\/h3>\n<p>As Condi\u00e7\u00f5es Gerais de Servi\u00e7o reger-se-\u00e3o e interpretar-se-\u00e3o em conformidade com a legisla\u00e7\u00e3o espanhola.<\/p>\n<p>No caso em que surja qualquer conflito ou discrep\u00e2ncia na interpreta\u00e7\u00e3o e\/ou aplica\u00e7\u00e3o das Condi\u00e7\u00f5es Gerais, os Tribunais competentes ser\u00e3o os que disponha a normativa aplic\u00e1vel em mat\u00e9ria de jurisdi\u00e7\u00e3o competente de consumidores e utilizadores. As partes submetem-se expressamente, para quaisquer quest\u00f5es ou diverg\u00eancias que possam suscitar-se por raz\u00e3o da interpreta\u00e7\u00e3o, cumprimento e execu\u00e7\u00e3o deste contrato, \u00e0 jurisdi\u00e7\u00e3o e compet\u00eancia dos Tribunais correspondentes ao domic\u00edlio do comprador ou aos do lugar de cumprimento da obriga\u00e7\u00e3o contratual. <\/p>\n<\/div>\n[\/vc_column_text][\/vc_column][\/vc_row]\n","protected":false},"excerpt":{"rendered":"<p>[vc_row type=&#8221;full_width_background&#8221; full_screen_row_position=&#8221;middle&#8221; column_margin=&#8221;default&#8221; column_direction=&#8221;default&#8221; column_direction_tablet=&#8221;default&#8221; column_direction_phone=&#8221;default&#8221; bg_color=&#8221;#ffffff&#8221; scene_position=&#8221;center&#8221; top_padding=&#8221;1%&#8221; bottom_padding=&#8221;5%&#8221; text_color=&#8221;dark&#8221; text_align=&#8221;left&#8221; row_border_radius=&#8221;none&#8221; row_border_radius_applies=&#8221;bg&#8221; overflow=&#8221;visible&#8221; overlay_strength=&#8221;0.3&#8243; gradient_direction=&#8221;left_to_right&#8221; shape_divider_position=&#8221;bottom&#8221; bg_image_animation=&#8221;none&#8221; gradient_type=&#8221;default&#8221; shape_type=&#8221;&#8221;][vc_column column_padding=&#8221;no-extra-padding&#8221; column_padding_tablet=&#8221;inherit&#8221; column_padding_phone=&#8221;inherit&#8221; column_padding_position=&#8221;all&#8221; column_element_direction_desktop=&#8221;default&#8221; column_element_spacing=&#8221;default&#8221; desktop_text_alignment=&#8221;default&#8221; tablet_text_alignment=&#8221;default&#8221;&#8230;<\/p>\n","protected":false},"author":5,"featured_media":0,"parent":0,"menu_order":0,"comment_status":"closed","ping_status":"closed","template":"","meta":{"footnotes":""},"class_list":["post-2522","page","type-page","status-publish"],"_links":{"self":[{"href":"https:\/\/cordobalocker.com\/pt-pt\/wp-json\/wp\/v2\/pages\/2522","targetHints":{"allow":["GET"]}}],"collection":[{"href":"https:\/\/cordobalocker.com\/pt-pt\/wp-json\/wp\/v2\/pages"}],"about":[{"href":"https:\/\/cordobalocker.com\/pt-pt\/wp-json\/wp\/v2\/types\/page"}],"author":[{"embeddable":true,"href":"https:\/\/cordobalocker.com\/pt-pt\/wp-json\/wp\/v2\/users\/5"}],"replies":[{"embeddable":true,"href":"https:\/\/cordobalocker.com\/pt-pt\/wp-json\/wp\/v2\/comments?post=2522"}],"version-history":[{"count":5,"href":"https:\/\/cordobalocker.com\/pt-pt\/wp-json\/wp\/v2\/pages\/2522\/revisions"}],"predecessor-version":[{"id":2712,"href":"https:\/\/cordobalocker.com\/pt-pt\/wp-json\/wp\/v2\/pages\/2522\/revisions\/2712"}],"wp:attachment":[{"href":"https:\/\/cordobalocker.com\/pt-pt\/wp-json\/wp\/v2\/media?parent=2522"}],"curies":[{"name":"wp","href":"https:\/\/api.w.org\/{rel}","templated":true}]}}