{"id":2616,"date":"2025-03-10T22:22:40","date_gmt":"2025-03-10T22:22:40","guid":{"rendered":"https:\/\/cordobalocker.com\/avviso-legale\/"},"modified":"2025-07-04T19:53:44","modified_gmt":"2025-07-04T19:53:44","slug":"avviso-legale","status":"publish","type":"page","link":"https:\/\/cordobalocker.com\/it\/avviso-legale\/","title":{"rendered":"Avviso Legale"},"content":{"rendered":"[vc_row type=&#8221;full_width_background&#8221; full_screen_row_position=&#8221;middle&#8221; column_margin=&#8221;default&#8221; column_direction=&#8221;default&#8221; column_direction_tablet=&#8221;default&#8221; column_direction_phone=&#8221;default&#8221; bg_color=&#8221;#ffffff&#8221; scene_position=&#8221;center&#8221; top_padding=&#8221;1%&#8221; bottom_padding=&#8221;5%&#8221; text_color=&#8221;dark&#8221; text_align=&#8221;left&#8221; row_border_radius=&#8221;none&#8221; row_border_radius_applies=&#8221;bg&#8221; overflow=&#8221;visible&#8221; overlay_strength=&#8221;0.3&#8243; gradient_direction=&#8221;left_to_right&#8221; shape_divider_position=&#8221;bottom&#8221; bg_image_animation=&#8221;none&#8221; gradient_type=&#8221;default&#8221; shape_type=&#8221;&#8221;][vc_column column_padding=&#8221;no-extra-padding&#8221; column_padding_tablet=&#8221;inherit&#8221; column_padding_phone=&#8221;inherit&#8221; column_padding_position=&#8221;all&#8221; column_element_direction_desktop=&#8221;default&#8221; column_element_spacing=&#8221;default&#8221; desktop_text_alignment=&#8221;default&#8221; tablet_text_alignment=&#8221;default&#8221; phone_text_alignment=&#8221;default&#8221; background_color_opacity=&#8221;1&#8243; background_hover_color_opacity=&#8221;1&#8243; column_backdrop_filter=&#8221;none&#8221; column_shadow=&#8221;none&#8221; column_border_radius=&#8221;none&#8221; column_link_target=&#8221;_self&#8221; column_position=&#8221;default&#8221; gradient_direction=&#8221;left_to_right&#8221; overlay_strength=&#8221;0.3&#8243; width=&#8221;1\/1&#8243; tablet_width_inherit=&#8221;default&#8221; animation_type=&#8221;default&#8221; bg_image_animation=&#8221;none&#8221; border_type=&#8221;simple&#8221; column_border_width=&#8221;none&#8221; column_border_style=&#8221;solid&#8221;][vc_row_inner column_margin=&#8221;default&#8221; column_direction=&#8221;default&#8221; column_direction_tablet=&#8221;default&#8221; column_direction_phone=&#8221;default&#8221; text_align=&#8221;left&#8221; row_position=&#8221;default&#8221; row_position_tablet=&#8221;inherit&#8221; row_position_phone=&#8221;inherit&#8221; overflow=&#8221;visible&#8221; pointer_events=&#8221;all&#8221;][vc_column_inner column_padding=&#8221;no-extra-padding&#8221; column_padding_tablet=&#8221;inherit&#8221; column_padding_phone=&#8221;inherit&#8221; column_padding_position=&#8221;all&#8221; column_element_direction_desktop=&#8221;default&#8221; column_element_spacing=&#8221;default&#8221; desktop_text_alignment=&#8221;default&#8221; tablet_text_alignment=&#8221;default&#8221; phone_text_alignment=&#8221;default&#8221; background_color_opacity=&#8221;1&#8243; background_hover_color_opacity=&#8221;1&#8243; column_backdrop_filter=&#8221;none&#8221; column_shadow=&#8221;none&#8221; column_border_radius=&#8221;none&#8221; column_link_target=&#8221;_self&#8221; overflow=&#8221;visible&#8221; gradient_direction=&#8221;left_to_right&#8221; overlay_strength=&#8221;0.3&#8243; width=&#8221;1\/1&#8243; tablet_width_inherit=&#8221;default&#8221; animation_type=&#8221;default&#8221; bg_image_animation=&#8221;none&#8221; border_type=&#8221;simple&#8221; column_border_width=&#8221;none&#8221; column_border_style=&#8221;solid&#8221;][vc_column_text css=&#8221;&#8221; text_direction=&#8221;default&#8221;]\n<h1>Avviso Legale<\/h1>\n[\/vc_column_text][\/vc_column_inner][\/vc_row_inner][vc_column_text css=&#8221;&#8221; text_direction=&#8221;default&#8221;]\n<div class=\"legal-notice-container\">\n<h3>SCOPO E ACCETTAZIONE<\/h3>\n<p>Il presente avviso legale regola l&#8217;uso del sito web (di seguito, IL SITO WEB), di cui \u00e8 titolare C\u00d3RDOBA LOCKER (di seguito, IL PROPRIETARIO DEL SITO WEB).<\/p>\n<p>La navigazione nel sito web del PROPRIETARIO DEL WEB attribuisce la condizione di utente dello stesso e implica l&#8217;accettazione piena e senza riserve di ciascuna delle disposizioni contenute nel presente Avviso Legale, che pu\u00f2 essere modificato.<\/p>\n<p>L&#8217;utente si impegna a fare un uso corretto del sito web in conformit\u00e0 con la legge, la buona fede, l&#8217;ordine pubblico, gli usi del traffico e il presente Avviso Legale. L&#8217;utente risponder\u00e0 al PROPRIETARIO DEL SITO o a terzi, per gli eventuali danni che dovessero derivare in conseguenza dell&#8217;inadempimento di tale obbligo. <\/p>\n<h3>IDENTIFICAZIONE E COMUNICAZIONI<\/h3>\n<p>IL PROPRIETARIO DEL SITO, ai sensi della Legge 34\/2002, dell&#8217;11 luglio, sui Servizi della Societ\u00e0 dell&#8217;Informazione e del Commercio Elettronico, La informa che:<\/p>\n<ul>\n<li>Il responsabile \u00e8 C\u00d3RDOBA LOCKER<\/li>\n<li>Il suo domicilio \u00e8: AV. DR. FLEMING, 8, C\u00d3RDOBA (14001) <\/li>\n<\/ul>\n<p>Per comunicare con noi, mettiamo a tua disposizione diversi mezzi di contatto che dettagliamo di seguito:<\/p>\n<ul>\n<li>Email: info@cordobalocker.com<\/li>\n<li>Telefono: 957464916<\/li>\n<\/ul>\n<p>Tutte le notifiche e le comunicazioni tra gli utenti e IL PROPRIETARIO DEL WEB saranno considerate efficaci, a tutti gli effetti, quando effettuate tramite posta ordinaria o qualsiasi altro mezzo sopra specificato.<\/p>\n<h3>CONDIZIONI DI ACCESSO E UTILIZZO<\/h3>\n<p>Il sito web ei suoi servizi sono ad accesso libero e libero, tuttavia, IL PROPRIETARIO DEL WEB condiziona l&#8217;utilizzo di alcuni dei servizi offerti sul proprio sito alla preventiva compilazione del modulo corrispondente.<\/p>\n<p>L&#8217;utente garantisce l&#8217;autenticit\u00e0 e la tempestivit\u00e0 di tutti i dati comunicati al PROPRIETARIO DEL SITO e sar\u00e0 l&#8217;unico responsabile di eventuali dichiarazioni false o inesatte.<\/p>\n<p>L&#8217;utente accetta espressamente di fare un uso appropriato dei contenuti e dei servizi del PROPRIETARIO DEL WEB e di non utilizzarli, tra gli altri:<\/p>\n<ol type=\"a\">\n<li>Diffondere contenuti criminali, violenti, pornografici, razzisti, xenofobi, offensivi, a favore del terrorismo o, in generale, contrari alla legge o all&#8217;ordine pubblico.<\/li>\n<li>Introdurre virus informatici nella rete o compiere azioni che possano alterare, alterare, interrompere o generare errori o danni a documenti elettronici, dati o sistemi fisici e logici del PROPRIETARIO DEL SITO WEB o di terzi; nonch\u00e9 ostacolare l&#8217;accesso di altri utenti al sito Web e ai suoi servizi attraverso il consumo massiccio di risorse informatiche attraverso le quali IL PROPRIETARIO DEL WEB fornisce i propri servizi.<\/li>\n<li>Tentare di accedere agli account di posta elettronica di altri utenti o ad aree riservate dei sistemi informatici del PROPRIETARIO DEL SITO o di terzi e, se del caso, estrarre informazioni.<\/li>\n<li>Violare i diritti di propriet\u00e0 intellettuale o industriale, nonch\u00e9 violare la riservatezza delle informazioni del PROPRIETARIO DEL WEB o di terzi.<\/li>\n<li>Impersonare l&#8217;identit\u00e0 di un altro utente, delle pubbliche amministrazioni o di terzi.<\/li>\n<li>Riprodurre, copiare, distribuire, mettere a disposizione o in qualsiasi altro modo comunicare pubblicamente, trasformare o modificare i contenuti, a meno che non si disponga dell&#8217;autorizzazione del titolare dei diritti corrispondenti o ci\u00f2 sia consentito dalla legge.<\/li>\n<li>Raccogliere dati per finalit\u00e0 pubblicitarie e per inviare pubblicit\u00e0 di qualsiasi genere e comunicazioni per finalit\u00e0 di vendita o altro di natura commerciale senza la tua preventiva richiesta o consenso.<\/li>\n<\/ol>\n<p>Tutti i contenuti del sito web, come testi, fotografie, grafica, immagini, icone, tecnologia, software, nonch\u00e9 la sua grafica e i codici sorgente, costituiscono un&#8217;opera la cui propriet\u00e0 appartiene al PROPRIETARIO DEL WEB, senza essere inteso come ceduto all&#8217;utente nessuno dei diritti di sfruttamento sugli stessi oltre a quanto strettamente necessario per il corretto utilizzo del web.<\/p>\n<p>In breve, gli utenti che accedono a questo sito possono visualizzare i contenuti ed effettuare, se del caso, copie private autorizzate, a condizione che gli elementi riprodotti non siano successivamente ceduti a terzi, n\u00e9 installati su server collegati a reti, n\u00e9 siano soggetti a nessun tipo di sfruttamento. Parimenti, tutti i marchi, nomi commerciali o segni distintivi di qualsiasi genere che compaiono sul sito web sono di propriet\u00e0 del PROPRIETARIO DEL WEB, senza che l&#8217;uso o l&#8217;accesso allo stesso attribuisca all&#8217;utente alcun diritto sugli stessi. <\/p>\n<p>\u00c8 vietata la distribuzione, la modifica, l&#8217;assegnazione o la comunicazione pubblica dei contenuti e qualsiasi altro atto che non sia stato espressamente autorizzato dal titolare dei diritti di sfruttamento.<\/p>\n<p>L&#8217;instaurazione di un collegamento ipertestuale non implica in nessun caso l&#8217;esistenza di rapporti tra IL PROPRIETARIO DEL WEB e il titolare del sito web in cui \u00e8 stabilito, n\u00e9 l&#8217;accettazione e l&#8217;approvazione da parte del PROPRIETARIO DEL WEB dei suoi contenuti o servizi. . Coloro che intendono stabilire un collegamento ipertestuale devono preventivamente richiedere l&#8217;autorizzazione scritta al PROPRIETARIO DEL WEB. In ogni caso, l&#8217;hyperlink permetter\u00e0 unicamente l&#8217;accesso alla home-page o pagina iniziale del nostro sito web, inoltre dovr\u00e0 astenersi dal fare dichiarazioni o indicazioni false, inesatte o incorrette sul PROPRIETARIO DEL SITO, o includere contenuti illeciti, contrari al buon costume e all&#8217;ordine pubblico. IL PROPRIETARIO DEL SITO WEB non \u00e8 responsabile per l&#8217;uso che ciascun utente fa dei materiali messi a disposizione su questo sito web o per le azioni compiute sulla base di essi.   <\/p>\n<h3>ESCLUSIONE DI GARANZIE E DI RESPONSABILIT\u00c0<\/h3>\n<p>Il contenuto di questo sito web \u00e8 di natura generale ed \u00e8 solo a scopo informativo, senza garantire integralmente l&#8217;accesso a tutti i contenuti, n\u00e9 la loro completezza, correttezza, validit\u00e0 o tempestivit\u00e0, n\u00e9 la loro idoneit\u00e0 o utilit\u00e0 per uno scopo specifico.<\/p>\n<p>IL PROPRIETARIO DEL WEB esclude, nella misura consentita dalla legge, ogni responsabilit\u00e0 per danni di qualsiasi natura derivanti da:<\/p>\n<ol type=\"a\">\n<li>L&#8217;impossibilit\u00e0 di accedere al sito o la mancanza di veridicit\u00e0, accuratezza, esaustivit\u00e0 e\/o tempestivit\u00e0 dei contenuti, nonch\u00e9 l&#8217;esistenza di vizi e difetti di ogni genere dei contenuti trasmessi, diffusi, conservati, messi a disposizione di chi ha \u00e8 stato effettuato l&#8217;accesso tramite il sito web o i servizi offerti.<\/li>\n<li>La presenza di virus o altri elementi nel contenuto che possono causare alterazioni nei sistemi informatici, nei documenti elettronici o nei dati dell&#8217;utente.<\/li>\n<li>Mancato rispetto delle leggi, della buona fede, dell&#8217;ordine pubblico, degli usi del traffico e del presente avviso legale a causa di un uso improprio del sito web. In particolare, a titolo esemplificativo, IL PROPRIETARIO DEL WEB non \u00e8 responsabile per le azioni di terzi che violino diritti di propriet\u00e0 intellettuale e industriale, segreti aziendali, diritti all&#8217;onore, privacy personale e familiare e l&#8217;immagine stessa, nonch\u00e9 la disciplina della concorrenza sleale e della pubblicit\u00e0 illecita. <\/li>\n<\/ol>\n<p>Allo stesso modo, IL PROPRIETARIO DEL WEB declina ogni responsabilit\u00e0 in merito alle informazioni che sono al di fuori di questo sito Web e non sono gestite direttamente dal nostro webmaster. La funzione dei link che compaiono su questo sito web \u00e8 esclusivamente quella di informare l&#8217;utente dell&#8217;esistenza di altre fonti in grado di ampliare i contenuti offerti da questo sito web. IL PROPRIETARIO DEL SITO non garantisce n\u00e9 si assume la responsabilit\u00e0 del funzionamento o dell&#8217;accessibilit\u00e0 dei siti collegati; n\u00e9 suggerisce, invita o consiglia una visita presso di loro, quindi non sar\u00e0 responsabile del risultato ottenuto. IL PROPRIETARIO DEL WEB non \u00e8 responsabile per la creazione di collegamenti ipertestuali da parte di terzi.   <\/p>\n<h3>POLITICA SULLA PRIVACY<\/h3>\n<p>Puoi rivedere la nostra politica sulla privacy al seguente <a href=\"https:\/\/cordobalocker.com\/it\/informativa-sulla-privacy\/\">link<\/a>.<\/p>\n<h3>PROCEDURA IN CASO DI SVOLGIMENTO DI ATTIVIT\u00c0 ILLECITE<\/h3>\n<p>Nel caso in cui un utente o una terza parte ritenga che vi siano fatti o circostanze che rivelino l&#8217;illiceit\u00e0 dell&#8217;uso di qualsiasi contenuto e\/o dello svolgimento di qualsiasi attivit\u00e0 sulle pagine web incluse o accessibili tramite il sito web, deve inviare una notifica al PROPRIETARIO DEL WEB identificandosi debitamente, specificando le presunte infrazioni e dichiarando espressamente e sotto la sua responsabilit\u00e0 che le informazioni fornite nella notifica sono esatte.<\/p>\n<p>Le parti si sottopongono espressamente, per qualsiasi dubbio o divergenza che dovesse insorgere in ragione dell&#8217;interpretazione, del rispetto e dell&#8217;esecuzione del presente contratto, alla giurisdizione e competenza dei Tribunali e dei Tribunali corrispondenti al domicilio dell&#8217;utente o a quelli del luogo di adempimento del contratto obbligo.<\/p>\n<h3>PUBBLICAZIONI<\/h3>\n<p>Le informazioni amministrative fornite attraverso il sito web non sostituiscono la pubblicit\u00e0 legale delle leggi, dei regolamenti, dei piani, delle disposizioni generali e degli atti che devono essere formalmente pubblicati sui giornali ufficiali delle pubbliche amministrazioni, che costituiscono l&#8217;unico strumento che ne attesta l&#8217;autenticit\u00e0 e contenuto. Le informazioni disponibili su questo sito web devono essere intese come una guida senza scopo di validit\u00e0 legale. <\/p>\n<\/div>\n[\/vc_column_text][\/vc_column][\/vc_row]\n","protected":false},"excerpt":{"rendered":"<p>[vc_row type=&#8221;full_width_background&#8221; full_screen_row_position=&#8221;middle&#8221; column_margin=&#8221;default&#8221; column_direction=&#8221;default&#8221; column_direction_tablet=&#8221;default&#8221; column_direction_phone=&#8221;default&#8221; bg_color=&#8221;#ffffff&#8221; scene_position=&#8221;center&#8221; top_padding=&#8221;1%&#8221; bottom_padding=&#8221;5%&#8221; text_color=&#8221;dark&#8221; text_align=&#8221;left&#8221; row_border_radius=&#8221;none&#8221; row_border_radius_applies=&#8221;bg&#8221; overflow=&#8221;visible&#8221; overlay_strength=&#8221;0.3&#8243; gradient_direction=&#8221;left_to_right&#8221; shape_divider_position=&#8221;bottom&#8221; bg_image_animation=&#8221;none&#8221; gradient_type=&#8221;default&#8221; shape_type=&#8221;&#8221;][vc_column column_padding=&#8221;no-extra-padding&#8221; column_padding_tablet=&#8221;inherit&#8221; column_padding_phone=&#8221;inherit&#8221; column_padding_position=&#8221;all&#8221; column_element_direction_desktop=&#8221;default&#8221; column_element_spacing=&#8221;default&#8221; desktop_text_alignment=&#8221;default&#8221; tablet_text_alignment=&#8221;default&#8221;&#8230;<\/p>\n","protected":false},"author":5,"featured_media":0,"parent":0,"menu_order":0,"comment_status":"closed","ping_status":"closed","template":"","meta":{"footnotes":""},"class_list":["post-2616","page","type-page","status-publish"],"_links":{"self":[{"href":"https:\/\/cordobalocker.com\/it\/wp-json\/wp\/v2\/pages\/2616","targetHints":{"allow":["GET"]}}],"collection":[{"href":"https:\/\/cordobalocker.com\/it\/wp-json\/wp\/v2\/pages"}],"about":[{"href":"https:\/\/cordobalocker.com\/it\/wp-json\/wp\/v2\/types\/page"}],"author":[{"embeddable":true,"href":"https:\/\/cordobalocker.com\/it\/wp-json\/wp\/v2\/users\/5"}],"replies":[{"embeddable":true,"href":"https:\/\/cordobalocker.com\/it\/wp-json\/wp\/v2\/comments?post=2616"}],"version-history":[{"count":2,"href":"https:\/\/cordobalocker.com\/it\/wp-json\/wp\/v2\/pages\/2616\/revisions"}],"predecessor-version":[{"id":2793,"href":"https:\/\/cordobalocker.com\/it\/wp-json\/wp\/v2\/pages\/2616\/revisions\/2793"}],"wp:attachment":[{"href":"https:\/\/cordobalocker.com\/it\/wp-json\/wp\/v2\/media?parent=2616"}],"curies":[{"name":"wp","href":"https:\/\/api.w.org\/{rel}","templated":true}]}}