{"id":2595,"date":"2025-03-19T20:32:00","date_gmt":"2025-03-19T20:32:00","guid":{"rendered":"https:\/\/cordobalocker.com\/informativa-sulla-privacy\/"},"modified":"2025-07-04T18:55:51","modified_gmt":"2025-07-04T18:55:51","slug":"informativa-sulla-privacy","status":"publish","type":"page","link":"https:\/\/cordobalocker.com\/it\/informativa-sulla-privacy\/","title":{"rendered":"Informativa sulla Privacy"},"content":{"rendered":"[vc_row type=&#8221;full_width_background&#8221; full_screen_row_position=&#8221;middle&#8221; column_margin=&#8221;default&#8221; column_direction=&#8221;default&#8221; column_direction_tablet=&#8221;default&#8221; column_direction_phone=&#8221;default&#8221; bg_color=&#8221;#ffffff&#8221; scene_position=&#8221;center&#8221; top_padding=&#8221;1%&#8221; bottom_padding=&#8221;5%&#8221; text_color=&#8221;dark&#8221; text_align=&#8221;left&#8221; row_border_radius=&#8221;none&#8221; row_border_radius_applies=&#8221;bg&#8221; overflow=&#8221;visible&#8221; overlay_strength=&#8221;0.3&#8243; gradient_direction=&#8221;left_to_right&#8221; shape_divider_position=&#8221;bottom&#8221; bg_image_animation=&#8221;none&#8221; gradient_type=&#8221;default&#8221; shape_type=&#8221;&#8221;][vc_column column_padding=&#8221;no-extra-padding&#8221; column_padding_tablet=&#8221;inherit&#8221; column_padding_phone=&#8221;inherit&#8221; column_padding_position=&#8221;all&#8221; column_element_direction_desktop=&#8221;default&#8221; column_element_spacing=&#8221;default&#8221; desktop_text_alignment=&#8221;default&#8221; tablet_text_alignment=&#8221;default&#8221; phone_text_alignment=&#8221;default&#8221; background_color_opacity=&#8221;1&#8243; background_hover_color_opacity=&#8221;1&#8243; column_backdrop_filter=&#8221;none&#8221; column_shadow=&#8221;none&#8221; column_border_radius=&#8221;none&#8221; column_link_target=&#8221;_self&#8221; column_position=&#8221;default&#8221; gradient_direction=&#8221;left_to_right&#8221; overlay_strength=&#8221;0.3&#8243; width=&#8221;1\/1&#8243; tablet_width_inherit=&#8221;default&#8221; animation_type=&#8221;default&#8221; bg_image_animation=&#8221;none&#8221; border_type=&#8221;simple&#8221; column_border_width=&#8221;none&#8221; column_border_style=&#8221;solid&#8221;][vc_row_inner column_margin=&#8221;default&#8221; column_direction=&#8221;default&#8221; column_direction_tablet=&#8221;default&#8221; column_direction_phone=&#8221;default&#8221; text_align=&#8221;left&#8221; row_position=&#8221;default&#8221; row_position_tablet=&#8221;inherit&#8221; row_position_phone=&#8221;inherit&#8221; overflow=&#8221;visible&#8221; pointer_events=&#8221;all&#8221;][vc_column_inner column_padding=&#8221;no-extra-padding&#8221; column_padding_tablet=&#8221;inherit&#8221; column_padding_phone=&#8221;inherit&#8221; column_padding_position=&#8221;all&#8221; column_element_direction_desktop=&#8221;default&#8221; column_element_spacing=&#8221;default&#8221; desktop_text_alignment=&#8221;default&#8221; tablet_text_alignment=&#8221;default&#8221; phone_text_alignment=&#8221;default&#8221; background_color_opacity=&#8221;1&#8243; background_hover_color_opacity=&#8221;1&#8243; column_backdrop_filter=&#8221;none&#8221; column_shadow=&#8221;none&#8221; column_border_radius=&#8221;none&#8221; column_link_target=&#8221;_self&#8221; overflow=&#8221;visible&#8221; gradient_direction=&#8221;left_to_right&#8221; overlay_strength=&#8221;0.3&#8243; width=&#8221;1\/1&#8243; tablet_width_inherit=&#8221;default&#8221; animation_type=&#8221;default&#8221; bg_image_animation=&#8221;none&#8221; border_type=&#8221;simple&#8221; column_border_width=&#8221;none&#8221; column_border_style=&#8221;solid&#8221;][vc_column_text css=&#8221;&#8221; text_direction=&#8221;default&#8221;]\n<h1>Informativa sulla Privacy<\/h1>\n[\/vc_column_text][\/vc_column_inner][\/vc_row_inner][vc_column_text css=&#8221;&#8221; text_direction=&#8221;default&#8221;]\n<div class=\"privacy-container\">\n<p>Quando abbiamo bisogno di ottenere informazioni da voi, vi chiederemo sempre di fornirle volontariamente ed esplicitamente. I dati raccolti attraverso i moduli di raccolta dati presenti sul sito web o altri mezzi saranno incorporati nei sistemi di elaborazione di C\u00d3RDOBA LOCKER.<\/p>\n<p>Questo ente tratter\u00e0 i dati in modo riservato ed esclusivamente per offrire i servizi richiesti, con tutte le garanzie legali e di sicurezza imposte dal Regolamento (UE) 2016\/679 del Parlamento europeo e del Consiglio, del 27 aprile 2016, relativo alla protezione delle persone fisiche con riguardo al trattamento dei dati personali, nonch\u00e9 alla libera circolazione di tali dati e dalla Legge 34\/2002, dell&#8217;11 luglio, sui servizi della societ\u00e0 dell&#8217;informazione e il commercio elettronico.<\/p>\n<h3>Chi \u00e8 il responsabile del trattamento dei vostri dati?<\/h3>\n<ul>\n<li>Il responsabile \u00e8 C\u00d3RDOBA LOCKER<\/li>\n<li>Il suo domicilio \u00e8: AV. DR. FLEMING, 8, C\u00d3RDOBA (14001) <\/li>\n<li>E-mail: info@cordobalocker.com<\/li>\n<\/ul>\n<p><strong>CONTATTO RESPONSABILE DELLA PROTEZIONE DEI DATI<\/strong> dpo.apartamentoswallada@lock4data.es<\/p>\n<h3>Per quali finalit\u00e0 trattiamo i vostri dati personali?<\/h3>\n<p>Noi di C\u00d3RDOBA LOCKER trattiamo le informazioni forniteci dagli interessati in modo leale, lecito e trasparente, nel rispetto del Regolamento UE 2016\/679 del 27 aprile del Parlamento europeo e del Consiglio e della Legge 3\/2018 del 5 dicembre sulla protezione dei dati e la garanzia dei diritti digitali.<\/p>\n<h4>Se sei CLIENTE o UTENTE:<\/h4>\n<p>Se siete clienti o utenti, tratteremo le seguenti categorie di dati personali:<\/p>\n<ul>\n<li>Dati di identificazione (nome, cognome, numero di carta d&#8217;identit\u00e0&#8230;)<\/li>\n<li>Dettagli di contatto (e-mail, Whatsapp&#8230;)<\/li>\n<li>Dati bancari (numero di conto, carta bancaria&#8230;)<\/li>\n<li>Altri dati (forniti dall&#8217;interessato in moduli o comunicazioni aperte)<\/li>\n<\/ul>\n<p>Trattiamo i vostri dati allo scopo di:<\/p>\n<ul>\n<li>Gestire i servizi, le informazioni e\/o i prodotti richiesti.<\/li>\n<li>Per inviare comunicazioni di interesse (se l&#8217;interessato ha dato l&#8217;apposita autorizzazione).<\/li>\n<li>Per adempiere agli obblighi di legge applicabili al titolare del trattamento.<\/li>\n<\/ul>\n<h4>Se sei DIPENDENTE o RICHIEDENTE LAVORO:<\/h4>\n<p>Se sei un dipendente o candidato\/richiedente, tratteremo le seguenti categorie di dati personali:<\/p>\n<ul>\n<li>Dati di identificazione (nome, cognome, numero di carta d&#8217;identit\u00e0&#8230;)<\/li>\n<li>Dati inseriti nel curriculum vitae (studi, esperienze lavorative, hobby&#8230;)<\/li>\n<li>Dettagli di contatto (e-mail, Whatsapp&#8230;)<\/li>\n<li>Coordinate bancarie (numero di conto, intestatario, mandato SEPA)<\/li>\n<li>Immagine<\/li>\n<li>Altri dati (forniti dall&#8217;interessato in moduli o comunicazioni aperte)<\/li>\n<\/ul>\n<p>Trattiamo i vostri dati allo scopo di:<\/p>\n<ul>\n<li>Gestire i diritti e gli obblighi relativi al rapporto contrattuale.<\/li>\n<li>Selezione dei candidati<\/li>\n<li>Utilizzo, riproduzione o pubblicazione dell&#8217;immagine, del nome e della voce (se debitamente autorizzati dall&#8217;interessato)<\/li>\n<li>Adempiere agli obblighi di legge delle aziende.<\/li>\n<\/ul>\n<h4>Se sei FORNITORE della nostra azienda:<\/h4>\n<p>Se siete un fornitore, tratteremo le seguenti categorie di dati personali:<\/p>\n<ul>\n<li>Dati di identificazione (nome, cognome, numero di carta d&#8217;identit\u00e0&#8230;)<\/li>\n<li>Dettagli di contatto (e-mail, Whatsapp&#8230;)<\/li>\n<li>Coordinate bancarie (numero di conto, fatturazione&#8230;)<\/li>\n<li>Altri dati (forniti dall&#8217;interessato in moduli o comunicazioni aperte)<\/li>\n<\/ul>\n<p>Trattiamo i vostri dati allo scopo di:<\/p>\n<ul>\n<li>Gestione amministrativa, contabile e fiscale.<\/li>\n<li>Monitoraggio e controllo della relazione commerciale.<\/li>\n<li>Adempiere agli obblighi legali delle aziende<\/li>\n<\/ul>\n<h3>Sono obbligato a fornire dati personali?<\/h3>\n<p>MAR\u00cdA ALONSO GARC\u00cdA richieder\u00e0 solo i dati strettamente necessari per la realizzazione della finalit\u00e0 per la quale vengono raccolti, pertanto in caso di mancata fornitura non sar\u00e0 possibile prestare il servizio richiesto.<\/p>\n<h3>Per quanto tempo conserveremo i vostri dati?<\/h3>\n<p>Los datos personales proporcionados y obtenidos durante la relaci\u00f3n entre el interesado y C\u00d3RDOBA LOCKER ser\u00e1n conservados durante un plazo m\u00e1ximo de 5 a\u00f1os a partir de la \u00faltima confirmaci\u00f3n de inter\u00e9s o mientras nos obligue una previsi\u00f3n legal, en cuyo caso ser\u00e1n conservados debidamente bloqueados y eliminados cuando no sea necesario.<\/p>\n<h3>Qual \u00e8 la legittimit\u00e0 del trattamento dei vostri dati?<\/h3>\n<p>Ai sensi dell&#8217;art. 6.1 del Regolamento UE 2016\/679 del 27 aprile, La informiamo che la legittimazione al trattamento dei Suoi dati \u00e8 la seguente:<\/p>\n<ol type=\"a\">\n<li>l&#8217;interessato ha dato il proprio consenso al trattamento dei suoi dati personali per una o pi\u00f9 finalit\u00e0 specifiche e\/o<\/li>\n<li>il trattamento \u00e8 necessario per l&#8217;adempimento di un obbligo legale applicabile al responsabile del trattamento e\/o<\/li>\n<li>il trattamento \u00e8 necessario ai fini dei legittimi interessi perseguiti dal responsabile del trattamento o da un terzo, a condizione che tali interessi non prevalgano sugli interessi o sui diritti e le libert\u00e0 fondamentali dell&#8217;interessato che richiedono la protezione dei dati personali, in particolare se l&#8217;interessato \u00e8 un minore.<\/li>\n<\/ol>\n<h3>A quali destinatari saranno comunicati i vostri dati?<\/h3>\n<p>I dati trattati da C\u00d3RDOBA LOCKER possono essere comunicati a terzi quando ci\u00f2 \u00e8 richiesto dalla legge.<\/p>\n<p>C\u00d3RDOBA LOCKER collabora anche con fornitori di servizi per i quali \u00e8 necessario comunicare dati in diverse aree aziendali (amministrazione, contabilit\u00e0, fiscalit\u00e0, marketing, lavoro&#8230;). Il rapporto con queste societ\u00e0 \u00e8 regolato ai sensi dell&#8217;art. 28 del Regolamento UE 2016\/679 del 27 aprile 2016 del Parlamento Europeo e del Consiglio (GDPR). I dati provenienti da tali societ\u00e0 saranno utilizzati solo per gli scopi aziendali necessari e non saranno conservati per altri scopi.<\/p>\n<h3>Quali sono i vostri diritti quando ci fornite i vostri dati?<\/h3>\n<p>Ogni interessato ha il diritto di ottenere la conferma che C\u00d3RDOBA LOCKER stia trattando o meno i suoi dati personali.<\/p>\n<p>Gli interessati hanno il diritto di accedere ai propri dati personali, nonch\u00e9 di richiedere la rettifica dei dati inesatti o, se del caso, di richiederne la cancellazione quando, tra le altre ragioni, i dati non sono pi\u00f9 necessari per gli scopi per cui sono stati raccolti.<\/p>\n<p>In determinate circostanze, gli interessati possono richiedere di limitare il trattamento dei loro dati, nel qual caso li conserveremo solo per l&#8217;esercizio o la difesa dei diritti. Gli utenti possono anche opporsi al trattamento dei loro dati. C\u00d3RDOBA LOCKER interromper\u00e0 il trattamento dei dati, tranne che per motivi legittimi e impellenti, o per l&#8217;esercizio o la difesa di diritti. <\/p>\n<p>L&#8217;utente pu\u00f2 inviare una lettera a C\u00d3RDOBA LOCKER, all&#8217;indirizzo del responsabile, o via e-mail come indicato nell&#8217;intestazione della presente informativa, allegando una fotocopia del proprio documento d&#8217;identit\u00e0, in qualsiasi momento e gratuitamente, al fine di:<\/p>\n<ul>\n<li>Revocare i consensi concessi.<\/li>\n<li>Ottenere la conferma che sia in corso o meno il trattamento dei dati personali dell&#8217;Utente.<\/li>\n<li>Accedere ai propri dati personali.<\/li>\n<li>Rettifica di dati inesatti o incompleti.<\/li>\n<li>Richiedere la cancellazione dei propri dati quando, tra le altre ragioni, non sono pi\u00f9 necessari per gli scopi per cui sono stati raccolti.<\/li>\n<li>Ottenere la limitazione del trattamento dei dati quando si verifica una delle condizioni previste dalla normativa sulla protezione dei dati.<\/li>\n<li>Richiedere la portabilit\u00e0 dei propri dati.<\/li>\n<li>Contattare il DPO di C\u00d3RDOBA LOCKER<\/li>\n<li>Presentare un reclamo all&#8217;autorit\u00e0 di vigilanza<a href=\"https:\/\/www.aepd.es\" target=\"_blank\" rel=\"noopener\">(www.aepd.es)<\/a> se si ritiene che siano stati violati i propri diritti ai sensi della normativa vigente in materia di protezione dei dati.<\/li>\n<\/ul>\n<p>C\u00d3RDOBA LOCKER adotta i corrispondenti livelli di sicurezza richiesti dalla suddetta normativa sulla protezione dei dati personali e da altre normative applicabili. Tali livelli di sicurezza sono obbligatori per i soggetti che accedono alle nostre informazioni in virt\u00f9 di un rapporto contrattuale e\/o della fornitura di un servizio, in applicazione dell&#8217;articolo 28 del Regolamento UE 2016\/679 (GDPR).<\/p>\n<p>Tuttavia, non si assume alcuna responsabilit\u00e0 per i danni derivanti da alterazioni che terzi possono causare ai sistemi informatici, ai documenti elettronici o ai file dell&#8217;utente.<\/p>\n<p>I cookie possono essere utilizzati nel corso della fornitura di servizi sul sito web. I cookie sono file fisici contenenti informazioni personali memorizzati nel terminale dell&#8217;utente. L&#8217;utente ha la possibilit\u00e0 di configurare il proprio browser in modo tale da impedire o avvisare la creazione di file cookie. Verificate la nostra politica sui cookie attraverso il link che troverete su questo sito.<\/p>\n<p>Se l&#8217;utente sceglie di lasciare il nostro sito web tramite link a siti web che non ci appartengono, C\u00d3RDOBA LOCKER non \u00e8 responsabile delle politiche sulla privacy di tali siti web o dei cookie che essi possono memorizzare sul computer dell&#8217;utente.<\/p>\n<p>La nostra politica in materia di e-mail consiste nell&#8217;inviare solo le comunicazioni che l&#8217;utente ha richiesto di ricevere.<\/p>\n<p>Se preferite non ricevere questi messaggi via e-mail, vi offriremo la possibilit\u00e0 di esercitare il vostro diritto di cancellazione e di rinuncia alla ricezione di questi messaggi, in conformit\u00e0 con le disposizioni del Titolo III, Articolo 22 della Legge 34\/2002 dei Servizi per la Societ\u00e0 dell&#8217;Informazione e il Commercio Elettronico.<\/p>\n<\/div>\n[\/vc_column_text][\/vc_column][\/vc_row]\n","protected":false},"excerpt":{"rendered":"<p>[vc_row type=&#8221;full_width_background&#8221; full_screen_row_position=&#8221;middle&#8221; column_margin=&#8221;default&#8221; column_direction=&#8221;default&#8221; column_direction_tablet=&#8221;default&#8221; column_direction_phone=&#8221;default&#8221; bg_color=&#8221;#ffffff&#8221; scene_position=&#8221;center&#8221; top_padding=&#8221;1%&#8221; bottom_padding=&#8221;5%&#8221; text_color=&#8221;dark&#8221; text_align=&#8221;left&#8221; row_border_radius=&#8221;none&#8221; row_border_radius_applies=&#8221;bg&#8221; overflow=&#8221;visible&#8221; overlay_strength=&#8221;0.3&#8243; gradient_direction=&#8221;left_to_right&#8221; shape_divider_position=&#8221;bottom&#8221; bg_image_animation=&#8221;none&#8221; gradient_type=&#8221;default&#8221; shape_type=&#8221;&#8221;][vc_column column_padding=&#8221;no-extra-padding&#8221; column_padding_tablet=&#8221;inherit&#8221; column_padding_phone=&#8221;inherit&#8221; column_padding_position=&#8221;all&#8221; column_element_direction_desktop=&#8221;default&#8221; column_element_spacing=&#8221;default&#8221; desktop_text_alignment=&#8221;default&#8221; tablet_text_alignment=&#8221;default&#8221;&#8230;<\/p>\n","protected":false},"author":5,"featured_media":0,"parent":0,"menu_order":0,"comment_status":"closed","ping_status":"closed","template":"","meta":{"footnotes":""},"class_list":["post-2595","page","type-page","status-publish"],"_links":{"self":[{"href":"https:\/\/cordobalocker.com\/it\/wp-json\/wp\/v2\/pages\/2595","targetHints":{"allow":["GET"]}}],"collection":[{"href":"https:\/\/cordobalocker.com\/it\/wp-json\/wp\/v2\/pages"}],"about":[{"href":"https:\/\/cordobalocker.com\/it\/wp-json\/wp\/v2\/types\/page"}],"author":[{"embeddable":true,"href":"https:\/\/cordobalocker.com\/it\/wp-json\/wp\/v2\/users\/5"}],"replies":[{"embeddable":true,"href":"https:\/\/cordobalocker.com\/it\/wp-json\/wp\/v2\/comments?post=2595"}],"version-history":[{"count":2,"href":"https:\/\/cordobalocker.com\/it\/wp-json\/wp\/v2\/pages\/2595\/revisions"}],"predecessor-version":[{"id":2760,"href":"https:\/\/cordobalocker.com\/it\/wp-json\/wp\/v2\/pages\/2595\/revisions\/2760"}],"wp:attachment":[{"href":"https:\/\/cordobalocker.com\/it\/wp-json\/wp\/v2\/media?parent=2595"}],"curies":[{"name":"wp","href":"https:\/\/api.w.org\/{rel}","templated":true}]}}