{"id":2520,"date":"2025-03-10T22:05:29","date_gmt":"2025-03-10T22:05:29","guid":{"rendered":"https:\/\/cordobalocker.com\/termini-condizioni\/"},"modified":"2025-06-27T20:32:16","modified_gmt":"2025-06-27T20:32:16","slug":"termini-condizioni","status":"publish","type":"page","link":"https:\/\/cordobalocker.com\/it\/termini-condizioni\/","title":{"rendered":"Termini &amp; Condizioni"},"content":{"rendered":"[vc_row type=&#8221;full_width_background&#8221; full_screen_row_position=&#8221;middle&#8221; column_margin=&#8221;default&#8221; column_direction=&#8221;default&#8221; column_direction_tablet=&#8221;default&#8221; column_direction_phone=&#8221;default&#8221; bg_color=&#8221;#ffffff&#8221; scene_position=&#8221;center&#8221; top_padding=&#8221;1%&#8221; bottom_padding=&#8221;5%&#8221; text_color=&#8221;dark&#8221; text_align=&#8221;left&#8221; row_border_radius=&#8221;none&#8221; row_border_radius_applies=&#8221;bg&#8221; overflow=&#8221;visible&#8221; overlay_strength=&#8221;0.3&#8243; gradient_direction=&#8221;left_to_right&#8221; shape_divider_position=&#8221;bottom&#8221; bg_image_animation=&#8221;none&#8221; gradient_type=&#8221;default&#8221; shape_type=&#8221;&#8221;][vc_column column_padding=&#8221;no-extra-padding&#8221; column_padding_tablet=&#8221;inherit&#8221; column_padding_phone=&#8221;inherit&#8221; column_padding_position=&#8221;all&#8221; column_element_direction_desktop=&#8221;default&#8221; column_element_spacing=&#8221;default&#8221; desktop_text_alignment=&#8221;default&#8221; tablet_text_alignment=&#8221;default&#8221; phone_text_alignment=&#8221;default&#8221; background_color_opacity=&#8221;1&#8243; background_hover_color_opacity=&#8221;1&#8243; column_backdrop_filter=&#8221;none&#8221; column_shadow=&#8221;none&#8221; column_border_radius=&#8221;none&#8221; column_link_target=&#8221;_self&#8221; column_position=&#8221;default&#8221; gradient_direction=&#8221;left_to_right&#8221; overlay_strength=&#8221;0.3&#8243; width=&#8221;1\/1&#8243; tablet_width_inherit=&#8221;default&#8221; animation_type=&#8221;default&#8221; bg_image_animation=&#8221;none&#8221; border_type=&#8221;simple&#8221; column_border_width=&#8221;none&#8221; column_border_style=&#8221;solid&#8221;][vc_row_inner column_margin=&#8221;default&#8221; column_direction=&#8221;default&#8221; column_direction_tablet=&#8221;default&#8221; column_direction_phone=&#8221;default&#8221; text_align=&#8221;left&#8221; row_position=&#8221;default&#8221; row_position_tablet=&#8221;inherit&#8221; row_position_phone=&#8221;inherit&#8221; overflow=&#8221;visible&#8221; pointer_events=&#8221;all&#8221;][vc_column_inner column_padding=&#8221;no-extra-padding&#8221; column_padding_tablet=&#8221;inherit&#8221; column_padding_phone=&#8221;inherit&#8221; column_padding_position=&#8221;all&#8221; column_element_direction_desktop=&#8221;default&#8221; column_element_spacing=&#8221;default&#8221; desktop_text_alignment=&#8221;default&#8221; tablet_text_alignment=&#8221;default&#8221; phone_text_alignment=&#8221;default&#8221; background_color_opacity=&#8221;1&#8243; background_hover_color_opacity=&#8221;1&#8243; column_backdrop_filter=&#8221;none&#8221; column_shadow=&#8221;none&#8221; column_border_radius=&#8221;none&#8221; column_link_target=&#8221;_self&#8221; overflow=&#8221;visible&#8221; gradient_direction=&#8221;left_to_right&#8221; overlay_strength=&#8221;0.3&#8243; width=&#8221;1\/1&#8243; tablet_width_inherit=&#8221;default&#8221; animation_type=&#8221;default&#8221; bg_image_animation=&#8221;none&#8221; border_type=&#8221;simple&#8221; column_border_width=&#8221;none&#8221; column_border_style=&#8221;solid&#8221;][vc_column_text css=&#8221;&#8221; text_direction=&#8221;default&#8221;]\n<h1>Termini &amp; Condizioni<\/h1>\n[\/vc_column_text][\/vc_column_inner][\/vc_row_inner][vc_column_text css=&#8221;&#8221; text_direction=&#8221;default&#8221;]\n<div class=\"terms-container\">\n<h3>CONDIZIONI GENERALI DI SERVIZIO<\/h3>\n<p>Le presenti Condizioni Generali di Servizio si applicano all\u2019acquisto dei prodotti\/servizi che C\u00d3RDOBA LOCKER commercializza tramite il sito web ospitato all\u2019URL HTTPS:\/\/CORDOBALOCKER.COM\/ da parte di qualsiasi utente.<\/p>\n<p>I dati identificativi e di contatto di C\u00d3RDOBA LOCKER sono i seguenti:<\/p>\n<ul>\n<li>Sede legale: AV. DR. FLEMING, 8, C\u00d3RDOBA (14001) <\/li>\n<li>E-mail: info@cordobalocker.com<\/li>\n<li>Telefono: (+34) 957464916<\/li>\n<\/ul>\n<p>L\u2019acquisto dei prodotti e\/o servizi offerti tramite il Sito implica l\u2019accettazione dei termini e delle condizioni previste nelle presenti Condizioni Generali di Servizio. Pertanto, prima di procedere con l\u2019accettazione, si prega di leggere attentamente il contenuto. Se non si accettano le presenti Condizioni Generali, l\u2019acquisto dei prodotti\/servizi non sar\u00e0 effettuato e, di conseguenza, C\u00d3RDOBA LOCKER non assumer\u00e0 alcun obbligo o responsabilit\u00e0. <\/p>\n<p>Nel realizzare un ordine di acquisto attraverso il Sito Web, il Cliente dichiara di avere pi\u00f9 di 16 anni di et\u00e0 e di avere capacit\u00e0 legale per contrattare i prodotti del Sito Web.<\/p>\n<p>Per realizzare un ordine di acquisto, il Cliente dovr\u00e0 seguire ciascuno dei passaggi della procedura di acquisto previsti nel Sito Web.<\/p>\n<p>C\u00d3RDOBA LOCKER si riserva il diritto di modificare il contenuto e\/o la portata delle Condizioni Generali di Servizio in qualsiasi momento, senza necessit\u00e0 di preavviso o comunicazione. Pertanto, si raccomanda di leggere attentamente il contenuto, in quanto \u00e8 responsabilit\u00e0 del Cliente consultare le Condizioni Generali di Servizio prima di acquistare qualsiasi prodotto sul Sito.<\/p>\n<h3>REGISTRAZIONE DEL CLIENTE<\/h3>\n<p>Per iniziare la procedura di acquisto dei prodotti del Sito Web, il Cliente dovr\u00e0 registrarsi nella sezione del Sito Web &#8220;Registrarsi&#8221;. Nei successivi processi di acquisto, nel caso in cui il Cliente si sia registrato, sar\u00e0 necessario solo che fornisca il suo indirizzo email e la password nella sezione &#8220;Accedi&#8221;. Puoi rivedere la nostra politica sulla privacy nel trattamento dei tuoi dati al seguente <a href=\"https:\/\/cordobalocker.com\/it\/informativa-sulla-privacy\/\">link<\/a>.  <\/p>\n<h3>PREZZO E MODALIT\u00c0 DI PAGAMENTO<\/h3>\n<p>Il prezzo dei prodotti sar\u00e0 quello che appare nella valuta indicata accanto a ciascun prodotto del Sito Web.<\/p>\n<p>I prezzi di vendita indicati nel nostro sito web sono mostrati come segue:<\/p>\n<ul>\n<li>Se il Cliente risiede nell&#8217;Unione Europea, i prezzi includono le imposte applicabili in ogni momento (IVA) e prodotto\/servizio.<\/li>\n<li>Se il Cliente risiede al di fuori dell&#8217;Unione Europea, i prezzi non includono l&#8217;IVA. Tuttavia, sar\u00e0 a carico del Cliente qualsiasi imposta locale e\/o tassa di importazione e\/o doganale locale quando la spedizione arriva a destinazione, se applicabili. <\/li>\n<\/ul>\n<p>C\u00d3RDOBA LOCKER si riserva il diritto di apportare, in qualsiasi momento e senza preavviso, le modifiche che ritiene opportune, potendo aggiornare frequentemente i prodotti o i prezzi. Il prezzo applicabile alla richiesta di acquisto effettuata dal Cliente sar\u00e0 quello in vigore al momento dell\u2019accettazione delle Condizioni Generali di Servizio. <\/p>\n<p>Il Cliente potr\u00e0 effettuare il pagamento dei prodotti mediante qualsiasi dei mezzi di pagamento indicati di seguito:<\/p>\n<ul>\n<li><strong>Pagamento con carta<\/strong>: Il Cliente dovr\u00e0 includere il numero della sua carta di debito\/credito (Visa, Visa Electron e Mastercard), cos\u00ec come il resto delle informazioni aggiuntive, che gli saranno richieste nella procedura di acquisto. L&#8217;addebito sar\u00e0 effettuato una volta che sia accettato dall&#8217;istituto finanziario del Cliente poich\u00e9, in caso contrario, l&#8217;acquisto non potr\u00e0 essere effettuato. <\/li>\n<li><strong>Pagamento tramite PAYPAL<\/strong>: sar\u00e0 necessario che il Cliente disponga di un conto PayPal per utilizzare questo mezzo di pagamento.<\/li>\n<\/ul>\n<p>Una volta terminato il processo di acquisto, sar\u00e0 generata una conferma via elettronica, allegando una copia delle Condizioni Generali di Servizio, che il Cliente potr\u00e0 stampare, rimanendo archiviata nella sezione &#8220;Il Mio Account&#8221;.<\/p>\n<p>C\u00d3RDOBA LOCKER non ha accesso n\u00e9 conserva dati sensibili relativi al metodo di pagamento utilizzato dal Cliente. Solo l\u2019ente incaricato dell\u2019elaborazione del pagamento ha accesso a tali dati, esclusivamente ai fini della gestione dei pagamenti. <\/p>\n<p>C\u00d3RDOBA LOCKER ha implementato un sistema di rilevamento di possibili operazioni fraudolente e si riserva il diritto di richiedere informazioni, conferme e\/o documenti aggiuntivi al Cliente, anche dopo che uno o pi\u00f9 acquisti sono stati effettuati tramite il Sito, tramite chiamata telefonica o e-mail, al fine di confermare che l\u2019acquisto \u00e8 stato effettivamente realizzato e autorizzato dal Cliente e\/o che la consegna o il reso siano avvenuti correttamente, autorizzando cos\u00ec in modo definitivo la relativa transazione.<\/p>\n<p>C\u00d3RDOBA LOCKER pu\u00f2 effettuare verifiche telefoniche sull\u2019identit\u00e0 del Cliente oppure richiedere: (a) una conferma e autorizzazione scritta e firmata dal Cliente responsabile dell\u2019acquisto; e (b) una copia del documento di identit\u00e0 ufficiale in corso di validit\u00e0 e con fotografia per confermare l\u2019identit\u00e0 del Cliente. C\u00d3RDOBA LOCKER si impegna a conservare tali informazioni e documenti con elevati standard di sicurezza, in conformit\u00e0 con la normativa vigente.   <\/p>\n<p>Nel caso in cui il Cliente non risponda positivamente o non fornisca a C\u00d3RDOBA LOCKER la documentazione e le informazioni richieste entro 48 ore dalla telefonata o dall\u2019invio dell\u2019e-mail, la transazione descritta nella comunicazione e il relativo ordine potranno essere annullati, senza necessit\u00e0 di ulteriore avviso e senza responsabilit\u00e0 da parte di C\u00d3RDOBA LOCKER, che proceder\u00e0 al rimborso dell\u2019importo pagato dal Cliente.<\/p>\n<p>Tale procedura di verifica \u00e8 prevista per la sicurezza del Cliente e, accettando le presenti Condizioni Generali di Servizio, il Cliente accetta di sottoporsi al processo di rilevamento delle possibili operazioni fraudolente e autorizza C\u00d3RDOBA LOCKER a utilizzare le informazioni e i documenti forniti anche per acquisti futuri dello stesso Cliente.<\/p>\n<h3>CONSEGNA DEI SERVIZI<\/h3>\n<p>Una volta che C\u00d3RDOBA LOCKER avr\u00e0 verificato che il processo di acquisto \u00e8 stato correttamente completato, proceder\u00e0 alla consegna dei prodotti all\u2019indirizzo indicato dal Cliente durante la procedura di acquisto, negli orari lavorativi abituali e nei tempi previsti dal Sito.<\/p>\n<p>Nel caso in cui, aprendo i pacchi con i prodotti, il Cliente riscontri che i servizi non sono quelli desiderati o non possono essere effettuati per un motivo giustificato, dovr\u00e0 comunicarlo per iscritto a C\u00d3RDOBA LOCKER entro cinque (5) giorni naturali dalla data di acquisto, affinch\u00e9 C\u00d3RDOBA LOCKER possa intervenire in modo appropriato.<\/p>\n<p>Tutti gli ordini di acquisto dei prodotti sono soggetti alla disponibilit\u00e0 degli stessi. In caso di indisponibilit\u00e0 del prodotto acquistato, C\u00d3RDOBA LOCKER informer\u00e0 il Cliente e potr\u00e0 offrire un servizio con caratteristiche simili di qualit\u00e0 pari o superiore. In alternativa, il Cliente potr\u00e0 annullare la propria richiesta di acquisto e ottenere il rimborso dell\u2019importo pagato entro un termine massimo di trenta (30) giorni. <\/p>\n<h3>DIRITTO DI RECESSO<\/h3>\n<p>Lei ha il diritto di recedere dal presente contratto entro un periodo di 14 giorni naturali senza necessit\u00e0 di giustificazione.<\/p>\n<p>Per esercitare il diritto di recesso, dovr\u00e0 notificarci il suo nome, il suo indirizzo completo e, se disponibili, il suo numero di telefono e il suo indirizzo di posta elettronica, la sua decisione di recedere dal contratto attraverso una dichiarazione inequivocabile via posta elettronica. Potr\u00e0 utilizzare il modello di formulario di recesso. <\/p>\n<p>In caso di recesso da parte sua, le restituiremo tutti i pagamenti ricevuti da lei, inclusi i costi di consegna (ad eccezione dei costi aggiuntivi risultanti dalla scelta da parte sua di una modalit\u00e0 di consegna diversa dalla modalit\u00e0 meno costosa di consegna ordinaria che offriamo) senza alcun ritardo indebito e, in ogni caso, non oltre 14 giorni naturali dalla data in cui siamo informati della sua decisione di recedere dal presente contratto. Procederemo ad effettuare tale rimborso utilizzando lo stesso mezzo di pagamento da lei impiegato per la transazione iniziale, a meno che lei non abbia disposto espressamente altrimenti; in ogni caso, non incorrer\u00e0 in alcuna spesa come conseguenza del rimborso. Potremo trattenere il rimborso fino ad aver ricevuto i beni, o fino a che lei non abbia presentato una prova della restituzione degli stessi, a seconda di quale condizione si verifichi per prima. <\/p>\n<p>Senza alcun ritardo indebito e, in ogni caso, non oltre il termine di 14 giorni naturali dalla data in cui ci comunica la sua decisione di recedere dal contratto dovr\u00e0 consegnare o inviare la merce all&#8217;indirizzo indicato di seguito. Il termine si considera rispettato se effettua la restituzione dei beni prima che sia concluso tale termine. Dovr\u00e0 assumere il costo diretto di restituzione dei beni e sar\u00e0 responsabile solo della diminuzione del valore dei beni risultante da una manipolazione diversa da quella necessaria per stabilire le caratteristiche dei beni.  <\/p>\n<h3>RECLAMI E LAMENTELE<\/h3>\n<p>Il Cliente dovr\u00e0 contattare C\u00d3RDOBA LOCKER, attraverso i mezzi indicati all\u2019inizio delle presenti Condizioni Generali di Servizio, per presentare reclami o segnalazioni. C\u00d3RDOBA LOCKER si impegna a gestirli il prima possibile e, in ogni caso, entro un mese dalla loro ricezione.<\/p>\n<h3>LINGUA<\/h3>\n<p>Le Condizioni Generali di Servizio sono redatte in spagnolo.<\/p>\n<h3>POLITICA SULLA PRIVACY<\/h3>\n<p>Puoi rivedere la nostra politica sulla privacy al seguente <a href=\"\/politica-de-privacidad-2\/\">link<\/a>.<\/p>\n<h3>INFORMAZIONI SULLA RISOLUZIONE DEI CONFLITTI ONLINE<\/h3>\n<p>Conformemente all&#8217;articolo 14.1 del Regolamento 524\/2013 sulla risoluzione delle controversie online in materia di consumo, la informiamo dell&#8217;esistenza di una piattaforma di risoluzione delle controversie online fornita dalla Commissione Europea, cos\u00ec come della possibilit\u00e0 di presentare il suo reclamo attraverso la stessa accedendo al seguente link: <a href=\"https:\/\/ec.europa.eu\/consumers\/odr\/main\/index.cfm?event=main.home.chooseLanguage\" target=\"_blank\" rel=\"noopener\">https:\/\/ec.europa.eu\/consumers\/odr\/main\/index.cfm?event=main.home.chooseLanguage<\/a><\/p>\n<h3>LEGISLAZIONE APPLICABILE E GIURISDIZIONE<\/h3>\n<p>Le Condizioni Generali di Servizio saranno regolate ed interpretate in conformit\u00e0 con la legislazione spagnola.<\/p>\n<p>Nel caso in cui sorga qualsiasi conflitto o discrepanza nell&#8217;interpretazione e\/o applicazione delle Condizioni Generali, i Tribunali competenti saranno quelli previsti dalla normativa applicabile in materia di giurisdizione competente dei consumatori e utenti. Le parti si sottomettono espressamente, per qualsiasi questione o divergenza che potesse suscitarsi per ragione dell&#8217;interpretazione, adempimento ed esecuzione di questo contratto, alla giurisdizione e competenza dei Tribunali corrispondenti al domicilio del compratore o a quelli del luogo di adempimento dell&#8217;obbligazione contrattuale. <\/p>\n<\/div>\n[\/vc_column_text][\/vc_column][\/vc_row]\n","protected":false},"excerpt":{"rendered":"<p>[vc_row type=&#8221;full_width_background&#8221; full_screen_row_position=&#8221;middle&#8221; column_margin=&#8221;default&#8221; column_direction=&#8221;default&#8221; column_direction_tablet=&#8221;default&#8221; column_direction_phone=&#8221;default&#8221; bg_color=&#8221;#ffffff&#8221; scene_position=&#8221;center&#8221; top_padding=&#8221;1%&#8221; bottom_padding=&#8221;5%&#8221; text_color=&#8221;dark&#8221; text_align=&#8221;left&#8221; row_border_radius=&#8221;none&#8221; row_border_radius_applies=&#8221;bg&#8221; overflow=&#8221;visible&#8221; overlay_strength=&#8221;0.3&#8243; gradient_direction=&#8221;left_to_right&#8221; shape_divider_position=&#8221;bottom&#8221; bg_image_animation=&#8221;none&#8221; gradient_type=&#8221;default&#8221; shape_type=&#8221;&#8221;][vc_column column_padding=&#8221;no-extra-padding&#8221; column_padding_tablet=&#8221;inherit&#8221; column_padding_phone=&#8221;inherit&#8221; column_padding_position=&#8221;all&#8221; column_element_direction_desktop=&#8221;default&#8221; column_element_spacing=&#8221;default&#8221; desktop_text_alignment=&#8221;default&#8221; tablet_text_alignment=&#8221;default&#8221;&#8230;<\/p>\n","protected":false},"author":5,"featured_media":0,"parent":0,"menu_order":0,"comment_status":"closed","ping_status":"closed","template":"","meta":{"footnotes":""},"class_list":["post-2520","page","type-page","status-publish"],"_links":{"self":[{"href":"https:\/\/cordobalocker.com\/it\/wp-json\/wp\/v2\/pages\/2520","targetHints":{"allow":["GET"]}}],"collection":[{"href":"https:\/\/cordobalocker.com\/it\/wp-json\/wp\/v2\/pages"}],"about":[{"href":"https:\/\/cordobalocker.com\/it\/wp-json\/wp\/v2\/types\/page"}],"author":[{"embeddable":true,"href":"https:\/\/cordobalocker.com\/it\/wp-json\/wp\/v2\/users\/5"}],"replies":[{"embeddable":true,"href":"https:\/\/cordobalocker.com\/it\/wp-json\/wp\/v2\/comments?post=2520"}],"version-history":[{"count":3,"href":"https:\/\/cordobalocker.com\/it\/wp-json\/wp\/v2\/pages\/2520\/revisions"}],"predecessor-version":[{"id":2713,"href":"https:\/\/cordobalocker.com\/it\/wp-json\/wp\/v2\/pages\/2520\/revisions\/2713"}],"wp:attachment":[{"href":"https:\/\/cordobalocker.com\/it\/wp-json\/wp\/v2\/media?parent=2520"}],"curies":[{"name":"wp","href":"https:\/\/api.w.org\/{rel}","templated":true}]}}