{"id":985,"date":"2023-02-10T14:21:56","date_gmt":"2023-02-10T14:21:56","guid":{"rendered":"https:\/\/cordobalocker.com\/985-2\/"},"modified":"2025-03-20T08:39:59","modified_gmt":"2025-03-20T08:39:59","slug":"que-faire-a-cordoba-en-une-journee","status":"publish","type":"page","link":"https:\/\/cordobalocker.com\/fr\/que-faire-a-cordoba-en-une-journee\/","title":{"rendered":"Que faire \u00e0 C\u00f3rdoba en une journ\u00e9e"},"content":{"rendered":"[vc_row type=\u00a0\u00bbfull_width_background\u00a0\u00bb full_screen_row_position=\u00a0\u00bbmiddle\u00a0\u00bb column_margin=\u00a0\u00bbdefault\u00a0\u00bb column_direction=\u00a0\u00bbdefault\u00a0\u00bb column_direction_tablet=\u00a0\u00bbdefault\u00a0\u00bb column_direction_phone=\u00a0\u00bbdefault\u00a0\u00bb bg_color=\u00a0\u00bb#ffffff\u00a0\u00bb bg_image=\u00a0\u00bb2325&Prime; bg_position=\u00a0\u00bbcenter center\u00a0\u00bb background_image_loading=\u00a0\u00bbdefault\u00a0\u00bb bg_repeat=\u00a0\u00bbno-repeat\u00a0\u00bb scene_position=\u00a0\u00bbcenter\u00a0\u00bb top_padding=\u00a0\u00bb14%\u00a0\u00bb bottom_padding=\u00a0\u00bb15%\u00a0\u00bb text_color=\u00a0\u00bblight\u00a0\u00bb text_align=\u00a0\u00bbleft\u00a0\u00bb row_border_radius=\u00a0\u00bbnone\u00a0\u00bb row_border_radius_applies=\u00a0\u00bbbg\u00a0\u00bb overflow=\u00a0\u00bbvisible\u00a0\u00bb enable_gradient=\u00a0\u00bbtrue\u00a0\u00bb color_overlay=\u00a0\u00bb#0a0000&Prime; color_overlay_2=\u00a0\u00bbrgba(10,10,10,0.5)\u00a0\u00bb overlay_strength=\u00a0\u00bb0.5&Prime; gradient_direction=\u00a0\u00bbleft_to_right\u00a0\u00bb shape_divider_color=\u00a0\u00bb#ffffff\u00a0\u00bb shape_divider_position=\u00a0\u00bbbottom\u00a0\u00bb shape_divider_height=\u00a0\u00bb350&Prime; bg_image_animation=\u00a0\u00bbnone\u00a0\u00bb parallax_bg=\u00a0\u00bbtrue\u00a0\u00bb parallax_bg_speed=\u00a0\u00bbfast\u00a0\u00bb shape_type=\u00a0\u00bbwaves_opacity_alt\u00a0\u00bb gradient_type=\u00a0\u00bbdefault\u00a0\u00bb][vc_column column_padding=\u00a0\u00bbno-extra-padding\u00a0\u00bb column_padding_tablet=\u00a0\u00bbinherit\u00a0\u00bb column_padding_phone=\u00a0\u00bbinherit\u00a0\u00bb column_padding_position=\u00a0\u00bball\u00a0\u00bb column_element_direction_desktop=\u00a0\u00bbdefault\u00a0\u00bb column_element_spacing=\u00a0\u00bbdefault\u00a0\u00bb desktop_text_alignment=\u00a0\u00bbdefault\u00a0\u00bb tablet_text_alignment=\u00a0\u00bbdefault\u00a0\u00bb phone_text_alignment=\u00a0\u00bbdefault\u00a0\u00bb background_color_opacity=\u00a0\u00bb1&Prime; background_hover_color_opacity=\u00a0\u00bb1&Prime; column_backdrop_filter=\u00a0\u00bbnone\u00a0\u00bb column_shadow=\u00a0\u00bbnone\u00a0\u00bb column_border_radius=\u00a0\u00bbnone\u00a0\u00bb column_link_target=\u00a0\u00bb_self\u00a0\u00bb column_position=\u00a0\u00bbdefault\u00a0\u00bb gradient_direction=\u00a0\u00bbleft_to_right\u00a0\u00bb overlay_strength=\u00a0\u00bb0.3&Prime; width=\u00a0\u00bb1\/1&Prime; tablet_width_inherit=\u00a0\u00bbdefault\u00a0\u00bb animation_type=\u00a0\u00bbdefault\u00a0\u00bb bg_image_animation=\u00a0\u00bbnone\u00a0\u00bb border_type=\u00a0\u00bbsimple\u00a0\u00bb column_border_width=\u00a0\u00bbnone\u00a0\u00bb column_border_style=\u00a0\u00bbsolid\u00a0\u00bb][vc_row_inner equal_height=\u00a0\u00bbyes\u00a0\u00bb content_placement=\u00a0\u00bbmiddle\u00a0\u00bb column_margin=\u00a0\u00bbdefault\u00a0\u00bb column_direction=\u00a0\u00bbdefault\u00a0\u00bb column_direction_tablet=\u00a0\u00bbdefault\u00a0\u00bb column_direction_phone=\u00a0\u00bbdefault\u00a0\u00bb text_align=\u00a0\u00bbleft\u00a0\u00bb row_position=\u00a0\u00bbdefault\u00a0\u00bb row_position_tablet=\u00a0\u00bbinherit\u00a0\u00bb row_position_phone=\u00a0\u00bbinherit\u00a0\u00bb overflow=\u00a0\u00bbvisible\u00a0\u00bb pointer_events=\u00a0\u00bball\u00a0\u00bb][vc_column_inner column_padding=\u00a0\u00bbno-extra-padding\u00a0\u00bb column_padding_tablet=\u00a0\u00bbinherit\u00a0\u00bb column_padding_phone=\u00a0\u00bbinherit\u00a0\u00bb column_padding_position=\u00a0\u00bball\u00a0\u00bb left_margin=\u00a0\u00bb8%\u00a0\u00bb constrain_group_2=\u00a0\u00bbyes\u00a0\u00bb right_margin=\u00a0\u00bb8%\u00a0\u00bb column_element_direction_desktop=\u00a0\u00bbdefault\u00a0\u00bb column_element_spacing=\u00a0\u00bbdefault\u00a0\u00bb desktop_text_alignment=\u00a0\u00bbdefault\u00a0\u00bb tablet_text_alignment=\u00a0\u00bbdefault\u00a0\u00bb phone_text_alignment=\u00a0\u00bbdefault\u00a0\u00bb background_color_opacity=\u00a0\u00bb1&Prime; background_hover_color_opacity=\u00a0\u00bb1&Prime; column_backdrop_filter=\u00a0\u00bbnone\u00a0\u00bb column_shadow=\u00a0\u00bbnone\u00a0\u00bb column_border_radius=\u00a0\u00bbnone\u00a0\u00bb column_link_target=\u00a0\u00bb_self\u00a0\u00bb overflow=\u00a0\u00bbvisible\u00a0\u00bb gradient_direction=\u00a0\u00bbleft_to_right\u00a0\u00bb overlay_strength=\u00a0\u00bb0.3&Prime; width=\u00a0\u00bb1\/2&Prime; tablet_width_inherit=\u00a0\u00bbdefault\u00a0\u00bb animation_type=\u00a0\u00bbdefault\u00a0\u00bb enable_animation=\u00a0\u00bbtrue\u00a0\u00bb animation=\u00a0\u00bbfade-in\u00a0\u00bb animation_easing=\u00a0\u00bbdefault\u00a0\u00bb bg_image_animation=\u00a0\u00bbnone\u00a0\u00bb border_type=\u00a0\u00bbsimple\u00a0\u00bb column_border_width=\u00a0\u00bbnone\u00a0\u00bb column_border_style=\u00a0\u00bbsolid\u00a0\u00bb offset=\u00a0\u00bbvc_col-lg-6 vc_col-md-6 vc_col-xs-12&Prime; column_padding_type=\u00a0\u00bbdefault\u00a0\u00bb gradient_type=\u00a0\u00bbdefault\u00a0\u00bb][vc_column_text css_animation=\u00a0\u00bbfadeInUp\u00a0\u00bb css=\u00a0\u00bb.vc_custom_1742459980124{margin-bottom: 15px !important;}\u00a0\u00bb text_direction=\u00a0\u00bbdefault\u00a0\u00bb]\n<h5 data-pm-slice=\"0 0 []\">Guide pour voyageurs<\/h5>\n[\/vc_column_text][split_line_heading animation_type=\u00a0\u00bbdefault\u00a0\u00bb text_direction=\u00a0\u00bbdefault\u00a0\u00bb]\n<h1>Que faire \u00e0 Cordoue en une journ\u00e9e<\/h1>\n[\/split_line_heading][\/vc_column_inner][vc_column_inner column_padding=\u00a0\u00bbno-extra-padding\u00a0\u00bb column_padding_tablet=\u00a0\u00bbinherit\u00a0\u00bb column_padding_phone=\u00a0\u00bbinherit\u00a0\u00bb column_padding_position=\u00a0\u00bball\u00a0\u00bb column_element_direction_desktop=\u00a0\u00bbdefault\u00a0\u00bb column_element_spacing=\u00a0\u00bbdefault\u00a0\u00bb desktop_text_alignment=\u00a0\u00bbdefault\u00a0\u00bb tablet_text_alignment=\u00a0\u00bbdefault\u00a0\u00bb phone_text_alignment=\u00a0\u00bbdefault\u00a0\u00bb background_color_opacity=\u00a0\u00bb1&Prime; background_hover_color_opacity=\u00a0\u00bb1&Prime; column_backdrop_filter=\u00a0\u00bbnone\u00a0\u00bb column_shadow=\u00a0\u00bbnone\u00a0\u00bb column_border_radius=\u00a0\u00bbnone\u00a0\u00bb column_link_target=\u00a0\u00bb_self\u00a0\u00bb overflow=\u00a0\u00bbvisible\u00a0\u00bb gradient_direction=\u00a0\u00bbleft_to_right\u00a0\u00bb overlay_strength=\u00a0\u00bb0.3&Prime; width=\u00a0\u00bb1\/4&Prime; tablet_width_inherit=\u00a0\u00bbdefault\u00a0\u00bb animation_type=\u00a0\u00bbdefault\u00a0\u00bb bg_image_animation=\u00a0\u00bbnone\u00a0\u00bb border_type=\u00a0\u00bbsimple\u00a0\u00bb column_border_width=\u00a0\u00bbnone\u00a0\u00bb column_border_style=\u00a0\u00bbsolid\u00a0\u00bb offset=\u00a0\u00bbvc_hidden-sm vc_hidden-xs\u00a0\u00bb][\/vc_column_inner][vc_column_inner column_padding=\u00a0\u00bbpadding-6-percent\u00a0\u00bb column_padding_tablet=\u00a0\u00bbinherit\u00a0\u00bb column_padding_phone=\u00a0\u00bbinherit\u00a0\u00bb column_padding_position=\u00a0\u00bbbottom\u00a0\u00bb column_element_direction_desktop=\u00a0\u00bbdefault\u00a0\u00bb column_element_spacing=\u00a0\u00bbdefault\u00a0\u00bb desktop_text_alignment=\u00a0\u00bbdefault\u00a0\u00bb tablet_text_alignment=\u00a0\u00bbdefault\u00a0\u00bb phone_text_alignment=\u00a0\u00bbdefault\u00a0\u00bb background_color_opacity=\u00a0\u00bb1&Prime; background_hover_color_opacity=\u00a0\u00bb1&Prime; column_backdrop_filter=\u00a0\u00bbnone\u00a0\u00bb column_shadow=\u00a0\u00bbnone\u00a0\u00bb column_border_radius=\u00a0\u00bbnone\u00a0\u00bb column_link_target=\u00a0\u00bb_self\u00a0\u00bb overflow=\u00a0\u00bbvisible\u00a0\u00bb gradient_direction=\u00a0\u00bbleft_to_right\u00a0\u00bb overlay_strength=\u00a0\u00bb0.3&Prime; width=\u00a0\u00bb1\/4&Prime; tablet_width_inherit=\u00a0\u00bbdefault\u00a0\u00bb animation_type=\u00a0\u00bbdefault\u00a0\u00bb enable_animation=\u00a0\u00bbtrue\u00a0\u00bb animation=\u00a0\u00bbfade-in-from-bottom\u00a0\u00bb animation_easing=\u00a0\u00bbdefault\u00a0\u00bb bg_image_animation=\u00a0\u00bbnone\u00a0\u00bb border_type=\u00a0\u00bbsimple\u00a0\u00bb column_border_width=\u00a0\u00bbnone\u00a0\u00bb column_border_style=\u00a0\u00bbsolid\u00a0\u00bb offset=\u00a0\u00bbvc_col-xs-12&Prime;][\/vc_column_inner][\/vc_row_inner][\/vc_column][\/vc_row][vc_row type=\u00a0\u00bbin_container\u00a0\u00bb full_screen_row_position=\u00a0\u00bbmiddle\u00a0\u00bb column_margin=\u00a0\u00bbdefault\u00a0\u00bb column_direction=\u00a0\u00bbdefault\u00a0\u00bb column_direction_tablet=\u00a0\u00bbdefault\u00a0\u00bb column_direction_phone=\u00a0\u00bbdefault\u00a0\u00bb scene_position=\u00a0\u00bbcenter\u00a0\u00bb top_padding=\u00a0\u00bb3%\u00a0\u00bb constrain_group_1=\u00a0\u00bbyes\u00a0\u00bb bottom_padding=\u00a0\u00bb3%\u00a0\u00bb left_padding_desktop=\u00a0\u00bb13%\u00a0\u00bb constrain_group_2=\u00a0\u00bbyes\u00a0\u00bb right_padding_desktop=\u00a0\u00bb13%\u00a0\u00bb top_padding_tablet=\u00a0\u00bb7%\u00a0\u00bb constrain_group_3=\u00a0\u00bbyes\u00a0\u00bb bottom_padding_tablet=\u00a0\u00bb7%\u00a0\u00bb left_padding_tablet=\u00a0\u00bb1%\u00a0\u00bb constrain_group_4=\u00a0\u00bbyes\u00a0\u00bb right_padding_tablet=\u00a0\u00bb1%\u00a0\u00bb top_padding_phone=\u00a0\u00bb10%\u00a0\u00bb constrain_group_5=\u00a0\u00bbyes\u00a0\u00bb bottom_padding_phone=\u00a0\u00bb10%\u00a0\u00bb left_padding_phone=\u00a0\u00bb1%\u00a0\u00bb constrain_group_6=\u00a0\u00bbyes\u00a0\u00bb right_padding_phone=\u00a0\u00bb1%\u00a0\u00bb text_color=\u00a0\u00bbdark\u00a0\u00bb text_align=\u00a0\u00bbleft\u00a0\u00bb row_border_radius=\u00a0\u00bbnone\u00a0\u00bb row_border_radius_applies=\u00a0\u00bbbg\u00a0\u00bb overflow=\u00a0\u00bbvisible\u00a0\u00bb overlay_strength=\u00a0\u00bb0.3&Prime; gradient_direction=\u00a0\u00bbleft_to_right\u00a0\u00bb shape_divider_position=\u00a0\u00bbbottom\u00a0\u00bb bg_image_animation=\u00a0\u00bbnone\u00a0\u00bb gradient_type=\u00a0\u00bbdefault\u00a0\u00bb shape_type=\u00a0\u00bb\u00a0\u00bb][vc_column column_padding=\u00a0\u00bbno-extra-padding\u00a0\u00bb column_padding_tablet=\u00a0\u00bbinherit\u00a0\u00bb column_padding_phone=\u00a0\u00bbinherit\u00a0\u00bb column_padding_position=\u00a0\u00bball\u00a0\u00bb constrain_group_2=\u00a0\u00bbyes\u00a0\u00bb column_element_direction_desktop=\u00a0\u00bbdefault\u00a0\u00bb column_element_spacing=\u00a0\u00bbdefault\u00a0\u00bb desktop_text_alignment=\u00a0\u00bbdefault\u00a0\u00bb tablet_text_alignment=\u00a0\u00bbdefault\u00a0\u00bb phone_text_alignment=\u00a0\u00bbdefault\u00a0\u00bb background_color_opacity=\u00a0\u00bb1&Prime; background_hover_color_opacity=\u00a0\u00bb1&Prime; column_backdrop_filter=\u00a0\u00bbnone\u00a0\u00bb column_shadow=\u00a0\u00bbnone\u00a0\u00bb column_border_radius=\u00a0\u00bbnone\u00a0\u00bb column_link_target=\u00a0\u00bb_self\u00a0\u00bb column_position=\u00a0\u00bbdefault\u00a0\u00bb gradient_direction=\u00a0\u00bbleft_to_right\u00a0\u00bb overlay_strength=\u00a0\u00bb0.3&Prime; width=\u00a0\u00bb1\/1&Prime; tablet_width_inherit=\u00a0\u00bbdefault\u00a0\u00bb animation_type=\u00a0\u00bbdefault\u00a0\u00bb bg_image_animation=\u00a0\u00bbnone\u00a0\u00bb border_type=\u00a0\u00bbsimple\u00a0\u00bb column_border_width=\u00a0\u00bbnone\u00a0\u00bb column_border_style=\u00a0\u00bbsolid\u00a0\u00bb column_padding_type=\u00a0\u00bbdefault\u00a0\u00bb gradient_type=\u00a0\u00bbdefault\u00a0\u00bb][vc_row_inner column_margin=\u00a0\u00bbdefault\u00a0\u00bb column_direction=\u00a0\u00bbdefault\u00a0\u00bb column_direction_tablet=\u00a0\u00bbdefault\u00a0\u00bb column_direction_phone=\u00a0\u00bbdefault\u00a0\u00bb text_align=\u00a0\u00bbleft\u00a0\u00bb row_position=\u00a0\u00bbdefault\u00a0\u00bb row_position_tablet=\u00a0\u00bbinherit\u00a0\u00bb row_position_phone=\u00a0\u00bbinherit\u00a0\u00bb overflow=\u00a0\u00bbvisible\u00a0\u00bb pointer_events=\u00a0\u00bball\u00a0\u00bb][vc_column_inner column_padding=\u00a0\u00bbno-extra-padding\u00a0\u00bb column_padding_tablet=\u00a0\u00bbinherit\u00a0\u00bb column_padding_phone=\u00a0\u00bbinherit\u00a0\u00bb column_padding_position=\u00a0\u00bball\u00a0\u00bb column_element_direction_desktop=\u00a0\u00bbdefault\u00a0\u00bb column_element_spacing=\u00a0\u00bbdefault\u00a0\u00bb desktop_text_alignment=\u00a0\u00bbdefault\u00a0\u00bb tablet_text_alignment=\u00a0\u00bbdefault\u00a0\u00bb phone_text_alignment=\u00a0\u00bbdefault\u00a0\u00bb background_color_opacity=\u00a0\u00bb1&Prime; background_hover_color_opacity=\u00a0\u00bb1&Prime; column_backdrop_filter=\u00a0\u00bbnone\u00a0\u00bb column_shadow=\u00a0\u00bbnone\u00a0\u00bb column_border_radius=\u00a0\u00bbnone\u00a0\u00bb column_link_target=\u00a0\u00bb_self\u00a0\u00bb overflow=\u00a0\u00bbvisible\u00a0\u00bb gradient_direction=\u00a0\u00bbleft_to_right\u00a0\u00bb overlay_strength=\u00a0\u00bb0.3&Prime; width=\u00a0\u00bb1\/1&Prime; tablet_width_inherit=\u00a0\u00bbdefault\u00a0\u00bb animation_type=\u00a0\u00bbdefault\u00a0\u00bb bg_image_animation=\u00a0\u00bbnone\u00a0\u00bb border_type=\u00a0\u00bbsimple\u00a0\u00bb column_border_width=\u00a0\u00bbnone\u00a0\u00bb column_border_style=\u00a0\u00bbsolid\u00a0\u00bb][vc_column_text css=\u00a0\u00bb\u00a0\u00bb text_direction=\u00a0\u00bbdefault\u00a0\u00bb]\n<h2>Que Voir \u00e0 Cordoue : Un Guide Complet pour Explorer la Ville des Califes<\/h2>\n<p class=\"whitespace-pre-wrap break-words\">Cordoue, l&rsquo;un des joyaux d&rsquo;Andalousie, est une ville qui respire l&rsquo;histoire, la culture et la beaut\u00e9 \u00e0 chaque coin de rue. Avec son impressionnant m\u00e9lange d&rsquo;influences romaines, musulmanes, juives et chr\u00e9tiennes, elle offre une richesse patrimoniale qui en fait une destination incontournable pour tout voyageur. Si vous vous demandez que voir \u00e0 Cordoue, voici un guide complet pour explorer ses merveilles.<\/p>\n<h3 class=\"text-xl font-bold text-text-200 mt-1 -mb-0.5\"><strong>La Mosqu\u00e9e-Cath\u00e9drale de Cordoue<\/strong><\/h3>\n<p class=\"whitespace-pre-wrap break-words\">On ne peut pas parler de que voir \u00e0 Cordoue sans mentionner son monument le plus embl\u00e9matique : la Mosqu\u00e9e-Cath\u00e9drale. Cet impressionnant \u00e9difice est une synth\u00e8se parfaite de l&rsquo;architecture islamique et chr\u00e9tienne. Construite \u00e0 l&rsquo;origine comme une mosqu\u00e9e au VIIIe si\u00e8cle, elle a \u00e9t\u00e9 convertie en cath\u00e9drale apr\u00e8s la Reconqu\u00eate en 1236. Sa for\u00eat de colonnes et d&rsquo;arcs en fer \u00e0 cheval, ainsi que son majestueux mihrab, vous couperont le souffle. N&rsquo;oubliez pas de monter \u00e0 la tour du clocher pour profiter d&rsquo;une vue spectaculaire sur la ville. <a class=\"underline\" href=\"https:\/\/tickets.mezquita-catedraldecordoba.es\/es?gad_source=1&amp;gclid=Cj0KCQjw3ZayBhDRARIsAPWzx8qU2XWd7XoHjNSigY4ovS5VTDaFFIKSmReW9cT5BAPmKgl_mnmBBDoaAh_-EALw_wcB\" target=\"_blank\" rel=\"noopener\">Vous pouvez acheter vos billets ici<\/a>.<\/p>\n<h3 class=\"text-xl font-bold text-text-200 mt-1 -mb-0.5\"><strong>L&rsquo;Alcazar des Rois Chr\u00e9tiens<\/strong><\/h3>\n<p class=\"whitespace-pre-wrap break-words\">Un autre lieu incontournable dans la liste de que voir \u00e0 Cordoue est l&rsquo;Alcazar des Rois Chr\u00e9tiens. Ce palais-forteresse, construit au XIVe si\u00e8cle, fut l&rsquo;une des r\u00e9sidences pr\u00e9f\u00e9r\u00e9es des Rois Catholiques. Ses jardins, avec des fontaines et des bassins, sont un havre de paix qui contraste avec la sobri\u00e9t\u00e9 de ses murs. De plus, depuis ses tours, vous pouvez profiter d&rsquo;une vue panoramique de la ville et du fleuve Guadalquivir. <a class=\"underline\" href=\"https:\/\/alcazardecordoba.es\/entradas\/\" target=\"_blank\" rel=\"noopener\">Vous pouvez acheter vos billets ici<\/a>.<\/p>\n<h3 class=\"text-xl font-bold text-text-200 mt-1 -mb-0.5\"><strong>Le Quartier Juif<\/strong><\/h3>\n<p class=\"whitespace-pre-wrap break-words\">Le Quartier Juif est l&rsquo;un des endroits les plus charmants pour se perdre \u00e0 Cordoue. Ses ruelles \u00e9troites pav\u00e9es, ses maisons blanchies \u00e0 la chaux et ses patios fleuris cr\u00e9ent une atmosph\u00e8re unique. Dans ce quartier se trouve la Synagogue de Cordoue, l&rsquo;une des rares qui se conservent en Espagne depuis le Moyen \u00c2ge. Le Zoco Municipal, o\u00f9 l&rsquo;on peut trouver de l&rsquo;artisanat typique, et la Maison de Sefarad, un mus\u00e9e d\u00e9di\u00e9 \u00e0 la culture juive, sont \u00e9galement des visites recommand\u00e9es pour ceux qui cherchent que voir \u00e0 Cordoue.<\/p>\n<h3 class=\"text-xl font-bold text-text-200 mt-1 -mb-0.5\"><strong>La Ruelle des Fleurs<\/strong><\/h3>\n<p class=\"whitespace-pre-wrap break-words\">Si vous cherchez une carte postale parfaite de Cordoue, la Ruelle des Fleurs est l&rsquo;endroit id\u00e9al. Cette petite ruelle pittoresque se termine par une petite place d&rsquo;o\u00f9 l&rsquo;on peut voir la tour de la Mosqu\u00e9e-Cath\u00e9drale encadr\u00e9e par des pots de fleurs color\u00e9es. C&rsquo;est un lieu parfait pour prendre des photos et profiter de l&rsquo;ambiance andalouse.<\/p>\n<h3 class=\"text-xl font-bold text-text-200 mt-1 -mb-0.5\"><strong>Le Pont Romain et la Tour de la Calahorra<\/strong><\/h3>\n<p class=\"whitespace-pre-wrap break-words\">Le Pont Romain, construit au Ier si\u00e8cle av. J.-C., est un autre symbole de Cordoue. Ce pont de 16 arches traverse le fleuve Guadalquivir et offre une vue impressionnante de la ville, surtout au coucher du soleil. \u00c0 l&rsquo;une de ses extr\u00e9mit\u00e9s se trouve la Tour de la Calahorra, une forteresse qui abrite aujourd&rsquo;hui le Mus\u00e9e Vivant d&rsquo;Al-Andalus, o\u00f9 l&rsquo;on peut apprendre sur la coexistence des cultures chr\u00e9tienne, musulmane et juive dans la Cordoue m\u00e9di\u00e9vale.<\/p>\n<h3 class=\"text-xl font-bold text-text-200 mt-1 -mb-0.5\"><strong>Le Palais de Viana<\/strong><\/h3>\n<p class=\"whitespace-pre-wrap break-words\">Connu comme le \u00ab\u00a0Mus\u00e9e des Patios\u00a0\u00bb, le Palais de Viana est une visite obligatoire pour les amateurs d&rsquo;architecture et de jardinage. Ce palais Renaissance compte douze patios, chacun avec son propre style et charme. Au printemps, lorsque les fleurs sont en pleine floraison, le Palais de Viana devient un v\u00e9ritable paradis. Sans aucun doute, c&rsquo;est l&rsquo;un des endroits les plus beaux \u00e0 voir \u00e0 Cordoue. <a class=\"underline\" href=\"https:\/\/entradas.palaciodeviana.com\/janto\/main.php?idTemporada=65\" target=\"_blank\" rel=\"noopener\">Vous pouvez acheter vos billets ici<\/a>.<\/p>\n<h3 class=\"text-xl font-bold text-text-200 mt-1 -mb-0.5\"><strong>La Place de la Corredera<\/strong><\/h3>\n<p class=\"whitespace-pre-wrap break-words\">La Place de la Corredera est la seule place majeure de style castillan en Andalousie. Avec sa forme rectangulaire et ses arcades, c&rsquo;est un lieu parfait pour profiter d&rsquo;une boisson sur l&rsquo;une de ses terrasses tout en observant la vie quotidienne de la ville. Sur cette place se trouve \u00e9galement le March\u00e9 de S\u00e1nchez Pe\u00f1a, id\u00e9al pour go\u00fbter des produits locaux. C&rsquo;est un autre point essentiel \u00e0 voir \u00e0 Cordoue pour comprendre la vie locale.<\/p>\n<h3 class=\"text-xl font-bold text-text-200 mt-1 -mb-0.5\"><strong>Medina Azahara<\/strong><\/h3>\n<p class=\"whitespace-pre-wrap break-words\">\u00c0 quelques kilom\u00e8tres de Cordoue se trouvent les ruines de Medina Azahara, une cit\u00e9 palatine construite au Xe si\u00e8cle par le calife Abd al-Rahman III. Bien qu&rsquo;elle soit en grande partie en ruines, les vestiges de cette ville refl\u00e8tent la splendeur du Califat de Cordoue. Le centre des visiteurs offre une vision d\u00e9taill\u00e9e de son histoire et de son importance, faisant de Medina Azahara un lieu fascinant \u00e0 voir \u00e0 Cordoue. <a class=\"underline\" href=\"https:\/\/www.medinaazahara.org\/entradas-medina-azahara.html?gad_source=1&amp;gclid=Cj0KCQjw3ZayBhDRARIsAPWzx8oVdq_xzGkWMXJUh1ceLbnk62TuOOQjzr_VWJn63YroRbWX9w8Iyi0aAsnZEALw_wcB\" target=\"_blank\" rel=\"noopener\">Vous pouvez acheter vos billets ici<\/a>.<\/p>\n<h3 class=\"text-xl font-bold text-text-200 mt-1 -mb-0.5\"><strong>Les Patios de Cordoue<\/strong><\/h3>\n<p class=\"whitespace-pre-wrap break-words\">L&rsquo;une des traditions les plus charmantes de Cordoue est la F\u00eate des Patios, qui se c\u00e9l\u00e8bre chaque mois de mai. Pendant cette p\u00e9riode, les patios priv\u00e9s de la ville s&rsquo;ouvrent au public, montrant leurs fleurs color\u00e9es et leurs d\u00e9corations. M\u00eame en dehors de la saison du festival, de nombreux patios peuvent \u00eatre visit\u00e9s, en particulier dans le quartier de San Basilio. Les Patios sont une exp\u00e9rience unique \u00e0 voir \u00e0 Cordoue, remplissant la ville de couleur et de vie.<\/p>\n<h3 class=\"text-xl font-bold text-text-200 mt-1 -mb-0.5\"><strong>La Gastronomie Cordouane<\/strong><\/h3>\n<p class=\"whitespace-pre-wrap break-words\">Vous ne pouvez pas visiter Cordoue sans profiter de sa d\u00e9licieuse gastronomie. Des plats comme le salmorejo, le flamenqu\u00edn et la queue de taureau sont d&rsquo;authentiques d\u00e9lices que vous devez go\u00fbter. De plus, la ville compte de nombreux bars \u00e0 tapas o\u00f9 vous pouvez d\u00e9guster une grande vari\u00e9t\u00e9 de saveurs locales. La gastronomie est une partie fondamentale de l&rsquo;exp\u00e9rience de ce qu&rsquo;il faut voir \u00e0 Cordoue.<\/p>\n<p class=\"whitespace-pre-wrap break-words\">En r\u00e9sum\u00e9, Cordoue est une ville qui combine parfaitement son riche pass\u00e9 historique avec une vie contemporaine vibrante. De ses monuments impressionnants \u00e0 ses rues charmantes et sa d\u00e9licieuse gastronomie, il y a beaucoup \u00e0 voir \u00e0 Cordoue. Alors, si vous planifiez une visite, assurez-vous d&rsquo;avoir suffisamment de temps pour explorer et profiter de tout ce que cette merveilleuse ville a \u00e0 offrir.<\/p>\n<p>Photo de <a href=\"https:\/\/unsplash.com\/es\/@alexgoesglobal?utm_content=creditCopyText&amp;utm_medium=referral&amp;utm_source=unsplash\" target=\"_blank\" rel=\"noopener\">Alexandra Tran<\/a> sur <a href=\"https:\/\/unsplash.com\/es\/fotos\/el-interior-de-un-edificio-con-columnas-y-arcos-rvE_jTiejVc?utm_content=creditCopyText&amp;utm_medium=referral&amp;utm_source=unsplash\" target=\"_blank\" rel=\"noopener\">Unsplash<\/a>[\/vc_column_text][\/vc_column_inner][\/vc_row_inner][\/vc_column][\/vc_row]\n","protected":false},"excerpt":{"rendered":"<p>[vc_row type=\u00a0\u00bbfull_width_background\u00a0\u00bb full_screen_row_position=\u00a0\u00bbmiddle\u00a0\u00bb column_margin=\u00a0\u00bbdefault\u00a0\u00bb column_direction=\u00a0\u00bbdefault\u00a0\u00bb column_direction_tablet=\u00a0\u00bbdefault\u00a0\u00bb column_direction_phone=\u00a0\u00bbdefault\u00a0\u00bb bg_color=\u00a0\u00bb#ffffff\u00a0\u00bb bg_image=\u00a0\u00bb2325&Prime; bg_position=\u00a0\u00bbcenter center\u00a0\u00bb background_image_loading=\u00a0\u00bbdefault\u00a0\u00bb bg_repeat=\u00a0\u00bbno-repeat\u00a0\u00bb scene_position=\u00a0\u00bbcenter\u00a0\u00bb top_padding=\u00a0\u00bb14%\u00a0\u00bb bottom_padding=\u00a0\u00bb15%\u00a0\u00bb text_color=\u00a0\u00bblight\u00a0\u00bb text_align=\u00a0\u00bbleft\u00a0\u00bb row_border_radius=\u00a0\u00bbnone\u00a0\u00bb row_border_radius_applies=\u00a0\u00bbbg\u00a0\u00bb overflow=\u00a0\u00bbvisible\u00a0\u00bb enable_gradient=\u00a0\u00bbtrue\u00a0\u00bb color_overlay=\u00a0\u00bb#0a0000&Prime; color_overlay_2=\u00a0\u00bbrgba(10,10,10,0.5)\u00a0\u00bb overlay_strength=\u00a0\u00bb0.5&Prime; gradient_direction=\u00a0\u00bbleft_to_right\u00a0\u00bb shape_divider_color=\u00a0\u00bb#ffffff\u00a0\u00bb shape_divider_position=\u00a0\u00bbbottom\u00a0\u00bb shape_divider_height=\u00a0\u00bb350&Prime; bg_image_animation=\u00a0\u00bbnone\u00a0\u00bb&#8230;<\/p>\n","protected":false},"author":1,"featured_media":0,"parent":0,"menu_order":0,"comment_status":"closed","ping_status":"closed","template":"","meta":{"footnotes":""},"class_list":["post-985","page","type-page","status-publish"],"_links":{"self":[{"href":"https:\/\/cordobalocker.com\/fr\/wp-json\/wp\/v2\/pages\/985","targetHints":{"allow":["GET"]}}],"collection":[{"href":"https:\/\/cordobalocker.com\/fr\/wp-json\/wp\/v2\/pages"}],"about":[{"href":"https:\/\/cordobalocker.com\/fr\/wp-json\/wp\/v2\/types\/page"}],"author":[{"embeddable":true,"href":"https:\/\/cordobalocker.com\/fr\/wp-json\/wp\/v2\/users\/1"}],"replies":[{"embeddable":true,"href":"https:\/\/cordobalocker.com\/fr\/wp-json\/wp\/v2\/comments?post=985"}],"version-history":[{"count":8,"href":"https:\/\/cordobalocker.com\/fr\/wp-json\/wp\/v2\/pages\/985\/revisions"}],"predecessor-version":[{"id":2611,"href":"https:\/\/cordobalocker.com\/fr\/wp-json\/wp\/v2\/pages\/985\/revisions\/2611"}],"wp:attachment":[{"href":"https:\/\/cordobalocker.com\/fr\/wp-json\/wp\/v2\/media?parent=985"}],"curies":[{"name":"wp","href":"https:\/\/api.w.org\/{rel}","templated":true}]}}