{"id":2638,"date":"2025-03-10T22:30:10","date_gmt":"2025-03-10T22:30:10","guid":{"rendered":"https:\/\/cordobalocker.com\/politique-des-cookies\/"},"modified":"2025-07-04T19:13:29","modified_gmt":"2025-07-04T19:13:29","slug":"politique-des-cookies","status":"publish","type":"page","link":"https:\/\/cordobalocker.com\/fr\/politique-des-cookies\/","title":{"rendered":"Politique des Cookies"},"content":{"rendered":"[vc_row type=\u00a0\u00bbfull_width_background\u00a0\u00bb full_screen_row_position=\u00a0\u00bbmiddle\u00a0\u00bb column_margin=\u00a0\u00bbdefault\u00a0\u00bb column_direction=\u00a0\u00bbdefault\u00a0\u00bb column_direction_tablet=\u00a0\u00bbdefault\u00a0\u00bb column_direction_phone=\u00a0\u00bbdefault\u00a0\u00bb bg_color=\u00a0\u00bb#ffffff\u00a0\u00bb scene_position=\u00a0\u00bbcenter\u00a0\u00bb top_padding=\u00a0\u00bb1%\u00a0\u00bb bottom_padding=\u00a0\u00bb5%\u00a0\u00bb text_color=\u00a0\u00bbdark\u00a0\u00bb text_align=\u00a0\u00bbleft\u00a0\u00bb row_border_radius=\u00a0\u00bbnone\u00a0\u00bb row_border_radius_applies=\u00a0\u00bbbg\u00a0\u00bb overflow=\u00a0\u00bbvisible\u00a0\u00bb overlay_strength=\u00a0\u00bb0.3&Prime; gradient_direction=\u00a0\u00bbleft_to_right\u00a0\u00bb shape_divider_position=\u00a0\u00bbbottom\u00a0\u00bb bg_image_animation=\u00a0\u00bbnone\u00a0\u00bb gradient_type=\u00a0\u00bbdefault\u00a0\u00bb shape_type=\u00a0\u00bb\u00a0\u00bb][vc_column column_padding=\u00a0\u00bbno-extra-padding\u00a0\u00bb column_padding_tablet=\u00a0\u00bbinherit\u00a0\u00bb column_padding_phone=\u00a0\u00bbinherit\u00a0\u00bb column_padding_position=\u00a0\u00bball\u00a0\u00bb column_element_direction_desktop=\u00a0\u00bbdefault\u00a0\u00bb column_element_spacing=\u00a0\u00bbdefault\u00a0\u00bb desktop_text_alignment=\u00a0\u00bbdefault\u00a0\u00bb tablet_text_alignment=\u00a0\u00bbdefault\u00a0\u00bb phone_text_alignment=\u00a0\u00bbdefault\u00a0\u00bb background_color_opacity=\u00a0\u00bb1&Prime; background_hover_color_opacity=\u00a0\u00bb1&Prime; column_backdrop_filter=\u00a0\u00bbnone\u00a0\u00bb column_shadow=\u00a0\u00bbnone\u00a0\u00bb column_border_radius=\u00a0\u00bbnone\u00a0\u00bb column_link_target=\u00a0\u00bb_self\u00a0\u00bb column_position=\u00a0\u00bbdefault\u00a0\u00bb gradient_direction=\u00a0\u00bbleft_to_right\u00a0\u00bb overlay_strength=\u00a0\u00bb0.3&Prime; width=\u00a0\u00bb1\/1&Prime; tablet_width_inherit=\u00a0\u00bbdefault\u00a0\u00bb animation_type=\u00a0\u00bbdefault\u00a0\u00bb bg_image_animation=\u00a0\u00bbnone\u00a0\u00bb border_type=\u00a0\u00bbsimple\u00a0\u00bb column_border_width=\u00a0\u00bbnone\u00a0\u00bb column_border_style=\u00a0\u00bbsolid\u00a0\u00bb][vc_row_inner column_margin=\u00a0\u00bbdefault\u00a0\u00bb column_direction=\u00a0\u00bbdefault\u00a0\u00bb column_direction_tablet=\u00a0\u00bbdefault\u00a0\u00bb column_direction_phone=\u00a0\u00bbdefault\u00a0\u00bb text_align=\u00a0\u00bbleft\u00a0\u00bb row_position=\u00a0\u00bbdefault\u00a0\u00bb row_position_tablet=\u00a0\u00bbinherit\u00a0\u00bb row_position_phone=\u00a0\u00bbinherit\u00a0\u00bb overflow=\u00a0\u00bbvisible\u00a0\u00bb pointer_events=\u00a0\u00bball\u00a0\u00bb][vc_column_inner column_padding=\u00a0\u00bbno-extra-padding\u00a0\u00bb column_padding_tablet=\u00a0\u00bbinherit\u00a0\u00bb column_padding_phone=\u00a0\u00bbinherit\u00a0\u00bb column_padding_position=\u00a0\u00bball\u00a0\u00bb column_element_direction_desktop=\u00a0\u00bbdefault\u00a0\u00bb column_element_spacing=\u00a0\u00bbdefault\u00a0\u00bb desktop_text_alignment=\u00a0\u00bbdefault\u00a0\u00bb tablet_text_alignment=\u00a0\u00bbdefault\u00a0\u00bb phone_text_alignment=\u00a0\u00bbdefault\u00a0\u00bb background_color_opacity=\u00a0\u00bb1&Prime; background_hover_color_opacity=\u00a0\u00bb1&Prime; column_backdrop_filter=\u00a0\u00bbnone\u00a0\u00bb column_shadow=\u00a0\u00bbnone\u00a0\u00bb column_border_radius=\u00a0\u00bbnone\u00a0\u00bb column_link_target=\u00a0\u00bb_self\u00a0\u00bb overflow=\u00a0\u00bbvisible\u00a0\u00bb gradient_direction=\u00a0\u00bbleft_to_right\u00a0\u00bb overlay_strength=\u00a0\u00bb0.3&Prime; width=\u00a0\u00bb1\/1&Prime; tablet_width_inherit=\u00a0\u00bbdefault\u00a0\u00bb animation_type=\u00a0\u00bbdefault\u00a0\u00bb bg_image_animation=\u00a0\u00bbnone\u00a0\u00bb border_type=\u00a0\u00bbsimple\u00a0\u00bb column_border_width=\u00a0\u00bbnone\u00a0\u00bb column_border_style=\u00a0\u00bbsolid\u00a0\u00bb][vc_column_text css=\u00a0\u00bb\u00a0\u00bb text_direction=\u00a0\u00bbdefault\u00a0\u00bb]\n<h1>Politique des Cookies<\/h1>\n[\/vc_column_text][\/vc_column_inner][\/vc_row_inner][vc_column_text css=\u00a0\u00bb\u00a0\u00bb text_direction=\u00a0\u00bbdefault\u00a0\u00bb]\n<div class=\"cookies-container\">\n<p>Cette d\u00e9claration de cookies a \u00e9t\u00e9 mise \u00e0 jour pour la derni\u00e8re fois le 24 f\u00e9vrier 2025 et s&rsquo;applique aux citoyens de l&rsquo;Espace \u00c9conomique Europ\u00e9en.<\/p>\n<h3>Introduction<\/h3>\n<p>Notre site web, HTTPS:\/\/CORDOBALOCKER.COM\/ (ci-apr\u00e8s : \u00ab\u00a0le site web\u00a0\u00bb) utilise des cookies et d&rsquo;autres technologies connexes (par souci de simplicit\u00e9, toutes les technologies sont appel\u00e9es \u00ab\u00a0cookies\u00a0\u00bb). Les cookies sont \u00e9galement plac\u00e9s par des tiers que nous avons engag\u00e9s. Dans le document suivant, nous vous informons sur l&rsquo;utilisation des cookies sur notre site web.  <\/p>\n<h3>Qu&rsquo;est-ce que les cookies ?<\/h3>\n<p>Un cookie est un petit fichier simple qui est envoy\u00e9 avec les pages de ce site web et que votre navigateur stocke sur le disque dur de votre ordinateur ou d&rsquo;un autre appareil. Les informations stock\u00e9es peuvent \u00eatre renvoy\u00e9es \u00e0 nos serveurs ou aux serveurs des tiers concern\u00e9s lors d&rsquo;une visite ult\u00e9rieure. <\/p>\n<h3>Qu&rsquo;est-ce que les scripts ?<\/h3>\n<p>Un script est un fragment de code de programme utilis\u00e9 pour faire fonctionner notre site web correctement et de mani\u00e8re interactive. Ce code s&rsquo;ex\u00e9cute sur notre serveur ou sur votre appareil. <\/p>\n<h3>Qu&rsquo;est-ce qu&rsquo;une balise web ?<\/h3>\n<p>Une balise web (ou une balise pixel) est un petit morceau invisible de texte ou d&rsquo;image sur un site web qui est utilis\u00e9 pour surveiller le trafic sur un site web. Pour ce faire, diverses donn\u00e9es vous concernant sont stock\u00e9es \u00e0 l&rsquo;aide de balises web. <\/p>\n<h3>Consentement<\/h3>\n<p>Lorsque vous visitez notre site web pour la premi\u00e8re fois, nous vous montrerons une fen\u00eatre contextuelle avec une explication sur les cookies. D\u00e8s que vous cliquez sur \u00ab\u00a0Sauvegarder les pr\u00e9f\u00e9rences\u00a0\u00bb, vous nous autorisez \u00e0 utiliser les cat\u00e9gories de cookies et de plug-ins que vous avez s\u00e9lectionn\u00e9es dans la fen\u00eatre contextuelle, comme d\u00e9crit dans cette d\u00e9claration de cookies. Vous pouvez d\u00e9sactiver l&rsquo;utilisation des cookies via votre navigateur, mais veuillez noter que notre site web pourrait ne plus fonctionner correctement.  <\/p>\n<h4>Gestion des param\u00e8tres de consentement<\/h4>\n<p>L&rsquo;utilisateur a le droit de manifester son accord par le biais du consentement que nous demanderons lors de la visite de notre site web.<\/p>\n<p>Ce consentement peut \u00eatre modifi\u00e9 \u00e0 tout moment.<\/p>\n<h3>Cookies<\/h3>\n<h4>Cookies techniques ou fonctionnels<\/h4>\n<p>Certains cookies assurent que certaines parties du site web fonctionnent correctement et que vos pr\u00e9f\u00e9rences d&rsquo;utilisateur restent connues. En pla\u00e7ant des cookies fonctionnels, nous vous facilitons la visite de notre site web. De cette fa\u00e7on, vous n&rsquo;avez pas besoin de saisir \u00e0 plusieurs reprises les m\u00eames informations lorsque vous visitez notre site web et, par exemple, les articles restent dans votre panier d&rsquo;achat jusqu&rsquo;\u00e0 ce que vous ayez pay\u00e9. Nous pouvons placer ces cookies sans votre consentement.   <\/p>\n<h4>Cookies analytiques<\/h4>\n<p>Ce sont ceux qui, trait\u00e9s par nous ou par des tiers, nous permettent de quantifier le nombre d&rsquo;utilisateurs et ainsi de r\u00e9aliser la mesure et l&rsquo;analyse statistique de l&rsquo;utilisation que les utilisateurs font du service offert. Pour cela, nous analysons votre navigation sur notre site web afin d&rsquo;am\u00e9liorer l&rsquo;offre de produits ou services que nous vous proposons. <\/p>\n<h4>Cookies publicitaires<\/h4>\n<p>Ce sont ceux qui, trait\u00e9s par nous ou par des tiers, nous permettent de g\u00e9rer de la mani\u00e8re la plus efficace possible l&rsquo;offre des espaces publicitaires pr\u00e9sents sur le site web, en adaptant le contenu de l&rsquo;annonce au contenu du service demand\u00e9 ou \u00e0 l&rsquo;utilisation que vous faites de notre site web. Pour cela, nous pouvons analyser vos habitudes de navigation sur Internet et nous pouvons vous montrer de la publicit\u00e9 li\u00e9e \u00e0 votre profil de navigation. <\/p>\n<h4>Boutons de m\u00e9dias sociaux<\/h4>\n<p>Sur notre site web, nous avons inclus des boutons pour faire de la publicit\u00e9 pour des pages (par exemple \u00ab\u00a0j&rsquo;aime\u00a0\u00bb, \u00ab\u00a0\u00e9pingler\u00a0\u00bb) ou les partager (par exemple \u00ab\u00a0tweeter\u00a0\u00bb) sur des r\u00e9seaux sociaux tels que. Ces boutons fonctionnent en utilisant leur propre code. Ce code int\u00e8gre des cookies. Ces boutons de r\u00e9seaux sociaux peuvent stocker et traiter certaines informations, de sorte qu&rsquo;une publicit\u00e9 personnalis\u00e9e peut vous \u00eatre montr\u00e9e.   <\/p>\n<p>Veuillez lire la politique de confidentialit\u00e9 de ces r\u00e9seaux sociaux (qui peut changer fr\u00e9quemment) pour savoir ce qu&rsquo;ils font avec vos donn\u00e9es (personnelles) qu&rsquo;ils traitent en utilisant ces cookies. Les donn\u00e9es qu&rsquo;ils re\u00e7oivent sont anonymis\u00e9es autant que possible et sont situ\u00e9es aux \u00c9tats-Unis. <\/p>\n<h3>Cookies utilis\u00e9s<\/h3>\n<p>Ci-dessous, nous vous indiquons les cookies utilis\u00e9s sur ce site.<\/p>\n<table class=\"cookies-table\" border=\"1\" cellspacing=\"0\" cellpadding=\"5\">\n<thead>\n<tr>\n<th>COOKIE<\/th>\n<th>PROPRI\u00c9TAIRE<\/th>\n<th>EXPIRATION<\/th>\n<th>CAT\u00c9GORIE\n<\/th>\n<th>FINALIT\u00c9<\/th>\n<\/tr>\n<\/thead>\n<tbody>\n<tr>\n<td><\/td>\n<td><\/td>\n<td><\/td>\n<td><\/td>\n<td><\/td>\n<\/tr>\n<tr>\n<td><\/td>\n<td><\/td>\n<td><\/td>\n<td><\/td>\n<td><\/td>\n<\/tr>\n<tr>\n<td><\/td>\n<td><\/td>\n<td><\/td>\n<td><\/td>\n<td><\/td>\n<\/tr>\n<tr>\n<td><\/td>\n<td><\/td>\n<td><\/td>\n<td><\/td>\n<td><\/td>\n<\/tr>\n<tr>\n<td><\/td>\n<td><\/td>\n<td><\/td>\n<td><\/td>\n<td><\/td>\n<\/tr>\n<tr>\n<td><\/td>\n<td><\/td>\n<td><\/td>\n<td><\/td>\n<td><\/td>\n<\/tr>\n<\/tbody>\n<\/table>\n<h3>Vos droits concernant les donn\u00e9es personnelles<\/h3>\n<p>Vous avez les droits suivants concernant vos donn\u00e9es personnelles :<\/p>\n<ul>\n<li>Vous avez le droit de savoir pourquoi vos donn\u00e9es personnelles sont n\u00e9cessaires, ce qui leur arrivera et combien de temps elles seront conserv\u00e9es.<\/li>\n<li>Droit d&rsquo;acc\u00e8s : vous avez le droit d&rsquo;acc\u00e9der \u00e0 vos donn\u00e9es personnelles que nous connaissons.<\/li>\n<li>Droit de rectification : vous avez le droit de compl\u00e9ter, rectifier, effacer ou bloquer vos donn\u00e9es personnelles quand vous le souhaitez.<\/li>\n<li>Si vous nous donnez votre consentement pour traiter vos donn\u00e9es, vous avez le droit de r\u00e9voquer ce consentement et de faire supprimer vos donn\u00e9es personnelles.<\/li>\n<li>Droit de portabilit\u00e9 de vos donn\u00e9es : vous avez le droit de demander toutes vos donn\u00e9es personnelles au responsable du traitement et de les transf\u00e9rer int\u00e9gralement \u00e0 un autre responsable du traitement.<\/li>\n<li>Droit d&rsquo;opposition : vous pouvez vous opposer au traitement de vos donn\u00e9es. Nous nous conformons \u00e0 cela, sauf s&rsquo;il existe des motifs justifi\u00e9s pour le traitement. <\/li>\n<\/ul>\n<p>Pour exercer ces droits, veuillez nous contacter. Veuillez vous r\u00e9f\u00e9rer aux coordonn\u00e9es en bas de cette d\u00e9claration de cookies. Si vous avez une plainte sur la fa\u00e7on dont nous g\u00e9rons vos donn\u00e9es, nous aimerions en \u00eatre inform\u00e9s, mais vous avez \u00e9galement le droit de d\u00e9poser une plainte aupr\u00e8s de l&rsquo;autorit\u00e9 de surveillance (l&rsquo;Autorit\u00e9 de Protection des Donn\u00e9es).  <\/p>\n<h3>Activation\/d\u00e9sactivation et suppression des cookies<\/h3>\n<p>Vous pouvez utiliser votre navigateur Internet pour supprimer automatiquement ou manuellement les cookies. Vous pouvez \u00e9galement sp\u00e9cifier que certains cookies ne peuvent pas \u00eatre plac\u00e9s. Une autre option consiste \u00e0 modifier les param\u00e8tres de votre navigateur Internet afin de recevoir un message chaque fois qu&rsquo;un cookie est plac\u00e9. Pour plus d&rsquo;informations sur ces options, consultez les instructions dans la section Aide de votre navigateur.   <\/p>\n<p>Veuillez noter que notre site web peut ne pas fonctionner correctement si tous les cookies sont d\u00e9sactiv\u00e9s. Si vous supprimez les cookies dans votre navigateur, ils seront replac\u00e9s apr\u00e8s votre consentement lorsque vous revisiterez nos sites web. <\/p>\n<h3>Coordonn\u00e9es<\/h3>\n<p>Pour les questions et\/ou commentaires sur notre politique de cookies et cette d\u00e9claration, veuillez nous contacter en utilisant les coordonn\u00e9es suivantes :<\/p>\n<p>D\u00e9nomination : C\u00d3RDOBA LOCKER<br \/>Adresse : AV. DR. FLEMING, 8, C\u00d3RDOBA (14001)<br \/>Site web : HTTPS:\/\/CORDOBALOCKER.COM<br \/>E-mail : info@cordobalocker.com<br \/>Num\u00e9ro de t\u00e9l\u00e9phone : 957464916 <\/p>\n<\/div>\n[\/vc_column_text][\/vc_column][\/vc_row]\n","protected":false},"excerpt":{"rendered":"<p>[vc_row type=\u00a0\u00bbfull_width_background\u00a0\u00bb full_screen_row_position=\u00a0\u00bbmiddle\u00a0\u00bb column_margin=\u00a0\u00bbdefault\u00a0\u00bb column_direction=\u00a0\u00bbdefault\u00a0\u00bb column_direction_tablet=\u00a0\u00bbdefault\u00a0\u00bb column_direction_phone=\u00a0\u00bbdefault\u00a0\u00bb bg_color=\u00a0\u00bb#ffffff\u00a0\u00bb scene_position=\u00a0\u00bbcenter\u00a0\u00bb top_padding=\u00a0\u00bb1%\u00a0\u00bb bottom_padding=\u00a0\u00bb5%\u00a0\u00bb text_color=\u00a0\u00bbdark\u00a0\u00bb text_align=\u00a0\u00bbleft\u00a0\u00bb row_border_radius=\u00a0\u00bbnone\u00a0\u00bb row_border_radius_applies=\u00a0\u00bbbg\u00a0\u00bb overflow=\u00a0\u00bbvisible\u00a0\u00bb overlay_strength=\u00a0\u00bb0.3&Prime; gradient_direction=\u00a0\u00bbleft_to_right\u00a0\u00bb shape_divider_position=\u00a0\u00bbbottom\u00a0\u00bb bg_image_animation=\u00a0\u00bbnone\u00a0\u00bb gradient_type=\u00a0\u00bbdefault\u00a0\u00bb shape_type=\u00a0\u00bb\u00a0\u00bb][vc_column column_padding=\u00a0\u00bbno-extra-padding\u00a0\u00bb column_padding_tablet=\u00a0\u00bbinherit\u00a0\u00bb column_padding_phone=\u00a0\u00bbinherit\u00a0\u00bb column_padding_position=\u00a0\u00bball\u00a0\u00bb column_element_direction_desktop=\u00a0\u00bbdefault\u00a0\u00bb column_element_spacing=\u00a0\u00bbdefault\u00a0\u00bb desktop_text_alignment=\u00a0\u00bbdefault\u00a0\u00bb tablet_text_alignment=\u00a0\u00bbdefault\u00a0\u00bb&#8230;<\/p>\n","protected":false},"author":5,"featured_media":0,"parent":0,"menu_order":0,"comment_status":"closed","ping_status":"closed","template":"","meta":{"footnotes":""},"class_list":["post-2638","page","type-page","status-publish"],"_links":{"self":[{"href":"https:\/\/cordobalocker.com\/fr\/wp-json\/wp\/v2\/pages\/2638","targetHints":{"allow":["GET"]}}],"collection":[{"href":"https:\/\/cordobalocker.com\/fr\/wp-json\/wp\/v2\/pages"}],"about":[{"href":"https:\/\/cordobalocker.com\/fr\/wp-json\/wp\/v2\/types\/page"}],"author":[{"embeddable":true,"href":"https:\/\/cordobalocker.com\/fr\/wp-json\/wp\/v2\/users\/5"}],"replies":[{"embeddable":true,"href":"https:\/\/cordobalocker.com\/fr\/wp-json\/wp\/v2\/comments?post=2638"}],"version-history":[{"count":4,"href":"https:\/\/cordobalocker.com\/fr\/wp-json\/wp\/v2\/pages\/2638\/revisions"}],"predecessor-version":[{"id":2772,"href":"https:\/\/cordobalocker.com\/fr\/wp-json\/wp\/v2\/pages\/2638\/revisions\/2772"}],"wp:attachment":[{"href":"https:\/\/cordobalocker.com\/fr\/wp-json\/wp\/v2\/media?parent=2638"}],"curies":[{"name":"wp","href":"https:\/\/api.w.org\/{rel}","templated":true}]}}