{"id":2633,"date":"2025-03-10T22:22:40","date_gmt":"2025-03-10T22:22:40","guid":{"rendered":"https:\/\/cordobalocker.com\/mentions-legales\/"},"modified":"2025-07-04T19:52:13","modified_gmt":"2025-07-04T19:52:13","slug":"mentions-legales","status":"publish","type":"page","link":"https:\/\/cordobalocker.com\/fr\/mentions-legales\/","title":{"rendered":"Mentions L\u00e9gales"},"content":{"rendered":"[vc_row type=\u00a0\u00bbfull_width_background\u00a0\u00bb full_screen_row_position=\u00a0\u00bbmiddle\u00a0\u00bb column_margin=\u00a0\u00bbdefault\u00a0\u00bb column_direction=\u00a0\u00bbdefault\u00a0\u00bb column_direction_tablet=\u00a0\u00bbdefault\u00a0\u00bb column_direction_phone=\u00a0\u00bbdefault\u00a0\u00bb bg_color=\u00a0\u00bb#ffffff\u00a0\u00bb scene_position=\u00a0\u00bbcenter\u00a0\u00bb top_padding=\u00a0\u00bb1%\u00a0\u00bb bottom_padding=\u00a0\u00bb5%\u00a0\u00bb text_color=\u00a0\u00bbdark\u00a0\u00bb text_align=\u00a0\u00bbleft\u00a0\u00bb row_border_radius=\u00a0\u00bbnone\u00a0\u00bb row_border_radius_applies=\u00a0\u00bbbg\u00a0\u00bb overflow=\u00a0\u00bbvisible\u00a0\u00bb overlay_strength=\u00a0\u00bb0.3&Prime; gradient_direction=\u00a0\u00bbleft_to_right\u00a0\u00bb shape_divider_position=\u00a0\u00bbbottom\u00a0\u00bb bg_image_animation=\u00a0\u00bbnone\u00a0\u00bb gradient_type=\u00a0\u00bbdefault\u00a0\u00bb shape_type=\u00a0\u00bb\u00a0\u00bb][vc_column column_padding=\u00a0\u00bbno-extra-padding\u00a0\u00bb column_padding_tablet=\u00a0\u00bbinherit\u00a0\u00bb column_padding_phone=\u00a0\u00bbinherit\u00a0\u00bb column_padding_position=\u00a0\u00bball\u00a0\u00bb column_element_direction_desktop=\u00a0\u00bbdefault\u00a0\u00bb column_element_spacing=\u00a0\u00bbdefault\u00a0\u00bb desktop_text_alignment=\u00a0\u00bbdefault\u00a0\u00bb tablet_text_alignment=\u00a0\u00bbdefault\u00a0\u00bb phone_text_alignment=\u00a0\u00bbdefault\u00a0\u00bb background_color_opacity=\u00a0\u00bb1&Prime; background_hover_color_opacity=\u00a0\u00bb1&Prime; column_backdrop_filter=\u00a0\u00bbnone\u00a0\u00bb column_shadow=\u00a0\u00bbnone\u00a0\u00bb column_border_radius=\u00a0\u00bbnone\u00a0\u00bb column_link_target=\u00a0\u00bb_self\u00a0\u00bb column_position=\u00a0\u00bbdefault\u00a0\u00bb gradient_direction=\u00a0\u00bbleft_to_right\u00a0\u00bb overlay_strength=\u00a0\u00bb0.3&Prime; width=\u00a0\u00bb1\/1&Prime; tablet_width_inherit=\u00a0\u00bbdefault\u00a0\u00bb animation_type=\u00a0\u00bbdefault\u00a0\u00bb bg_image_animation=\u00a0\u00bbnone\u00a0\u00bb border_type=\u00a0\u00bbsimple\u00a0\u00bb column_border_width=\u00a0\u00bbnone\u00a0\u00bb column_border_style=\u00a0\u00bbsolid\u00a0\u00bb][vc_row_inner column_margin=\u00a0\u00bbdefault\u00a0\u00bb column_direction=\u00a0\u00bbdefault\u00a0\u00bb column_direction_tablet=\u00a0\u00bbdefault\u00a0\u00bb column_direction_phone=\u00a0\u00bbdefault\u00a0\u00bb text_align=\u00a0\u00bbleft\u00a0\u00bb row_position=\u00a0\u00bbdefault\u00a0\u00bb row_position_tablet=\u00a0\u00bbinherit\u00a0\u00bb row_position_phone=\u00a0\u00bbinherit\u00a0\u00bb overflow=\u00a0\u00bbvisible\u00a0\u00bb pointer_events=\u00a0\u00bball\u00a0\u00bb][vc_column_inner column_padding=\u00a0\u00bbno-extra-padding\u00a0\u00bb column_padding_tablet=\u00a0\u00bbinherit\u00a0\u00bb column_padding_phone=\u00a0\u00bbinherit\u00a0\u00bb column_padding_position=\u00a0\u00bball\u00a0\u00bb column_element_direction_desktop=\u00a0\u00bbdefault\u00a0\u00bb column_element_spacing=\u00a0\u00bbdefault\u00a0\u00bb desktop_text_alignment=\u00a0\u00bbdefault\u00a0\u00bb tablet_text_alignment=\u00a0\u00bbdefault\u00a0\u00bb phone_text_alignment=\u00a0\u00bbdefault\u00a0\u00bb background_color_opacity=\u00a0\u00bb1&Prime; background_hover_color_opacity=\u00a0\u00bb1&Prime; column_backdrop_filter=\u00a0\u00bbnone\u00a0\u00bb column_shadow=\u00a0\u00bbnone\u00a0\u00bb column_border_radius=\u00a0\u00bbnone\u00a0\u00bb column_link_target=\u00a0\u00bb_self\u00a0\u00bb overflow=\u00a0\u00bbvisible\u00a0\u00bb gradient_direction=\u00a0\u00bbleft_to_right\u00a0\u00bb overlay_strength=\u00a0\u00bb0.3&Prime; width=\u00a0\u00bb1\/1&Prime; tablet_width_inherit=\u00a0\u00bbdefault\u00a0\u00bb animation_type=\u00a0\u00bbdefault\u00a0\u00bb bg_image_animation=\u00a0\u00bbnone\u00a0\u00bb border_type=\u00a0\u00bbsimple\u00a0\u00bb column_border_width=\u00a0\u00bbnone\u00a0\u00bb column_border_style=\u00a0\u00bbsolid\u00a0\u00bb][vc_column_text css=\u00a0\u00bb\u00a0\u00bb text_direction=\u00a0\u00bbdefault\u00a0\u00bb]\n<h1>Mentions L\u00e9gales<\/h1>\n[\/vc_column_text][\/vc_column_inner][\/vc_row_inner][vc_column_text css=\u00a0\u00bb\u00a0\u00bb text_direction=\u00a0\u00bbdefault\u00a0\u00bb]\n<div class=\"legal-notice-container\">\n<h3>OBJET ET ACCEPTATION<\/h3>\n<p>Le pr\u00e9sent avis l\u00e9gal r\u00e9git l&rsquo;utilisation du site web (ci-apr\u00e8s, LE SITE WEB), dont le titulaire est C\u00d3RDOBA LOCKER (ci-apr\u00e8s, LE PROPRI\u00c9TAIRE DU SITE WEB).<\/p>\n<p>La navigation sur le site Web du PROPRI\u00c9TAIRE DU WEB attribue la condition d&rsquo;utilisateur de celui-ci et implique l&rsquo;acceptation pleine et enti\u00e8re de chacune des dispositions incluses dans les pr\u00e9sentes mentions l\u00e9gales, qui peuvent \u00eatre modifi\u00e9es.<\/p>\n<p>L&rsquo;utilisateur s&rsquo;engage \u00e0 faire un usage correct du site conform\u00e9ment \u00e0 la loi, \u00e0 la bonne foi, \u00e0 l&rsquo;ordre public, aux usages du trafic et aux pr\u00e9sentes mentions l\u00e9gales. L&rsquo;utilisateur r\u00e9pondra au PROPRI\u00c9TAIRE DU SITE WEB ou \u00e0 des tiers, pour tout dommage qui pourrait \u00eatre caus\u00e9 \u00e0 la suite d&rsquo;une violation de ladite obligation. <\/p>\n<h3>IDENTIFICATION ET COMMUNICATION<\/h3>\n<p>LE PROPRI\u00c9TAIRE DU SITE WEB, conform\u00e9ment \u00e0 la loi 34\/2002 du 11 juillet sur les services de la soci\u00e9t\u00e9 de l&rsquo;information et du commerce \u00e9lectronique, vous informe que&nbsp;:<\/p>\n<ul>\n<li>Le responsable est C\u00d3RDOBA LOCKER<\/li>\n<li>Son domicile est situ\u00e9 : AV. DR. FLEMING, 8, C\u00d3RDOBA (14001) <\/li>\n<\/ul>\n<p>Pour communiquer avec nous, nous mettons \u00e0 votre disposition diff\u00e9rents moyens de contact que nous vous d\u00e9taillons ci-dessous :<\/p>\n<ul>\n<li>Email: info@cordobalocker.com<\/li>\n<li>T\u00e9l\u00e9phone : 957464916<\/li>\n<\/ul>\n<p>Toutes les notifications et communications entre les utilisateurs et LE PROPRI\u00c9TAIRE DU WEB seront consid\u00e9r\u00e9es comme effectives, \u00e0 toutes fins utiles, lorsqu&rsquo;elles seront effectu\u00e9es par courrier postal ou par tout autre moyen d\u00e9taill\u00e9 ci-dessus.<\/p>\n<h3>CONDITIONS D&rsquo;ACCES ET D&rsquo;UTILISATION<\/h3>\n<p>Le site Web et ses services sont d&rsquo;acc\u00e8s libre et gratuit, cependant, LE PROPRI\u00c9TAIRE DU WEB conditionne l&rsquo;utilisation de certains des services propos\u00e9s sur son site Web au remplissage pr\u00e9alable du formulaire correspondant.<\/p>\n<p>L&rsquo;utilisateur garantit l&rsquo;authenticit\u00e9 et l&rsquo;actualit\u00e9 de toutes les donn\u00e9es communiqu\u00e9es au PROPRI\u00c9TAIRE DU SITE et sera seul responsable des d\u00e9clarations fausses ou inexactes faites.<\/p>\n<p>L&rsquo;utilisateur s&rsquo;engage express\u00e9ment \u00e0 faire un usage appropri\u00e9 des contenus et des services du PROPRI\u00c9TAIRE DU WEB et \u00e0 ne pas les utiliser pour, entre autres :<\/p>\n<ol type=\"a\">\n<li>Diffuser des contenus criminels, violents, pornographiques, racistes, x\u00e9nophobes, offensants, faisant l&rsquo;apologie du terrorisme ou, de mani\u00e8re g\u00e9n\u00e9rale, contraires \u00e0 la loi ou \u00e0 l&rsquo;ordre public.<\/li>\n<li>Introduire des virus informatiques dans le r\u00e9seau ou effectuer des actions qui peuvent alt\u00e9rer, g\u00e2cher, interrompre ou g\u00e9n\u00e9rer des erreurs ou des dommages aux documents \u00e9lectroniques, aux donn\u00e9es ou aux syst\u00e8mes physiques et logiques du PROPRI\u00c9TAIRE DU SITE WEB ou de tiers&nbsp;; ainsi que d&rsquo;entraver l&rsquo;acc\u00e8s d&rsquo;autres utilisateurs au site Web et \u00e0 ses services par la consommation massive de ressources informatiques \u00e0 travers lesquelles LE PROPRI\u00c9TAIRE DU WEB fournit ses services.<\/li>\n<li>Tenter d&rsquo;acc\u00e9der aux comptes de messagerie d&rsquo;autres utilisateurs ou \u00e0 des zones restreintes des syst\u00e8mes informatiques du PROPRI\u00c9TAIRE DU SITE WEB ou de tiers et, le cas \u00e9ch\u00e9ant, extraire des informations.<\/li>\n<li>Violer les droits de propri\u00e9t\u00e9 intellectuelle ou industrielle, ainsi que violer la confidentialit\u00e9 des informations du PROPRI\u00c9TAIRE DU WEB ou de tiers.<\/li>\n<li>Usurper l&rsquo;identit\u00e9 d&rsquo;un autre utilisateur, des administrations publiques ou d&rsquo;un tiers.<\/li>\n<li>Reproduire, copier, distribuer, mettre \u00e0 disposition ou de toute autre mani\u00e8re communiquer publiquement, transformer ou modifier le contenu, sauf si vous avez l&rsquo;autorisation du titulaire des droits correspondants ou si cela est l\u00e9galement autoris\u00e9.<\/li>\n<li>Collecter des donn\u00e9es \u00e0 des fins publicitaires et envoyer des publicit\u00e9s de toute nature et des communications \u00e0 des fins de vente ou autres de nature commerciale sans votre demande ou consentement pr\u00e9alable.<\/li>\n<\/ol>\n<p>Tous les contenus du site Web, tels que textes, photographies, graphiques, images, ic\u00f4nes, technologies, logiciels, ainsi que sa conception graphique et ses codes sources, constituent une \u0153uvre dont la propri\u00e9t\u00e9 appartient au PROPRI\u00c9TAIRE DU WEB, sans \u00eatre compris comme n&rsquo;attribue \u00e0 l&rsquo;utilisateur aucun des droits d&rsquo;exploitation sur ceux-ci au-del\u00e0 de ce qui est strictement n\u00e9cessaire pour une utilisation correcte du Web.<\/p>\n<p>En bref, les utilisateurs qui acc\u00e8dent \u00e0 ce site Web peuvent visualiser le contenu et faire, le cas \u00e9ch\u00e9ant, des copies priv\u00e9es autoris\u00e9es \u00e0 condition que les \u00e9l\u00e9ments reproduits ne soient pas ult\u00e9rieurement transf\u00e9r\u00e9s \u00e0 des tiers, ni install\u00e9s sur des serveurs connect\u00e9s \u00e0 des r\u00e9seaux, ni soumis \u00e0 aucune sorte d&rsquo;exploitation. De m\u00eame, toutes les marques, noms commerciaux ou signes distinctifs de toute nature qui apparaissent sur le site sont la propri\u00e9t\u00e9 du PROPRI\u00c9TAIRE DU WEB, sans qu&rsquo;il soit entendu que l&rsquo;utilisation ou l&rsquo;acc\u00e8s \u00e0 celui-ci attribue \u00e0 l&rsquo;utilisateur un droit sur eux. <\/p>\n<p>La distribution, la modification, la cession ou la communication publique du contenu et tout autre acte non express\u00e9ment autoris\u00e9 par le titulaire des droits d&rsquo;exploitation sont interdits.<\/p>\n<p>L&rsquo;\u00e9tablissement d&rsquo;un lien hypertexte n&rsquo;implique en aucun cas l&rsquo;existence de relations entre LE PROPRI\u00c9TAIRE DU WEB et le propri\u00e9taire du site Web dans lequel il est \u00e9tabli, ni l&rsquo;acceptation et l&rsquo;approbation par LE PROPRI\u00c9TAIRE DU WEB de ses contenus ou services. . Les personnes qui ont l&rsquo;intention d&rsquo;\u00e9tablir un lien hypertexte doivent pr\u00e9alablement demander une autorisation \u00e9crite au PROPRI\u00c9TAIRE DU WEB. Dans tous les cas, l&rsquo;hyperlien permettra uniquement l&rsquo;acc\u00e8s \u00e0 la home-page ou page d&rsquo;accueil de notre site web, de m\u00eame vous devrez vous abstenir de faire des d\u00e9clarations ou indications fausses, inexactes ou incorrectes sur LE PROPRI\u00c9TAIRE DU SITE, ou d&rsquo;inclure des contenus illicites, contraires aux bonnes m\u0153urs et \u00e0 l&rsquo;ordre public. LE PROPRI\u00c9TAIRE DU SITE WEB n&rsquo;est pas responsable de l&rsquo;utilisation que chaque utilisateur fait du mat\u00e9riel mis \u00e0 disposition sur ce site Web ou des actions r\u00e9alis\u00e9es en fonction de celui-ci.   <\/p>\n<h3>EXCLUSION DE GARANTIES ET DE RESPONSABILIT\u00c9<\/h3>\n<p>Le contenu de ce site Web est de nature g\u00e9n\u00e9rale et \u00e0 des fins d&rsquo;information uniquement, sans garantir pleinement l&rsquo;acc\u00e8s \u00e0 tout le contenu, ni son exhaustivit\u00e9, son exactitude, sa validit\u00e9 ou son actualit\u00e9, ni son ad\u00e9quation ou son utilit\u00e9 \u00e0 un usage sp\u00e9cifique.<\/p>\n<p>LE PROPRI\u00c9TAIRE DU WEB exclut, dans la mesure permise par la loi, toute responsabilit\u00e9 pour les dommages de toute nature r\u00e9sultant de :<\/p>\n<ol type=\"a\">\n<li>L&rsquo;impossibilit\u00e9 d&rsquo;acc\u00e9der au site Web ou le manque de v\u00e9racit\u00e9, d&rsquo;exactitude, d&rsquo;exhaustivit\u00e9 et\/ou d&rsquo;actualit\u00e9 des contenus, ainsi que l&rsquo;existence de vices et de d\u00e9fauts de toutes sortes des contenus transmis, diffus\u00e9s, stock\u00e9s, mis \u00e0 la disposition de ceux qui ont \u00e9t\u00e9 consult\u00e9s via le site Web ou les services propos\u00e9s.<\/li>\n<li>La pr\u00e9sence de virus ou d&rsquo;autres \u00e9l\u00e9ments dans le contenu pouvant entra\u00eener des alt\u00e9rations des syst\u00e8mes informatiques, des documents \u00e9lectroniques ou des donn\u00e9es de l&rsquo;utilisateur.<\/li>\n<li>Non-respect des lois, de la bonne foi, de l&rsquo;ordre public, des usages du trafic et de la pr\u00e9sente notice l\u00e9gale suite \u00e0 une mauvaise utilisation du site. En particulier, et \u00e0 titre d&rsquo;exemple, LE PROPRI\u00c9TAIRE DU WEB n&rsquo;est pas responsable des actions de tiers qui violent les droits de propri\u00e9t\u00e9 intellectuelle et industrielle, les secrets d&rsquo;affaires, les droits \u00e0 l&rsquo;honneur, la vie priv\u00e9e et familiale et l&rsquo;image elle-m\u00eame, ainsi que la r\u00e9glementation sur la concurrence d\u00e9loyale et la publicit\u00e9 illicite. <\/li>\n<\/ol>\n<p>De m\u00eame, LE PROPRI\u00c9TAIRE DU WEB d\u00e9cline toute responsabilit\u00e9 concernant les informations qui se trouvent en dehors de ce site Web et qui ne sont pas g\u00e9r\u00e9es directement par notre webmaster. La fonction des liens qui apparaissent sur ce site est exclusivement d&rsquo;informer l&rsquo;utilisateur de l&rsquo;existence d&rsquo;autres sources capables d&rsquo;\u00e9largir le contenu offert par ce site. LE PROPRI\u00c9TAIRE DU SITE WEB ne garantit ni n&rsquo;assume la responsabilit\u00e9 du fonctionnement ou de l&rsquo;accessibilit\u00e9 des sites li\u00e9s&nbsp;; il ne sugg\u00e8re, n&rsquo;invite ou ne recommande une visite \u00e0 eux, il ne sera donc pas responsable du r\u00e9sultat obtenu. LE PROPRI\u00c9TAIRE DU WEB n&rsquo;est pas responsable de la mise en place d&rsquo;hyperliens par des tiers.   <\/p>\n<h3>POLITIQUE DE CONFIDENTIALIT\u00c9<\/h3>\n<p>Vous pouvez consulter notre politique de confidentialit\u00e9 via le <a href=\"https:\/\/cordobalocker.com\/fr\/politique-de-confidentialite\/\">lien<\/a> suivant.<\/p>\n<h3>PROC\u00c9DURE EN CAS D&rsquo;EX\u00c9CUTION D&rsquo;ACTIVIT\u00c9S ILLICITES<\/h3>\n<p>Dans le cas o\u00f9 un utilisateur ou un tiers consid\u00e8re qu&rsquo;il existe des faits ou des circonstances r\u00e9v\u00e9lant le caract\u00e8re illicite de l&rsquo;utilisation de tout contenu et\/ou de la r\u00e9alisation de toute activit\u00e9 sur les pages Web incluses ou accessibles via le site Web, il doit envoyer un notification au PROPRI\u00c9TAIRE DU WEB s&rsquo;identifiant d\u00fbment, pr\u00e9cisant les infractions all\u00e9gu\u00e9es et d\u00e9clarant express\u00e9ment et sous sa responsabilit\u00e9 que les informations fournies dans la notification sont exactes.<\/p>\n<p>Les parties se soumettent express\u00e9ment, pour toutes questions ou diff\u00e9rends pouvant survenir du fait de l&rsquo;interpr\u00e9tation, de l&rsquo;ex\u00e9cution et de l&rsquo;ex\u00e9cution du pr\u00e9sent contrat, \u00e0 la juridiction et \u00e0 la comp\u00e9tence des Cours et Tribunaux correspondant au domicile de l&rsquo;utilisateur ou \u00e0 ceux du lieu d&rsquo;ex\u00e9cution du contrat. obligation.<\/p>\n<h3>PUBLICATIONS<\/h3>\n<p>Les informations administratives fournies via le site Web ne remplacent pas la publicit\u00e9 l\u00e9gale des lois, r\u00e8glements, plans, dispositions g\u00e9n\u00e9rales et actes qui doivent \u00eatre officiellement publi\u00e9s dans les journaux officiels des administrations publiques, qui constituent le seul instrument attestant de son authenticit\u00e9. et contenu. Les informations disponibles sur ce site doivent \u00eatre comprises comme un guide sans but de validit\u00e9 juridique. <\/p>\n<\/div>\n[\/vc_column_text][\/vc_column][\/vc_row]\n","protected":false},"excerpt":{"rendered":"<p>[vc_row type=\u00a0\u00bbfull_width_background\u00a0\u00bb full_screen_row_position=\u00a0\u00bbmiddle\u00a0\u00bb column_margin=\u00a0\u00bbdefault\u00a0\u00bb column_direction=\u00a0\u00bbdefault\u00a0\u00bb column_direction_tablet=\u00a0\u00bbdefault\u00a0\u00bb column_direction_phone=\u00a0\u00bbdefault\u00a0\u00bb bg_color=\u00a0\u00bb#ffffff\u00a0\u00bb scene_position=\u00a0\u00bbcenter\u00a0\u00bb top_padding=\u00a0\u00bb1%\u00a0\u00bb bottom_padding=\u00a0\u00bb5%\u00a0\u00bb text_color=\u00a0\u00bbdark\u00a0\u00bb text_align=\u00a0\u00bbleft\u00a0\u00bb row_border_radius=\u00a0\u00bbnone\u00a0\u00bb row_border_radius_applies=\u00a0\u00bbbg\u00a0\u00bb overflow=\u00a0\u00bbvisible\u00a0\u00bb overlay_strength=\u00a0\u00bb0.3&Prime; gradient_direction=\u00a0\u00bbleft_to_right\u00a0\u00bb shape_divider_position=\u00a0\u00bbbottom\u00a0\u00bb bg_image_animation=\u00a0\u00bbnone\u00a0\u00bb gradient_type=\u00a0\u00bbdefault\u00a0\u00bb shape_type=\u00a0\u00bb\u00a0\u00bb][vc_column column_padding=\u00a0\u00bbno-extra-padding\u00a0\u00bb column_padding_tablet=\u00a0\u00bbinherit\u00a0\u00bb column_padding_phone=\u00a0\u00bbinherit\u00a0\u00bb column_padding_position=\u00a0\u00bball\u00a0\u00bb column_element_direction_desktop=\u00a0\u00bbdefault\u00a0\u00bb column_element_spacing=\u00a0\u00bbdefault\u00a0\u00bb desktop_text_alignment=\u00a0\u00bbdefault\u00a0\u00bb tablet_text_alignment=\u00a0\u00bbdefault\u00a0\u00bb&#8230;<\/p>\n","protected":false},"author":5,"featured_media":0,"parent":0,"menu_order":0,"comment_status":"closed","ping_status":"closed","template":"","meta":{"footnotes":""},"class_list":["post-2633","page","type-page","status-publish"],"_links":{"self":[{"href":"https:\/\/cordobalocker.com\/fr\/wp-json\/wp\/v2\/pages\/2633","targetHints":{"allow":["GET"]}}],"collection":[{"href":"https:\/\/cordobalocker.com\/fr\/wp-json\/wp\/v2\/pages"}],"about":[{"href":"https:\/\/cordobalocker.com\/fr\/wp-json\/wp\/v2\/types\/page"}],"author":[{"embeddable":true,"href":"https:\/\/cordobalocker.com\/fr\/wp-json\/wp\/v2\/users\/5"}],"replies":[{"embeddable":true,"href":"https:\/\/cordobalocker.com\/fr\/wp-json\/wp\/v2\/comments?post=2633"}],"version-history":[{"count":2,"href":"https:\/\/cordobalocker.com\/fr\/wp-json\/wp\/v2\/pages\/2633\/revisions"}],"predecessor-version":[{"id":2791,"href":"https:\/\/cordobalocker.com\/fr\/wp-json\/wp\/v2\/pages\/2633\/revisions\/2791"}],"wp:attachment":[{"href":"https:\/\/cordobalocker.com\/fr\/wp-json\/wp\/v2\/media?parent=2633"}],"curies":[{"name":"wp","href":"https:\/\/api.w.org\/{rel}","templated":true}]}}