{"id":2578,"date":"2025-03-19T20:32:00","date_gmt":"2025-03-19T20:32:00","guid":{"rendered":"https:\/\/cordobalocker.com\/politique-de-confidentialite-2\/"},"modified":"2025-07-04T18:49:40","modified_gmt":"2025-07-04T18:49:40","slug":"politique-de-confidentialite","status":"publish","type":"page","link":"https:\/\/cordobalocker.com\/fr\/politique-de-confidentialite\/","title":{"rendered":"Politique de Confidentialit\u00e9"},"content":{"rendered":"[vc_row type=\u00a0\u00bbfull_width_background\u00a0\u00bb full_screen_row_position=\u00a0\u00bbmiddle\u00a0\u00bb column_margin=\u00a0\u00bbdefault\u00a0\u00bb column_direction=\u00a0\u00bbdefault\u00a0\u00bb column_direction_tablet=\u00a0\u00bbdefault\u00a0\u00bb column_direction_phone=\u00a0\u00bbdefault\u00a0\u00bb bg_color=\u00a0\u00bb#ffffff\u00a0\u00bb scene_position=\u00a0\u00bbcenter\u00a0\u00bb top_padding=\u00a0\u00bb1%\u00a0\u00bb bottom_padding=\u00a0\u00bb5%\u00a0\u00bb text_color=\u00a0\u00bbdark\u00a0\u00bb text_align=\u00a0\u00bbleft\u00a0\u00bb row_border_radius=\u00a0\u00bbnone\u00a0\u00bb row_border_radius_applies=\u00a0\u00bbbg\u00a0\u00bb overflow=\u00a0\u00bbvisible\u00a0\u00bb overlay_strength=\u00a0\u00bb0.3&Prime; gradient_direction=\u00a0\u00bbleft_to_right\u00a0\u00bb shape_divider_position=\u00a0\u00bbbottom\u00a0\u00bb bg_image_animation=\u00a0\u00bbnone\u00a0\u00bb gradient_type=\u00a0\u00bbdefault\u00a0\u00bb shape_type=\u00a0\u00bb\u00a0\u00bb][vc_column column_padding=\u00a0\u00bbno-extra-padding\u00a0\u00bb column_padding_tablet=\u00a0\u00bbinherit\u00a0\u00bb column_padding_phone=\u00a0\u00bbinherit\u00a0\u00bb column_padding_position=\u00a0\u00bball\u00a0\u00bb column_element_direction_desktop=\u00a0\u00bbdefault\u00a0\u00bb column_element_spacing=\u00a0\u00bbdefault\u00a0\u00bb desktop_text_alignment=\u00a0\u00bbdefault\u00a0\u00bb tablet_text_alignment=\u00a0\u00bbdefault\u00a0\u00bb phone_text_alignment=\u00a0\u00bbdefault\u00a0\u00bb background_color_opacity=\u00a0\u00bb1&Prime; background_hover_color_opacity=\u00a0\u00bb1&Prime; column_backdrop_filter=\u00a0\u00bbnone\u00a0\u00bb column_shadow=\u00a0\u00bbnone\u00a0\u00bb column_border_radius=\u00a0\u00bbnone\u00a0\u00bb column_link_target=\u00a0\u00bb_self\u00a0\u00bb column_position=\u00a0\u00bbdefault\u00a0\u00bb gradient_direction=\u00a0\u00bbleft_to_right\u00a0\u00bb overlay_strength=\u00a0\u00bb0.3&Prime; width=\u00a0\u00bb1\/1&Prime; tablet_width_inherit=\u00a0\u00bbdefault\u00a0\u00bb animation_type=\u00a0\u00bbdefault\u00a0\u00bb bg_image_animation=\u00a0\u00bbnone\u00a0\u00bb border_type=\u00a0\u00bbsimple\u00a0\u00bb column_border_width=\u00a0\u00bbnone\u00a0\u00bb column_border_style=\u00a0\u00bbsolid\u00a0\u00bb][vc_row_inner column_margin=\u00a0\u00bbdefault\u00a0\u00bb column_direction=\u00a0\u00bbdefault\u00a0\u00bb column_direction_tablet=\u00a0\u00bbdefault\u00a0\u00bb column_direction_phone=\u00a0\u00bbdefault\u00a0\u00bb text_align=\u00a0\u00bbleft\u00a0\u00bb row_position=\u00a0\u00bbdefault\u00a0\u00bb row_position_tablet=\u00a0\u00bbinherit\u00a0\u00bb row_position_phone=\u00a0\u00bbinherit\u00a0\u00bb overflow=\u00a0\u00bbvisible\u00a0\u00bb pointer_events=\u00a0\u00bball\u00a0\u00bb][vc_column_inner column_padding=\u00a0\u00bbno-extra-padding\u00a0\u00bb column_padding_tablet=\u00a0\u00bbinherit\u00a0\u00bb column_padding_phone=\u00a0\u00bbinherit\u00a0\u00bb column_padding_position=\u00a0\u00bball\u00a0\u00bb column_element_direction_desktop=\u00a0\u00bbdefault\u00a0\u00bb column_element_spacing=\u00a0\u00bbdefault\u00a0\u00bb desktop_text_alignment=\u00a0\u00bbdefault\u00a0\u00bb tablet_text_alignment=\u00a0\u00bbdefault\u00a0\u00bb phone_text_alignment=\u00a0\u00bbdefault\u00a0\u00bb background_color_opacity=\u00a0\u00bb1&Prime; background_hover_color_opacity=\u00a0\u00bb1&Prime; column_backdrop_filter=\u00a0\u00bbnone\u00a0\u00bb column_shadow=\u00a0\u00bbnone\u00a0\u00bb column_border_radius=\u00a0\u00bbnone\u00a0\u00bb column_link_target=\u00a0\u00bb_self\u00a0\u00bb overflow=\u00a0\u00bbvisible\u00a0\u00bb gradient_direction=\u00a0\u00bbleft_to_right\u00a0\u00bb overlay_strength=\u00a0\u00bb0.3&Prime; width=\u00a0\u00bb1\/1&Prime; tablet_width_inherit=\u00a0\u00bbdefault\u00a0\u00bb animation_type=\u00a0\u00bbdefault\u00a0\u00bb bg_image_animation=\u00a0\u00bbnone\u00a0\u00bb border_type=\u00a0\u00bbsimple\u00a0\u00bb column_border_width=\u00a0\u00bbnone\u00a0\u00bb column_border_style=\u00a0\u00bbsolid\u00a0\u00bb][vc_column_text css=\u00a0\u00bb\u00a0\u00bb text_direction=\u00a0\u00bbdefault\u00a0\u00bb]\n<h1>Politique de Confidentialit\u00e9<\/h1>\n[\/vc_column_text][\/vc_column_inner][\/vc_row_inner][vc_column_text css=\u00a0\u00bb\u00a0\u00bb text_direction=\u00a0\u00bbdefault\u00a0\u00bb]\n<div class=\"privacy-container\">\n<p>Lorsque nous devons obtenir des informations de votre part, nous vous demandons toujours de les fournir volontairement et explicitement. Les donn\u00e9es recueillies par le biais des formulaires de collecte de donn\u00e9es sur le site Web ou par d&rsquo;autres moyens seront incorpor\u00e9es dans les syst\u00e8mes de traitement de C\u00d3RDOBA LOCKER.<\/p>\n<p>Cette entit\u00e9 traitera les donn\u00e9es de mani\u00e8re confidentielle et exclusivement dans le but d&rsquo;offrir les services demand\u00e9s, avec toutes les garanties l\u00e9gales et de s\u00e9curit\u00e9 impos\u00e9es par le r\u00e8glement (UE) 2016\/679 du Parlement europ\u00e9en et du Conseil, du 27 avril 2016, sur la protection des personnes physiques \u00e0 l&rsquo;\u00e9gard du traitement des donn\u00e9es \u00e0 caract\u00e8re personnel et la libre circulation de ces donn\u00e9es et la loi 34\/2002, du 11 juillet, sur les services de la soci\u00e9t\u00e9 de l&rsquo;information et le commerce \u00e9lectronique.<\/p>\n<h3>Qui est le responsable du traitement de vos donn\u00e9es ?<\/h3>\n<ul>\n<li>Le responsable est C\u00d3RDOBA LOCKER<\/li>\n<li>Son domicile est situ\u00e9 : AV. DR. FLEMING, 8, C\u00d3RDOBA (14001) <\/li>\n<li>Courriel : info@cordobalocker.com<\/li>\n<\/ul>\n<p><strong>CONTACT D\u00c9L\u00c9GU\u00c9 \u00c0 LA PROTECTION DES DONN\u00c9ES<\/strong>: dpo.apartamentoswallada@lock4data.es<\/p>\n<h3>\u00c0 quelles fins traitons-nous vos donn\u00e9es personnelles ?<\/h3>\n<p>Chez C\u00d3RDOBA LOCKER , nous traitons les informations qui nous sont fournies par les parties int\u00e9ress\u00e9es de mani\u00e8re loyale, licite et transparente, conform\u00e9ment au r\u00e8glement UE 2016\/679 du 27 avril du Parlement europ\u00e9en et du Conseil et \u00e0 la loi 3\/2018 du 5 d\u00e9cembre sur la protection des donn\u00e9es et la garantie des droits num\u00e9riques.<\/p>\n<h4>Si vous \u00eates un CLIENT ou un UTILISATEUR :<\/h4>\n<p>Si vous \u00eates un client ou un utilisateur, nous traiterons les cat\u00e9gories suivantes de donn\u00e9es \u00e0 caract\u00e8re personnel :<\/p>\n<ul>\n<li>Donn\u00e9es d&rsquo;identification (nom, pr\u00e9nom, num\u00e9ro de carte d&rsquo;identit\u00e9&#8230;)<\/li>\n<li>Coordonn\u00e9es (email, Whatsapp&#8230;)<\/li>\n<li>Coordonn\u00e9es bancaires (num\u00e9ro de compte, carte bancaire&#8230;)<\/li>\n<li>Autres donn\u00e9es (fournies par la personne concern\u00e9e dans des formulaires ouverts ou des communications)<\/li>\n<\/ul>\n<p>Nous traitons vos donn\u00e9es dans le but de :<\/p>\n<ul>\n<li>G\u00e9rer les services, les informations et\/ou les produits demand\u00e9s.<\/li>\n<li>Pour envoyer des communications d&rsquo;int\u00e9r\u00eat (si la partie int\u00e9ress\u00e9e a donn\u00e9 l&rsquo;autorisation appropri\u00e9e).<\/li>\n<li>Respecter les obligations l\u00e9gales applicables au responsable du traitement des donn\u00e9es.<\/li>\n<\/ul>\n<h4>Si vous \u00eates EMPLOY\u00c9 ou DEMANDEUR D&rsquo;EMPLOI :<\/h4>\n<p>Si vous \u00eates employ\u00e9 ou candidat\/postulant, nous traiterons les cat\u00e9gories suivantes de donn\u00e9es personnelles :<\/p>\n<ul>\n<li>Donn\u00e9es d&rsquo;identification (nom, pr\u00e9nom, num\u00e9ro de carte d&rsquo;identit\u00e9&#8230;)<\/li>\n<li>Donn\u00e9es figurant dans le curriculum vitae (\u00e9tudes, exp\u00e9rience professionnelle, loisirs&#8230;)<\/li>\n<li>Coordonn\u00e9es (email, Whatsapp&#8230;)<\/li>\n<li>Coordonn\u00e9es bancaires (num\u00e9ro de compte, titulaire, mandat SEPA)<\/li>\n<li>Image<\/li>\n<li>Autres donn\u00e9es (fournies par la personne concern\u00e9e dans des formulaires ouverts ou des communications)<\/li>\n<\/ul>\n<p>Nous traitons vos donn\u00e9es dans le but de :<\/p>\n<ul>\n<li>G\u00e9rer les droits et obligations li\u00e9s \u00e0 la relation contractuelle.<\/li>\n<li>S\u00e9lection des candidats<\/li>\n<li>Utilisation, reproduction ou publication de l&rsquo;image, du nom et de la voix (avec l&rsquo;autorisation de la personne concern\u00e9e)<\/li>\n<li>Respecter les obligations l\u00e9gales des entreprises.<\/li>\n<\/ul>\n<h4>Si vous \u00eates un FOURNISSEUR de notre soci\u00e9t\u00e9 :<\/h4>\n<p>Si vous \u00eates un fournisseur, nous traiterons les cat\u00e9gories suivantes de donn\u00e9es \u00e0 caract\u00e8re personnel :<\/p>\n<ul>\n<li>Donn\u00e9es d&rsquo;identification (nom, pr\u00e9nom, num\u00e9ro de carte d&rsquo;identit\u00e9&#8230;)<\/li>\n<li>Coordonn\u00e9es (email, Whatsapp&#8230;)<\/li>\n<li>Coordonn\u00e9es bancaires (num\u00e9ro de compte, facturation&#8230;)<\/li>\n<li>Autres donn\u00e9es (fournies par la personne concern\u00e9e dans des formulaires ouverts ou des communications)<\/li>\n<\/ul>\n<p>Nous traitons vos donn\u00e9es dans le but de :<\/p>\n<ul>\n<li>Gestion administrative, comptable et fiscale.<\/li>\n<li>Suivi et contr\u00f4le de la relation commerciale.<\/li>\n<li>Remplir les obligations l\u00e9gales des entreprises<\/li>\n<\/ul>\n<h3>Suis-je oblig\u00e9 de fournir des donn\u00e9es \u00e0 caract\u00e8re personnel ?<\/h3>\n<p>MAR\u00cdA ALONSO GARC\u00cdA ne demandera que les donn\u00e9es strictement n\u00e9cessaires \u00e0 la r\u00e9alisation de la finalit\u00e9 pour laquelle elles sont recueillies, donc si elles ne sont pas fournies, le service demand\u00e9 ne pourra pas \u00eatre fourni.<\/p>\n<h3>Combien de temps conserverons-nous vos donn\u00e9es ?<\/h3>\n<p>Les donn\u00e9es personnelles fournies et obtenues pendant la relation entre la personne concern\u00e9e et C\u00d3RDOBA LOCKER seront conserv\u00e9es pendant une p\u00e9riode maximale de 5 ans \u00e0 compter de la derni\u00e8re confirmation d&rsquo;int\u00e9r\u00eat ou tant qu&rsquo;une disposition l\u00e9gale nous y oblige, auquel cas elles seront d\u00fbment bloqu\u00e9es et supprim\u00e9es lorsqu&rsquo;elles ne seront plus n\u00e9cessaires.<\/p>\n<h3>Quelle est la l\u00e9gitimit\u00e9 du traitement de vos donn\u00e9es ?<\/h3>\n<p>Conform\u00e9ment \u00e0 l&rsquo;article 6.1 du R\u00e8glement UE 2016\/679 du 27 avril, nous vous informons que la l\u00e9gitimit\u00e9 du traitement de vos donn\u00e9es est la suivante :<\/p>\n<ol type=\"a\">\n<li>la personne concern\u00e9e a donn\u00e9 son consentement au traitement de ses donn\u00e9es \u00e0 caract\u00e8re personnel pour une ou plusieurs finalit\u00e9s d\u00e9termin\u00e9es et\/ou<\/li>\n<li>le traitement est n\u00e9cessaire au respect d&rsquo;une obligation l\u00e9gale applicable au responsable du traitement et\/ou<\/li>\n<li>le traitement est n\u00e9cessaire aux fins des int\u00e9r\u00eats l\u00e9gitimes poursuivis par le responsable du traitement ou par un tiers, \u00e0 condition que ne pr\u00e9valent pas sur ces int\u00e9r\u00eats les int\u00e9r\u00eats ou les libert\u00e9s et droits fondamentaux de la personne concern\u00e9e qui exigent une protection des donn\u00e9es \u00e0 caract\u00e8re personnel, en particulier lorsque la personne concern\u00e9e est un enfant.<\/li>\n<\/ol>\n<h3>\u00c0 quels destinataires vos donn\u00e9es seront-elles communiqu\u00e9es ?<\/h3>\n<p>Les donn\u00e9es trait\u00e9es par C\u00d3RDOBA LOCKER peuvent \u00eatre communiqu\u00e9es \u00e0 des tiers lorsque la loi nous y oblige.<\/p>\n<p>C\u00d3RDOBA LOCKER collabore \u00e9galement avec des prestataires de services pour lesquels il est n\u00e9cessaire de communiquer des donn\u00e9es dans diff\u00e9rents domaines d&rsquo;activit\u00e9 (administration, comptabilit\u00e9, fiscalit\u00e9, marketing, travail&#8230;). La relation avec ces entreprises est r\u00e9gie par l&rsquo;article 28 du r\u00e8glement (UE) 2016\/679 du 27 avril 2016 du Parlement europ\u00e9en et du Conseil (GDPR). Les donn\u00e9es obtenues aupr\u00e8s de ces soci\u00e9t\u00e9s ne seront utilis\u00e9es qu&rsquo;\u00e0 des fins commerciales n\u00e9cessaires et ne seront pas conserv\u00e9es \u00e0 d&rsquo;autres fins.<\/p>\n<h3>Quels sont vos droits lorsque vous nous fournissez vos donn\u00e9es ?<\/h3>\n<p>Toute personne int\u00e9ress\u00e9e a le droit d&rsquo;obtenir la confirmation que C\u00d3RDOBA LOCKER traite ou non ses donn\u00e9es personnelles.<\/p>\n<p>Les personnes int\u00e9ress\u00e9es ont le droit d&rsquo;acc\u00e9der \u00e0 leurs donn\u00e9es personnelles, ainsi que de demander la rectification des donn\u00e9es inexactes ou, le cas \u00e9ch\u00e9ant, de demander leur suppression lorsque, entre autres raisons, les donn\u00e9es ne sont plus n\u00e9cessaires aux fins pour lesquelles elles ont \u00e9t\u00e9 collect\u00e9es.<\/p>\n<p>Dans certaines circonstances, les personnes concern\u00e9es peuvent nous demander de limiter le traitement de leurs donn\u00e9es, auquel cas nous ne conserverons les donn\u00e9es que dans le but d&rsquo;exercer ou de d\u00e9fendre des r\u00e9clamations. Les utilisateurs pourront \u00e9galement s&rsquo;opposer au traitement de leurs donn\u00e9es. C\u00d3RDOBA LOCKER cessera de traiter les donn\u00e9es, sauf pour des motifs l\u00e9gitimes imp\u00e9rieux, ou dans l&rsquo;exercice ou la d\u00e9fense de r\u00e9clamations. <\/p>\n<p>L&rsquo;utilisateur peut envoyer une lettre \u00e0 C\u00d3RDOBA LOCKER, \u00e0 l&rsquo;adresse du responsable, ou par courrier \u00e9lectronique comme indiqu\u00e9 dans le titre de la pr\u00e9sente politique, en joignant une photocopie de sa pi\u00e8ce d&rsquo;identit\u00e9, \u00e0 tout moment et gratuitement, afin de :<\/p>\n<ul>\n<li>R\u00e9voquer les consentements accord\u00e9s.<\/li>\n<li>Obtenir la confirmation que des donn\u00e9es \u00e0 caract\u00e8re personnel concernant l&rsquo;utilisateur sont ou ne sont pas trait\u00e9es.<\/li>\n<li>Acc\u00e9der \u00e0 vos donn\u00e9es personnelles.<\/li>\n<li>Rectifier les donn\u00e9es inexactes ou incompl\u00e8tes.<\/li>\n<li>Demander la suppression de vos donn\u00e9es lorsque, entre autres raisons, les donn\u00e9es ne sont plus n\u00e9cessaires aux fins pour lesquelles elles ont \u00e9t\u00e9 collect\u00e9es.<\/li>\n<li>Obtenir la limitation du traitement des donn\u00e9es lorsque l&rsquo;une des conditions pr\u00e9vues par le r\u00e8glement sur la protection des donn\u00e9es est remplie.<\/li>\n<li>Demander la portabilit\u00e9 de vos donn\u00e9es.<\/li>\n<li>Contacter le DPO de C\u00d3RDOBA LOCKER<\/li>\n<li>D\u00e9poser une plainte aupr\u00e8s de l&rsquo;autorit\u00e9 de contr\u00f4le<a href=\"https:\/\/www.aepd.es\" target=\"_blank\" rel=\"noopener\">(www.aepd.es)<\/a> si vous estimez que vos droits en vertu de la r\u00e9glementation applicable en mati\u00e8re de protection des donn\u00e9es ont \u00e9t\u00e9 viol\u00e9s.<\/li>\n<\/ul>\n<p>C\u00d3RDOBA LOCKER adopte les niveaux de s\u00e9curit\u00e9 correspondants requis par la r\u00e9glementation sur la protection des donn\u00e9es personnelles susmentionn\u00e9e et d&rsquo;autres r\u00e9glementations applicables. Ces niveaux de s\u00e9curit\u00e9 sont obligatoires pour les entit\u00e9s qui acc\u00e8dent \u00e0 nos informations en vertu d&rsquo;une relation contractuelle et\/ou d&rsquo;une prestation de service, en application de l&rsquo;article 28 du r\u00e8glement UE 2016\/679 (GDPR).<\/p>\n<p>Toutefois, elle n&rsquo;assume aucune responsabilit\u00e9 pour les dommages r\u00e9sultant d&rsquo;alt\u00e9rations que des tiers pourraient causer aux syst\u00e8mes informatiques, aux documents \u00e9lectroniques ou aux fichiers de l&rsquo;utilisateur.<\/p>\n<p>Des cookies peuvent \u00eatre utilis\u00e9s dans le cadre de la fourniture de services sur le site web. Les cookies sont des fichiers physiques contenant des informations personnelles stock\u00e9es dans le terminal de l&rsquo;utilisateur. L&rsquo;utilisateur a la possibilit\u00e9 de configurer son navigateur de mani\u00e8re \u00e0 emp\u00eacher la cr\u00e9ation de fichiers cookies ou \u00e0 en \u00eatre averti. Consultez notre politique en mati\u00e8re de cookies en cliquant sur le lien que vous trouverez sur ce site.<\/p>\n<p>Si vous d\u00e9cidez de quitter notre site web par le biais de liens vers des sites web qui ne nous appartiennent pas, C\u00d3RDOBA LOCKER ne sera pas responsable des politiques de confidentialit\u00e9 de ces sites web ni des cookies qu&rsquo;ils peuvent stocker sur l&rsquo;ordinateur de l&rsquo;utilisateur.<\/p>\n<p>Notre politique en mati\u00e8re de courrier \u00e9lectronique consiste \u00e0 n&rsquo;envoyer que les communications que vous avez demand\u00e9 \u00e0 recevoir.<\/p>\n<p>Si vous pr\u00e9f\u00e9rez ne pas recevoir ces messages par courrier \u00e9lectronique, nous vous offrirons la possibilit\u00e9 d&rsquo;exercer votre droit d&rsquo;annulation et de renonciation \u00e0 la r\u00e9ception de ces messages, conform\u00e9ment aux dispositions du titre III, article 22 de la loi 34\/2002 relative aux services de la soci\u00e9t\u00e9 de l&rsquo;information et au commerce \u00e9lectronique.<\/p>\n<\/div>\n[\/vc_column_text][\/vc_column][\/vc_row]\n","protected":false},"excerpt":{"rendered":"<p>[vc_row type=\u00a0\u00bbfull_width_background\u00a0\u00bb full_screen_row_position=\u00a0\u00bbmiddle\u00a0\u00bb column_margin=\u00a0\u00bbdefault\u00a0\u00bb column_direction=\u00a0\u00bbdefault\u00a0\u00bb column_direction_tablet=\u00a0\u00bbdefault\u00a0\u00bb column_direction_phone=\u00a0\u00bbdefault\u00a0\u00bb bg_color=\u00a0\u00bb#ffffff\u00a0\u00bb scene_position=\u00a0\u00bbcenter\u00a0\u00bb top_padding=\u00a0\u00bb1%\u00a0\u00bb bottom_padding=\u00a0\u00bb5%\u00a0\u00bb text_color=\u00a0\u00bbdark\u00a0\u00bb text_align=\u00a0\u00bbleft\u00a0\u00bb row_border_radius=\u00a0\u00bbnone\u00a0\u00bb row_border_radius_applies=\u00a0\u00bbbg\u00a0\u00bb overflow=\u00a0\u00bbvisible\u00a0\u00bb overlay_strength=\u00a0\u00bb0.3&Prime; gradient_direction=\u00a0\u00bbleft_to_right\u00a0\u00bb shape_divider_position=\u00a0\u00bbbottom\u00a0\u00bb bg_image_animation=\u00a0\u00bbnone\u00a0\u00bb gradient_type=\u00a0\u00bbdefault\u00a0\u00bb shape_type=\u00a0\u00bb\u00a0\u00bb][vc_column column_padding=\u00a0\u00bbno-extra-padding\u00a0\u00bb column_padding_tablet=\u00a0\u00bbinherit\u00a0\u00bb column_padding_phone=\u00a0\u00bbinherit\u00a0\u00bb column_padding_position=\u00a0\u00bball\u00a0\u00bb column_element_direction_desktop=\u00a0\u00bbdefault\u00a0\u00bb column_element_spacing=\u00a0\u00bbdefault\u00a0\u00bb desktop_text_alignment=\u00a0\u00bbdefault\u00a0\u00bb tablet_text_alignment=\u00a0\u00bbdefault\u00a0\u00bb&#8230;<\/p>\n","protected":false},"author":5,"featured_media":0,"parent":0,"menu_order":0,"comment_status":"closed","ping_status":"closed","template":"","meta":{"footnotes":""},"class_list":["post-2578","page","type-page","status-publish"],"_links":{"self":[{"href":"https:\/\/cordobalocker.com\/fr\/wp-json\/wp\/v2\/pages\/2578","targetHints":{"allow":["GET"]}}],"collection":[{"href":"https:\/\/cordobalocker.com\/fr\/wp-json\/wp\/v2\/pages"}],"about":[{"href":"https:\/\/cordobalocker.com\/fr\/wp-json\/wp\/v2\/types\/page"}],"author":[{"embeddable":true,"href":"https:\/\/cordobalocker.com\/fr\/wp-json\/wp\/v2\/users\/5"}],"replies":[{"embeddable":true,"href":"https:\/\/cordobalocker.com\/fr\/wp-json\/wp\/v2\/comments?post=2578"}],"version-history":[{"count":2,"href":"https:\/\/cordobalocker.com\/fr\/wp-json\/wp\/v2\/pages\/2578\/revisions"}],"predecessor-version":[{"id":2758,"href":"https:\/\/cordobalocker.com\/fr\/wp-json\/wp\/v2\/pages\/2578\/revisions\/2758"}],"wp:attachment":[{"href":"https:\/\/cordobalocker.com\/fr\/wp-json\/wp\/v2\/media?parent=2578"}],"curies":[{"name":"wp","href":"https:\/\/api.w.org\/{rel}","templated":true}]}}