{"id":2516,"date":"2025-03-10T22:05:29","date_gmt":"2025-03-10T22:05:29","guid":{"rendered":"https:\/\/cordobalocker.com\/termes-conditions\/"},"modified":"2025-06-27T20:27:24","modified_gmt":"2025-06-27T20:27:24","slug":"termes-conditions","status":"publish","type":"page","link":"https:\/\/cordobalocker.com\/fr\/termes-conditions\/","title":{"rendered":"Termes &amp; Conditions"},"content":{"rendered":"[vc_row type=\u00a0\u00bbfull_width_background\u00a0\u00bb full_screen_row_position=\u00a0\u00bbmiddle\u00a0\u00bb column_margin=\u00a0\u00bbdefault\u00a0\u00bb column_direction=\u00a0\u00bbdefault\u00a0\u00bb column_direction_tablet=\u00a0\u00bbdefault\u00a0\u00bb column_direction_phone=\u00a0\u00bbdefault\u00a0\u00bb bg_color=\u00a0\u00bb#ffffff\u00a0\u00bb scene_position=\u00a0\u00bbcenter\u00a0\u00bb top_padding=\u00a0\u00bb1%\u00a0\u00bb bottom_padding=\u00a0\u00bb5%\u00a0\u00bb text_color=\u00a0\u00bbdark\u00a0\u00bb text_align=\u00a0\u00bbleft\u00a0\u00bb row_border_radius=\u00a0\u00bbnone\u00a0\u00bb row_border_radius_applies=\u00a0\u00bbbg\u00a0\u00bb overflow=\u00a0\u00bbvisible\u00a0\u00bb overlay_strength=\u00a0\u00bb0.3&Prime; gradient_direction=\u00a0\u00bbleft_to_right\u00a0\u00bb shape_divider_position=\u00a0\u00bbbottom\u00a0\u00bb bg_image_animation=\u00a0\u00bbnone\u00a0\u00bb gradient_type=\u00a0\u00bbdefault\u00a0\u00bb shape_type=\u00a0\u00bb\u00a0\u00bb][vc_column column_padding=\u00a0\u00bbno-extra-padding\u00a0\u00bb column_padding_tablet=\u00a0\u00bbinherit\u00a0\u00bb column_padding_phone=\u00a0\u00bbinherit\u00a0\u00bb column_padding_position=\u00a0\u00bball\u00a0\u00bb column_element_direction_desktop=\u00a0\u00bbdefault\u00a0\u00bb column_element_spacing=\u00a0\u00bbdefault\u00a0\u00bb desktop_text_alignment=\u00a0\u00bbdefault\u00a0\u00bb tablet_text_alignment=\u00a0\u00bbdefault\u00a0\u00bb phone_text_alignment=\u00a0\u00bbdefault\u00a0\u00bb background_color_opacity=\u00a0\u00bb1&Prime; background_hover_color_opacity=\u00a0\u00bb1&Prime; column_backdrop_filter=\u00a0\u00bbnone\u00a0\u00bb column_shadow=\u00a0\u00bbnone\u00a0\u00bb column_border_radius=\u00a0\u00bbnone\u00a0\u00bb column_link_target=\u00a0\u00bb_self\u00a0\u00bb column_position=\u00a0\u00bbdefault\u00a0\u00bb gradient_direction=\u00a0\u00bbleft_to_right\u00a0\u00bb overlay_strength=\u00a0\u00bb0.3&Prime; width=\u00a0\u00bb1\/1&Prime; tablet_width_inherit=\u00a0\u00bbdefault\u00a0\u00bb animation_type=\u00a0\u00bbdefault\u00a0\u00bb bg_image_animation=\u00a0\u00bbnone\u00a0\u00bb border_type=\u00a0\u00bbsimple\u00a0\u00bb column_border_width=\u00a0\u00bbnone\u00a0\u00bb column_border_style=\u00a0\u00bbsolid\u00a0\u00bb][vc_row_inner column_margin=\u00a0\u00bbdefault\u00a0\u00bb column_direction=\u00a0\u00bbdefault\u00a0\u00bb column_direction_tablet=\u00a0\u00bbdefault\u00a0\u00bb column_direction_phone=\u00a0\u00bbdefault\u00a0\u00bb text_align=\u00a0\u00bbleft\u00a0\u00bb row_position=\u00a0\u00bbdefault\u00a0\u00bb row_position_tablet=\u00a0\u00bbinherit\u00a0\u00bb row_position_phone=\u00a0\u00bbinherit\u00a0\u00bb overflow=\u00a0\u00bbvisible\u00a0\u00bb pointer_events=\u00a0\u00bball\u00a0\u00bb][vc_column_inner column_padding=\u00a0\u00bbno-extra-padding\u00a0\u00bb column_padding_tablet=\u00a0\u00bbinherit\u00a0\u00bb column_padding_phone=\u00a0\u00bbinherit\u00a0\u00bb column_padding_position=\u00a0\u00bball\u00a0\u00bb column_element_direction_desktop=\u00a0\u00bbdefault\u00a0\u00bb column_element_spacing=\u00a0\u00bbdefault\u00a0\u00bb desktop_text_alignment=\u00a0\u00bbdefault\u00a0\u00bb tablet_text_alignment=\u00a0\u00bbdefault\u00a0\u00bb phone_text_alignment=\u00a0\u00bbdefault\u00a0\u00bb background_color_opacity=\u00a0\u00bb1&Prime; background_hover_color_opacity=\u00a0\u00bb1&Prime; column_backdrop_filter=\u00a0\u00bbnone\u00a0\u00bb column_shadow=\u00a0\u00bbnone\u00a0\u00bb column_border_radius=\u00a0\u00bbnone\u00a0\u00bb column_link_target=\u00a0\u00bb_self\u00a0\u00bb overflow=\u00a0\u00bbvisible\u00a0\u00bb gradient_direction=\u00a0\u00bbleft_to_right\u00a0\u00bb overlay_strength=\u00a0\u00bb0.3&Prime; width=\u00a0\u00bb1\/1&Prime; tablet_width_inherit=\u00a0\u00bbdefault\u00a0\u00bb animation_type=\u00a0\u00bbdefault\u00a0\u00bb bg_image_animation=\u00a0\u00bbnone\u00a0\u00bb border_type=\u00a0\u00bbsimple\u00a0\u00bb column_border_width=\u00a0\u00bbnone\u00a0\u00bb column_border_style=\u00a0\u00bbsolid\u00a0\u00bb][vc_column_text css=\u00a0\u00bb\u00a0\u00bb text_direction=\u00a0\u00bbdefault\u00a0\u00bb]\n<h1>Termes &amp; Conditions<\/h1>\n[\/vc_column_text][\/vc_column_inner][\/vc_row_inner][vc_column_text css=\u00a0\u00bb\u00a0\u00bb text_direction=\u00a0\u00bbdefault\u00a0\u00bb]\n<div class=\"terms-container\">\n<h3>CONDITIONS G\u00c9N\u00c9RALES DE SERVICE<\/h3>\n<p>Ces Conditions G\u00e9n\u00e9rales de Service s\u2019appliquent \u00e0 l\u2019achat des produits\/services que C\u00d3RDOBA LOCKER commercialise via le site web h\u00e9berg\u00e9 \u00e0 l\u2019URL HTTPS:\/\/CORDOBALOCKER.COM\/ pour tout utilisateur.<\/p>\n<p>Les donn\u00e9es d\u2019identification et de contact de C\u00d3RDOBA LOCKER sont les suivantes :<\/p>\n<ul>\n<li>Adresse du si\u00e8ge social : AV. DR. FLEMING, 8, C\u00d3RDOBA (14001) <\/li>\n<li>E-mail : info@cordobalocker.com<\/li>\n<li>T\u00e9l\u00e9phone: (+34) 957464916<\/li>\n<\/ul>\n<p>L\u2019achat des produits et\/ou services propos\u00e9s sur le Site Web implique l\u2019acceptation des termes et conditions pr\u00e9vus dans les pr\u00e9sentes Conditions G\u00e9n\u00e9rales de Service. Par cons\u00e9quent, avant de proc\u00e9der \u00e0 leur acceptation, veuillez lire attentivement leur contenu. Si vous n\u2019acceptez pas les pr\u00e9sentes Conditions G\u00e9n\u00e9rales, l\u2019achat des produits\/services ne sera pas effectu\u00e9 et, en cons\u00e9quence, C\u00d3RDOBA LOCKER ne sera soumis \u00e0 aucune obligation ni responsabilit\u00e9. <\/p>\n<p>En passant une commande d&rsquo;achat \u00e0 travers le Site Web, le Client d\u00e9clare \u00eatre \u00e2g\u00e9 de plus de 16 ans et avoir la capacit\u00e9 juridique pour contracter les produits du Site Web.<\/p>\n<p>Pour passer une commande d&rsquo;achat, le Client devra suivre chacune des \u00e9tapes de la proc\u00e9dure d&rsquo;achat pr\u00e9vues sur le Site Web.<\/p>\n<p>C\u00d3RDOBA LOCKER se r\u00e9serve le droit de modifier le contenu et\/ou la port\u00e9e des Conditions G\u00e9n\u00e9rales de Service \u00e0 tout moment, sans notification ni pr\u00e9avis. Par cons\u00e9quent, veuillez lire attentivement leur contenu, car il est de la responsabilit\u00e9 du Client de consulter les Conditions G\u00e9n\u00e9rales de Service avant d\u2019acheter un produit sur le Site Web.<\/p>\n<h3>INSCRIPTION DU CLIENT<\/h3>\n<p>Pour commencer la proc\u00e9dure d&rsquo;achat des produits du Site Web, le Client devra s&rsquo;inscrire dans la section du Site Web \u00ab\u00a0S&rsquo;inscrire\u00a0\u00bb. Lors des processus d&rsquo;achat ult\u00e9rieurs, dans le cas o\u00f9 le Client s&rsquo;est d\u00e9j\u00e0 inscrit, il lui suffira de fournir son adresse e-mail et son mot de passe dans la section \u00ab\u00a0Se connecter\u00a0\u00bb. Vous pouvez consulter notre politique de confidentialit\u00e9 concernant le traitement de vos donn\u00e9es via le <a href=\"https:\/\/cordobalocker.com\/fr\/politique-de-confidentialite\/\">lien<\/a> suivant.  <\/p>\n<h3>PRIX ET MODE DE PAIEMENT<\/h3>\n<p>Le prix des produits sera celui qui appara\u00eet dans la devise indiqu\u00e9e \u00e0 c\u00f4t\u00e9 de chaque produit du Site Web.<\/p>\n<p>Les prix de vente indiqu\u00e9s sur notre site web sont pr\u00e9sent\u00e9s comme suit :<\/p>\n<ul>\n<li>Si le Client r\u00e9side dans l&rsquo;Union Europ\u00e9enne, les prix incluent les taxes applicables \u00e0 chaque moment (TVA) et produit\/service.<\/li>\n<li>Si le Client r\u00e9side en dehors de l&rsquo;Union Europ\u00e9enne, les prix n&rsquo;incluent pas la TVA. Cependant, tout imp\u00f4t local et\/ou frais d&rsquo;importation et\/ou droits de douane locaux seront \u00e0 la charge du Client lorsque l&rsquo;envoi arrivera \u00e0 destination, s&rsquo;ils sont applicables. <\/li>\n<\/ul>\n<p>C\u00d3RDOBA LOCKER se r\u00e9serve le droit d\u2019apporter, \u00e0 tout moment et sans pr\u00e9avis, les modifications qu\u2019il juge appropri\u00e9es, notamment en mettant fr\u00e9quemment \u00e0 jour les produits ou les prix. Le prix applicable \u00e0 la demande d\u2019achat effectu\u00e9e par le Client sera celui en vigueur au moment de l\u2019acceptation des Conditions G\u00e9n\u00e9rales de Service. <\/p>\n<p>Le Client pourra effectuer le paiement des produits par l&rsquo;un des moyens de paiement indiqu\u00e9s ci-dessous :<\/p>\n<ul>\n<li><strong>Paiement par carte<\/strong> : Le Client devra inclure le num\u00e9ro de sa carte de d\u00e9bit\/cr\u00e9dit (Visa, Visa Electron et Mastercard), ainsi que le reste des informations suppl\u00e9mentaires, qui lui seront demand\u00e9es dans la proc\u00e9dure d&rsquo;achat. Le d\u00e9bit sera effectu\u00e9 une fois qu&rsquo;il aura \u00e9t\u00e9 accept\u00e9 par l&rsquo;\u00e9tablissement financier du Client car, dans le cas contraire, l&rsquo;achat ne pourra pas \u00eatre effectu\u00e9. <\/li>\n<li><strong>Paiement via PAYPAL<\/strong> : il sera n\u00e9cessaire que le Client dispose d&rsquo;un compte PayPal pour utiliser ce moyen de paiement.<\/li>\n<\/ul>\n<p>Une fois le processus d&rsquo;achat termin\u00e9, une confirmation \u00e9lectronique sera g\u00e9n\u00e9r\u00e9e, avec en pi\u00e8ce jointe une copie des Conditions G\u00e9n\u00e9rales de Service, que le Client pourra imprimer, et qui sera archiv\u00e9e dans la section \u00ab\u00a0Mon Compte\u00a0\u00bb.<\/p>\n<p>C\u00d3RDOBA LOCKER n\u2019a pas acc\u00e8s aux donn\u00e9es sensibles li\u00e9es au moyen de paiement utilis\u00e9 par le Client et ne les conserve pas. Seul l\u2019organisme de traitement des paiements concern\u00e9 a acc\u00e8s \u00e0 ces donn\u00e9es, uniquement dans le cadre de la gestion des paiements et des encaissements. <\/p>\n<p>C\u00d3RDOBA LOCKER a mis en place un programme de d\u00e9tection des op\u00e9rations potentiellement frauduleuses et se r\u00e9serve le droit de demander des informations, des confirmations et\/ou des documents suppl\u00e9mentaires au Client, m\u00eame apr\u00e8s une ou plusieurs commandes pass\u00e9es via le Site Web, par appel t\u00e9l\u00e9phonique ou par e-mail, afin de confirmer que le Client a bien effectu\u00e9 et autoris\u00e9 ladite commande et\/ou que la livraison ou le retour a \u00e9t\u00e9 correctement r\u00e9alis\u00e9, autorisant ainsi d\u00e9finitivement la transaction correspondante.<\/p>\n<p>C\u00d3RDOBA LOCKER pourra proc\u00e9der \u00e0 diverses v\u00e9rifications t\u00e9l\u00e9phoniques de l\u2019identit\u00e9 du Client, ou bien demander : (a) une confirmation et autorisation \u00e9crite sign\u00e9e par le Client responsable de l\u2019achat en question ; et (b) une copie de la pi\u00e8ce d\u2019identit\u00e9 officielle, en cours de validit\u00e9 et avec photo, du Client afin de confirmer son identit\u00e9. C\u00d3RDOBA LOCKER s\u2019engage \u00e0 conserver ces informations et documents avec des mesures de s\u00e9curit\u00e9 \u00e9lev\u00e9es, conform\u00e9ment \u00e0 la r\u00e9glementation en vigueur.   <\/p>\n<p>Si le Client ne r\u00e9pond pas favorablement ou ne transmet pas \u00e0 C\u00d3RDOBA LOCKER les informations et documents demand\u00e9s dans un d\u00e9lai de 48 heures \u00e0 compter de l\u2019appel ou de l\u2019envoi de l\u2019e-mail de la part de C\u00d3RDOBA LOCKER, la transaction d\u00e9taill\u00e9e dans ladite communication ainsi que la commande correspondante pourront \u00eatre annul\u00e9es, sans besoin d\u2019avis suppl\u00e9mentaire ni responsabilit\u00e9 de la part de C\u00d3RDOBA LOCKER, et le montant pay\u00e9 sera rembours\u00e9 au Client.<\/p>\n<p>Cette proc\u00e9dure de v\u00e9rification est mise en place pour la s\u00e9curit\u00e9 du Client. Par cons\u00e9quent, en acceptant les pr\u00e9sentes Conditions G\u00e9n\u00e9rales de Service, le Client accepte de se soumettre \u00e0 cette proc\u00e9dure de d\u00e9tection de fraudes potentielles et autorise C\u00d3RDOBA LOCKER \u00e0 utiliser les informations et documents fournis pour de futurs achats du m\u00eame Client.<\/p>\n<h3>LIVRAISON DES SERVICES<\/h3>\n<p>Une fois que C\u00d3RDOBA LOCKER aura v\u00e9rifi\u00e9 que le processus d\u2019achat s\u2019est correctement d\u00e9roul\u00e9, il proc\u00e9dera \u00e0 la livraison des produits \u00e0 l\u2019adresse indiqu\u00e9e par le Client lors de l\u2019achat, pendant les heures de bureau habituelles et dans les d\u00e9lais indiqu\u00e9s sur le Site Web.<\/p>\n<p>Si, en ouvrant les colis contenant les produits, le Client constate que les services ne correspondent pas \u00e0 ses attentes ou ne peuvent \u00eatre r\u00e9alis\u00e9s pour une raison justifi\u00e9e, il devra en informer C\u00d3RDOBA LOCKER par \u00e9crit dans un d\u00e9lai de cinq (5) jours calendaires \u00e0 compter de la date d\u2019achat, afin que C\u00d3RDOBA LOCKER puisse agir en cons\u00e9quence.<\/p>\n<p>Toutes les commandes de produits sont soumises \u00e0 leur disponibilit\u00e9. En cas d\u2019indisponibilit\u00e9 du produit command\u00e9, C\u00d3RDOBA LOCKER en informera le Client et pourra lui proposer un service aux caract\u00e9ristiques similaires, de qualit\u00e9 \u00e9gale ou sup\u00e9rieure. Toutefois, le Client pourra, en alternative, annuler sa commande et obtenir le remboursement du montant pay\u00e9 dans un d\u00e9lai maximum de trente (30) jours. <\/p>\n<h3>DROIT DE R\u00c9TRACTATION<\/h3>\n<p>Vous avez le droit de vous r\u00e9tracter du pr\u00e9sent contrat dans un d\u00e9lai de 14 jours calendaires sans avoir \u00e0 justifier de motifs.<\/p>\n<p>Pour exercer le droit de r\u00e9tractation, vous devez nous notifier votre nom, votre adresse compl\u00e8te et, si vous en disposez, votre num\u00e9ro de t\u00e9l\u00e9phone et votre adresse e-mail, votre d\u00e9cision de vous r\u00e9tracter du contrat au moyen d&rsquo;une d\u00e9claration sans \u00e9quivoque par courrier \u00e9lectronique. Vous pouvez utiliser le mod\u00e8le de formulaire de r\u00e9tractation. <\/p>\n<p>En cas de r\u00e9tractation de votre part, nous vous rembourserons tous les paiements re\u00e7us de vous, y compris les frais de livraison (\u00e0 l&rsquo;exception des frais suppl\u00e9mentaires r\u00e9sultant de votre choix d&rsquo;un mode de livraison diff\u00e9rent du mode de livraison ordinaire le moins co\u00fbteux que nous proposons) sans retard indu et, en tout \u00e9tat de cause, au plus tard 14 jours calendaires \u00e0 partir de la date \u00e0 laquelle nous sommes inform\u00e9s de votre d\u00e9cision de vous r\u00e9tracter du pr\u00e9sent contrat. Nous proc\u00e9derons au remboursement en utilisant le m\u00eame moyen de paiement que celui que vous avez utilis\u00e9 pour la transaction initiale, sauf si vous avez express\u00e9ment convenu d&rsquo;un moyen diff\u00e9rent ; en tout \u00e9tat de cause, ce remboursement n&rsquo;occasionnera pas de frais pour vous. Nous pouvons diff\u00e9rer le remboursement jusqu&rsquo;\u00e0 ce que nous ayons re\u00e7u les biens ou jusqu&rsquo;\u00e0 ce que vous ayez fourni une preuve d&rsquo;exp\u00e9dition des biens, la date retenue \u00e9tant celle du premier de ces faits. <\/p>\n<p>Sans retard indu et, en tout \u00e9tat de cause, au plus tard 14 jours calendaires \u00e0 partir de la date \u00e0 laquelle vous nous communiquez votre d\u00e9cision de r\u00e9tractation du contrat, vous devrez livrer ou envoyer la marchandise \u00e0 l&rsquo;adresse indiqu\u00e9e ci-dessous. Ce d\u00e9lai est r\u00e9put\u00e9 respect\u00e9 si vous renvoyez les biens avant l&rsquo;expiration du d\u00e9lai de 14 jours. Vous devrez prendre en charge les frais directs de renvoi des biens et vous serez uniquement responsable de la d\u00e9pr\u00e9ciation des biens r\u00e9sultant de manipulations autres que celles n\u00e9cessaires pour \u00e9tablir la nature, les caract\u00e9ristiques et le bon fonctionnement de ces biens.  <\/p>\n<h3>PLAINTES ET R\u00c9CLAMATIONS<\/h3>\n<p>Le Client devra contacter C\u00d3RDOBA LOCKER, via les moyens indiqu\u00e9s au d\u00e9but des pr\u00e9sentes Conditions G\u00e9n\u00e9rales de Service, pour soumettre ses r\u00e9clamations, que C\u00d3RDOBA LOCKER s\u2019engage \u00e0 traiter dans les plus brefs d\u00e9lais et, en tout \u00e9tat de cause, dans un d\u00e9lai d\u2019un mois \u00e0 compter de leur r\u00e9ception.<\/p>\n<h3>LANGUE<\/h3>\n<p>Les Conditions G\u00e9n\u00e9rales de Service sont r\u00e9dig\u00e9es en espagnol.<\/p>\n<h3>POLITIQUE DE CONFIDENTIALIT\u00c9<\/h3>\n<p>Vous pouvez consulter notre politique de confidentialit\u00e9 via le <a href=\"\/politica-de-privacidad-2\/\">lien<\/a> suivant.<\/p>\n<h3>INFORMATION SUR LA R\u00c9SOLUTION DES CONFLITS EN LIGNE<\/h3>\n<p>Conform\u00e9ment \u00e0 l&rsquo;article 14.1 du R\u00e8glement 524\/2013 relatif au r\u00e8glement en ligne des litiges en mati\u00e8re de consommation, nous vous informons de l&rsquo;existence d&rsquo;une plateforme de r\u00e8glement en ligne des litiges fournie par la Commission Europ\u00e9enne, ainsi que de la possibilit\u00e9 de soumettre votre r\u00e9clamation par son interm\u00e9diaire en acc\u00e9dant au lien suivant : <a href=\"https:\/\/ec.europa.eu\/consumers\/odr\/main\/index.cfm?event=main.home.chooseLanguage\" target=\"_blank\" rel=\"noopener\">https:\/\/ec.europa.eu\/consumers\/odr\/main\/index.cfm?event=main.home.chooseLanguage<\/a><\/p>\n<h3>L\u00c9GISLATION APPLICABLE ET JURIDICTION<\/h3>\n<p>Les Conditions G\u00e9n\u00e9rales de Service seront r\u00e9gies et interpr\u00e9t\u00e9es conform\u00e9ment \u00e0 la l\u00e9gislation espagnole.<\/p>\n<p>Dans le cas o\u00f9 surgirait un conflit ou une divergence dans l&rsquo;interpr\u00e9tation et\/ou l&rsquo;application des Conditions G\u00e9n\u00e9rales, les Tribunaux comp\u00e9tents seront ceux pr\u00e9vus par la r\u00e9glementation applicable en mati\u00e8re de juridiction comp\u00e9tente des consommateurs et utilisateurs. Les parties se soumettent express\u00e9ment, pour toutes questions ou divergences qui pourraient surgir en raison de l&rsquo;interpr\u00e9tation, du respect et de l&rsquo;ex\u00e9cution de ce contrat, \u00e0 la juridiction et \u00e0 la comp\u00e9tence des Tribunaux correspondant au domicile de l&rsquo;acheteur ou \u00e0 ceux du lieu d&rsquo;ex\u00e9cution de l&rsquo;obligation contractuelle. <\/p>\n<\/div>\n[\/vc_column_text][\/vc_column][\/vc_row]\n","protected":false},"excerpt":{"rendered":"<p>[vc_row type=\u00a0\u00bbfull_width_background\u00a0\u00bb full_screen_row_position=\u00a0\u00bbmiddle\u00a0\u00bb column_margin=\u00a0\u00bbdefault\u00a0\u00bb column_direction=\u00a0\u00bbdefault\u00a0\u00bb column_direction_tablet=\u00a0\u00bbdefault\u00a0\u00bb column_direction_phone=\u00a0\u00bbdefault\u00a0\u00bb bg_color=\u00a0\u00bb#ffffff\u00a0\u00bb scene_position=\u00a0\u00bbcenter\u00a0\u00bb top_padding=\u00a0\u00bb1%\u00a0\u00bb bottom_padding=\u00a0\u00bb5%\u00a0\u00bb text_color=\u00a0\u00bbdark\u00a0\u00bb text_align=\u00a0\u00bbleft\u00a0\u00bb row_border_radius=\u00a0\u00bbnone\u00a0\u00bb row_border_radius_applies=\u00a0\u00bbbg\u00a0\u00bb overflow=\u00a0\u00bbvisible\u00a0\u00bb overlay_strength=\u00a0\u00bb0.3&Prime; gradient_direction=\u00a0\u00bbleft_to_right\u00a0\u00bb shape_divider_position=\u00a0\u00bbbottom\u00a0\u00bb bg_image_animation=\u00a0\u00bbnone\u00a0\u00bb gradient_type=\u00a0\u00bbdefault\u00a0\u00bb shape_type=\u00a0\u00bb\u00a0\u00bb][vc_column column_padding=\u00a0\u00bbno-extra-padding\u00a0\u00bb column_padding_tablet=\u00a0\u00bbinherit\u00a0\u00bb column_padding_phone=\u00a0\u00bbinherit\u00a0\u00bb column_padding_position=\u00a0\u00bball\u00a0\u00bb column_element_direction_desktop=\u00a0\u00bbdefault\u00a0\u00bb column_element_spacing=\u00a0\u00bbdefault\u00a0\u00bb desktop_text_alignment=\u00a0\u00bbdefault\u00a0\u00bb tablet_text_alignment=\u00a0\u00bbdefault\u00a0\u00bb&#8230;<\/p>\n","protected":false},"author":5,"featured_media":0,"parent":0,"menu_order":0,"comment_status":"closed","ping_status":"closed","template":"","meta":{"footnotes":""},"class_list":["post-2516","page","type-page","status-publish"],"_links":{"self":[{"href":"https:\/\/cordobalocker.com\/fr\/wp-json\/wp\/v2\/pages\/2516","targetHints":{"allow":["GET"]}}],"collection":[{"href":"https:\/\/cordobalocker.com\/fr\/wp-json\/wp\/v2\/pages"}],"about":[{"href":"https:\/\/cordobalocker.com\/fr\/wp-json\/wp\/v2\/types\/page"}],"author":[{"embeddable":true,"href":"https:\/\/cordobalocker.com\/fr\/wp-json\/wp\/v2\/users\/5"}],"replies":[{"embeddable":true,"href":"https:\/\/cordobalocker.com\/fr\/wp-json\/wp\/v2\/comments?post=2516"}],"version-history":[{"count":3,"href":"https:\/\/cordobalocker.com\/fr\/wp-json\/wp\/v2\/pages\/2516\/revisions"}],"predecessor-version":[{"id":2710,"href":"https:\/\/cordobalocker.com\/fr\/wp-json\/wp\/v2\/pages\/2516\/revisions\/2710"}],"wp:attachment":[{"href":"https:\/\/cordobalocker.com\/fr\/wp-json\/wp\/v2\/media?parent=2516"}],"curies":[{"name":"wp","href":"https:\/\/api.w.org\/{rel}","templated":true}]}}