{"id":983,"date":"2023-02-10T14:21:56","date_gmt":"2023-02-10T14:21:56","guid":{"rendered":"https:\/\/cordobalocker.com\/983-2\/"},"modified":"2025-03-17T11:34:07","modified_gmt":"2025-03-17T11:34:07","slug":"cordoba-spain-one-day","status":"publish","type":"page","link":"https:\/\/cordobalocker.com\/en\/cordoba-spain-one-day\/","title":{"rendered":"What to do in Cordoba in one day"},"content":{"rendered":"[vc_row type=&#8221;full_width_background&#8221; full_screen_row_position=&#8221;middle&#8221; column_margin=&#8221;default&#8221; column_direction=&#8221;default&#8221; column_direction_tablet=&#8221;default&#8221; column_direction_phone=&#8221;default&#8221; bg_color=&#8221;#ffffff&#8221; bg_image=&#8221;2325&#8243; bg_position=&#8221;center center&#8221; background_image_loading=&#8221;default&#8221; bg_repeat=&#8221;no-repeat&#8221; scene_position=&#8221;center&#8221; top_padding=&#8221;14%&#8221; bottom_padding=&#8221;15%&#8221; text_color=&#8221;light&#8221; text_align=&#8221;left&#8221; row_border_radius=&#8221;none&#8221; row_border_radius_applies=&#8221;bg&#8221; overflow=&#8221;visible&#8221; enable_gradient=&#8221;true&#8221; color_overlay=&#8221;#0a0000&#8243; color_overlay_2=&#8221;rgba(10,10,10,0.5)&#8221; overlay_strength=&#8221;0.5&#8243; gradient_direction=&#8221;left_to_right&#8221; shape_divider_color=&#8221;#ffffff&#8221; shape_divider_position=&#8221;bottom&#8221; shape_divider_height=&#8221;350&#8243; bg_image_animation=&#8221;none&#8221; parallax_bg=&#8221;true&#8221; parallax_bg_speed=&#8221;fast&#8221; shape_type=&#8221;waves_opacity_alt&#8221; gradient_type=&#8221;default&#8221;][vc_column column_padding=&#8221;no-extra-padding&#8221; column_padding_tablet=&#8221;inherit&#8221; column_padding_phone=&#8221;inherit&#8221; column_padding_position=&#8221;all&#8221; column_element_direction_desktop=&#8221;default&#8221; column_element_spacing=&#8221;default&#8221; desktop_text_alignment=&#8221;default&#8221; tablet_text_alignment=&#8221;default&#8221; phone_text_alignment=&#8221;default&#8221; background_color_opacity=&#8221;1&#8243; background_hover_color_opacity=&#8221;1&#8243; column_backdrop_filter=&#8221;none&#8221; column_shadow=&#8221;none&#8221; column_border_radius=&#8221;none&#8221; column_link_target=&#8221;_self&#8221; column_position=&#8221;default&#8221; gradient_direction=&#8221;left_to_right&#8221; overlay_strength=&#8221;0.3&#8243; width=&#8221;1\/1&#8243; tablet_width_inherit=&#8221;default&#8221; animation_type=&#8221;default&#8221; bg_image_animation=&#8221;none&#8221; border_type=&#8221;simple&#8221; column_border_width=&#8221;none&#8221; column_border_style=&#8221;solid&#8221;][vc_row_inner equal_height=&#8221;yes&#8221; content_placement=&#8221;middle&#8221; column_margin=&#8221;default&#8221; column_direction=&#8221;default&#8221; column_direction_tablet=&#8221;default&#8221; column_direction_phone=&#8221;default&#8221; text_align=&#8221;left&#8221; row_position=&#8221;default&#8221; row_position_tablet=&#8221;inherit&#8221; row_position_phone=&#8221;inherit&#8221; overflow=&#8221;visible&#8221; pointer_events=&#8221;all&#8221;][vc_column_inner column_padding=&#8221;no-extra-padding&#8221; column_padding_tablet=&#8221;inherit&#8221; column_padding_phone=&#8221;inherit&#8221; column_padding_position=&#8221;all&#8221; left_margin=&#8221;8%&#8221; constrain_group_2=&#8221;yes&#8221; right_margin=&#8221;8%&#8221; column_element_direction_desktop=&#8221;default&#8221; column_element_spacing=&#8221;default&#8221; desktop_text_alignment=&#8221;default&#8221; tablet_text_alignment=&#8221;default&#8221; phone_text_alignment=&#8221;default&#8221; background_color_opacity=&#8221;1&#8243; background_hover_color_opacity=&#8221;1&#8243; column_backdrop_filter=&#8221;none&#8221; column_shadow=&#8221;none&#8221; column_border_radius=&#8221;none&#8221; column_link_target=&#8221;_self&#8221; overflow=&#8221;visible&#8221; gradient_direction=&#8221;left_to_right&#8221; overlay_strength=&#8221;0.3&#8243; width=&#8221;1\/2&#8243; tablet_width_inherit=&#8221;default&#8221; animation_type=&#8221;default&#8221; enable_animation=&#8221;true&#8221; animation=&#8221;fade-in&#8221; animation_easing=&#8221;default&#8221; bg_image_animation=&#8221;none&#8221; border_type=&#8221;simple&#8221; column_border_width=&#8221;none&#8221; column_border_style=&#8221;solid&#8221; offset=&#8221;vc_col-lg-6 vc_col-md-6 vc_col-xs-12&#8243; column_padding_type=&#8221;default&#8221; gradient_type=&#8221;default&#8221;][vc_column_text css_animation=&#8221;fadeInUp&#8221; css=&#8221;.vc_custom_1742206471982{margin-bottom: 15px !important;}&#8221; text_direction=&#8221;default&#8221;]\n<h5 data-pm-slice=\"0 0 []\">Traveler&#8217;s Guide<\/h5>\n[\/vc_column_text][split_line_heading animation_type=&#8221;default&#8221; text_direction=&#8221;default&#8221;]\n<h1>What to do in C\u00f3rdoba in one day<\/h1>\n[\/split_line_heading][\/vc_column_inner][vc_column_inner column_padding=&#8221;no-extra-padding&#8221; column_padding_tablet=&#8221;inherit&#8221; column_padding_phone=&#8221;inherit&#8221; column_padding_position=&#8221;all&#8221; column_element_direction_desktop=&#8221;default&#8221; column_element_spacing=&#8221;default&#8221; desktop_text_alignment=&#8221;default&#8221; tablet_text_alignment=&#8221;default&#8221; phone_text_alignment=&#8221;default&#8221; background_color_opacity=&#8221;1&#8243; background_hover_color_opacity=&#8221;1&#8243; column_backdrop_filter=&#8221;none&#8221; column_shadow=&#8221;none&#8221; column_border_radius=&#8221;none&#8221; column_link_target=&#8221;_self&#8221; overflow=&#8221;visible&#8221; gradient_direction=&#8221;left_to_right&#8221; overlay_strength=&#8221;0.3&#8243; width=&#8221;1\/4&#8243; tablet_width_inherit=&#8221;default&#8221; animation_type=&#8221;default&#8221; bg_image_animation=&#8221;none&#8221; border_type=&#8221;simple&#8221; column_border_width=&#8221;none&#8221; column_border_style=&#8221;solid&#8221; offset=&#8221;vc_hidden-sm vc_hidden-xs&#8221;][\/vc_column_inner][vc_column_inner column_padding=&#8221;padding-6-percent&#8221; column_padding_tablet=&#8221;inherit&#8221; column_padding_phone=&#8221;inherit&#8221; column_padding_position=&#8221;bottom&#8221; column_element_direction_desktop=&#8221;default&#8221; column_element_spacing=&#8221;default&#8221; desktop_text_alignment=&#8221;default&#8221; tablet_text_alignment=&#8221;default&#8221; phone_text_alignment=&#8221;default&#8221; background_color_opacity=&#8221;1&#8243; background_hover_color_opacity=&#8221;1&#8243; column_backdrop_filter=&#8221;none&#8221; column_shadow=&#8221;none&#8221; column_border_radius=&#8221;none&#8221; column_link_target=&#8221;_self&#8221; overflow=&#8221;visible&#8221; gradient_direction=&#8221;left_to_right&#8221; overlay_strength=&#8221;0.3&#8243; width=&#8221;1\/4&#8243; tablet_width_inherit=&#8221;default&#8221; animation_type=&#8221;default&#8221; enable_animation=&#8221;true&#8221; animation=&#8221;fade-in-from-bottom&#8221; animation_easing=&#8221;default&#8221; bg_image_animation=&#8221;none&#8221; border_type=&#8221;simple&#8221; column_border_width=&#8221;none&#8221; column_border_style=&#8221;solid&#8221; offset=&#8221;vc_col-xs-12&#8243;][\/vc_column_inner][\/vc_row_inner][\/vc_column][\/vc_row][vc_row type=&#8221;in_container&#8221; full_screen_row_position=&#8221;middle&#8221; column_margin=&#8221;default&#8221; column_direction=&#8221;default&#8221; column_direction_tablet=&#8221;default&#8221; column_direction_phone=&#8221;default&#8221; scene_position=&#8221;center&#8221; top_padding=&#8221;3%&#8221; constrain_group_1=&#8221;yes&#8221; bottom_padding=&#8221;3%&#8221; left_padding_desktop=&#8221;13%&#8221; constrain_group_2=&#8221;yes&#8221; right_padding_desktop=&#8221;13%&#8221; top_padding_tablet=&#8221;7%&#8221; constrain_group_3=&#8221;yes&#8221; bottom_padding_tablet=&#8221;7%&#8221; left_padding_tablet=&#8221;1%&#8221; constrain_group_4=&#8221;yes&#8221; right_padding_tablet=&#8221;1%&#8221; top_padding_phone=&#8221;10%&#8221; constrain_group_5=&#8221;yes&#8221; bottom_padding_phone=&#8221;10%&#8221; left_padding_phone=&#8221;1%&#8221; constrain_group_6=&#8221;yes&#8221; right_padding_phone=&#8221;1%&#8221; text_color=&#8221;dark&#8221; text_align=&#8221;left&#8221; row_border_radius=&#8221;none&#8221; row_border_radius_applies=&#8221;bg&#8221; overflow=&#8221;visible&#8221; overlay_strength=&#8221;0.3&#8243; gradient_direction=&#8221;left_to_right&#8221; shape_divider_position=&#8221;bottom&#8221; bg_image_animation=&#8221;none&#8221; gradient_type=&#8221;default&#8221; shape_type=&#8221;&#8221;][vc_column column_padding=&#8221;no-extra-padding&#8221; column_padding_tablet=&#8221;inherit&#8221; column_padding_phone=&#8221;inherit&#8221; column_padding_position=&#8221;all&#8221; constrain_group_2=&#8221;yes&#8221; column_element_direction_desktop=&#8221;default&#8221; column_element_spacing=&#8221;default&#8221; desktop_text_alignment=&#8221;default&#8221; tablet_text_alignment=&#8221;default&#8221; phone_text_alignment=&#8221;default&#8221; background_color_opacity=&#8221;1&#8243; background_hover_color_opacity=&#8221;1&#8243; column_backdrop_filter=&#8221;none&#8221; column_shadow=&#8221;none&#8221; column_border_radius=&#8221;none&#8221; column_link_target=&#8221;_self&#8221; column_position=&#8221;default&#8221; gradient_direction=&#8221;left_to_right&#8221; overlay_strength=&#8221;0.3&#8243; width=&#8221;1\/1&#8243; tablet_width_inherit=&#8221;default&#8221; animation_type=&#8221;default&#8221; bg_image_animation=&#8221;none&#8221; border_type=&#8221;simple&#8221; column_border_width=&#8221;none&#8221; column_border_style=&#8221;solid&#8221; column_padding_type=&#8221;default&#8221; gradient_type=&#8221;default&#8221;][vc_row_inner column_margin=&#8221;default&#8221; column_direction=&#8221;default&#8221; column_direction_tablet=&#8221;default&#8221; column_direction_phone=&#8221;default&#8221; text_align=&#8221;left&#8221; row_position=&#8221;default&#8221; row_position_tablet=&#8221;inherit&#8221; row_position_phone=&#8221;inherit&#8221; overflow=&#8221;visible&#8221; pointer_events=&#8221;all&#8221;][vc_column_inner column_padding=&#8221;no-extra-padding&#8221; column_padding_tablet=&#8221;inherit&#8221; column_padding_phone=&#8221;inherit&#8221; column_padding_position=&#8221;all&#8221; column_element_direction_desktop=&#8221;default&#8221; column_element_spacing=&#8221;default&#8221; desktop_text_alignment=&#8221;default&#8221; tablet_text_alignment=&#8221;default&#8221; phone_text_alignment=&#8221;default&#8221; background_color_opacity=&#8221;1&#8243; background_hover_color_opacity=&#8221;1&#8243; column_backdrop_filter=&#8221;none&#8221; column_shadow=&#8221;none&#8221; column_border_radius=&#8221;none&#8221; column_link_target=&#8221;_self&#8221; overflow=&#8221;visible&#8221; gradient_direction=&#8221;left_to_right&#8221; overlay_strength=&#8221;0.3&#8243; width=&#8221;1\/1&#8243; tablet_width_inherit=&#8221;default&#8221; animation_type=&#8221;default&#8221; bg_image_animation=&#8221;none&#8221; border_type=&#8221;simple&#8221; column_border_width=&#8221;none&#8221; column_border_style=&#8221;solid&#8221;][vc_column_text css=&#8221;&#8221; text_direction=&#8221;default&#8221;]\n<h2>What to See in C\u00f3rdoba: A Complete Guide to Explore the City of the Caliphs<\/h2>\n<p class=\"whitespace-pre-wrap break-words\">C\u00f3rdoba, one of the jewels of Andalusia, is a city that breathes history, culture, and beauty in every corner. With its impressive blend of Roman, Muslim, Jewish, and Christian influences, it offers a rich heritage that makes it an essential destination for any traveler. If you&#8217;re wondering what to see in C\u00f3rdoba, here is a complete guide to explore its wonders.<\/p>\n<h3 class=\"text-xl font-bold text-text-200 mt-1 -mb-0.5\"><strong>The Mosque-Cathedral of C\u00f3rdoba<\/strong><\/h3>\n<p class=\"whitespace-pre-wrap break-words\">You can&#8217;t talk about what to see in C\u00f3rdoba without mentioning its most iconic monument: the Mosque-Cathedral. This impressive building is a perfect synthesis of Islamic and Christian architecture. Originally built as a mosque in the 8th century, it was converted into a cathedral after the Reconquista in 1236. Its forest of columns and horseshoe arches, as well as its majestic mihrab, will leave you breathless. Don&#8217;t forget to climb the bell tower to enjoy spectacular views of the city. <a class=\"underline\" href=\"https:\/\/tickets.mezquita-catedraldecordoba.es\/es?gad_source=1&amp;gclid=Cj0KCQjw3ZayBhDRARIsAPWzx8qU2XWd7XoHjNSigY4ovS5VTDaFFIKSmReW9cT5BAPmKgl_mnmBBDoaAh_-EALw_wcB\" target=\"_blank\" rel=\"noopener\">You can buy your tickets here<\/a>.<\/p>\n<h3 class=\"text-xl font-bold text-text-200 mt-1 -mb-0.5\"><strong>The Alc\u00e1zar of the Christian Kings<\/strong><\/h3>\n<p class=\"whitespace-pre-wrap break-words\">Another essential place on the list of what to see in C\u00f3rdoba is the Alc\u00e1zar of the Christian Kings. This palace-fortress, built in the 14th century, was one of the favorite residences of the Catholic Monarchs. Its gardens, with fountains and ponds, are a haven of peace that contrasts with the sobriety of its walls. Additionally, from its towers, you can enjoy a panoramic view of the city and the Guadalquivir River. <a class=\"underline\" href=\"https:\/\/alcazardecordoba.es\/entradas\/\" target=\"_blank\" rel=\"noopener\">You can buy your tickets here<\/a>.<\/p>\n<h3 class=\"text-xl font-bold text-text-200 mt-1 -mb-0.5\"><strong>The Jewish Quarter<\/strong><\/h3>\n<p class=\"whitespace-pre-wrap break-words\">The Jewish Quarter is one of the most charming places to get lost in C\u00f3rdoba. Its narrow cobblestone streets, whitewashed houses, and flower-filled patios create a unique atmosphere. In this neighborhood, you&#8217;ll find the Synagogue of C\u00f3rdoba, one of the few preserved in Spain since the Middle Ages. The Municipal Souk, where you can find typical crafts, and the House of Sefarad, a museum dedicated to Jewish culture, are also recommended visits for those looking for what to see in C\u00f3rdoba.<\/p>\n<h3 class=\"text-xl font-bold text-text-200 mt-1 -mb-0.5\"><strong>The Flower Street<\/strong><\/h3>\n<p class=\"whitespace-pre-wrap break-words\">If you&#8217;re looking for a perfect postcard of C\u00f3rdoba, the Calleja de las Flores is the ideal place. This small and picturesque alley ends in a small square from which you can see the tower of the Mosque-Cathedral framed by colorful flower pots. It&#8217;s a perfect place to take photographs and enjoy the Andalusian atmosphere.<\/p>\n<h3 class=\"text-xl font-bold text-text-200 mt-1 -mb-0.5\"><strong>The Roman Bridge and the Calahorra Tower<\/strong><\/h3>\n<p class=\"whitespace-pre-wrap break-words\">The Roman Bridge, built in the 1st century BC, is another symbol of C\u00f3rdoba. This bridge with 16 arches crosses the Guadalquivir River and offers an impressive view of the city, especially at sunset. At one of its ends is the Calahorra Tower, a fortress that today houses the Living Museum of Al-Andalus, where you can learn about the coexistence of Christian, Muslim, and Jewish cultures in medieval C\u00f3rdoba.<\/p>\n<h3 class=\"text-xl font-bold text-text-200 mt-1 -mb-0.5\"><strong>The Palace of Viana<\/strong><\/h3>\n<p class=\"whitespace-pre-wrap break-words\">Known as the &#8220;Museum of Patios,&#8221; the Palace of Viana is a must-visit for lovers of architecture and gardening. This Renaissance palace has twelve patios, each with its own style and charm. During spring, when the flowers are in full bloom, the Palace of Viana becomes a true paradise. Without a doubt, it is one of the most beautiful places to see in C\u00f3rdoba. <a class=\"underline\" href=\"https:\/\/entradas.palaciodeviana.com\/janto\/main.php?idTemporada=65\" target=\"_blank\" rel=\"noopener\">You can buy your tickets here<\/a>.<\/p>\n<h3 class=\"text-xl font-bold text-text-200 mt-1 -mb-0.5\"><strong>The Plaza de la Corredera<\/strong><\/h3>\n<p class=\"whitespace-pre-wrap break-words\">The Plaza de la Corredera is the only main square in Castilian style in Andalusia. With its rectangular shape and arcades, it&#8217;s a perfect place to enjoy a drink on one of its terraces while observing the daily life of the city. This square is also home to the S\u00e1nchez Pe\u00f1a Market, ideal for trying local products. It&#8217;s another essential point to see in C\u00f3rdoba to understand local life.<\/p>\n<h3 class=\"text-xl font-bold text-text-200 mt-1 -mb-0.5\"><strong>Medina Azahara<\/strong><\/h3>\n<p class=\"whitespace-pre-wrap break-words\">A few kilometers from C\u00f3rdoba are the ruins of Medina Azahara, a palatial city built in the 10th century by the Caliph Abd al-Rahman III. Although it is mostly in ruins, the remains of this city reflect the splendor of the Caliphate of C\u00f3rdoba. The visitor center offers a detailed view of its history and importance, making Medina Azahara a fascinating place to see in C\u00f3rdoba. <a class=\"underline\" href=\"https:\/\/www.medinaazahara.org\/entradas-medina-azahara.html?gad_source=1&amp;gclid=Cj0KCQjw3ZayBhDRARIsAPWzx8oVdq_xzGkWMXJUh1ceLbnk62TuOOQjzr_VWJn63YroRbWX9w8Iyi0aAsnZEALw_wcB\" target=\"_blank\" rel=\"noopener\">You can buy your tickets here<\/a>.<\/p>\n<h3 class=\"text-xl font-bold text-text-200 mt-1 -mb-0.5\"><strong>The Patios of C\u00f3rdoba<\/strong><\/h3>\n<p class=\"whitespace-pre-wrap break-words\">One of the most charming traditions of C\u00f3rdoba is the Festival of Patios, which is celebrated every May. During this time, the private patios of the city open to the public, showing their colorful flowers and decorations. Even outside the festival season, many patios can be visited, especially in the San Basilio neighborhood. The Patios are a unique experience to see in C\u00f3rdoba, filling the city with color and life.<\/p>\n<h3 class=\"text-xl font-bold text-text-200 mt-1 -mb-0.5\"><strong>Cordoban Gastronomy<\/strong><\/h3>\n<p class=\"whitespace-pre-wrap break-words\">You can&#8217;t visit C\u00f3rdoba without enjoying its delicious gastronomy. Dishes such as salmorejo, flamenqu\u00edn, and oxtail are authentic delicacies that you must try. Additionally, the city has numerous tapas bars where you can taste a wide variety of local flavors. Gastronomy is a fundamental part of the experience of what to see in C\u00f3rdoba.<\/p>\n<p class=\"whitespace-pre-wrap break-words\">In summary, C\u00f3rdoba is a city that perfectly combines its rich historical past with a vibrant contemporary life. From its impressive monuments to its charming streets and delicious gastronomy, there is much to see in C\u00f3rdoba. So, if you&#8217;re planning a visit, make sure you have enough time to explore and enjoy everything this wonderful city has to offer.<\/p>\n<p>Photo by <a href=\"https:\/\/unsplash.com\/es\/@alexgoesglobal?utm_content=creditCopyText&amp;utm_medium=referral&amp;utm_source=unsplash\" target=\"_blank\" rel=\"noopener\">Alexandra Tran<\/a> on <a href=\"https:\/\/unsplash.com\/es\/fotos\/el-interior-de-un-edificio-con-columnas-y-arcos-rvE_jTiejVc?utm_content=creditCopyText&amp;utm_medium=referral&amp;utm_source=unsplash\" target=\"_blank\" rel=\"noopener\">Unsplash<\/a>[\/vc_column_text][\/vc_column_inner][\/vc_row_inner][\/vc_column][\/vc_row]\n","protected":false},"excerpt":{"rendered":"<p>[vc_row type=&#8221;full_width_background&#8221; full_screen_row_position=&#8221;middle&#8221; column_margin=&#8221;default&#8221; column_direction=&#8221;default&#8221; column_direction_tablet=&#8221;default&#8221; column_direction_phone=&#8221;default&#8221; bg_color=&#8221;#ffffff&#8221; bg_image=&#8221;2325&#8243; bg_position=&#8221;center center&#8221; background_image_loading=&#8221;default&#8221; bg_repeat=&#8221;no-repeat&#8221; scene_position=&#8221;center&#8221; top_padding=&#8221;14%&#8221; bottom_padding=&#8221;15%&#8221; text_color=&#8221;light&#8221; text_align=&#8221;left&#8221; row_border_radius=&#8221;none&#8221; row_border_radius_applies=&#8221;bg&#8221; overflow=&#8221;visible&#8221; enable_gradient=&#8221;true&#8221; color_overlay=&#8221;#0a0000&#8243; color_overlay_2=&#8221;rgba(10,10,10,0.5)&#8221; overlay_strength=&#8221;0.5&#8243; gradient_direction=&#8221;left_to_right&#8221; shape_divider_color=&#8221;#ffffff&#8221; shape_divider_position=&#8221;bottom&#8221; shape_divider_height=&#8221;350&#8243; bg_image_animation=&#8221;none&#8221;&#8230;<\/p>\n","protected":false},"author":1,"featured_media":0,"parent":0,"menu_order":0,"comment_status":"closed","ping_status":"closed","template":"","meta":{"footnotes":""},"class_list":["post-983","page","type-page","status-publish"],"_links":{"self":[{"href":"https:\/\/cordobalocker.com\/en\/wp-json\/wp\/v2\/pages\/983","targetHints":{"allow":["GET"]}}],"collection":[{"href":"https:\/\/cordobalocker.com\/en\/wp-json\/wp\/v2\/pages"}],"about":[{"href":"https:\/\/cordobalocker.com\/en\/wp-json\/wp\/v2\/types\/page"}],"author":[{"embeddable":true,"href":"https:\/\/cordobalocker.com\/en\/wp-json\/wp\/v2\/users\/1"}],"replies":[{"embeddable":true,"href":"https:\/\/cordobalocker.com\/en\/wp-json\/wp\/v2\/comments?post=983"}],"version-history":[{"count":6,"href":"https:\/\/cordobalocker.com\/en\/wp-json\/wp\/v2\/pages\/983\/revisions"}],"predecessor-version":[{"id":2464,"href":"https:\/\/cordobalocker.com\/en\/wp-json\/wp\/v2\/pages\/983\/revisions\/2464"}],"wp:attachment":[{"href":"https:\/\/cordobalocker.com\/en\/wp-json\/wp\/v2\/media?parent=983"}],"curies":[{"name":"wp","href":"https:\/\/api.w.org\/{rel}","templated":true}]}}