{"id":989,"date":"2023-02-10T14:21:56","date_gmt":"2023-02-10T14:21:56","guid":{"rendered":"https:\/\/cordobalocker.com\/989-2\/"},"modified":"2025-03-18T17:29:33","modified_gmt":"2025-03-18T17:29:33","slug":"was-man-in-cordoba-an-einem-tag-unternehmen-kann","status":"publish","type":"page","link":"https:\/\/cordobalocker.com\/de\/was-man-in-cordoba-an-einem-tag-unternehmen-kann\/","title":{"rendered":"Was man in Cordoba an einem Tag unternehmen kann"},"content":{"rendered":"[vc_row type=&#8220;full_width_background&#8220; full_screen_row_position=&#8220;middle&#8220; column_margin=&#8220;default&#8220; column_direction=&#8220;default&#8220; column_direction_tablet=&#8220;default&#8220; column_direction_phone=&#8220;default&#8220; bg_color=&#8220;#ffffff&#8220; bg_image=&#8220;2325&#8243; bg_position=&#8220;center center&#8220; background_image_loading=&#8220;default&#8220; bg_repeat=&#8220;no-repeat&#8220; scene_position=&#8220;center&#8220; top_padding=&#8220;14%&#8220; bottom_padding=&#8220;15%&#8220; text_color=&#8220;light&#8220; text_align=&#8220;left&#8220; row_border_radius=&#8220;none&#8220; row_border_radius_applies=&#8220;bg&#8220; overflow=&#8220;visible&#8220; enable_gradient=&#8220;true&#8220; color_overlay=&#8220;#0a0000&#8243; color_overlay_2=&#8220;rgba(10,10,10,0.5)&#8220; overlay_strength=&#8220;0.5&#8243; gradient_direction=&#8220;left_to_right&#8220; shape_divider_color=&#8220;#ffffff&#8220; shape_divider_position=&#8220;bottom&#8220; shape_divider_height=&#8220;350&#8243; bg_image_animation=&#8220;none&#8220; parallax_bg=&#8220;true&#8220; parallax_bg_speed=&#8220;fast&#8220; shape_type=&#8220;waves_opacity_alt&#8220; gradient_type=&#8220;default&#8220;][vc_column column_padding=&#8220;no-extra-padding&#8220; column_padding_tablet=&#8220;inherit&#8220; column_padding_phone=&#8220;inherit&#8220; column_padding_position=&#8220;all&#8220; column_element_direction_desktop=&#8220;default&#8220; column_element_spacing=&#8220;default&#8220; desktop_text_alignment=&#8220;default&#8220; tablet_text_alignment=&#8220;default&#8220; phone_text_alignment=&#8220;default&#8220; background_color_opacity=&#8220;1&#8243; background_hover_color_opacity=&#8220;1&#8243; column_backdrop_filter=&#8220;none&#8220; column_shadow=&#8220;none&#8220; column_border_radius=&#8220;none&#8220; column_link_target=&#8220;_self&#8220; column_position=&#8220;default&#8220; gradient_direction=&#8220;left_to_right&#8220; overlay_strength=&#8220;0.3&#8243; width=&#8220;1\/1&#8243; tablet_width_inherit=&#8220;default&#8220; animation_type=&#8220;default&#8220; bg_image_animation=&#8220;none&#8220; border_type=&#8220;simple&#8220; column_border_width=&#8220;none&#8220; column_border_style=&#8220;solid&#8220;][vc_row_inner equal_height=&#8220;yes&#8220; content_placement=&#8220;middle&#8220; column_margin=&#8220;default&#8220; column_direction=&#8220;default&#8220; column_direction_tablet=&#8220;default&#8220; column_direction_phone=&#8220;default&#8220; text_align=&#8220;left&#8220; row_position=&#8220;default&#8220; row_position_tablet=&#8220;inherit&#8220; row_position_phone=&#8220;inherit&#8220; overflow=&#8220;visible&#8220; pointer_events=&#8220;all&#8220;][vc_column_inner column_padding=&#8220;no-extra-padding&#8220; column_padding_tablet=&#8220;inherit&#8220; column_padding_phone=&#8220;inherit&#8220; column_padding_position=&#8220;all&#8220; left_margin=&#8220;8%&#8220; constrain_group_2=&#8220;yes&#8220; right_margin=&#8220;8%&#8220; column_element_direction_desktop=&#8220;default&#8220; column_element_spacing=&#8220;default&#8220; desktop_text_alignment=&#8220;default&#8220; tablet_text_alignment=&#8220;default&#8220; phone_text_alignment=&#8220;default&#8220; background_color_opacity=&#8220;1&#8243; background_hover_color_opacity=&#8220;1&#8243; column_backdrop_filter=&#8220;none&#8220; column_shadow=&#8220;none&#8220; column_border_radius=&#8220;none&#8220; column_link_target=&#8220;_self&#8220; overflow=&#8220;visible&#8220; gradient_direction=&#8220;left_to_right&#8220; overlay_strength=&#8220;0.3&#8243; width=&#8220;1\/2&#8243; tablet_width_inherit=&#8220;default&#8220; animation_type=&#8220;default&#8220; enable_animation=&#8220;true&#8220; animation=&#8220;fade-in&#8220; animation_easing=&#8220;default&#8220; bg_image_animation=&#8220;none&#8220; border_type=&#8220;simple&#8220; column_border_width=&#8220;none&#8220; column_border_style=&#8220;solid&#8220; offset=&#8220;vc_col-lg-6 vc_col-md-6 vc_col-xs-12&#8243; column_padding_type=&#8220;default&#8220; gradient_type=&#8220;default&#8220;][vc_column_text css_animation=&#8220;fadeInUp&#8220; css=&#8220;.vc_custom_1742206365224{margin-bottom: 15px !important;}&#8220; text_direction=&#8220;default&#8220;]\n<h5 data-pm-slice=\"0 0 []\">Reisef\u00fchrer<\/h5>\n[\/vc_column_text][split_line_heading animation_type=&#8220;default&#8220; text_direction=&#8220;default&#8220;]\n<h1>Was man in C\u00f3rdoba an einem Tag unternehmen kann<\/h1>\n[\/split_line_heading][\/vc_column_inner][vc_column_inner column_padding=&#8220;no-extra-padding&#8220; column_padding_tablet=&#8220;inherit&#8220; column_padding_phone=&#8220;inherit&#8220; column_padding_position=&#8220;all&#8220; column_element_direction_desktop=&#8220;default&#8220; column_element_spacing=&#8220;default&#8220; desktop_text_alignment=&#8220;default&#8220; tablet_text_alignment=&#8220;default&#8220; phone_text_alignment=&#8220;default&#8220; background_color_opacity=&#8220;1&#8243; background_hover_color_opacity=&#8220;1&#8243; column_backdrop_filter=&#8220;none&#8220; column_shadow=&#8220;none&#8220; column_border_radius=&#8220;none&#8220; column_link_target=&#8220;_self&#8220; overflow=&#8220;visible&#8220; gradient_direction=&#8220;left_to_right&#8220; overlay_strength=&#8220;0.3&#8243; width=&#8220;1\/4&#8243; tablet_width_inherit=&#8220;default&#8220; animation_type=&#8220;default&#8220; bg_image_animation=&#8220;none&#8220; border_type=&#8220;simple&#8220; column_border_width=&#8220;none&#8220; column_border_style=&#8220;solid&#8220; offset=&#8220;vc_hidden-sm vc_hidden-xs&#8220;][\/vc_column_inner][vc_column_inner column_padding=&#8220;padding-6-percent&#8220; column_padding_tablet=&#8220;inherit&#8220; column_padding_phone=&#8220;inherit&#8220; column_padding_position=&#8220;bottom&#8220; column_element_direction_desktop=&#8220;default&#8220; column_element_spacing=&#8220;default&#8220; desktop_text_alignment=&#8220;default&#8220; tablet_text_alignment=&#8220;default&#8220; phone_text_alignment=&#8220;default&#8220; background_color_opacity=&#8220;1&#8243; background_hover_color_opacity=&#8220;1&#8243; column_backdrop_filter=&#8220;none&#8220; column_shadow=&#8220;none&#8220; column_border_radius=&#8220;none&#8220; column_link_target=&#8220;_self&#8220; overflow=&#8220;visible&#8220; gradient_direction=&#8220;left_to_right&#8220; overlay_strength=&#8220;0.3&#8243; width=&#8220;1\/4&#8243; tablet_width_inherit=&#8220;default&#8220; animation_type=&#8220;default&#8220; enable_animation=&#8220;true&#8220; animation=&#8220;fade-in-from-bottom&#8220; animation_easing=&#8220;default&#8220; bg_image_animation=&#8220;none&#8220; border_type=&#8220;simple&#8220; column_border_width=&#8220;none&#8220; column_border_style=&#8220;solid&#8220; offset=&#8220;vc_col-xs-12&#8243;][\/vc_column_inner][\/vc_row_inner][\/vc_column][\/vc_row][vc_row type=&#8220;in_container&#8220; full_screen_row_position=&#8220;middle&#8220; column_margin=&#8220;default&#8220; column_direction=&#8220;default&#8220; column_direction_tablet=&#8220;default&#8220; column_direction_phone=&#8220;default&#8220; scene_position=&#8220;center&#8220; top_padding=&#8220;3%&#8220; constrain_group_1=&#8220;yes&#8220; bottom_padding=&#8220;3%&#8220; left_padding_desktop=&#8220;13%&#8220; constrain_group_2=&#8220;yes&#8220; right_padding_desktop=&#8220;13%&#8220; top_padding_tablet=&#8220;7%&#8220; constrain_group_3=&#8220;yes&#8220; bottom_padding_tablet=&#8220;7%&#8220; left_padding_tablet=&#8220;1%&#8220; constrain_group_4=&#8220;yes&#8220; right_padding_tablet=&#8220;1%&#8220; top_padding_phone=&#8220;10%&#8220; constrain_group_5=&#8220;yes&#8220; bottom_padding_phone=&#8220;10%&#8220; left_padding_phone=&#8220;1%&#8220; constrain_group_6=&#8220;yes&#8220; right_padding_phone=&#8220;1%&#8220; text_color=&#8220;dark&#8220; text_align=&#8220;left&#8220; row_border_radius=&#8220;none&#8220; row_border_radius_applies=&#8220;bg&#8220; overflow=&#8220;visible&#8220; overlay_strength=&#8220;0.3&#8243; gradient_direction=&#8220;left_to_right&#8220; shape_divider_position=&#8220;bottom&#8220; bg_image_animation=&#8220;none&#8220; gradient_type=&#8220;default&#8220; shape_type=&#8220;&#8220;][vc_column column_padding=&#8220;no-extra-padding&#8220; column_padding_tablet=&#8220;inherit&#8220; column_padding_phone=&#8220;inherit&#8220; column_padding_position=&#8220;all&#8220; constrain_group_2=&#8220;yes&#8220; column_element_direction_desktop=&#8220;default&#8220; column_element_spacing=&#8220;default&#8220; desktop_text_alignment=&#8220;default&#8220; tablet_text_alignment=&#8220;default&#8220; phone_text_alignment=&#8220;default&#8220; background_color_opacity=&#8220;1&#8243; background_hover_color_opacity=&#8220;1&#8243; column_backdrop_filter=&#8220;none&#8220; column_shadow=&#8220;none&#8220; column_border_radius=&#8220;none&#8220; column_link_target=&#8220;_self&#8220; column_position=&#8220;default&#8220; gradient_direction=&#8220;left_to_right&#8220; overlay_strength=&#8220;0.3&#8243; width=&#8220;1\/1&#8243; tablet_width_inherit=&#8220;default&#8220; animation_type=&#8220;default&#8220; bg_image_animation=&#8220;none&#8220; border_type=&#8220;simple&#8220; column_border_width=&#8220;none&#8220; column_border_style=&#8220;solid&#8220; column_padding_type=&#8220;default&#8220; gradient_type=&#8220;default&#8220;][vc_row_inner column_margin=&#8220;default&#8220; column_direction=&#8220;default&#8220; column_direction_tablet=&#8220;default&#8220; column_direction_phone=&#8220;default&#8220; text_align=&#8220;left&#8220; row_position=&#8220;default&#8220; row_position_tablet=&#8220;inherit&#8220; row_position_phone=&#8220;inherit&#8220; overflow=&#8220;visible&#8220; pointer_events=&#8220;all&#8220;][vc_column_inner column_padding=&#8220;no-extra-padding&#8220; column_padding_tablet=&#8220;inherit&#8220; column_padding_phone=&#8220;inherit&#8220; column_padding_position=&#8220;all&#8220; column_element_direction_desktop=&#8220;default&#8220; column_element_spacing=&#8220;default&#8220; desktop_text_alignment=&#8220;default&#8220; tablet_text_alignment=&#8220;default&#8220; phone_text_alignment=&#8220;default&#8220; background_color_opacity=&#8220;1&#8243; background_hover_color_opacity=&#8220;1&#8243; column_backdrop_filter=&#8220;none&#8220; column_shadow=&#8220;none&#8220; column_border_radius=&#8220;none&#8220; column_link_target=&#8220;_self&#8220; overflow=&#8220;visible&#8220; gradient_direction=&#8220;left_to_right&#8220; overlay_strength=&#8220;0.3&#8243; width=&#8220;1\/1&#8243; tablet_width_inherit=&#8220;default&#8220; animation_type=&#8220;default&#8220; bg_image_animation=&#8220;none&#8220; border_type=&#8220;simple&#8220; column_border_width=&#8220;none&#8220; column_border_style=&#8220;solid&#8220;][vc_column_text css=&#8220;&#8220; text_direction=&#8220;default&#8220;]\n<h2>Sehensw\u00fcrdigkeiten in C\u00f3rdoba: Ein umfassender Reisef\u00fchrer zur Erkundung der Stadt der Kalifen<\/h2>\n<p class=\"whitespace-pre-wrap break-words\">C\u00f3rdoba, eines der Juwelen Andalusiens, ist eine Stadt, die an jeder Ecke Geschichte, Kultur und Sch\u00f6nheit atmet. Mit ihrer beeindruckenden Mischung aus r\u00f6mischen, muslimischen, j\u00fcdischen und christlichen Einfl\u00fcssen bietet sie einen kulturellen Reichtum, der sie zu einem unverzichtbaren Reiseziel f\u00fcr jeden Reisenden macht. Wenn Sie sich fragen, was es in C\u00f3rdoba zu sehen gibt, finden Sie hier einen umfassenden Reisef\u00fchrer, um ihre Wunder zu erkunden.<\/p>\n<h3 class=\"text-xl font-bold text-text-200 mt-1 -mb-0.5\"><strong>Die Mezquita-Kathedrale von C\u00f3rdoba<\/strong><\/h3>\n<p class=\"whitespace-pre-wrap break-words\">Man kann nicht \u00fcber Sehensw\u00fcrdigkeiten in C\u00f3rdoba sprechen, ohne ihr bekanntestes Monument zu erw\u00e4hnen: die Mezquita-Kathedrale. Dieses beeindruckende Geb\u00e4ude ist eine perfekte Synthese islamischer und christlicher Architektur. Urspr\u00fcnglich im 8. Jahrhundert als Moschee erbaut, wurde sie nach der Reconquista im Jahr 1236 in eine Kathedrale umgewandelt. Ihr Wald aus S\u00e4ulen und Hufeisenb\u00f6gen sowie ihr majest\u00e4tischer Mihrab werden Sie sprachlos machen. Vergessen Sie nicht, den Glockenturm zu besteigen, um einen spektakul\u00e4ren Blick \u00fcber die Stadt zu genie\u00dfen. <a class=\"underline\" href=\"https:\/\/tickets.mezquita-catedraldecordoba.es\/es?gad_source=1&amp;gclid=Cj0KCQjw3ZayBhDRARIsAPWzx8qU2XWd7XoHjNSigY4ovS5VTDaFFIKSmReW9cT5BAPmKgl_mnmBBDoaAh_-EALw_wcB\" target=\"_blank\" rel=\"noopener\">Hier k\u00f6nnen Sie Ihre Eintrittskarten kaufen<\/a>.<\/p>\n<h3 class=\"text-xl font-bold text-text-200 mt-1 -mb-0.5\"><strong>Der Alc\u00e1zar der Christlichen K\u00f6nige<\/strong><\/h3>\n<p class=\"whitespace-pre-wrap break-words\">Ein weiterer unverzichtbarer Ort auf der Liste der Sehensw\u00fcrdigkeiten in C\u00f3rdoba ist der Alc\u00e1zar der Christlichen K\u00f6nige. Diese Palastfestung, die im 14. Jahrhundert erbaut wurde, war eine der Lieblingsresidenzen der Katholischen K\u00f6nige. Die G\u00e4rten mit Brunnen und Teichen sind eine Oase der Ruhe, die im Kontrast zur Schlichtheit der Mauern steht. Von den T\u00fcrmen aus genie\u00dft man au\u00dferdem einen Panoramablick auf die Stadt und den Guadalquivir-Fluss. <a class=\"underline\" href=\"https:\/\/alcazardecordoba.es\/entradas\/\" target=\"_blank\" rel=\"noopener\">Hier k\u00f6nnen Sie Ihre Eintrittskarten kaufen<\/a>.<\/p>\n<h3 class=\"text-xl font-bold text-text-200 mt-1 -mb-0.5\"><strong>Das J\u00fcdische Viertel<\/strong><\/h3>\n<p class=\"whitespace-pre-wrap break-words\">Das J\u00fcdische Viertel ist einer der bezauberndsten Orte, um sich in C\u00f3rdoba zu verlieren. Seine engen Kopfsteinpflasterstra\u00dfen, wei\u00df get\u00fcnchten H\u00e4user und Innenh\u00f6fe voller Blumen schaffen eine einzigartige Atmosph\u00e4re. In diesem Viertel befindet sich die Synagoge von C\u00f3rdoba, eine der wenigen, die seit dem Mittelalter in Spanien erhalten geblieben sind. Der St\u00e4dtische Basar, wo man typisches Kunsthandwerk finden kann, und das Haus von Sefarad, ein Museum, das der j\u00fcdischen Kultur gewidmet ist, sind ebenfalls empfehlenswerte Besuche f\u00fcr diejenigen, die nach Sehensw\u00fcrdigkeiten in C\u00f3rdoba suchen.<\/p>\n<h3 class=\"text-xl font-bold text-text-200 mt-1 -mb-0.5\"><strong>Die Blumengasse<\/strong><\/h3>\n<p class=\"whitespace-pre-wrap break-words\">Wenn Sie eine perfekte Postkarte von C\u00f3rdoba suchen, ist die Calleja de las Flores (Blumengasse) der ideale Ort. Diese kleine und malerische Gasse endet auf einem kleinen Platz, von dem aus man den Turm der Mezquita-Kathedrale sehen kann, eingerahmt von bunten Blument\u00f6pfen. Es ist ein perfekter Ort, um Fotos zu machen und die andalusische Atmosph\u00e4re zu genie\u00dfen.<\/p>\n<h3 class=\"text-xl font-bold text-text-200 mt-1 -mb-0.5\"><strong>Die R\u00f6mische Br\u00fccke und der Calahorra-Turm<\/strong><\/h3>\n<p class=\"whitespace-pre-wrap break-words\">Die R\u00f6mische Br\u00fccke, die im 1. Jahrhundert v. Chr. erbaut wurde, ist ein weiteres Symbol C\u00f3rdobas. Diese Br\u00fccke mit 16 B\u00f6gen \u00fcberquert den Guadalquivir-Fluss und bietet einen beeindruckenden Blick auf die Stadt, besonders bei Sonnenuntergang. An einem Ende befindet sich der Calahorra-Turm, eine Festung, die heute das Lebendige Museum von Al-Andalus beherbergt, wo man etwas \u00fcber das Zusammenleben der christlichen, muslimischen und j\u00fcdischen Kulturen im mittelalterlichen C\u00f3rdoba lernen kann.<\/p>\n<h3 class=\"text-xl font-bold text-text-200 mt-1 -mb-0.5\"><strong>Der Palast von Viana<\/strong><\/h3>\n<p class=\"whitespace-pre-wrap break-words\">Bekannt als das &#8222;Museum der Innenh\u00f6fe&#8220;, ist der Palast von Viana ein Muss f\u00fcr Liebhaber der Architektur und des Gartenbaus. Dieser Renaissance-Palast verf\u00fcgt \u00fcber zw\u00f6lf Innenh\u00f6fe, jeder mit seinem eigenen Stil und Charme. Im Fr\u00fchling, wenn die Blumen in voller Bl\u00fcte stehen, wird der Palast von Viana zu einem wahren Paradies. Zweifellos ist es einer der sch\u00f6nsten Orte, die man in C\u00f3rdoba sehen kann. <a class=\"underline\" href=\"https:\/\/entradas.palaciodeviana.com\/janto\/main.php?idTemporada=65\" target=\"_blank\" rel=\"noopener\">Hier k\u00f6nnen Sie Ihre Eintrittskarten kaufen<\/a>.<\/p>\n<h3 class=\"text-xl font-bold text-text-200 mt-1 -mb-0.5\"><strong>Der Plaza de la Corredera<\/strong><\/h3>\n<p class=\"whitespace-pre-wrap break-words\">Der Plaza de la Corredera ist der einzige Hauptplatz im kastilischen Stil in Andalusien. Mit seiner rechteckigen Form und seinen Arkaden ist er ein perfekter Ort, um ein Getr\u00e4nk auf einer seiner Terrassen zu genie\u00dfen, w\u00e4hrend man das t\u00e4gliche Leben der Stadt beobachtet. Auf diesem Platz befindet sich auch der S\u00e1nchez-Pe\u00f1a-Markt, ideal um lokale Produkte zu probieren. Er ist ein weiterer wesentlicher Punkt, den man in C\u00f3rdoba sehen sollte, um das lokale Leben zu verstehen.<\/p>\n<h3 class=\"text-xl font-bold text-text-200 mt-1 -mb-0.5\"><strong>Medina Azahara<\/strong><\/h3>\n<p class=\"whitespace-pre-wrap break-words\">Wenige Kilometer von C\u00f3rdoba entfernt befinden sich die Ruinen von Medina Azahara, einer Palaststadt, die im 10. Jahrhundert vom Kalifen Abd al-Rahman III. erbaut wurde. Obwohl sie gr\u00f6\u00dftenteils in Ruinen liegt, spiegeln die \u00dcberreste dieser Stadt den Glanz des Kalifats von C\u00f3rdoba wider. Das Besucherzentrum bietet einen detaillierten Einblick in ihre Geschichte und Bedeutung und macht Medina Azahara zu einem faszinierenden Ort, den man in C\u00f3rdoba besuchen sollte. <a class=\"underline\" href=\"https:\/\/www.medinaazahara.org\/entradas-medina-azahara.html?gad_source=1&amp;gclid=Cj0KCQjw3ZayBhDRARIsAPWzx8oVdq_xzGkWMXJUh1ceLbnk62TuOOQjzr_VWJn63YroRbWX9w8Iyi0aAsnZEALw_wcB\" target=\"_blank\" rel=\"noopener\">Hier k\u00f6nnen Sie Ihre Eintrittskarten kaufen<\/a>.<\/p>\n<h3 class=\"text-xl font-bold text-text-200 mt-1 -mb-0.5\"><strong>Die Innenh\u00f6fe von C\u00f3rdoba<\/strong><\/h3>\n<p class=\"whitespace-pre-wrap break-words\">Eine der charmantesten Traditionen C\u00f3rdobas ist das Fest der Innenh\u00f6fe, das jeden Mai stattfindet. W\u00e4hrend dieser Zeit \u00f6ffnen sich die privaten Innenh\u00f6fe der Stadt f\u00fcr die \u00d6ffentlichkeit und zeigen ihre bunten Blumen und Dekorationen. Auch au\u00dferhalb der Festivalzeit k\u00f6nnen viele Innenh\u00f6fe besichtigt werden, besonders im Viertel San Basilio. Die Innenh\u00f6fe sind eine einzigartige Sehensw\u00fcrdigkeit in C\u00f3rdoba, die die Stadt mit Farbe und Leben f\u00fcllt.<\/p>\n<h3 class=\"text-xl font-bold text-text-200 mt-1 -mb-0.5\"><strong>Die Gastronomie von C\u00f3rdoba<\/strong><\/h3>\n<p class=\"whitespace-pre-wrap break-words\">Sie k\u00f6nnen C\u00f3rdoba nicht besuchen, ohne seine k\u00f6stliche Gastronomie zu genie\u00dfen. Gerichte wie Salmorejo, Flamenqu\u00edn und Ochsenschwanz sind echte K\u00f6stlichkeiten, die Sie probieren sollten. Dar\u00fcber hinaus verf\u00fcgt die Stadt \u00fcber zahlreiche Tapas-Bars, in denen Sie eine gro\u00dfe Vielfalt an lokalen Geschmacksrichtungen probieren k\u00f6nnen. Die Gastronomie ist ein grundlegender Teil der Erfahrung, was es in C\u00f3rdoba zu sehen gibt.<\/p>\n<p class=\"whitespace-pre-wrap break-words\">Zusammenfassend ist C\u00f3rdoba eine Stadt, die ihre reiche historische Vergangenheit perfekt mit einem lebendigen zeitgen\u00f6ssischen Leben kombiniert. Von ihren beeindruckenden Monumenten bis hin zu ihren charmanten Stra\u00dfen und k\u00f6stlicher Gastronomie gibt es in C\u00f3rdoba viel zu sehen. Wenn Sie also einen Besuch planen, stellen Sie sicher, dass Sie gen\u00fcgend Zeit haben, um alles zu erkunden und zu genie\u00dfen, was diese wunderbare Stadt zu bieten hat.<\/p>\n<p>Foto von <a href=\"https:\/\/unsplash.com\/es\/@alexgoesglobal?utm_content=creditCopyText&amp;utm_medium=referral&amp;utm_source=unsplash\" target=\"_blank\" rel=\"noopener\">Alexandra Tran<\/a> auf <a href=\"https:\/\/unsplash.com\/es\/fotos\/el-interior-de-un-edificio-con-columnas-y-arcos-rvE_jTiejVc?utm_content=creditCopyText&amp;utm_medium=referral&amp;utm_source=unsplash\" target=\"_blank\" rel=\"noopener\">Unsplash<\/a>[\/vc_column_text][\/vc_column_inner][\/vc_row_inner][\/vc_column][\/vc_row]\n","protected":false},"excerpt":{"rendered":"<p>[vc_row type=&#8220;full_width_background&#8220; full_screen_row_position=&#8220;middle&#8220; column_margin=&#8220;default&#8220; column_direction=&#8220;default&#8220; column_direction_tablet=&#8220;default&#8220; column_direction_phone=&#8220;default&#8220; bg_color=&#8220;#ffffff&#8220; bg_image=&#8220;2325&#8243; bg_position=&#8220;center center&#8220; background_image_loading=&#8220;default&#8220; bg_repeat=&#8220;no-repeat&#8220; scene_position=&#8220;center&#8220; top_padding=&#8220;14%&#8220; bottom_padding=&#8220;15%&#8220; text_color=&#8220;light&#8220; text_align=&#8220;left&#8220; row_border_radius=&#8220;none&#8220; row_border_radius_applies=&#8220;bg&#8220; overflow=&#8220;visible&#8220; enable_gradient=&#8220;true&#8220; color_overlay=&#8220;#0a0000&#8243; color_overlay_2=&#8220;rgba(10,10,10,0.5)&#8220; overlay_strength=&#8220;0.5&#8243; gradient_direction=&#8220;left_to_right&#8220; shape_divider_color=&#8220;#ffffff&#8220; shape_divider_position=&#8220;bottom&#8220; shape_divider_height=&#8220;350&#8243; bg_image_animation=&#8220;none&#8220;&#8230;<\/p>\n","protected":false},"author":1,"featured_media":0,"parent":0,"menu_order":0,"comment_status":"closed","ping_status":"closed","template":"","meta":{"footnotes":""},"class_list":["post-989","page","type-page","status-publish"],"_links":{"self":[{"href":"https:\/\/cordobalocker.com\/de\/wp-json\/wp\/v2\/pages\/989","targetHints":{"allow":["GET"]}}],"collection":[{"href":"https:\/\/cordobalocker.com\/de\/wp-json\/wp\/v2\/pages"}],"about":[{"href":"https:\/\/cordobalocker.com\/de\/wp-json\/wp\/v2\/types\/page"}],"author":[{"embeddable":true,"href":"https:\/\/cordobalocker.com\/de\/wp-json\/wp\/v2\/users\/1"}],"replies":[{"embeddable":true,"href":"https:\/\/cordobalocker.com\/de\/wp-json\/wp\/v2\/comments?post=989"}],"version-history":[{"count":4,"href":"https:\/\/cordobalocker.com\/de\/wp-json\/wp\/v2\/pages\/989\/revisions"}],"predecessor-version":[{"id":2525,"href":"https:\/\/cordobalocker.com\/de\/wp-json\/wp\/v2\/pages\/989\/revisions\/2525"}],"wp:attachment":[{"href":"https:\/\/cordobalocker.com\/de\/wp-json\/wp\/v2\/media?parent=989"}],"curies":[{"name":"wp","href":"https:\/\/api.w.org\/{rel}","templated":true}]}}