{"id":2641,"date":"2025-03-10T22:30:10","date_gmt":"2025-03-10T22:30:10","guid":{"rendered":"https:\/\/cordobalocker.com\/cookie-richtlinie\/"},"modified":"2025-07-04T19:14:58","modified_gmt":"2025-07-04T19:14:58","slug":"cookie-richtlinie","status":"publish","type":"page","link":"https:\/\/cordobalocker.com\/de\/cookie-richtlinie\/","title":{"rendered":"Cookie-Richtlinie"},"content":{"rendered":"[vc_row type=&#8220;full_width_background&#8220; full_screen_row_position=&#8220;middle&#8220; column_margin=&#8220;default&#8220; column_direction=&#8220;default&#8220; column_direction_tablet=&#8220;default&#8220; column_direction_phone=&#8220;default&#8220; bg_color=&#8220;#ffffff&#8220; scene_position=&#8220;center&#8220; top_padding=&#8220;1%&#8220; bottom_padding=&#8220;5%&#8220; text_color=&#8220;dark&#8220; text_align=&#8220;left&#8220; row_border_radius=&#8220;none&#8220; row_border_radius_applies=&#8220;bg&#8220; overflow=&#8220;visible&#8220; overlay_strength=&#8220;0.3&#8243; gradient_direction=&#8220;left_to_right&#8220; shape_divider_position=&#8220;bottom&#8220; bg_image_animation=&#8220;none&#8220; gradient_type=&#8220;default&#8220; shape_type=&#8220;&#8220;][vc_column column_padding=&#8220;no-extra-padding&#8220; column_padding_tablet=&#8220;inherit&#8220; column_padding_phone=&#8220;inherit&#8220; column_padding_position=&#8220;all&#8220; column_element_direction_desktop=&#8220;default&#8220; column_element_spacing=&#8220;default&#8220; desktop_text_alignment=&#8220;default&#8220; tablet_text_alignment=&#8220;default&#8220; phone_text_alignment=&#8220;default&#8220; background_color_opacity=&#8220;1&#8243; background_hover_color_opacity=&#8220;1&#8243; column_backdrop_filter=&#8220;none&#8220; column_shadow=&#8220;none&#8220; column_border_radius=&#8220;none&#8220; column_link_target=&#8220;_self&#8220; column_position=&#8220;default&#8220; gradient_direction=&#8220;left_to_right&#8220; overlay_strength=&#8220;0.3&#8243; width=&#8220;1\/1&#8243; tablet_width_inherit=&#8220;default&#8220; animation_type=&#8220;default&#8220; bg_image_animation=&#8220;none&#8220; border_type=&#8220;simple&#8220; column_border_width=&#8220;none&#8220; column_border_style=&#8220;solid&#8220;][vc_row_inner column_margin=&#8220;default&#8220; column_direction=&#8220;default&#8220; column_direction_tablet=&#8220;default&#8220; column_direction_phone=&#8220;default&#8220; text_align=&#8220;left&#8220; row_position=&#8220;default&#8220; row_position_tablet=&#8220;inherit&#8220; row_position_phone=&#8220;inherit&#8220; overflow=&#8220;visible&#8220; pointer_events=&#8220;all&#8220;][vc_column_inner column_padding=&#8220;no-extra-padding&#8220; column_padding_tablet=&#8220;inherit&#8220; column_padding_phone=&#8220;inherit&#8220; column_padding_position=&#8220;all&#8220; column_element_direction_desktop=&#8220;default&#8220; column_element_spacing=&#8220;default&#8220; desktop_text_alignment=&#8220;default&#8220; tablet_text_alignment=&#8220;default&#8220; phone_text_alignment=&#8220;default&#8220; background_color_opacity=&#8220;1&#8243; background_hover_color_opacity=&#8220;1&#8243; column_backdrop_filter=&#8220;none&#8220; column_shadow=&#8220;none&#8220; column_border_radius=&#8220;none&#8220; column_link_target=&#8220;_self&#8220; overflow=&#8220;visible&#8220; gradient_direction=&#8220;left_to_right&#8220; overlay_strength=&#8220;0.3&#8243; width=&#8220;1\/1&#8243; tablet_width_inherit=&#8220;default&#8220; animation_type=&#8220;default&#8220; bg_image_animation=&#8220;none&#8220; border_type=&#8220;simple&#8220; column_border_width=&#8220;none&#8220; column_border_style=&#8220;solid&#8220;][vc_column_text css=&#8220;&#8220; text_direction=&#8220;default&#8220;]\n<h1>Cookie-Richtlinie<\/h1>\n[\/vc_column_text][\/vc_column_inner][\/vc_row_inner][vc_column_text css=&#8220;&#8220; text_direction=&#8220;default&#8220;]\n<div class=\"cookies-container\">\n<p>Diese Cookie-Erkl\u00e4rung wurde zuletzt am 24. Februar 2025 aktualisiert und gilt f\u00fcr B\u00fcrger des Europ\u00e4ischen Wirtschaftsraums.<\/p>\n<h3>Einleitung<\/h3>\n<p>Unsere Website, HTTPS:\/\/CORDOBALOCKER.COM\/ (im Folgenden: &#8222;die Website&#8220;), verwendet Cookies und andere verwandte Technologien (der Einfachheit halber werden alle Technologien als &#8222;Cookies&#8220; bezeichnet). Cookies werden auch von Dritten platziert, die wir beauftragt haben. Im folgenden Dokument informieren wir Sie \u00fcber die Verwendung von Cookies auf unserer Website.  <\/p>\n<h3>Was sind Cookies?<\/h3>\n<p>Ein Cookie ist eine kleine, einfache Datei, die zusammen mit den Seiten dieser Website gesendet und von Ihrem Browser auf der Festplatte Ihres Computers oder eines anderen Ger\u00e4ts gespeichert wird. Die gespeicherten Informationen k\u00f6nnen bei einem sp\u00e4teren Besuch an unsere Server oder an die Server der relevanten Dritten zur\u00fcckgesendet werden. <\/p>\n<h3>Was sind Scripts?<\/h3>\n<p>Ein Script ist ein St\u00fcck Programmcode, das verwendet wird, um unsere Website richtig und interaktiv funktionieren zu lassen. Dieser Code wird auf unserem Server oder auf Ihrem Ger\u00e4t ausgef\u00fchrt. <\/p>\n<h3>Was ist ein Web-Beacon?<\/h3>\n<p>Ein Web-Beacon (oder Pixel-Tag) ist ein kleines, unsichtbares St\u00fcck Text oder Bild auf einer Website, das verwendet wird, um den Verkehr auf einer Website zu \u00fcberwachen. Dazu werden verschiedene Daten \u00fcber Sie durch Web-Beacons gespeichert. <\/p>\n<h3>Einwilligung<\/h3>\n<p>Wenn Sie unsere Website zum ersten Mal besuchen, zeigen wir Ihnen ein Pop-up-Fenster mit einer Erkl\u00e4rung zu Cookies. Sobald Sie auf &#8222;Einstellungen speichern&#8220; klicken, erlauben Sie uns, die Kategorien von Cookies und Plugins zu verwenden, die Sie im Pop-up-Fenster ausgew\u00e4hlt haben, wie in dieser Cookie-Erkl\u00e4rung beschrieben. Sie k\u00f6nnen die Verwendung von Cookies \u00fcber Ihren Browser deaktivieren, beachten Sie jedoch, dass unsere Website m\u00f6glicherweise nicht mehr richtig funktioniert.  <\/p>\n<h4>Verwaltung der Einwilligungseinstellungen<\/h4>\n<p>Der Benutzer hat das Recht, seine Zustimmung durch die Erteilung der Einwilligung zu zeigen, die wir beim Besuch unserer Website anfordern werden.<\/p>\n<p>Diese Einwilligung kann jederzeit ge\u00e4ndert werden.<\/p>\n<h3>Cookies<\/h3>\n<h4>Technische oder funktionale Cookies<\/h4>\n<p>Einige Cookies sorgen daf\u00fcr, dass bestimmte Teile der Website richtig funktionieren und Ihre Benutzereinstellungen bekannt bleiben. Durch das Platzieren funktionaler Cookies erleichtern wir Ihnen den Besuch unserer Website. Auf diese Weise m\u00fcssen Sie bei Besuchen unserer Website nicht wiederholt die gleichen Informationen eingeben, und beispielsweise bleiben Artikel in Ihrem Warenkorb, bis Sie bezahlt haben. Wir k\u00f6nnen diese Cookies ohne Ihre Einwilligung platzieren.   <\/p>\n<h4>Analytische Cookies<\/h4>\n<p>Dies sind Cookies, die von uns oder von Dritten verarbeitet werden und es uns erm\u00f6glichen, die Anzahl der Benutzer zu quantifizieren und so die statistische Messung und Analyse der Nutzung des angebotenen Dienstes durch die Benutzer durchzuf\u00fchren. Dazu analysieren wir Ihre Navigation auf unserer Website, um das Angebot an Produkten oder Dienstleistungen, die wir Ihnen anbieten, zu verbessern. <\/p>\n<h4>Werbe-Cookies<\/h4>\n<p>Dies sind Cookies, die von uns oder von Dritten verarbeitet werden und es uns erm\u00f6glichen, das Angebot von Werbefl\u00e4chen auf der Website so effektiv wie m\u00f6glich zu verwalten, indem der Inhalt der Anzeige an den Inhalt des angeforderten Dienstes oder an Ihre Nutzung unserer Website angepasst wird. Dazu k\u00f6nnen wir Ihre Internet-Browsing-Gewohnheiten analysieren und Ihnen Werbung zeigen, die mit Ihrem Browsing-Profil zusammenh\u00e4ngt. <\/p>\n<h4>Social-Media-Buttons<\/h4>\n<p>Auf unserer Website haben wir Buttons eingebunden, um Seiten zu bewerben (z.B. &#8222;Gef\u00e4llt mir&#8220;, &#8222;Pin&#8220;) oder zu teilen (z.B. &#8222;Tweet&#8220;) in sozialen Netzwerken wie. Diese Buttons funktionieren mit Code von den Netzwerken selbst. Dieser Code bettet Cookies ein. Diese Social-Media-Buttons k\u00f6nnen bestimmte Informationen speichern und verarbeiten, so dass Ihnen personalisierte Werbung angezeigt werden kann.   <\/p>\n<p>Bitte lesen Sie die Datenschutzrichtlinien dieser sozialen Netzwerke (die sich h\u00e4ufig \u00e4ndern k\u00f6nnen), um zu erfahren, was sie mit Ihren (pers\u00f6nlichen) Daten machen, die sie mithilfe dieser Cookies verarbeiten. Die Daten, die sie erhalten, werden so weit wie m\u00f6glich anonymisiert und befinden sich in den Vereinigten Staaten. <\/p>\n<h3>Verwendete Cookies<\/h3>\n<p>Nachfolgend informieren wir Sie \u00fcber die auf dieser Website verwendeten Cookies.<\/p>\n<table class=\"cookies-table\" border=\"1\" cellspacing=\"0\" cellpadding=\"5\">\n<thead>\n<tr>\n<th>COOKIE<\/th>\n<th>EIGENT\u00dcMER<\/th>\n<th>ABLAUF<\/th>\n<th>KATEGORIE\n<\/th>\n<th>ZWECK<\/th>\n<\/tr>\n<\/thead>\n<tbody>\n<tr>\n<td><\/td>\n<td><\/td>\n<td><\/td>\n<td><\/td>\n<td><\/td>\n<\/tr>\n<tr>\n<td><\/td>\n<td><\/td>\n<td><\/td>\n<td><\/td>\n<td><\/td>\n<\/tr>\n<tr>\n<td><\/td>\n<td><\/td>\n<td><\/td>\n<td><\/td>\n<td><\/td>\n<\/tr>\n<tr>\n<td><\/td>\n<td><\/td>\n<td><\/td>\n<td><\/td>\n<td><\/td>\n<\/tr>\n<tr>\n<td><\/td>\n<td><\/td>\n<td><\/td>\n<td><\/td>\n<td><\/td>\n<\/tr>\n<tr>\n<td><\/td>\n<td><\/td>\n<td><\/td>\n<td><\/td>\n<td><\/td>\n<\/tr>\n<\/tbody>\n<\/table>\n<h3>Ihre Rechte in Bezug auf personenbezogene Daten<\/h3>\n<p>Sie haben die folgenden Rechte in Bezug auf Ihre personenbezogenen Daten:<\/p>\n<ul>\n<li>Sie haben das Recht zu wissen, warum Ihre personenbezogenen Daten ben\u00f6tigt werden, was mit ihnen geschehen wird und wie lange sie aufbewahrt werden.<\/li>\n<li>Zugriffsrecht: Sie haben das Recht, auf Ihre personenbezogenen Daten zuzugreifen, die uns bekannt sind.<\/li>\n<li>Recht auf Berichtigung: Sie haben das Recht, Ihre personenbezogenen Daten zu erg\u00e4nzen, zu berichtigen, zu l\u00f6schen oder zu sperren, wann immer Sie m\u00f6chten.<\/li>\n<li>Wenn Sie uns Ihre Einwilligung zur Verarbeitung Ihrer Daten geben, haben Sie das Recht, diese Einwilligung zu widerrufen und Ihre personenbezogenen Daten l\u00f6schen zu lassen.<\/li>\n<li>Recht auf Daten\u00fcbertragbarkeit: Sie haben das Recht, alle Ihre personenbezogenen Daten vom Verantwortlichen anzufordern und sie vollst\u00e4ndig an einen anderen Verantwortlichen zu \u00fcbertragen.<\/li>\n<li>Widerspruchsrecht: Sie k\u00f6nnen der Verarbeitung Ihrer Daten widersprechen. Wir halten uns daran, es sei denn, es gibt berechtigte Gr\u00fcnde f\u00fcr die Verarbeitung. <\/li>\n<\/ul>\n<p>Um diese Rechte auszu\u00fcben, kontaktieren Sie uns bitte. Bitte beziehen Sie sich auf die Kontaktdaten am Ende dieser Cookie-Erkl\u00e4rung. Wenn Sie Beschwerden dar\u00fcber haben, wie wir mit Ihren Daten umgehen, w\u00fcrden wir diese gerne von Ihnen h\u00f6ren, aber Sie haben auch das Recht, eine Beschwerde bei der Aufsichtsbeh\u00f6rde (der Datenschutzbeh\u00f6rde) einzureichen.  <\/p>\n<h3>Aktivierung\/Deaktivierung und L\u00f6schung von Cookies<\/h3>\n<p>Sie k\u00f6nnen Ihren Internetbrowser verwenden, um Cookies automatisch oder manuell zu l\u00f6schen. Sie k\u00f6nnen auch festlegen, dass bestimmte Cookies nicht platziert werden d\u00fcrfen. Eine weitere M\u00f6glichkeit besteht darin, die Einstellungen Ihres Internetbrowsers so zu \u00e4ndern, dass Sie jedes Mal eine Nachricht erhalten, wenn ein Cookie platziert wird. Weitere Informationen zu diesen Optionen finden Sie in den Anweisungen im Hilfebereich Ihres Browsers.   <\/p>\n<p>Bitte beachten Sie, dass unsere Website m\u00f6glicherweise nicht richtig funktioniert, wenn alle Cookies deaktiviert sind. Wenn Sie Cookies in Ihrem Browser l\u00f6schen, werden diese nach Ihrer Einwilligung erneut platziert, wenn Sie unsere Websites wieder besuchen. <\/p>\n<h3>Kontaktdaten<\/h3>\n<p>F\u00fcr Fragen und\/oder Kommentare zu unserer Cookie-Richtlinie und dieser Erkl\u00e4rung kontaktieren Sie uns bitte unter den folgenden Kontaktdaten:<\/p>\n<p>Bezeichnung: C\u00d3RDOBA LOCKER<br \/>Adresse: AV. DR. FLEMING, 8, C\u00d3RDOBA (14001)<br \/>Website: HTTPS:\/\/CORDOBALOCKER.COM<br \/>E-Mail: info@cordobalocker.com<br \/>Telefonnummer: 957464916 <\/p>\n<\/div>\n[\/vc_column_text][\/vc_column][\/vc_row]\n","protected":false},"excerpt":{"rendered":"<p>[vc_row type=&#8220;full_width_background&#8220; full_screen_row_position=&#8220;middle&#8220; column_margin=&#8220;default&#8220; column_direction=&#8220;default&#8220; column_direction_tablet=&#8220;default&#8220; column_direction_phone=&#8220;default&#8220; bg_color=&#8220;#ffffff&#8220; scene_position=&#8220;center&#8220; top_padding=&#8220;1%&#8220; bottom_padding=&#8220;5%&#8220; text_color=&#8220;dark&#8220; text_align=&#8220;left&#8220; row_border_radius=&#8220;none&#8220; row_border_radius_applies=&#8220;bg&#8220; overflow=&#8220;visible&#8220; overlay_strength=&#8220;0.3&#8243; gradient_direction=&#8220;left_to_right&#8220; shape_divider_position=&#8220;bottom&#8220; bg_image_animation=&#8220;none&#8220; gradient_type=&#8220;default&#8220; shape_type=&#8220;&#8220;][vc_column column_padding=&#8220;no-extra-padding&#8220; column_padding_tablet=&#8220;inherit&#8220; column_padding_phone=&#8220;inherit&#8220; column_padding_position=&#8220;all&#8220; column_element_direction_desktop=&#8220;default&#8220; column_element_spacing=&#8220;default&#8220; desktop_text_alignment=&#8220;default&#8220; tablet_text_alignment=&#8220;default&#8220;&#8230;<\/p>\n","protected":false},"author":5,"featured_media":0,"parent":0,"menu_order":0,"comment_status":"closed","ping_status":"closed","template":"","meta":{"footnotes":""},"class_list":["post-2641","page","type-page","status-publish"],"_links":{"self":[{"href":"https:\/\/cordobalocker.com\/de\/wp-json\/wp\/v2\/pages\/2641","targetHints":{"allow":["GET"]}}],"collection":[{"href":"https:\/\/cordobalocker.com\/de\/wp-json\/wp\/v2\/pages"}],"about":[{"href":"https:\/\/cordobalocker.com\/de\/wp-json\/wp\/v2\/types\/page"}],"author":[{"embeddable":true,"href":"https:\/\/cordobalocker.com\/de\/wp-json\/wp\/v2\/users\/5"}],"replies":[{"embeddable":true,"href":"https:\/\/cordobalocker.com\/de\/wp-json\/wp\/v2\/comments?post=2641"}],"version-history":[{"count":4,"href":"https:\/\/cordobalocker.com\/de\/wp-json\/wp\/v2\/pages\/2641\/revisions"}],"predecessor-version":[{"id":2774,"href":"https:\/\/cordobalocker.com\/de\/wp-json\/wp\/v2\/pages\/2641\/revisions\/2774"}],"wp:attachment":[{"href":"https:\/\/cordobalocker.com\/de\/wp-json\/wp\/v2\/media?parent=2641"}],"curies":[{"name":"wp","href":"https:\/\/api.w.org\/{rel}","templated":true}]}}