{"id":2631,"date":"2025-03-10T22:22:40","date_gmt":"2025-03-10T22:22:40","guid":{"rendered":"https:\/\/cordobalocker.com\/rechtlicher-hinweis\/"},"modified":"2025-07-04T19:53:03","modified_gmt":"2025-07-04T19:53:03","slug":"rechtlicher-hinweis","status":"publish","type":"page","link":"https:\/\/cordobalocker.com\/de\/rechtlicher-hinweis\/","title":{"rendered":"Rechtlicher Hinweis"},"content":{"rendered":"[vc_row type=&#8220;full_width_background&#8220; full_screen_row_position=&#8220;middle&#8220; column_margin=&#8220;default&#8220; column_direction=&#8220;default&#8220; column_direction_tablet=&#8220;default&#8220; column_direction_phone=&#8220;default&#8220; bg_color=&#8220;#ffffff&#8220; scene_position=&#8220;center&#8220; top_padding=&#8220;1%&#8220; bottom_padding=&#8220;5%&#8220; text_color=&#8220;dark&#8220; text_align=&#8220;left&#8220; row_border_radius=&#8220;none&#8220; row_border_radius_applies=&#8220;bg&#8220; overflow=&#8220;visible&#8220; overlay_strength=&#8220;0.3&#8243; gradient_direction=&#8220;left_to_right&#8220; shape_divider_position=&#8220;bottom&#8220; bg_image_animation=&#8220;none&#8220; gradient_type=&#8220;default&#8220; shape_type=&#8220;&#8220;][vc_column column_padding=&#8220;no-extra-padding&#8220; column_padding_tablet=&#8220;inherit&#8220; column_padding_phone=&#8220;inherit&#8220; column_padding_position=&#8220;all&#8220; column_element_direction_desktop=&#8220;default&#8220; column_element_spacing=&#8220;default&#8220; desktop_text_alignment=&#8220;default&#8220; tablet_text_alignment=&#8220;default&#8220; phone_text_alignment=&#8220;default&#8220; background_color_opacity=&#8220;1&#8243; background_hover_color_opacity=&#8220;1&#8243; column_backdrop_filter=&#8220;none&#8220; column_shadow=&#8220;none&#8220; column_border_radius=&#8220;none&#8220; column_link_target=&#8220;_self&#8220; column_position=&#8220;default&#8220; gradient_direction=&#8220;left_to_right&#8220; overlay_strength=&#8220;0.3&#8243; width=&#8220;1\/1&#8243; tablet_width_inherit=&#8220;default&#8220; animation_type=&#8220;default&#8220; bg_image_animation=&#8220;none&#8220; border_type=&#8220;simple&#8220; column_border_width=&#8220;none&#8220; column_border_style=&#8220;solid&#8220;][vc_row_inner column_margin=&#8220;default&#8220; column_direction=&#8220;default&#8220; column_direction_tablet=&#8220;default&#8220; column_direction_phone=&#8220;default&#8220; text_align=&#8220;left&#8220; row_position=&#8220;default&#8220; row_position_tablet=&#8220;inherit&#8220; row_position_phone=&#8220;inherit&#8220; overflow=&#8220;visible&#8220; pointer_events=&#8220;all&#8220;][vc_column_inner column_padding=&#8220;no-extra-padding&#8220; column_padding_tablet=&#8220;inherit&#8220; column_padding_phone=&#8220;inherit&#8220; column_padding_position=&#8220;all&#8220; column_element_direction_desktop=&#8220;default&#8220; column_element_spacing=&#8220;default&#8220; desktop_text_alignment=&#8220;default&#8220; tablet_text_alignment=&#8220;default&#8220; phone_text_alignment=&#8220;default&#8220; background_color_opacity=&#8220;1&#8243; background_hover_color_opacity=&#8220;1&#8243; column_backdrop_filter=&#8220;none&#8220; column_shadow=&#8220;none&#8220; column_border_radius=&#8220;none&#8220; column_link_target=&#8220;_self&#8220; overflow=&#8220;visible&#8220; gradient_direction=&#8220;left_to_right&#8220; overlay_strength=&#8220;0.3&#8243; width=&#8220;1\/1&#8243; tablet_width_inherit=&#8220;default&#8220; animation_type=&#8220;default&#8220; bg_image_animation=&#8220;none&#8220; border_type=&#8220;simple&#8220; column_border_width=&#8220;none&#8220; column_border_style=&#8220;solid&#8220;][vc_column_text css=&#8220;&#8220; text_direction=&#8220;default&#8220;]\n<h1>Rechtlicher Hinweis<\/h1>\n[\/vc_column_text][\/vc_column_inner][\/vc_row_inner][vc_column_text css=&#8220;&#8220; text_direction=&#8220;default&#8220;]\n<div class=\"legal-notice-container\">\n<h3>ZWECK UND ANNAHME<\/h3>\n<p>Das vorliegende Impressum regelt die Nutzung der Website (im Folgenden, DIE WEBSITE), deren Inhaber C\u00d3RDOBA LOCKER ist (im Folgenden, DER WEBSITE-INHABER).<\/p>\n<p>Durch das Surfen auf der Website des EIGENT\u00dcMERS DER WEB wird der Zustand des Benutzers und die vollst\u00e4ndige und vorbehaltlose Annahme aller in diesem rechtlichen Hinweis enthaltenen Bestimmungen, die ge\u00e4ndert werden k\u00f6nnen, vorausgesetzt.<\/p>\n<p>Der Benutzer verpflichtet sich, die Website in \u00dcbereinstimmung mit dem Gesetz, Treu und Glauben, der \u00f6ffentlichen Ordnung, den Verkehrsnutzungen und diesen rechtlichen Hinweisen korrekt zu nutzen. Der Benutzer haftet dem EIGENT\u00dcMER DER WEBSITE oder Dritten f\u00fcr alle Sch\u00e4den, die durch die Verletzung dieser Verpflichtung entstehen k\u00f6nnen. <\/p>\n<h3>IDENTIFIZIERUNG UND KOMMUNIKATION<\/h3>\n<p>DER EIGENT\u00dcMER DER WEBSITE informiert Sie in \u00dcbereinstimmung mit dem Gesetz 34\/2002 vom 11. Juli \u00fcber Dienste der Informationsgesellschaft und des elektronischen Gesch\u00e4ftsverkehrs dar\u00fcber, dass:<\/p>\n<ul>\n<li>Der Verantwortliche ist C\u00d3RDOBA LOCKER<\/li>\n<li>Sein Sitz ist: AV. DR. FLEMING, 8, C\u00d3RDOBA (14001) <\/li>\n<\/ul>\n<p>Um mit uns zu kommunizieren, stellen wir Ihnen verschiedene Kontaktm\u00f6glichkeiten zur Verf\u00fcgung, die wir im Folgenden beschreiben:<\/p>\n<ul>\n<li>Email: info@cordobalocker.com<\/li>\n<li>Telefon: 957464916<\/li>\n<\/ul>\n<p>Alle Benachrichtigungen und Mitteilungen zwischen Benutzern und DEM EIGENT\u00dcMER DER WEBSITE gelten f\u00fcr alle Zwecke als wirksam, wenn sie per Post oder auf einem anderen oben beschriebenen Weg erfolgen.<\/p>\n<h3>ZUGANGS- UND NUTZUNGSBEDINGUNGEN<\/h3>\n<p>Die Website und ihre Dienste sind kostenlos und frei zug\u00e4nglich, jedoch bedingt DER EIGENT\u00dcMER DER WEB die Nutzung einiger der auf seiner Website angebotenen Dienste vom vorherigen Ausf\u00fcllen des entsprechenden Formulars.<\/p>\n<p>Der Benutzer garantiert die Authentizit\u00e4t und Aktualit\u00e4t aller Daten, die dem EIGENT\u00dcMER DER WEBSITE mitgeteilt werden, und ist allein verantwortlich f\u00fcr falsche oder ungenaue Angaben.<\/p>\n<p>Der Benutzer erkl\u00e4rt sich ausdr\u00fccklich damit einverstanden, die Inhalte und Dienste von THE OWNER OF THE WEB angemessen zu nutzen und sie unter anderem nicht zu verwenden f\u00fcr:<\/p>\n<ol type=\"a\">\n<li>Inhalte zu verbreiten, die kriminell, gewaltt\u00e4tig, pornographisch, rassistisch, fremdenfeindlich, beleidigend, terroristisch bef\u00fcrwortend oder allgemein gegen das Gesetz oder die \u00f6ffentliche Ordnung versto\u00dfen.<\/li>\n<li>Computerviren in das Netzwerk einschleusen oder Aktionen ausf\u00fchren, die elektronische Dokumente, Daten oder physische und logische Systeme des EIGENT\u00dcMERS DER WEBSITE oder Dritter \u00e4ndern, verderben, unterbrechen oder Fehler oder Sch\u00e4den verursachen k\u00f6nnen; sowie den Zugriff anderer Benutzer auf die Website und ihre Dienste durch den massiven Verbrauch von Computerressourcen zu behindern, \u00fcber die DER EIGENT\u00dcMER DER WEB seine Dienste bereitstellt.<\/li>\n<li>Versuchen Sie, auf die E-Mail-Konten anderer Benutzer oder eingeschr\u00e4nkte Bereiche der Computersysteme des EIGENT\u00dcMERS DER WEBSITE oder Dritter zuzugreifen und gegebenenfalls Informationen zu extrahieren.<\/li>\n<li>Verletzung der Rechte an geistigem oder gewerblichem Eigentum sowie Verletzung der Vertraulichkeit der Informationen des EIGENT\u00dcMERS DER WEBSITE oder Dritter.<\/li>\n<li>Sich als die Identit\u00e4t eines anderen Benutzers, einer \u00f6ffentlichen Verwaltung oder eines Dritten ausgeben.<\/li>\n<li>Die Inhalte zu vervielf\u00e4ltigen, zu kopieren, zu verbreiten, zur Verf\u00fcgung zu stellen oder auf andere Weise \u00f6ffentlich zu kommunizieren, umzuwandeln oder zu modifizieren, es sei denn, Sie haben die Genehmigung des Inhabers der entsprechenden Rechte oder dies ist gesetzlich erlaubt.<\/li>\n<li>Sammeln von Daten f\u00fcr Werbezwecke und zum Versenden von Werbung jeglicher Art und Mitteilungen zu Verkaufszwecken oder anderen kommerziellen Zwecken ohne Ihre vorherige Anfrage oder Zustimmung.<\/li>\n<\/ol>\n<p>Alle Inhalte der Website, wie Texte, Fotos, Grafiken, Bilder, Symbole, Technologie, Software sowie deren Grafikdesign und Quellcodes, stellen ein Werk dar, dessen Eigentum dem EIGENT\u00dcMER DER WEBSITE geh\u00f6rt, ohne dass dies so verstanden wird dem Benutzer keine Verwertungsrechte \u00fcber sie \u00fcbertragen, die \u00fcber das hinausgehen, was f\u00fcr die korrekte Nutzung des Webs unbedingt erforderlich ist.<\/p>\n<p>Kurz gesagt, Benutzer, die auf diese Website zugreifen, k\u00f6nnen die Inhalte einsehen und gegebenenfalls autorisierte Privatkopien anfertigen, sofern die reproduzierten Elemente nicht nachtr\u00e4glich an Dritte \u00fcbertragen werden, noch auf Servern installiert werden, die mit Netzwerken verbunden sind, noch der Nr Art der Ausbeutung. Ebenso sind alle Marken, Handelsnamen oder Unterscheidungszeichen jeglicher Art, die auf der Website erscheinen, Eigentum des EIGENT\u00dcMERS DER WEBSITE, ohne dass davon ausgegangen wird, dass die Nutzung oder der Zugriff darauf dem Benutzer ein Recht darauf verleiht. <\/p>\n<p>Die Verbreitung, Ver\u00e4nderung, \u00dcbertragung oder \u00f6ffentliche Wiedergabe der Inhalte und jede andere Handlung, die nicht ausdr\u00fccklich vom Inhaber der Verwertungsrechte genehmigt wurde, ist untersagt.<\/p>\n<p>Die Einrichtung eines Hyperlinks impliziert in keinem Fall das Bestehen von Beziehungen zwischen DEM EIGENT\u00dcMER DER WEBSITE und dem Eigent\u00fcmer der Website, auf der er eingerichtet ist, noch die Annahme und Genehmigung ihrer Inhalte oder Dienstleistungen durch den EIGENT\u00dcMER DER WEBSITE. . Personen, die beabsichtigen, einen Hyperlink einzurichten, m\u00fcssen zuvor eine schriftliche Genehmigung des EIGENT\u00dcMERS DER WEBSITE einholen. In jedem Fall erm\u00f6glicht der Hyperlink ausschlie\u00dflich den Zugang zur Homepage oder Startseite unserer Website. Au\u00dferdem m\u00fcssen Sie davon absehen, falsche, ungenaue oder unrichtige \u00c4u\u00dferungen oder Angaben \u00fcber DEN EIGENT\u00dcMER DER WEBSITE zu machen oder rechtswidrige Inhalte einzuf\u00fcgen, die gegen die guten Sitten und die \u00f6ffentliche Ordnung versto\u00dfen. DER EIGENT\u00dcMER DER WEBSITE ist nicht verantwortlich f\u00fcr die Nutzung der auf dieser Website zur Verf\u00fcgung gestellten Materialien durch jeden Benutzer oder f\u00fcr die darauf basierenden Aktionen.   <\/p>\n<h3>AUSSCHLUSS VON GARANTIEN UND HAFTUNG<\/h3>\n<p>Der Inhalt dieser Website ist allgemeiner Natur und dient nur zu Informationszwecken, ohne dass der Zugang zu allen Inhalten, ihre Vollst\u00e4ndigkeit, Richtigkeit, G\u00fcltigkeit oder Aktualit\u00e4t oder ihre Eignung oder N\u00fctzlichkeit f\u00fcr einen bestimmten Zweck vollst\u00e4ndig garantiert werden.<\/p>\n<p>DER EIGENT\u00dcMER DER WEB schlie\u00dft, soweit gesetzlich zul\u00e4ssig, jegliche Haftung f\u00fcr Sch\u00e4den jeglicher Art aus, die sich ergeben aus:<\/p>\n<ol type=\"a\">\n<li>Die Unm\u00f6glichkeit des Zugriffs auf die Website oder der Mangel an Wahrhaftigkeit, Genauigkeit, Vollst\u00e4ndigkeit und\/oder Aktualit\u00e4t der Inhalte sowie das Vorhandensein von Fehlern und M\u00e4ngeln aller Art der \u00fcbermittelten, verbreiteten, gespeicherten, zur Verf\u00fcgung gestellten Inhalte \u00fcber die Website oder die angebotenen Dienste zugegriffen wurde.<\/li>\n<li>Das Vorhandensein von Viren oder anderen Elementen in den Inhalten, die \u00c4nderungen an Computersystemen, elektronischen Dokumenten oder Benutzerdaten verursachen k\u00f6nnen.<\/li>\n<li>Nichteinhaltung der Gesetze, von Treu und Glauben, der \u00f6ffentlichen Ordnung, der Verkehrsnutzung und dieses rechtlichen Hinweises als Folge einer fehlerhaften Nutzung der Website. Insbesondere und beispielsweise ist DER EIGENT\u00dcMER DER WEBSITE nicht verantwortlich f\u00fcr Handlungen Dritter, die geistige und gewerbliche Eigentumsrechte, Gesch\u00e4ftsgeheimnisse, Ehrenrechte, pers\u00f6nliche und famili\u00e4re Privatsph\u00e4re und das Bild selbst verletzen, sowie die Vorschriften \u00fcber unlauteren Wettbewerb und unerlaubte Werbung. <\/li>\n<\/ol>\n<p>Ebenso lehnt DER EIGENT\u00dcMER DES WEBS jegliche Verantwortung f\u00fcr Informationen ab, die sich au\u00dferhalb dieser Website befinden und nicht direkt von unserem Webmaster verwaltet werden. Die Funktion der Links, die auf dieser Website erscheinen, besteht ausschlie\u00dflich darin, den Benutzer \u00fcber das Vorhandensein anderer Quellen zu informieren, die den von dieser Website angebotenen Inhalt erweitern k\u00f6nnen. DER EIGENT\u00dcMER DER WEBSITE garantiert oder \u00fcbernimmt keine Verantwortung f\u00fcr den Betrieb oder die Zug\u00e4nglichkeit der verlinkten Seiten; noch schl\u00e4gt, l\u00e4dt oder empfiehlt es einen Besuch bei ihnen, so dass es nicht f\u00fcr das erzielte Ergebnis verantwortlich ist. DER EIGENT\u00dcMER DER WEB ist nicht verantwortlich f\u00fcr die Einrichtung von Hyperlinks durch Dritte.   <\/p>\n<h3>DATENSCHUTZRICHTLINIE<\/h3>\n<p>Sie k\u00f6nnen unsere Datenschutzrichtlinie unter folgendem <a href=\"https:\/\/cordobalocker.com\/de\/datenschutzrichtlinie\/\">Link<\/a> einsehen.<\/p>\n<h3>VERFAHREN IM FALLE DER DURCHF\u00dcHRUNG VON ILLEGALEN AKTIVIT\u00c4TEN<\/h3>\n<p>F\u00fcr den Fall, dass ein Benutzer oder Dritte der Ansicht ist, dass Tatsachen oder Umst\u00e4nde vorliegen, die die rechtswidrige Natur der Nutzung von Inhalten und\/oder der Durchf\u00fchrung von Aktivit\u00e4ten auf den enthaltenen oder \u00fcber die Website zug\u00e4nglichen Webseiten offenbaren, m\u00fcssen sie a Benachrichtigung an DEN EIGENT\u00dcMER DER WEBSITE, der sich ordnungsgem\u00e4\u00df identifiziert, die mutma\u00dflichen Verst\u00f6\u00dfe spezifiziert und ausdr\u00fccklich und unter seiner Verantwortung erkl\u00e4rt, dass die in der Benachrichtigung enthaltenen Informationen korrekt sind.<\/p>\n<p>Die Parteien unterwerfen sich ausdr\u00fccklich f\u00fcr alle Fragen oder Differenzen, die sich aus der Auslegung, Einhaltung und Ausf\u00fchrung dieses Vertrags ergeben k\u00f6nnen, der Gerichtsbarkeit und Zust\u00e4ndigkeit der Gerichte, die dem Wohnsitz des Benutzers oder dem Erf\u00fcllungsort des Vertrags entsprechen Verpflichtung.<\/p>\n<h3>VER\u00d6FFENTLICHUNGEN<\/h3>\n<p>Die \u00fcber die Website bereitgestellten Verwaltungsinformationen ersetzen nicht die gesetzliche Ver\u00f6ffentlichung der Gesetze, Verordnungen, Pl\u00e4ne, allgemeinen Bestimmungen und Akte, die formell in den offiziellen Zeitungen der \u00f6ffentlichen Verwaltungen ver\u00f6ffentlicht werden m\u00fcssen, die das einzige Dokument darstellen, das ihre Echtheit best\u00e4tigt und Inhalt. Die auf dieser Website verf\u00fcgbaren Informationen sind als Leitfaden ohne Rechtsg\u00fcltigkeitszweck zu verstehen. <\/p>\n<\/div>\n[\/vc_column_text][\/vc_column][\/vc_row]\n","protected":false},"excerpt":{"rendered":"<p>[vc_row type=&#8220;full_width_background&#8220; full_screen_row_position=&#8220;middle&#8220; column_margin=&#8220;default&#8220; column_direction=&#8220;default&#8220; column_direction_tablet=&#8220;default&#8220; column_direction_phone=&#8220;default&#8220; bg_color=&#8220;#ffffff&#8220; scene_position=&#8220;center&#8220; top_padding=&#8220;1%&#8220; bottom_padding=&#8220;5%&#8220; text_color=&#8220;dark&#8220; text_align=&#8220;left&#8220; row_border_radius=&#8220;none&#8220; row_border_radius_applies=&#8220;bg&#8220; overflow=&#8220;visible&#8220; overlay_strength=&#8220;0.3&#8243; gradient_direction=&#8220;left_to_right&#8220; shape_divider_position=&#8220;bottom&#8220; bg_image_animation=&#8220;none&#8220; gradient_type=&#8220;default&#8220; shape_type=&#8220;&#8220;][vc_column column_padding=&#8220;no-extra-padding&#8220; column_padding_tablet=&#8220;inherit&#8220; column_padding_phone=&#8220;inherit&#8220; column_padding_position=&#8220;all&#8220; column_element_direction_desktop=&#8220;default&#8220; column_element_spacing=&#8220;default&#8220; desktop_text_alignment=&#8220;default&#8220; tablet_text_alignment=&#8220;default&#8220;&#8230;<\/p>\n","protected":false},"author":5,"featured_media":0,"parent":0,"menu_order":0,"comment_status":"closed","ping_status":"closed","template":"","meta":{"footnotes":""},"class_list":["post-2631","page","type-page","status-publish"],"_links":{"self":[{"href":"https:\/\/cordobalocker.com\/de\/wp-json\/wp\/v2\/pages\/2631","targetHints":{"allow":["GET"]}}],"collection":[{"href":"https:\/\/cordobalocker.com\/de\/wp-json\/wp\/v2\/pages"}],"about":[{"href":"https:\/\/cordobalocker.com\/de\/wp-json\/wp\/v2\/types\/page"}],"author":[{"embeddable":true,"href":"https:\/\/cordobalocker.com\/de\/wp-json\/wp\/v2\/users\/5"}],"replies":[{"embeddable":true,"href":"https:\/\/cordobalocker.com\/de\/wp-json\/wp\/v2\/comments?post=2631"}],"version-history":[{"count":2,"href":"https:\/\/cordobalocker.com\/de\/wp-json\/wp\/v2\/pages\/2631\/revisions"}],"predecessor-version":[{"id":2792,"href":"https:\/\/cordobalocker.com\/de\/wp-json\/wp\/v2\/pages\/2631\/revisions\/2792"}],"wp:attachment":[{"href":"https:\/\/cordobalocker.com\/de\/wp-json\/wp\/v2\/media?parent=2631"}],"curies":[{"name":"wp","href":"https:\/\/api.w.org\/{rel}","templated":true}]}}