{"id":2593,"date":"2025-03-19T20:32:00","date_gmt":"2025-03-19T20:32:00","guid":{"rendered":"https:\/\/cordobalocker.com\/datenschutzrichtlinie\/"},"modified":"2025-07-04T18:52:58","modified_gmt":"2025-07-04T18:52:58","slug":"datenschutzrichtlinie","status":"publish","type":"page","link":"https:\/\/cordobalocker.com\/de\/datenschutzrichtlinie\/","title":{"rendered":"Datenschutzrichtlinie"},"content":{"rendered":"[vc_row type=&#8220;full_width_background&#8220; full_screen_row_position=&#8220;middle&#8220; column_margin=&#8220;default&#8220; column_direction=&#8220;default&#8220; column_direction_tablet=&#8220;default&#8220; column_direction_phone=&#8220;default&#8220; bg_color=&#8220;#ffffff&#8220; scene_position=&#8220;center&#8220; top_padding=&#8220;1%&#8220; bottom_padding=&#8220;5%&#8220; text_color=&#8220;dark&#8220; text_align=&#8220;left&#8220; row_border_radius=&#8220;none&#8220; row_border_radius_applies=&#8220;bg&#8220; overflow=&#8220;visible&#8220; overlay_strength=&#8220;0.3&#8243; gradient_direction=&#8220;left_to_right&#8220; shape_divider_position=&#8220;bottom&#8220; bg_image_animation=&#8220;none&#8220; gradient_type=&#8220;default&#8220; shape_type=&#8220;&#8220;][vc_column column_padding=&#8220;no-extra-padding&#8220; column_padding_tablet=&#8220;inherit&#8220; column_padding_phone=&#8220;inherit&#8220; column_padding_position=&#8220;all&#8220; column_element_direction_desktop=&#8220;default&#8220; column_element_spacing=&#8220;default&#8220; desktop_text_alignment=&#8220;default&#8220; tablet_text_alignment=&#8220;default&#8220; phone_text_alignment=&#8220;default&#8220; background_color_opacity=&#8220;1&#8243; background_hover_color_opacity=&#8220;1&#8243; column_backdrop_filter=&#8220;none&#8220; column_shadow=&#8220;none&#8220; column_border_radius=&#8220;none&#8220; column_link_target=&#8220;_self&#8220; column_position=&#8220;default&#8220; gradient_direction=&#8220;left_to_right&#8220; overlay_strength=&#8220;0.3&#8243; width=&#8220;1\/1&#8243; tablet_width_inherit=&#8220;default&#8220; animation_type=&#8220;default&#8220; bg_image_animation=&#8220;none&#8220; border_type=&#8220;simple&#8220; column_border_width=&#8220;none&#8220; column_border_style=&#8220;solid&#8220;][vc_row_inner column_margin=&#8220;default&#8220; column_direction=&#8220;default&#8220; column_direction_tablet=&#8220;default&#8220; column_direction_phone=&#8220;default&#8220; text_align=&#8220;left&#8220; row_position=&#8220;default&#8220; row_position_tablet=&#8220;inherit&#8220; row_position_phone=&#8220;inherit&#8220; overflow=&#8220;visible&#8220; pointer_events=&#8220;all&#8220;][vc_column_inner column_padding=&#8220;no-extra-padding&#8220; column_padding_tablet=&#8220;inherit&#8220; column_padding_phone=&#8220;inherit&#8220; column_padding_position=&#8220;all&#8220; column_element_direction_desktop=&#8220;default&#8220; column_element_spacing=&#8220;default&#8220; desktop_text_alignment=&#8220;default&#8220; tablet_text_alignment=&#8220;default&#8220; phone_text_alignment=&#8220;default&#8220; background_color_opacity=&#8220;1&#8243; background_hover_color_opacity=&#8220;1&#8243; column_backdrop_filter=&#8220;none&#8220; column_shadow=&#8220;none&#8220; column_border_radius=&#8220;none&#8220; column_link_target=&#8220;_self&#8220; overflow=&#8220;visible&#8220; gradient_direction=&#8220;left_to_right&#8220; overlay_strength=&#8220;0.3&#8243; width=&#8220;1\/1&#8243; tablet_width_inherit=&#8220;default&#8220; animation_type=&#8220;default&#8220; bg_image_animation=&#8220;none&#8220; border_type=&#8220;simple&#8220; column_border_width=&#8220;none&#8220; column_border_style=&#8220;solid&#8220;][vc_column_text css=&#8220;&#8220; text_direction=&#8220;default&#8220;]\n<h1>Datenschutzrichtlinie<\/h1>\n[\/vc_column_text][\/vc_column_inner][\/vc_row_inner][vc_column_text css=&#8220;&#8220; text_direction=&#8220;default&#8220;]\n<div class=\"privacy-container\">\n<p>Wenn wir Informationen von Ihnen einholen m\u00fcssen, werden wir Sie immer bitten, diese freiwillig und ausdr\u00fccklich anzugeben. Die \u00fcber die Datenerfassungsformulare auf der Website oder auf anderem Wege erhobenen Daten werden in die Verarbeitungssysteme von C\u00d3RDOBA LOCKER aufgenommen.<\/p>\n<p>Diese Einrichtung wird die Daten vertraulich und ausschlie\u00dflich zum Zweck der Erbringung der angeforderten Dienstleistungen verarbeiten, mit allen rechtlichen und sicherheitstechnischen Garantien, die durch die Verordnung (EU) 2016\/679 des Europ\u00e4ischen Parlaments und des Rates vom 27. April 2016 zum Schutz nat\u00fcrlicher Personen bei der Verarbeitung personenbezogener Daten und zum freien Datenverkehr und das Gesetz 34\/2002 vom 11. Juli \u00fcber die Dienste der Informationsgesellschaft und den elektronischen Handel vorgeschrieben sind.<\/p>\n<h3>Wer ist der f\u00fcr die Verarbeitung Ihrer Daten Verantwortliche?<\/h3>\n<ul>\n<li>Der Verantwortliche ist C\u00d3RDOBA LOCKER<\/li>\n<li>Sein Sitz ist: AV. DR. FLEMING, 8, C\u00d3RDOBA (14001) <\/li>\n<li>E-Mail: info@cordobalocker.com<\/li>\n<\/ul>\n<p><strong>KONTAKT DATENSCHUTZBEAUFTRAGTER<\/strong>: dpo.apartamentoswallada@lock4data.es<\/p>\n<h3>Zu welchen Zwecken verarbeiten wir Ihre personenbezogenen Daten?<\/h3>\n<p>Bei C\u00d3RDOBA LOCKER verarbeiten wir die Informationen, die uns die Betroffenen zur Verf\u00fcgung stellen, auf loyale, rechtm\u00e4\u00dfige und transparente Weise in \u00dcbereinstimmung mit der EU-Verordnung 2016\/679 vom 27. April des Europ\u00e4ischen Parlaments und des Rates und dem Gesetz 3\/2018 vom 5. Dezember \u00fcber den Datenschutz und die Gew\u00e4hrleistung digitaler Rechte.<\/p>\n<h4>Wenn Sie ein KUNDE oder BENUTZER sind :<\/h4>\n<p>Wenn Sie Kunde oder Nutzer sind, verarbeiten wir die folgenden Kategorien von personenbezogenen Daten:<\/p>\n<ul>\n<li>Identifizierungsdaten (Vorname, Nachname, Personalausweisnummer&#8230;)<\/li>\n<li>Kontaktinformationen (E-Mail, Whatsapp&#8230;)<\/li>\n<li>Bankverbindung (Kontonummer, Bankkarte&#8230;)<\/li>\n<li>Sonstige Daten (von der betroffenen Person in offenen Formularen oder Mitteilungen angegeben)<\/li>\n<\/ul>\n<p>Wir verarbeiten Ihre Daten zum Zweck der:<\/p>\n<ul>\n<li>Verwaltung der angeforderten Dienstleistungen, Informationen und\/oder Produkte.<\/li>\n<li>Zur \u00dcbermittlung von Interessenbekundungen (wenn der Interessent die entsprechende Genehmigung erteilt hat).<\/li>\n<li>Zur Erf\u00fcllung der f\u00fcr den f\u00fcr die Verarbeitung Verantwortlichen geltenden rechtlichen Verpflichtungen.<\/li>\n<\/ul>\n<h4>Wenn Sie BESCH\u00c4FTIGT oder JOB-BEWERBER sind :<\/h4>\n<p>Wenn Sie Mitarbeiter oder Bewerber\/Kandidat sind, werden wir die folgenden Kategorien personenbezogener Daten verarbeiten:<\/p>\n<ul>\n<li>Identifizierungsdaten (Vorname, Nachname, Personalausweisnummer&#8230;)<\/li>\n<li>Im Lebenslauf enthaltene Daten (Studium, Berufserfahrung, Hobbys&#8230;)<\/li>\n<li>Kontaktinformationen (E-Mail, Whatsapp&#8230;)<\/li>\n<li>Bankverbindung (Kontonummer, Inhaber, SEPA-Mandat)<\/li>\n<li>Bild<\/li>\n<li>Sonstige Daten (von der betroffenen Person in offenen Formularen oder Mitteilungen angegeben)<\/li>\n<\/ul>\n<p>Wir verarbeiten Ihre Daten zum Zweck der:<\/p>\n<ul>\n<li>Verwaltung der Rechte und Pflichten im Zusammenhang mit dem Vertragsverh\u00e4ltnis.<\/li>\n<li>Auswahl der Bewerberinnen und Bewerber<\/li>\n<li>Verwendung, Vervielf\u00e4ltigung oder Ver\u00f6ffentlichung von Bild, Name und Stimme (sofern von der betreffenden Person ordnungsgem\u00e4\u00df genehmigt)<\/li>\n<li>Einhaltung der rechtlichen Verpflichtungen von Unternehmen.<\/li>\n<\/ul>\n<h4>Wenn Sie ein LIEFERANT unseres Unternehmens sind :<\/h4>\n<p>Wenn Sie ein Lieferant sind, werden wir die folgenden Kategorien personenbezogener Daten verarbeiten:<\/p>\n<ul>\n<li>Identifizierungsdaten (Vorname, Nachname, Personalausweisnummer&#8230;)<\/li>\n<li>Kontaktinformationen (E-Mail, Whatsapp&#8230;)<\/li>\n<li>Bankverbindung (Kontonummer, Rechnungsstellung&#8230;)<\/li>\n<li>Sonstige Daten (von der betroffenen Person in offenen Formularen oder Mitteilungen angegeben)<\/li>\n<\/ul>\n<p>Wir verarbeiten Ihre Daten zum Zweck der:<\/p>\n<ul>\n<li>Verwaltung, Buchhaltung und Steuerverwaltung.<\/li>\n<li>\u00dcberwachung und Kontrolle der Gesch\u00e4ftsbeziehung.<\/li>\n<li>Erf\u00fcllung der rechtlichen Verpflichtungen von Unternehmen<\/li>\n<\/ul>\n<h3>Bin ich verpflichtet, personenbezogene Daten anzugeben?<\/h3>\n<p>MAR\u00cdA ALONSO GARC\u00cdA wird nur die Daten anfordern, die f\u00fcr die Erf\u00fcllung des Zwecks, f\u00fcr den sie erhoben werden, unbedingt erforderlich sind. Falls diese nicht bereitgestellt werden, kann der angeforderte Dienst nicht erbracht werden.<\/p>\n<h3>Wie lange werden wir Ihre Daten aufbewahren?<\/h3>\n<p>Die zur Verf\u00fcgung gestellten und w\u00e4hrend der Beziehung zwischen dem Betroffenen und C\u00d3RDOBA LOCKER erhaltenen personenbezogenen Daten werden f\u00fcr einen Zeitraum von maximal 5 Jahren ab der letzten Interessensbest\u00e4tigung oder solange eine gesetzliche Bestimmung uns dazu verpflichtet aufbewahrt, in diesem Fall werden sie ordnungsgem\u00e4\u00df gesperrt und gel\u00f6scht, wenn sie nicht mehr erforderlich sind.<\/p>\n<h3>Wodurch wird die Verarbeitung Ihrer Daten legitimiert?<\/h3>\n<p>Gem\u00e4\u00df Artikel 6.1 der Verordnung (EU) 2016\/679 vom 27. April teilen wir Ihnen mit, dass die Rechtm\u00e4\u00dfigkeit der Verarbeitung Ihrer Daten wie folgt ist:<\/p>\n<ol type=\"a\">\n<li>die betroffene Person ihre Einwilligung zur Verarbeitung ihrer personenbezogenen Daten f\u00fcr einen oder mehrere bestimmte Zwecke gegeben hat und\/oder<\/li>\n<li>die Verarbeitung ist zur Erf\u00fcllung einer f\u00fcr den f\u00fcr die Verarbeitung Verantwortlichen geltenden rechtlichen Verpflichtung erforderlich und\/oder<\/li>\n<li>die Verarbeitung ist zur Wahrung der berechtigten Interessen des f\u00fcr die Verarbeitung Verantwortlichen oder eines Dritten erforderlich, sofern nicht die Interessen oder Grundrechte und Grundfreiheiten der betroffenen Person, die den Schutz personenbezogener Daten erfordern, \u00fcberwiegen, insbesondere wenn es sich bei der betroffenen Person um ein Kind handelt.<\/li>\n<\/ol>\n<h3>An welche Empf\u00e4nger werden Ihre Daten weitergegeben?<\/h3>\n<p>Die von C\u00d3RDOBA LOCKER verarbeiteten Daten k\u00f6nnen an Dritte weitergegeben werden, wenn wir dazu gesetzlich verpflichtet sind.<\/p>\n<p>C\u00d3RDOBA LOCKER arbeitet auch mit Dienstleistern zusammen, f\u00fcr die es notwendig ist, Daten in verschiedenen Gesch\u00e4ftsbereichen (Verwaltung, Buchhaltung, Steuern, Marketing, Arbeit&#8230;) zu \u00fcbermitteln. Die Beziehung zu diesen Unternehmen wird gem\u00e4\u00df Artikel 28 der Verordnung (EU) 2016\/679 des Europ\u00e4ischen Parlaments und des Rates vom 27. April 2016 (GDPR) geregelt. Daten, auf die von solchen Unternehmen zugegriffen wird, werden nur f\u00fcr den notwendigen Gesch\u00e4ftszweck verwendet und nicht f\u00fcr weitere Zwecke aufbewahrt.<\/p>\n<h3>Welche Rechte haben Sie, wenn Sie uns Ihre Daten zur Verf\u00fcgung stellen?<\/h3>\n<p>Jeder Betroffene hat das Recht, eine Best\u00e4tigung dar\u00fcber zu erhalten, ob C\u00d3RDOBA LOCKER seine personenbezogenen Daten verarbeitet oder nicht.<\/p>\n<p>Die Betroffenen haben das Recht, auf ihre personenbezogenen Daten zuzugreifen sowie die Berichtigung unrichtiger Daten oder gegebenenfalls deren L\u00f6schung zu verlangen, wenn die Daten unter anderem f\u00fcr die Zwecke, f\u00fcr die sie erhoben wurden, nicht mehr erforderlich sind.<\/p>\n<p>Unter bestimmten Umst\u00e4nden k\u00f6nnen betroffene Personen verlangen, dass wir die Verarbeitung ihrer Daten einschr\u00e4nken; in diesem Fall werden wir die Daten nur zum Zweck der Geltendmachung oder Abwehr von Anspr\u00fcchen aufbewahren. Die Nutzer k\u00f6nnen auch der Verarbeitung ihrer Daten widersprechen. C\u00d3RDOBA LOCKER wird die Verarbeitung der Daten einstellen, es sei denn, es liegen zwingende berechtigte Gr\u00fcnde vor oder es geht um die Geltendmachung oder Verteidigung von Anspr\u00fcchen. <\/p>\n<p>Der Nutzer kann jederzeit und kostenlos ein Schreiben an C\u00d3RDOBA LOCKER, an die Adresse des Verantwortlichen oder per E-Mail, wie in der \u00dcberschrift dieser Richtlinie angegeben, senden und eine Fotokopie seines Ausweises beilegen, um:<\/p>\n<ul>\n<li>Widerruf der erteilten Genehmigungen.<\/li>\n<li>eine Best\u00e4tigung dar\u00fcber zu erhalten, ob personenbezogene Daten des Nutzers verarbeitet werden oder nicht.<\/li>\n<li>Zugang zu Ihren pers\u00f6nlichen Daten.<\/li>\n<li>Berichtigen Sie ungenaue oder unvollst\u00e4ndige Daten.<\/li>\n<li>Sie k\u00f6nnen die L\u00f6schung Ihrer Daten verlangen, wenn die Daten unter anderem f\u00fcr die Zwecke, f\u00fcr die sie erhoben wurden, nicht mehr erforderlich sind.<\/li>\n<li>die Einschr\u00e4nkung der Datenverarbeitung zu erwirken, wenn eine der in den Datenschutzbestimmungen vorgesehenen Bedingungen erf\u00fcllt ist.<\/li>\n<li>Beantragen Sie die \u00dcbertragbarkeit Ihrer Daten.<\/li>\n<li>Kontaktieren Sie den DSB von C\u00d3RDOBA LOCKER<\/li>\n<li>Sie k\u00f6nnen sich bei der Aufsichtsbeh\u00f6rde<a href=\"https:\/\/www.aepd.es\" target=\"_blank\" rel=\"noopener\">(www.aepd.es<\/a>) beschweren, wenn Sie der Ansicht sind, dass Ihre Rechte aus den geltenden Datenschutzbestimmungen verletzt wurden.<\/li>\n<\/ul>\n<p>C\u00d3RDOBA LOCKER wendet die entsprechenden Sicherheitsniveaus an, die von den oben genannten Vorschriften zum Schutz personenbezogener Daten und anderen geltenden Vorschriften gefordert werden. Diese Sicherheitsniveaus sind gem\u00e4\u00df Artikel 28 der Verordnung (EU) 2016\/679 (GDPR) f\u00fcr diejenigen Stellen verbindlich, die aufgrund eines Vertragsverh\u00e4ltnisses und\/oder der Erbringung einer Dienstleistung auf unsere Daten zugreifen.<\/p>\n<p>Sie \u00fcbernimmt jedoch keine Haftung f\u00fcr Sch\u00e4den, die durch Ver\u00e4nderungen entstehen, die Dritte an den Computersystemen, elektronischen Dokumenten oder Dateien des Nutzers vornehmen.<\/p>\n<p>Im Rahmen der Bereitstellung von Diensten auf der Website k\u00f6nnen Cookies verwendet werden. Cookies sind physische Dateien mit pers\u00f6nlichen Informationen, die auf dem Endger\u00e4t des Nutzers gespeichert werden. Der Nutzer hat die M\u00f6glichkeit, seinen Browser so zu konfigurieren, dass die Erstellung von Cookie-Dateien verhindert oder gewarnt wird. Pr\u00fcfen Sie unsere Cookie-Richtlinie \u00fcber den Link, den Sie auf dieser Website finden.<\/p>\n<p>Wenn Sie unsere Website \u00fcber Links zu Websites verlassen, die nicht zu unserem Unternehmen geh\u00f6ren, ist C\u00d3RDOBA LOCKER nicht verantwortlich f\u00fcr die Datenschutzrichtlinien dieser Websites oder f\u00fcr die Cookies, die sie auf dem Computer des Benutzers speichern.<\/p>\n<p>Unsere Politik in Bezug auf E-Mails besteht darin, nur Mitteilungen zu versenden, die Sie angefordert haben.<\/p>\n<p>Wenn Sie es vorziehen, diese Nachrichten nicht per E-Mail zu erhalten, bieten wir Ihnen die M\u00f6glichkeit, von Ihrem Recht Gebrauch zu machen und auf den Erhalt dieser Nachrichten zu verzichten, gem\u00e4\u00df den Bestimmungen von Titel III, Artikel 22 des Gesetzes 34\/2002 \u00fcber Dienstleistungen f\u00fcr die Informationsgesellschaft und den elektronischen Handel.<\/p>\n<\/div>\n[\/vc_column_text][\/vc_column][\/vc_row]\n","protected":false},"excerpt":{"rendered":"<p>[vc_row type=&#8220;full_width_background&#8220; full_screen_row_position=&#8220;middle&#8220; column_margin=&#8220;default&#8220; column_direction=&#8220;default&#8220; column_direction_tablet=&#8220;default&#8220; column_direction_phone=&#8220;default&#8220; bg_color=&#8220;#ffffff&#8220; scene_position=&#8220;center&#8220; top_padding=&#8220;1%&#8220; bottom_padding=&#8220;5%&#8220; text_color=&#8220;dark&#8220; text_align=&#8220;left&#8220; row_border_radius=&#8220;none&#8220; row_border_radius_applies=&#8220;bg&#8220; overflow=&#8220;visible&#8220; overlay_strength=&#8220;0.3&#8243; gradient_direction=&#8220;left_to_right&#8220; shape_divider_position=&#8220;bottom&#8220; bg_image_animation=&#8220;none&#8220; gradient_type=&#8220;default&#8220; shape_type=&#8220;&#8220;][vc_column column_padding=&#8220;no-extra-padding&#8220; column_padding_tablet=&#8220;inherit&#8220; column_padding_phone=&#8220;inherit&#8220; column_padding_position=&#8220;all&#8220; column_element_direction_desktop=&#8220;default&#8220; column_element_spacing=&#8220;default&#8220; desktop_text_alignment=&#8220;default&#8220; tablet_text_alignment=&#8220;default&#8220;&#8230;<\/p>\n","protected":false},"author":5,"featured_media":0,"parent":0,"menu_order":0,"comment_status":"closed","ping_status":"closed","template":"","meta":{"footnotes":""},"class_list":["post-2593","page","type-page","status-publish"],"_links":{"self":[{"href":"https:\/\/cordobalocker.com\/de\/wp-json\/wp\/v2\/pages\/2593","targetHints":{"allow":["GET"]}}],"collection":[{"href":"https:\/\/cordobalocker.com\/de\/wp-json\/wp\/v2\/pages"}],"about":[{"href":"https:\/\/cordobalocker.com\/de\/wp-json\/wp\/v2\/types\/page"}],"author":[{"embeddable":true,"href":"https:\/\/cordobalocker.com\/de\/wp-json\/wp\/v2\/users\/5"}],"replies":[{"embeddable":true,"href":"https:\/\/cordobalocker.com\/de\/wp-json\/wp\/v2\/comments?post=2593"}],"version-history":[{"count":2,"href":"https:\/\/cordobalocker.com\/de\/wp-json\/wp\/v2\/pages\/2593\/revisions"}],"predecessor-version":[{"id":2759,"href":"https:\/\/cordobalocker.com\/de\/wp-json\/wp\/v2\/pages\/2593\/revisions\/2759"}],"wp:attachment":[{"href":"https:\/\/cordobalocker.com\/de\/wp-json\/wp\/v2\/media?parent=2593"}],"curies":[{"name":"wp","href":"https:\/\/api.w.org\/{rel}","templated":true}]}}