{"id":2518,"date":"2025-03-10T22:05:29","date_gmt":"2025-03-10T22:05:29","guid":{"rendered":"https:\/\/cordobalocker.com\/bedingungen-konditionen\/"},"modified":"2025-06-27T20:29:01","modified_gmt":"2025-06-27T20:29:01","slug":"bedingungen-konditionen","status":"publish","type":"page","link":"https:\/\/cordobalocker.com\/de\/bedingungen-konditionen\/","title":{"rendered":"Bedingungen &amp; Konditionen"},"content":{"rendered":"[vc_row type=&#8220;full_width_background&#8220; full_screen_row_position=&#8220;middle&#8220; column_margin=&#8220;default&#8220; column_direction=&#8220;default&#8220; column_direction_tablet=&#8220;default&#8220; column_direction_phone=&#8220;default&#8220; bg_color=&#8220;#ffffff&#8220; scene_position=&#8220;center&#8220; top_padding=&#8220;1%&#8220; bottom_padding=&#8220;5%&#8220; text_color=&#8220;dark&#8220; text_align=&#8220;left&#8220; row_border_radius=&#8220;none&#8220; row_border_radius_applies=&#8220;bg&#8220; overflow=&#8220;visible&#8220; overlay_strength=&#8220;0.3&#8243; gradient_direction=&#8220;left_to_right&#8220; shape_divider_position=&#8220;bottom&#8220; bg_image_animation=&#8220;none&#8220; gradient_type=&#8220;default&#8220; shape_type=&#8220;&#8220;][vc_column column_padding=&#8220;no-extra-padding&#8220; column_padding_tablet=&#8220;inherit&#8220; column_padding_phone=&#8220;inherit&#8220; column_padding_position=&#8220;all&#8220; column_element_direction_desktop=&#8220;default&#8220; column_element_spacing=&#8220;default&#8220; desktop_text_alignment=&#8220;default&#8220; tablet_text_alignment=&#8220;default&#8220; phone_text_alignment=&#8220;default&#8220; background_color_opacity=&#8220;1&#8243; background_hover_color_opacity=&#8220;1&#8243; column_backdrop_filter=&#8220;none&#8220; column_shadow=&#8220;none&#8220; column_border_radius=&#8220;none&#8220; column_link_target=&#8220;_self&#8220; column_position=&#8220;default&#8220; gradient_direction=&#8220;left_to_right&#8220; overlay_strength=&#8220;0.3&#8243; width=&#8220;1\/1&#8243; tablet_width_inherit=&#8220;default&#8220; animation_type=&#8220;default&#8220; bg_image_animation=&#8220;none&#8220; border_type=&#8220;simple&#8220; column_border_width=&#8220;none&#8220; column_border_style=&#8220;solid&#8220;][vc_row_inner column_margin=&#8220;default&#8220; column_direction=&#8220;default&#8220; column_direction_tablet=&#8220;default&#8220; column_direction_phone=&#8220;default&#8220; text_align=&#8220;left&#8220; row_position=&#8220;default&#8220; row_position_tablet=&#8220;inherit&#8220; row_position_phone=&#8220;inherit&#8220; overflow=&#8220;visible&#8220; pointer_events=&#8220;all&#8220;][vc_column_inner column_padding=&#8220;no-extra-padding&#8220; column_padding_tablet=&#8220;inherit&#8220; column_padding_phone=&#8220;inherit&#8220; column_padding_position=&#8220;all&#8220; column_element_direction_desktop=&#8220;default&#8220; column_element_spacing=&#8220;default&#8220; desktop_text_alignment=&#8220;default&#8220; tablet_text_alignment=&#8220;default&#8220; phone_text_alignment=&#8220;default&#8220; background_color_opacity=&#8220;1&#8243; background_hover_color_opacity=&#8220;1&#8243; column_backdrop_filter=&#8220;none&#8220; column_shadow=&#8220;none&#8220; column_border_radius=&#8220;none&#8220; column_link_target=&#8220;_self&#8220; overflow=&#8220;visible&#8220; gradient_direction=&#8220;left_to_right&#8220; overlay_strength=&#8220;0.3&#8243; width=&#8220;1\/1&#8243; tablet_width_inherit=&#8220;default&#8220; animation_type=&#8220;default&#8220; bg_image_animation=&#8220;none&#8220; border_type=&#8220;simple&#8220; column_border_width=&#8220;none&#8220; column_border_style=&#8220;solid&#8220;][vc_column_text css=&#8220;&#8220; text_direction=&#8220;default&#8220;]\n<h1>Bedingungen &amp; Konditionen<\/h1>\n[\/vc_column_text][\/vc_column_inner][\/vc_row_inner][vc_column_text css=&#8220;&#8220; text_direction=&#8220;default&#8220;]\n<div class=\"terms-container\">\n<h3>ALLGEMEINE GESCH\u00c4FTSBEDINGUNGEN<\/h3>\n<p>Diese Allgemeinen Gesch\u00e4ftsbedingungen gelten f\u00fcr den Kauf von Produkten\/Dienstleistungen, die C\u00d3RDOBA LOCKER \u00fcber die Website unter der URL HTTPS:\/\/CORDOBALOCKER.COM\/ an beliebige Nutzer vertreibt.<\/p>\n<p>Die Identifikations- und Kontaktdaten von C\u00d3RDOBA LOCKER lauten wie folgt:<\/p>\n<ul>\n<li>Gesch\u00e4ftssitz: AV. DR. FLEMING, 8, C\u00d3RDOBA (14001) <\/li>\n<li>E-Mail: info@cordobalocker.com<\/li>\n<li>Telefon: (+34) 957464916<\/li>\n<\/ul>\n<p>Der Kauf von Produkten und\/oder Dienstleistungen \u00fcber die Website setzt die Annahme der in diesen Allgemeinen Gesch\u00e4ftsbedingungen enthaltenen Bestimmungen voraus. Bitte lesen Sie deren Inhalt daher sorgf\u00e4ltig durch, bevor Sie diesen zustimmen. Wenn Sie diesen Allgemeinen Gesch\u00e4ftsbedingungen nicht zustimmen, wird der Kauf der Produkte\/Dienstleistungen nicht durchgef\u00fchrt und C\u00d3RDOBA LOCKER \u00fcbernimmt keinerlei Verpflichtung oder Verantwortung. <\/p>\n<p>Bei der Aufgabe einer Bestellung \u00fcber die Website erkl\u00e4rt der Kunde, dass er \u00e4lter als 16 Jahre ist und die rechtliche F\u00e4higkeit besitzt, die Produkte der Website zu erwerben.<\/p>\n<p>Um eine Bestellung aufzugeben, muss der Kunde jeden der auf der Website vorgesehenen Schritte des Kaufverfahrens befolgen.<\/p>\n<p>C\u00d3RDOBA LOCKER beh\u00e4lt sich das Recht vor, den Inhalt und\/oder den Umfang der Allgemeinen Gesch\u00e4ftsbedingungen jederzeit und ohne vorherige Ank\u00fcndigung zu \u00e4ndern. Bitte lesen Sie deren Inhalt sorgf\u00e4ltig durch, da es in der Verantwortung des Kunden liegt, die Allgemeinen Gesch\u00e4ftsbedingungen vor dem Kauf eines Produkts auf der Website zu \u00fcberpr\u00fcfen.<\/p>\n<h3>KUNDENREGISTRIERUNG<\/h3>\n<p>Um das Kaufverfahren f\u00fcr die Produkte der Website zu beginnen, muss sich der Kunde im Abschnitt &#8222;Registrieren&#8220; der Website anmelden. Bei sp\u00e4teren Kaufvorg\u00e4ngen, falls der Kunde bereits registriert ist, muss er nur seine E-Mail-Adresse und sein Passwort im Abschnitt &#8222;Einloggen&#8220; angeben. Sie k\u00f6nnen unsere Datenschutzrichtlinie zur Verarbeitung Ihrer Daten unter folgendem <a href=\"https:\/\/cordobalocker.com\/de\/datenschutzrichtlinie\/\">Link<\/a> einsehen.  <\/p>\n<h3>PREIS UND ZAHLUNGSWEISE<\/h3>\n<p>Der Preis der Produkte ist derjenige, der in der neben jedem Produkt auf der Website angegebenen W\u00e4hrung erscheint.<\/p>\n<p>Die auf unserer Website angegebenen Verkaufspreise werden wie folgt angezeigt:<\/p>\n<ul>\n<li>Wenn der Kunde in der Europ\u00e4ischen Union ans\u00e4ssig ist, verstehen sich die Preise inklusive der jeweils geltenden Steuern (MwSt.) und Produkt\/Dienstleistung.<\/li>\n<li>Wenn der Kunde au\u00dferhalb der Europ\u00e4ischen Union ans\u00e4ssig ist, enthalten die Preise keine MwSt. Allerdings gehen alle lokalen Steuern und\/oder Einfuhrz\u00f6lle und\/oder lokalen Zollgeb\u00fchren zu Lasten des Kunden, wenn die Sendung am Bestimmungsort ankommt, falls diese anfallen. <\/li>\n<\/ul>\n<p>C\u00d3RDOBA LOCKER beh\u00e4lt sich das Recht vor, jederzeit und ohne vorherige Ank\u00fcndigung \u00c4nderungen vorzunehmen, einschlie\u00dflich regelm\u00e4\u00dfiger Aktualisierungen der Produkte oder Preise. Der zum Zeitpunkt der Annahme der Allgemeinen Gesch\u00e4ftsbedingungen geltende Preis ist f\u00fcr die Kaufanfrage des Kunden ma\u00dfgeblich. <\/p>\n<p>Der Kunde kann die Zahlung der Produkte \u00fcber eine der nachstehend genannten Zahlungsmethoden vornehmen:<\/p>\n<ul>\n<li><strong>Kartenzahlung<\/strong>: Der Kunde muss die Nummer seiner Debit-\/Kreditkarte (Visa, Visa Electron und Mastercard) sowie die restlichen zus\u00e4tzlichen Informationen angeben, die im Kaufverfahren erforderlich sind. Die Belastung erfolgt, sobald sie vom Finanzinstitut des Kunden akzeptiert wurde, da der Kauf andernfalls nicht durchgef\u00fchrt werden kann. <\/li>\n<li><strong>Zahlung \u00fcber PAYPAL<\/strong>: Der Kunde muss \u00fcber ein PayPal-Konto verf\u00fcgen, um diese Zahlungsmethode nutzen zu k\u00f6nnen.<\/li>\n<\/ul>\n<p>Nach Abschluss des Kaufvorgangs wird eine elektronische Best\u00e4tigung erstellt, der eine Kopie der Allgemeinen Gesch\u00e4ftsbedingungen beigef\u00fcgt ist, die der Kunde ausdrucken kann und die im Abschnitt &#8222;Mein Konto&#8220; archiviert wird.<\/p>\n<p>C\u00d3RDOBA LOCKER hat keinen Zugriff auf sensible Daten im Zusammenhang mit dem vom Kunden verwendeten Zahlungsmittel und speichert diese auch nicht. Nur das zust\u00e4ndige Zahlungsdienstleistungsunternehmen hat Zugriff auf diese Daten zur Abwicklung von Zahlungen. <\/p>\n<p>C\u00d3RDOBA LOCKER hat ein System zur Erkennung m\u00f6glicher betr\u00fcgerischer Transaktionen implementiert und beh\u00e4lt sich das Recht vor, auch nach Abschluss eines oder mehrerer K\u00e4ufe \u00fcber die Website zus\u00e4tzliche Informationen, Best\u00e4tigungen und\/oder Dokumente vom Kunden anzufordern \u2013 per Telefonanruf oder E-Mail \u2013, um zu best\u00e4tigen, dass der Kunde den Kauf tats\u00e4chlich get\u00e4tigt und autorisiert hat und\/oder dass die Lieferung oder R\u00fcckgabe ordnungsgem\u00e4\u00df erfolgt ist, wodurch die jeweilige Transaktion endg\u00fcltig genehmigt wird.<\/p>\n<p>C\u00d3RDOBA LOCKER kann telefonische Identit\u00e4tspr\u00fcfungen des Kunden durchf\u00fchren oder Folgendes anfordern: (a) eine schriftliche und vom Kunden unterzeichnete Best\u00e4tigung und Autorisierung des jeweiligen Kaufs; und (b) eine Kopie eines g\u00fcltigen amtlichen Ausweises mit Foto zur Identit\u00e4tsbest\u00e4tigung. C\u00d3RDOBA LOCKER verpflichtet sich, diese Informationen und Dokumente gem\u00e4\u00df den geltenden Vorschriften mit hohen Sicherheitsstandards aufzubewahren.   <\/p>\n<p>Reagiert der Kunde nicht positiv oder \u00fcbermittelt C\u00d3RDOBA LOCKER die angeforderten Informationen und Unterlagen nicht innerhalb von 48 Stunden nach dem Anruf oder der E-Mail, kann die in der Mitteilung beschriebene Transaktion sowie die entsprechende Bestellung storniert werden \u2013 ohne weitere Benachrichtigung und ohne Haftung f\u00fcr C\u00d3RDOBA LOCKER \u2013 und der bereits gezahlte Betrag wird dem Kunden zur\u00fcckerstattet.<\/p>\n<p>Dieses Verifizierungsverfahren dient der Sicherheit des Kunden. Durch die Annahme dieser Allgemeinen Gesch\u00e4ftsbedingungen erkl\u00e4rt sich der Kunde einverstanden, sich diesem Verfahren zur Betrugsvermeidung zu unterziehen, und erm\u00e4chtigt C\u00d3RDOBA LOCKER, die bereitgestellten Informationen und Unterlagen f\u00fcr zuk\u00fcnftige Eink\u00e4ufe desselben Kunden zu verwenden.<\/p>\n<h3>ERBRINGUNG VON DIENSTLEISTUNGEN<\/h3>\n<p>Sobald C\u00d3RDOBA LOCKER \u00fcberpr\u00fcft hat, dass der Kaufvorgang korrekt abgeschlossen wurde, wird die Lieferung der Produkte an die vom Kunden im Kaufprozess angegebene Adresse w\u00e4hrend der \u00fcblichen Gesch\u00e4ftszeiten und innerhalb der auf der Website angegebenen Fristen erfolgen.<\/p>\n<p>Sollte der Kunde beim \u00d6ffnen der Pakete feststellen, dass die Dienstleistungen nicht wie gew\u00fcnscht sind oder aus einem gerechtfertigten Grund nicht erbracht werden k\u00f6nnen, muss er C\u00d3RDOBA LOCKER innerhalb von f\u00fcnf (5) Kalendertagen nach dem Kauf schriftlich benachrichtigen, damit entsprechende Ma\u00dfnahmen ergriffen werden k\u00f6nnen.<\/p>\n<p>Alle Bestellungen von Produkten unterliegen deren Verf\u00fcgbarkeit. Ist das bestellte Produkt nicht verf\u00fcgbar, wird C\u00d3RDOBA LOCKER den Kunden informieren und ihm gegebenenfalls eine gleichwertige oder h\u00f6herwertige Dienstleistung anbieten. Alternativ kann der Kunde seine Bestellung stornieren und den gezahlten Betrag innerhalb von maximal drei\u00dfig (30) Tagen zur\u00fcckerhalten. <\/p>\n<h3>WIDERRUFSRECHT<\/h3>\n<p>Sie haben das Recht, von diesem Vertrag innerhalb von 14 Kalendertagen ohne Angabe von Gr\u00fcnden zur\u00fcckzutreten.<\/p>\n<p>Um das Widerrufsrecht auszu\u00fcben, m\u00fcssen Sie uns Ihren Namen, Ihre vollst\u00e4ndige Adresse und, falls vorhanden, Ihre Telefonnummer und E-Mail-Adresse, Ihre Entscheidung, von diesem Vertrag zur\u00fcckzutreten, durch eine eindeutige Erkl\u00e4rung per E-Mail mitteilen. Sie k\u00f6nnen das Muster-Widerrufsformular verwenden. <\/p>\n<p>Im Falle eines Widerrufs Ihrerseits werden wir Ihnen alle von Ihnen erhaltenen Zahlungen, einschlie\u00dflich der Lieferkosten (mit Ausnahme der zus\u00e4tzlichen Kosten, die sich aus Ihrer Wahl einer anderen als der von uns angebotenen, g\u00fcnstigsten Standardlieferung ergeben), unverz\u00fcglich und sp\u00e4testens innerhalb von 14 Kalendertagen ab dem Tag zur\u00fcckerstatten, an dem wir \u00fcber Ihre Entscheidung, von diesem Vertrag zur\u00fcckzutreten, informiert wurden. Wir werden die R\u00fcckerstattung mit demselben Zahlungsmittel vornehmen, das Sie bei der urspr\u00fcnglichen Transaktion eingesetzt haben, es sei denn, Sie haben ausdr\u00fccklich etwas anderes vereinbart; in keinem Fall werden Ihnen wegen dieser R\u00fcckerstattung Kosten berechnet. Wir k\u00f6nnen die R\u00fcckerstattung verweigern, bis wir die Waren wieder zur\u00fcckerhalten haben oder bis Sie den Nachweis erbracht haben, dass Sie die Waren zur\u00fcckgesandt haben, je nachdem, welches der fr\u00fchere Zeitpunkt ist. <\/p>\n<p>Sie m\u00fcssen die Waren unverz\u00fcglich und in jedem Fall sp\u00e4testens binnen 14 Kalendertagen ab dem Tag, an dem Sie uns \u00fcber den Widerruf dieses Vertrags unterrichten, an die unten angegebene Adresse zur\u00fccksenden oder \u00fcbergeben. Die Frist ist gewahrt, wenn Sie die Waren vor Ablauf der Frist von 14 Tagen absenden. Sie tragen die unmittelbaren Kosten der R\u00fccksendung der Waren und m\u00fcssen f\u00fcr einen etwaigen Wertverlust der Waren nur aufkommen, wenn dieser Wertverlust auf einen zur Pr\u00fcfung der Beschaffenheit, Eigenschaften und Funktionsweise der Waren nicht notwendigen Umgang mit ihnen zur\u00fcckzuf\u00fchren ist.  <\/p>\n<h3>BESCHWERDEN UND REKLAMATIONEN<\/h3>\n<p>Der Kunde kann C\u00d3RDOBA LOCKER \u00fcber die zu Beginn dieser Allgemeinen Gesch\u00e4ftsbedingungen angegebenen Kontaktm\u00f6glichkeiten kontaktieren, um Beschwerden oder Reklamationen einzureichen. C\u00d3RDOBA LOCKER verpflichtet sich, diese so schnell wie m\u00f6glich und in jedem Fall innerhalb eines Monats nach Einreichung zu bearbeiten.<\/p>\n<h3>SPRACHE<\/h3>\n<p>Die Allgemeinen Gesch\u00e4ftsbedingungen sind in spanischer Sprache verfasst.<\/p>\n<h3>DATENSCHUTZRICHTLINIE<\/h3>\n<p>Sie k\u00f6nnen unsere Datenschutzrichtlinie unter folgendem <a href=\"\/politica-de-privacidad-2\/\">Link<\/a> einsehen.<\/p>\n<h3>INFORMATION ZUR ONLINE-STREITBEILEGUNG<\/h3>\n<p>Gem\u00e4\u00df Artikel 14.1 der Verordnung 524\/2013 \u00fcber die Online-Beilegung verbraucherrechtlicher Streitigkeiten informieren wir Sie \u00fcber die Existenz einer von der Europ\u00e4ischen Kommission bereitgestellten Plattform zur Online-Streitbeilegung sowie \u00fcber die M\u00f6glichkeit, Ihre Beschwerde \u00fcber diese Plattform einzureichen, indem Sie folgenden Link aufrufen: <a href=\"https:\/\/ec.europa.eu\/consumers\/odr\/main\/index.cfm?event=main.home.chooseLanguage\" target=\"_blank\" rel=\"noopener\">https:\/\/ec.europa.eu\/consumers\/odr\/main\/index.cfm?event=main.home.chooseLanguage<\/a><\/p>\n<h3>ANWENDBARES RECHT UND GERICHTSSTAND<\/h3>\n<p>Die Allgemeinen Gesch\u00e4ftsbedingungen unterliegen dem spanischen Recht und werden nach diesem ausgelegt.<\/p>\n<p>Sollte bei der Auslegung und\/oder Anwendung der Allgemeinen Gesch\u00e4ftsbedingungen ein Konflikt oder eine Unstimmigkeit auftreten, sind die zust\u00e4ndigen Gerichte diejenigen, die in den geltenden Vorschriften bez\u00fcglich des zust\u00e4ndigen Gerichtsstands f\u00fcr Verbraucher und Benutzer vorgesehen sind. Die Parteien unterwerfen sich ausdr\u00fccklich f\u00fcr alle Fragen oder Meinungsverschiedenheiten, die aufgrund der Auslegung, Erf\u00fcllung und Durchf\u00fchrung dieses Vertrags entstehen k\u00f6nnten, der Zust\u00e4ndigkeit und Kompetenz der Gerichte am Wohnsitz des K\u00e4ufers oder am Ort der Erf\u00fcllung der vertraglichen Verpflichtung. <\/p>\n<\/div>\n[\/vc_column_text][\/vc_column][\/vc_row]\n","protected":false},"excerpt":{"rendered":"<p>[vc_row type=&#8220;full_width_background&#8220; full_screen_row_position=&#8220;middle&#8220; column_margin=&#8220;default&#8220; column_direction=&#8220;default&#8220; column_direction_tablet=&#8220;default&#8220; column_direction_phone=&#8220;default&#8220; bg_color=&#8220;#ffffff&#8220; scene_position=&#8220;center&#8220; top_padding=&#8220;1%&#8220; bottom_padding=&#8220;5%&#8220; text_color=&#8220;dark&#8220; text_align=&#8220;left&#8220; row_border_radius=&#8220;none&#8220; row_border_radius_applies=&#8220;bg&#8220; overflow=&#8220;visible&#8220; overlay_strength=&#8220;0.3&#8243; gradient_direction=&#8220;left_to_right&#8220; shape_divider_position=&#8220;bottom&#8220; bg_image_animation=&#8220;none&#8220; gradient_type=&#8220;default&#8220; shape_type=&#8220;&#8220;][vc_column column_padding=&#8220;no-extra-padding&#8220; column_padding_tablet=&#8220;inherit&#8220; column_padding_phone=&#8220;inherit&#8220; column_padding_position=&#8220;all&#8220; column_element_direction_desktop=&#8220;default&#8220; column_element_spacing=&#8220;default&#8220; desktop_text_alignment=&#8220;default&#8220; tablet_text_alignment=&#8220;default&#8220;&#8230;<\/p>\n","protected":false},"author":5,"featured_media":0,"parent":0,"menu_order":0,"comment_status":"closed","ping_status":"closed","template":"","meta":{"footnotes":""},"class_list":["post-2518","page","type-page","status-publish"],"_links":{"self":[{"href":"https:\/\/cordobalocker.com\/de\/wp-json\/wp\/v2\/pages\/2518","targetHints":{"allow":["GET"]}}],"collection":[{"href":"https:\/\/cordobalocker.com\/de\/wp-json\/wp\/v2\/pages"}],"about":[{"href":"https:\/\/cordobalocker.com\/de\/wp-json\/wp\/v2\/types\/page"}],"author":[{"embeddable":true,"href":"https:\/\/cordobalocker.com\/de\/wp-json\/wp\/v2\/users\/5"}],"replies":[{"embeddable":true,"href":"https:\/\/cordobalocker.com\/de\/wp-json\/wp\/v2\/comments?post=2518"}],"version-history":[{"count":6,"href":"https:\/\/cordobalocker.com\/de\/wp-json\/wp\/v2\/pages\/2518\/revisions"}],"predecessor-version":[{"id":2711,"href":"https:\/\/cordobalocker.com\/de\/wp-json\/wp\/v2\/pages\/2518\/revisions\/2711"}],"wp:attachment":[{"href":"https:\/\/cordobalocker.com\/de\/wp-json\/wp\/v2\/media?parent=2518"}],"curies":[{"name":"wp","href":"https:\/\/api.w.org\/{rel}","templated":true}]}}